{"id":2550,"date":"2020-11-20T10:00:02","date_gmt":"2020-11-20T08:00:02","guid":{"rendered":"http:\/\/www.france.fi\/?page_id=2550"},"modified":"2026-03-13T14:17:37","modified_gmt":"2026-03-13T12:17:37","slug":"delf-dalf-for-all","status":"publish","type":"page","link":"https:\/\/www.france.fi\/en\/exams\/delf-dalf-for-all\/","title":{"rendered":"DELF \/ DALF for all"},"content":{"rendered":"\n<p>The Dipl\u00f4me d\u2019\u00c9tudes en Langue Fran\u00e7aise (<strong>DELF<\/strong>) and the Dipl\u00f4me Approfondi de Langue Fran\u00e7aise (<strong>DALF<\/strong>) are official diplomas delivered by the French Ministry of National Education with a lifetime validity.<\/p>\n\n\n\n<details class=\"wp-block-details is-layout-flow wp-block-details-is-layout-flow\"><summary><strong>Description of the tasks and sample papers<\/strong><\/summary>\n<p>DELF and DALF assess skills in the four fields of language learning described in the Common European Framework for Languages: reading, listening, writing and speaking.<\/p>\n<p>There are 6 independent diplomas corresponding to the 6 levels of the Common European Framework for Languages: DELF A1, DELF A2, DELF B1, DELF B2, DALF C1, DALF C2.<\/p>\n<p><strong>To acquire the French nationality<\/strong>, you must prove a minimum of a B1 level.<\/p>\n<p><strong>To register in a university, <\/strong>you have to prove a B2 level for a bachelor\u2019s program and a C1 level for a Master\u2019s program.<\/p>\n<p><strong>To emigrate to Canada or Quebec, <\/strong>you have to demonstrate the highest possible level: the higher your level, the more points scored in your application.<strong>\u00a0 <\/strong><\/p>\n<p><strong>If you wish to work in a French environment, <\/strong>DELF B1 or B2 or DALF C1 are appreciated by French companies.<\/p>\n<p>If you are not sure of your level, contact our experts who can advise you: <span style=\"color: #3366ff;\"><strong><a style=\"color: #3366ff;\" href=\"mailto:examen@france.fi?subject=DELF-DALF\">examen@france.fi<\/a><\/strong><\/span><\/p>\n<p><strong>If you need further information on DELF\/DALF, please click on the links below to read a detailed description or to view sample papers of the exams:\u00a0<\/strong><\/p>\n<table width=\"104%\">\n<tbody>\n<tr>\n<td width=\"25%\">\n<p><strong>Description of the exam<\/strong><\/p>\n<\/td>\n<td width=\"25%\">\n<p><strong>Number of hours of French studies before you can sit the exam<\/strong><\/p>\n<\/td>\n<td width=\"25%\">\n<p><strong>Sample papers<\/strong><\/p>\n<\/td>\n<td width=\"29%\">\n<p><strong>Advice for preparation<\/strong><\/p>\n<\/td>\n<\/tr>\n<tr>\n<td width=\"25%\">\n<p><span style=\"color: #3366ff;\"><a style=\"color: #3366ff;\" href=\"https:\/\/www.france-education-international.fr\/diplome\/delf-tout-public\/niveau-a1?langue=fr\">DELF A1<\/a><\/span><\/p>\n<\/td>\n<td width=\"25%\">\n<p>60 hours<\/p>\n<\/td>\n<td width=\"25%\">\n<p><span style=\"color: #3366ff;\"><a style=\"color: #3366ff;\" href=\"https:\/\/www.france-education-international.fr\/diplome\/delf-tout-public\/niveau-a1\/exemples-sujets\">DELF A1 sample paper<\/a><\/span><\/p>\n<\/td>\n<td width=\"29%\">\n<p><span style=\"color: #3366ff;\"><a style=\"color: #3366ff;\" href=\"https:\/\/www.france-education-international.fr\/diplome\/delf-tout-public\/niveau-a1\/entrainement\">Advice for DELF A1<\/a><\/span><\/p>\n<\/td>\n<\/tr>\n<tr>\n<td width=\"25%\">\n<p><span style=\"color: #3366ff;\"><a style=\"color: #3366ff;\" href=\"https:\/\/www.france-education-international.fr\/diplome\/delf-tout-public\/niveau-a2?langue=fr\">DELF A2<\/a><\/span><\/p>\n<\/td>\n<td width=\"25%\">\n<p>160 hours<\/p>\n<\/td>\n<td width=\"25%\">\n<p><span style=\"color: #3366ff;\"><a style=\"color: #3366ff;\" href=\"https:\/\/www.france-education-international.fr\/diplome\/delf-tout-public\/niveau-a2\/exemples-sujets\">DELF A2 sample paper<\/a><\/span><\/p>\n<\/td>\n<td width=\"29%\">\n<p><span style=\"color: #3366ff;\"><a style=\"color: #3366ff;\" href=\"https:\/\/www.france-education-international.fr\/diplome\/delf-tout-public\/niveau-a2\/entrainement\">Advice for DELF A2<\/a><\/span><\/p>\n<\/td>\n<\/tr>\n<tr>\n<td width=\"25%\">\n<p><span style=\"color: #3366ff;\"><a style=\"color: #3366ff;\" href=\"https:\/\/www.france-education-international.fr\/diplome\/delf-tout-public\/niveau-b1\">DELF B1<\/a><\/span><\/p>\n<\/td>\n<td width=\"25%\">\n<p>310 hours<\/p>\n<\/td>\n<td width=\"25%\">\n<p><span style=\"color: #3366ff;\"><a style=\"color: #3366ff;\" href=\"https:\/\/www.france-education-international.fr\/diplome\/delf-tout-public\/niveau-b1\/exemples-sujets?langue=fr\">DELF B1 sample paper<\/a><\/span><\/p>\n<\/td>\n<td width=\"29%\">\n<p><span style=\"color: #3366ff;\"><a style=\"color: #3366ff;\" href=\"https:\/\/www.france-education-international.fr\/diplome\/delf-tout-public\/niveau-b1\/entrainement\">Advice for DELF B1<\/a><\/span><\/p>\n<\/td>\n<\/tr>\n<tr>\n<td width=\"25%\">\n<p><span style=\"color: #3366ff;\"><a style=\"color: #3366ff;\" href=\"https:\/\/www.france-education-international.fr\/diplome\/delf-tout-public\/niveau-b2?langue=fr\">DELF B2<\/a><\/span><\/p>\n<\/td>\n<td width=\"25%\">\n<p>390 to 670 hours<\/p>\n<\/td>\n<td width=\"25%\">\n<p><span style=\"color: #3366ff;\"><a style=\"color: #3366ff;\" href=\"https:\/\/www.france-education-international.fr\/diplome\/delf-tout-public\/niveau-b2\/exemples-sujets\">DELF B2 sample paper<\/a><\/span><\/p>\n<\/td>\n<td width=\"29%\">\n<p><span style=\"color: #3366ff;\"><a style=\"color: #3366ff;\" href=\"https:\/\/www.france-education-international.fr\/diplome\/delf-tout-public\/niveau-b2\/entrainement\">Advice for DELF B2<\/a><\/span><\/p>\n<\/td>\n<\/tr>\n<tr>\n<td width=\"25%\">\n<p><span style=\"color: #3366ff;\"><a style=\"color: #3366ff;\" href=\"https:\/\/www.france-education-international.fr\/article\/dalf-c1\">DALF C1<\/a><\/span><\/p>\n<\/td>\n<td width=\"25%\">\n<p>From 750 hours<\/p>\n<\/td>\n<td width=\"25%\">\n<p><span style=\"color: #3366ff;\"><a style=\"color: #3366ff;\" href=\"https:\/\/www.france-education-international.fr\/diplome\/dalf\/exemples-sujets?langue=fr\">DALF C1 sample paper<\/a><\/span><\/p>\n<\/td>\n<td width=\"29%\">\n<p><span style=\"color: #3366ff;\"><a style=\"color: #3366ff;\" href=\"https:\/\/www.france-education-international.fr\/article\/dalf-c1-conseils\">Advice for DALF C1<\/a><\/span><\/p>\n<\/td>\n<\/tr>\n<tr>\n<td width=\"25%\">\n<p><span style=\"color: #3366ff;\"><a style=\"color: #3366ff;\" href=\"https:\/\/www.france-education-international.fr\/article\/dalf-c2\">DALF C2<\/a><\/span><\/p>\n<\/td>\n<td width=\"25%\">\n<p>\u00a0<\/p>\n<\/td>\n<td width=\"25%\">\n<p><span style=\"color: #3366ff;\"><a style=\"color: #3366ff;\" href=\"https:\/\/www.france-education-international.fr\/diplome\/dalf\/dalf-c2-exemples-de-sujets\">DALF C2 sample paper<\/a><\/span><\/p>\n<\/td>\n<td width=\"29%\">\n<p><span style=\"color: #3366ff;\"><a style=\"color: #3366ff;\" href=\"https:\/\/www.france-education-international.fr\/article\/dalf-c2-conseils\">Advice for DALF C2<\/a><\/span><\/p>\n<\/td>\n<\/tr>\n<\/tbody>\n<\/table>\n<\/details>\n\n\n\n<details class=\"wp-block-details is-layout-flow wp-block-details-is-layout-flow\"><summary><strong>Calendar<\/strong><\/summary>\n<p>Two sessions of DELF\/DALF Tout public are organised each year.<\/p>\n<\/details>\n\n\n\n<details class=\"wp-block-details is-layout-flow wp-block-details-is-layout-flow\"><summary><strong>Fees<\/strong><\/summary>\n<table style=\"width: 100%; height: 553px;\">\n<tbody>\n<tr style=\"height: 79px;\">\n<td style=\"height: 79px;\" width=\"301\">\n<p>DELF Tout public A1<\/p>\n<\/td>\n<td style=\"height: 79px;\" width=\"301\">\n<p>80 \u20ac<\/p>\n<\/td>\n<\/tr>\n<tr style=\"height: 79px;\">\n<td style=\"height: 79px;\" width=\"301\">\n<p>DELF Tout public A2<\/p>\n<\/td>\n<td style=\"height: 79px;\" width=\"301\">\n<p>97 \u20ac<\/p>\n<\/td>\n<\/tr>\n<tr style=\"height: 79px;\">\n<td style=\"height: 79px;\" width=\"301\">\n<p>DELF Tout public B1<\/p>\n<\/td>\n<td style=\"height: 79px;\" width=\"301\">\n<p>115 \u20ac<\/p>\n<\/td>\n<\/tr>\n<tr style=\"height: 79px;\">\n<td style=\"height: 79px;\" width=\"301\">\n<p>DELF Tout public B2<\/p>\n<\/td>\n<td style=\"height: 79px;\" width=\"301\">\n<p>138 \u20ac<\/p>\n<\/td>\n<\/tr>\n<tr style=\"height: 79px;\">\n<td style=\"height: 79px;\" width=\"301\">\n<p>DALF C1<\/p>\n<\/td>\n<td style=\"height: 79px;\" width=\"301\">\n<p>240 \u20ac<\/p>\n<\/td>\n<\/tr>\n<tr style=\"height: 79px;\">\n<td style=\"height: 79px;\" width=\"301\">\n<p>DALF C2<\/p>\n<\/td>\n<td style=\"height: 79px;\" width=\"301\">\n<p>250 \u20ac<\/p>\n<\/td>\n<\/tr>\n<tr style=\"height: 79px;\">\n<td style=\"height: 79px;\" colspan=\"2\" width=\"601\">\n<p>10 euros of administration fees will be added to the total.<\/p>\n<\/td>\n<\/tr>\n<\/tbody>\n<\/table>\n<p><em>DELF \/ DALF diplomas may be reprinted in case of loss or destruction for no extra charge.<\/em><\/p>\n<p><em>In case of modification of any information on the diploma (ex: spelling mistake, change of name, etc.), a 10 euros fee will be applied for reprinting the DELF or DALF diploma.<\/em><\/p>\n<\/details>\n\n\n\n<h4>Registration<\/h4>\n<div class='kiosque-aec'><div\n data-module='examination'\n data-action='examination-type-list'\n data-param-examination-type-ids='151|152|153|154|155|156'\n data-param-etablishment-branch-id='0'\n data-param-lang='en_US'><\/div><\/div>\n<h4><strong>Preparation courses<\/strong><\/h4>\n<p>Institut fran\u00e7ais de Finlande offers <strong>preparation courses<\/strong> for the exams at levels <strong>B1, B2 and C1<\/strong>.<\/p>\n<p>A 4-weeks intensive course to prepare for the exams. The four skills assessed in the exams will be covered: oral and written comprehension and oral and written expression. Participation remotely by Teams.<\/p>\n<p>The fee includes the preparation course and registration for the exam.<\/p>\n<p>\u00a0<\/p>\n\n\n\n<\/p>\n<div class='kiosque-aec'><div\n data-module='classes'\n data-action='courses-catalog'\n data-param-etablishment-branch-id=''\n data-param-period-id=''\n data-param-classification-id=''\n data-param-subject-id=''\n data-param-class-type-id='4'\n data-param-level-id=''\n data-param-learning-pace=''\n data-param-sidebar=''\n data-param-class-format-id=''\n data-param-localization=''\n data-param-show-filter-choices=''\n data-param-lang='en_US'><\/div><\/div>\n\n\n\n<p><\/p>\n","protected":false},"excerpt":{"rendered":"<p>The Dipl\u00f4me d\u2019\u00c9tudes en Langue Fran\u00e7aise (DELF) and the Dipl\u00f4me Approfondi de Langue Fran\u00e7aise (DALF) are official diplomas delivered by the French Ministry of National Education with a lifetime validity. Registration Preparation courses Institut fran\u00e7ais de Finlande offers preparation courses for the exams at levels B1, B2 and C1. A 4-weeks intensive course to prepare [&hellip;]<\/p>\n","protected":false},"author":2,"featured_media":0,"parent":272,"menu_order":1,"comment_status":"closed","ping_status":"closed","template":"","meta":{"footnotes":""},"class_list":["post-2550","page","type-page","status-publish","hentry","no-media"],"yoast_head":"<!-- This site is optimized with the Yoast SEO plugin v27.4 - https:\/\/yoast.com\/product\/yoast-seo-wordpress\/ -->\n<title>DELF \/ DALF for all - Institut fran\u00e7ais<\/title>\n<meta name=\"robots\" content=\"index, follow, max-snippet:-1, max-image-preview:large, max-video-preview:-1\" \/>\n<link rel=\"canonical\" href=\"https:\/\/www.france.fi\/en\/exams\/delf-dalf-for-all\/\" \/>\n<meta property=\"og:locale\" content=\"en_US\" \/>\n<meta property=\"og:type\" content=\"article\" \/>\n<meta property=\"og:title\" content=\"DELF \/ DALF for all - Institut fran\u00e7ais\" \/>\n<meta property=\"og:description\" content=\"The Dipl\u00f4me d\u2019\u00c9tudes en Langue Fran\u00e7aise (DELF) and the Dipl\u00f4me Approfondi de Langue Fran\u00e7aise (DALF) are official diplomas delivered by the French Ministry of National Education with a lifetime validity. Registration Preparation courses Institut fran\u00e7ais de Finlande offers preparation courses for the exams at levels B1, B2 and C1. A 4-weeks intensive course to prepare [&hellip;]\" \/>\n<meta property=\"og:url\" content=\"https:\/\/www.france.fi\/en\/exams\/delf-dalf-for-all\/\" \/>\n<meta property=\"og:site_name\" content=\"Institut fran\u00e7ais\" \/>\n<meta property=\"article:publisher\" content=\"https:\/\/www.facebook.com\/institutfrancaisfi\" \/>\n<meta property=\"article:modified_time\" content=\"2026-03-13T12:17:37+00:00\" \/>\n<meta name=\"twitter:card\" content=\"summary_large_image\" \/>\n<meta name=\"twitter:site\" content=\"@IFFinlande\" \/>\n<meta name=\"twitter:label1\" content=\"Est. reading time\" \/>\n\t<meta name=\"twitter:data1\" content=\"3 minutes\" \/>\n<script type=\"application\/ld+json\" class=\"yoast-schema-graph\">{\"@context\":\"https:\\\/\\\/schema.org\",\"@graph\":[{\"@type\":\"WebPage\",\"@id\":\"https:\\\/\\\/www.france.fi\\\/en\\\/exams\\\/delf-dalf-for-all\\\/\",\"url\":\"https:\\\/\\\/www.france.fi\\\/en\\\/exams\\\/delf-dalf-for-all\\\/\",\"name\":\"DELF \\\/ DALF for all - Institut fran\u00e7ais\",\"isPartOf\":{\"@id\":\"https:\\\/\\\/www.france.fi\\\/#website\"},\"datePublished\":\"2020-11-20T08:00:02+00:00\",\"dateModified\":\"2026-03-13T12:17:37+00:00\",\"breadcrumb\":{\"@id\":\"https:\\\/\\\/www.france.fi\\\/en\\\/exams\\\/delf-dalf-for-all\\\/#breadcrumb\"},\"inLanguage\":\"en-US\",\"potentialAction\":[{\"@type\":\"ReadAction\",\"target\":[\"https:\\\/\\\/www.france.fi\\\/en\\\/exams\\\/delf-dalf-for-all\\\/\"]}]},{\"@type\":\"BreadcrumbList\",\"@id\":\"https:\\\/\\\/www.france.fi\\\/en\\\/exams\\\/delf-dalf-for-all\\\/#breadcrumb\",\"itemListElement\":[{\"@type\":\"ListItem\",\"position\":1,\"name\":\"Home\",\"item\":\"https:\\\/\\\/www.france.fi\\\/en\\\/\"},{\"@type\":\"ListItem\",\"position\":2,\"name\":\"Official French language certifications\",\"item\":\"https:\\\/\\\/www.france.fi\\\/en\\\/exams\\\/\"},{\"@type\":\"ListItem\",\"position\":3,\"name\":\"DELF \\\/ DALF for all\"}]},{\"@type\":\"WebSite\",\"@id\":\"https:\\\/\\\/www.france.fi\\\/#website\",\"url\":\"https:\\\/\\\/www.france.fi\\\/\",\"name\":\"Institut fran\u00e7ais de Finlande\",\"description\":\"\",\"publisher\":{\"@id\":\"https:\\\/\\\/www.france.fi\\\/#organization\"},\"potentialAction\":[{\"@type\":\"SearchAction\",\"target\":{\"@type\":\"EntryPoint\",\"urlTemplate\":\"https:\\\/\\\/www.france.fi\\\/?s={search_term_string}\"},\"query-input\":{\"@type\":\"PropertyValueSpecification\",\"valueRequired\":true,\"valueName\":\"search_term_string\"}}],\"inLanguage\":\"en-US\"},{\"@type\":\"Organization\",\"@id\":\"https:\\\/\\\/www.france.fi\\\/#organization\",\"name\":\"Institut fran\u00e7ais de Finlande\",\"url\":\"https:\\\/\\\/www.france.fi\\\/\",\"logo\":{\"@type\":\"ImageObject\",\"inLanguage\":\"en-US\",\"@id\":\"https:\\\/\\\/www.france.fi\\\/#\\\/schema\\\/logo\\\/image\\\/\",\"url\":\"https:\\\/\\\/www.france.fi\\\/wp-content\\\/uploads\\\/2024\\\/02\\\/if-logo-1.png\",\"contentUrl\":\"https:\\\/\\\/www.france.fi\\\/wp-content\\\/uploads\\\/2024\\\/02\\\/if-logo-1.png\",\"width\":687,\"height\":459,\"caption\":\"Institut fran\u00e7ais de Finlande\"},\"image\":{\"@id\":\"https:\\\/\\\/www.france.fi\\\/#\\\/schema\\\/logo\\\/image\\\/\"},\"sameAs\":[\"https:\\\/\\\/www.facebook.com\\\/institutfrancaisfi\",\"https:\\\/\\\/x.com\\\/IFFinlande\",\"https:\\\/\\\/www.instagram.com\\\/iffinlande\\\/\",\"https:\\\/\\\/fr.linkedin.com\\\/organization-guest\\\/company\\\/institut-fran-ais-de-finlande\",\"https:\\\/\\\/www.youtube.com\\\/channel\\\/UCHAitdpmSbeP78eL49XMotA\"]}]}<\/script>\n<!-- \/ Yoast SEO plugin. -->","yoast_head_json":{"title":"DELF \/ DALF for all - Institut fran\u00e7ais","robots":{"index":"index","follow":"follow","max-snippet":"max-snippet:-1","max-image-preview":"max-image-preview:large","max-video-preview":"max-video-preview:-1"},"canonical":"https:\/\/www.france.fi\/en\/exams\/delf-dalf-for-all\/","og_locale":"en_US","og_type":"article","og_title":"DELF \/ DALF for all - Institut fran\u00e7ais","og_description":"The Dipl\u00f4me d\u2019\u00c9tudes en Langue Fran\u00e7aise (DELF) and the Dipl\u00f4me Approfondi de Langue Fran\u00e7aise (DALF) are official diplomas delivered by the French Ministry of National Education with a lifetime validity. Registration Preparation courses Institut fran\u00e7ais de Finlande offers preparation courses for the exams at levels B1, B2 and C1. A 4-weeks intensive course to prepare [&hellip;]","og_url":"https:\/\/www.france.fi\/en\/exams\/delf-dalf-for-all\/","og_site_name":"Institut fran\u00e7ais","article_publisher":"https:\/\/www.facebook.com\/institutfrancaisfi","article_modified_time":"2026-03-13T12:17:37+00:00","twitter_card":"summary_large_image","twitter_site":"@IFFinlande","twitter_misc":{"Est. reading time":"3 minutes"},"schema":{"@context":"https:\/\/schema.org","@graph":[{"@type":"WebPage","@id":"https:\/\/www.france.fi\/en\/exams\/delf-dalf-for-all\/","url":"https:\/\/www.france.fi\/en\/exams\/delf-dalf-for-all\/","name":"DELF \/ DALF for all - Institut fran\u00e7ais","isPartOf":{"@id":"https:\/\/www.france.fi\/#website"},"datePublished":"2020-11-20T08:00:02+00:00","dateModified":"2026-03-13T12:17:37+00:00","breadcrumb":{"@id":"https:\/\/www.france.fi\/en\/exams\/delf-dalf-for-all\/#breadcrumb"},"inLanguage":"en-US","potentialAction":[{"@type":"ReadAction","target":["https:\/\/www.france.fi\/en\/exams\/delf-dalf-for-all\/"]}]},{"@type":"BreadcrumbList","@id":"https:\/\/www.france.fi\/en\/exams\/delf-dalf-for-all\/#breadcrumb","itemListElement":[{"@type":"ListItem","position":1,"name":"Home","item":"https:\/\/www.france.fi\/en\/"},{"@type":"ListItem","position":2,"name":"Official French language certifications","item":"https:\/\/www.france.fi\/en\/exams\/"},{"@type":"ListItem","position":3,"name":"DELF \/ DALF for all"}]},{"@type":"WebSite","@id":"https:\/\/www.france.fi\/#website","url":"https:\/\/www.france.fi\/","name":"Institut fran\u00e7ais de Finlande","description":"","publisher":{"@id":"https:\/\/www.france.fi\/#organization"},"potentialAction":[{"@type":"SearchAction","target":{"@type":"EntryPoint","urlTemplate":"https:\/\/www.france.fi\/?s={search_term_string}"},"query-input":{"@type":"PropertyValueSpecification","valueRequired":true,"valueName":"search_term_string"}}],"inLanguage":"en-US"},{"@type":"Organization","@id":"https:\/\/www.france.fi\/#organization","name":"Institut fran\u00e7ais de Finlande","url":"https:\/\/www.france.fi\/","logo":{"@type":"ImageObject","inLanguage":"en-US","@id":"https:\/\/www.france.fi\/#\/schema\/logo\/image\/","url":"https:\/\/www.france.fi\/wp-content\/uploads\/2024\/02\/if-logo-1.png","contentUrl":"https:\/\/www.france.fi\/wp-content\/uploads\/2024\/02\/if-logo-1.png","width":687,"height":459,"caption":"Institut fran\u00e7ais de Finlande"},"image":{"@id":"https:\/\/www.france.fi\/#\/schema\/logo\/image\/"},"sameAs":["https:\/\/www.facebook.com\/institutfrancaisfi","https:\/\/x.com\/IFFinlande","https:\/\/www.instagram.com\/iffinlande\/","https:\/\/fr.linkedin.com\/organization-guest\/company\/institut-fran-ais-de-finlande","https:\/\/www.youtube.com\/channel\/UCHAitdpmSbeP78eL49XMotA"]}]}},"_links":{"self":[{"href":"https:\/\/www.france.fi\/en\/wp-json\/wp\/v2\/pages\/2550","targetHints":{"allow":["GET"]}}],"collection":[{"href":"https:\/\/www.france.fi\/en\/wp-json\/wp\/v2\/pages"}],"about":[{"href":"https:\/\/www.france.fi\/en\/wp-json\/wp\/v2\/types\/page"}],"author":[{"embeddable":true,"href":"https:\/\/www.france.fi\/en\/wp-json\/wp\/v2\/users\/2"}],"replies":[{"embeddable":true,"href":"https:\/\/www.france.fi\/en\/wp-json\/wp\/v2\/comments?post=2550"}],"version-history":[{"count":0,"href":"https:\/\/www.france.fi\/en\/wp-json\/wp\/v2\/pages\/2550\/revisions"}],"up":[{"embeddable":true,"href":"https:\/\/www.france.fi\/en\/wp-json\/wp\/v2\/pages\/272"}],"wp:attachment":[{"href":"https:\/\/www.france.fi\/en\/wp-json\/wp\/v2\/media?parent=2550"}],"curies":[{"name":"wp","href":"https:\/\/api.w.org\/{rel}","templated":true}]}}