{"id":4879,"date":"2021-04-16T15:09:47","date_gmt":"2021-04-16T12:09:47","guid":{"rendered":"http:\/\/www.france.fi\/education\/mobilite-lyceenne-en-france\/"},"modified":"2026-02-26T15:47:35","modified_gmt":"2026-02-26T13:47:35","slug":"individual-mobility-for-highschools","status":"publish","type":"page","link":"https:\/\/www.france.fi\/en\/education\/french-teachers-hub\/individual-mobility-for-highschools\/","title":{"rendered":"Exchange Programs for High Schools"},"content":{"rendered":"\r\n<p><\/p>\r\n<p>The French Institute of Finland offers Finnish and French high school students the opportunity to meet within these individual mobilities.<\/p>\r\n<p>Short exchange programs (3 weeks) with reciprocity: Finnish high school students leave for three weeks in France, then host their French correspondent in Finland for three weeks, in their school and in their family!<\/p>\r\n<p>A unique opportunity to live a high school experience abroad , to discover life in France, at school and with the host family!<\/p>\r\n<table style=\"border-collapse: collapse; width: 127.068%;\">\r\n<tbody>\r\n<tr>\r\n<td style=\"width: 21.0345%; text-align: left; border-style: hidden;\"><strong><a href=\"https:\/\/www.france.fi\/wp-content\/uploads\/2023\/08\/Affiche-Echanges-des-lyceens-s.pdf\" target=\"_blank\" rel=\"noopener\">\u2192Are you a teacher\u00a0? Download this poster for your school !<\/a><\/strong><\/td>\r\n<td style=\"width: 20.4082%; border-style: hidden;\"><a href=\"https:\/\/www.france.fi\/wp-content\/uploads\/2023\/08\/Affiche-Echanges-des-lyceens-s.pdf\" target=\"_blank\" rel=\"noopener\"><img loading=\"lazy\" decoding=\"async\" class=\"alignnone wp-image-14145\" src=\"https:\/\/www.france.fi\/wp-content\/uploads\/2023\/08\/Affiche-212x300.jpg\" alt=\"\" width=\"160\" height=\"227\" srcset=\"https:\/\/www.france.fi\/wp-content\/uploads\/2023\/08\/Affiche-212x300.jpg 212w, https:\/\/www.france.fi\/wp-content\/uploads\/2023\/08\/Affiche.jpg 250w\" sizes=\"auto, (max-width: 160px) 100vw, 160px\" \/><\/a><\/td>\r\n<td style=\"width: 98.6702%; border-style: hidden;\">\r\n<p style=\"text-align: center;\"><span style=\"font-size: 12pt;\"><strong>Echanges France-Finlande : R\u00e9union des professeurs r\u00e9f\u00e9rents 2023<\/strong><\/span><\/p>\r\n<figure class=\"wp-block-embed wp-block-embed-youtube is-type-video is-provider-youtube epyt-figure\"><div class=\"wp-block-embed__wrapper\"><div class=\"epyt-video-wrapper\"><iframe loading=\"lazy\"  id=\"_ytid_90165\"  width=\"580\" height=\"326\"  data-origwidth=\"580\" data-origheight=\"326\" src=\"https:\/\/www.youtube.com\/embed\/-jNl2E7Uhfk?enablejsapi=1&autoplay=0&cc_load_policy=0&cc_lang_pref=&iv_load_policy=1&loop=0&rel=1&fs=1&playsinline=0&autohide=2&theme=dark&color=red&controls=1&disablekb=0&\" class=\"__youtube_prefs__  no-lazyload\" title=\"YouTube player\"  allow=\"fullscreen; accelerometer; autoplay; clipboard-write; encrypted-media; gyroscope; picture-in-picture; web-share\" referrerpolicy=\"strict-origin-when-cross-origin\" allowfullscreen data-no-lazy=\"1\" data-skipgform_ajax_framebjll=\"\"><\/iframe><\/div><\/div><\/figure>\r\n<\/td>\r\n<\/tr>\r\n<\/tbody>\r\n<\/table>\r\n<p style=\"text-align: center;\"><strong><span style=\"background-color: #ffcc00;\">Jaune = Mistral Bor\u00e9al\u00a0<\/span> \u00a0 <span style=\"background-color: #3366ff;\">Bleu = Baltlantique<\/span>\u00a0 \u00a0 <span style=\"background-color: #cc99ff;\">Violet = Finn\u2019Est<\/span><\/strong><iframe loading=\"lazy\" src=\"https:\/\/www.google.com\/maps\/d\/u\/0\/embed?mid=15gN6Wi8xKOyJ8b3TOMKrZg-bK68Fn04&amp;ehbc=2E312F\" width=\"640\" height=\"480\"><\/iframe><\/p>\r\n<p>&nbsp;<\/p>\r\n<p><\/p>\r\n","protected":false},"excerpt":{"rendered":"","protected":false},"author":2,"featured_media":0,"parent":23892,"menu_order":0,"comment_status":"closed","ping_status":"closed","template":"","meta":{"footnotes":""},"class_list":["post-4879","page","type-page","status-publish","hentry","no-media"],"yoast_head":"<!-- This site is optimized with the Yoast SEO plugin v27.4 - https:\/\/yoast.com\/product\/yoast-seo-wordpress\/ -->\n<title>Exchange Programs for High Schools - Institut fran\u00e7ais<\/title>\n<meta name=\"robots\" content=\"index, follow, max-snippet:-1, max-image-preview:large, max-video-preview:-1\" \/>\n<link rel=\"canonical\" href=\"https:\/\/www.france.fi\/en\/education\/french-teachers-hub\/individual-mobility-for-highschools\/\" \/>\n<meta property=\"og:locale\" content=\"en_US\" \/>\n<meta property=\"og:type\" content=\"article\" \/>\n<meta property=\"og:title\" content=\"Exchange Programs for High Schools - Institut fran\u00e7ais\" \/>\n<meta property=\"og:url\" content=\"https:\/\/www.france.fi\/en\/education\/french-teachers-hub\/individual-mobility-for-highschools\/\" \/>\n<meta property=\"og:site_name\" content=\"Institut fran\u00e7ais\" \/>\n<meta property=\"article:publisher\" content=\"https:\/\/www.facebook.com\/institutfrancaisfi\" \/>\n<meta property=\"article:modified_time\" content=\"2026-02-26T13:47:35+00:00\" \/>\n<meta property=\"og:image\" content=\"https:\/\/www.france.fi\/wp-content\/uploads\/2023\/08\/Affiche.jpg\" \/>\n\t<meta property=\"og:image:width\" content=\"250\" \/>\n\t<meta property=\"og:image:height\" content=\"354\" \/>\n\t<meta property=\"og:image:type\" content=\"image\/jpeg\" \/>\n<meta name=\"twitter:card\" content=\"summary_large_image\" \/>\n<meta name=\"twitter:site\" content=\"@IFFinlande\" \/>\n<meta name=\"twitter:label1\" content=\"Est. reading time\" \/>\n\t<meta name=\"twitter:data1\" content=\"1 minute\" \/>\n<script type=\"application\/ld+json\" class=\"yoast-schema-graph\">{\"@context\":\"https:\\\/\\\/schema.org\",\"@graph\":[{\"@type\":\"WebPage\",\"@id\":\"https:\\\/\\\/www.france.fi\\\/en\\\/education\\\/french-teachers-hub\\\/individual-mobility-for-highschools\\\/\",\"url\":\"https:\\\/\\\/www.france.fi\\\/en\\\/education\\\/french-teachers-hub\\\/individual-mobility-for-highschools\\\/\",\"name\":\"Exchange Programs for High Schools - Institut fran\u00e7ais\",\"isPartOf\":{\"@id\":\"https:\\\/\\\/www.france.fi\\\/#website\"},\"primaryImageOfPage\":{\"@id\":\"https:\\\/\\\/www.france.fi\\\/en\\\/education\\\/french-teachers-hub\\\/individual-mobility-for-highschools\\\/#primaryimage\"},\"image\":{\"@id\":\"https:\\\/\\\/www.france.fi\\\/en\\\/education\\\/french-teachers-hub\\\/individual-mobility-for-highschools\\\/#primaryimage\"},\"thumbnailUrl\":\"https:\\\/\\\/www.france.fi\\\/wp-content\\\/uploads\\\/2023\\\/08\\\/Affiche-212x300.jpg\",\"datePublished\":\"2021-04-16T12:09:47+00:00\",\"dateModified\":\"2026-02-26T13:47:35+00:00\",\"breadcrumb\":{\"@id\":\"https:\\\/\\\/www.france.fi\\\/en\\\/education\\\/french-teachers-hub\\\/individual-mobility-for-highschools\\\/#breadcrumb\"},\"inLanguage\":\"en-US\",\"potentialAction\":[{\"@type\":\"ReadAction\",\"target\":[\"https:\\\/\\\/www.france.fi\\\/en\\\/education\\\/french-teachers-hub\\\/individual-mobility-for-highschools\\\/\"]}]},{\"@type\":\"ImageObject\",\"inLanguage\":\"en-US\",\"@id\":\"https:\\\/\\\/www.france.fi\\\/en\\\/education\\\/french-teachers-hub\\\/individual-mobility-for-highschools\\\/#primaryimage\",\"url\":\"https:\\\/\\\/www.france.fi\\\/wp-content\\\/uploads\\\/2023\\\/08\\\/Affiche-212x300.jpg\",\"contentUrl\":\"https:\\\/\\\/www.france.fi\\\/wp-content\\\/uploads\\\/2023\\\/08\\\/Affiche-212x300.jpg\"},{\"@type\":\"BreadcrumbList\",\"@id\":\"https:\\\/\\\/www.france.fi\\\/en\\\/education\\\/french-teachers-hub\\\/individual-mobility-for-highschools\\\/#breadcrumb\",\"itemListElement\":[{\"@type\":\"ListItem\",\"position\":1,\"name\":\"Home\",\"item\":\"https:\\\/\\\/www.france.fi\\\/en\\\/\"},{\"@type\":\"ListItem\",\"position\":2,\"name\":\"Education\",\"item\":\"https:\\\/\\\/www.france.fi\\\/en\\\/education\\\/\"},{\"@type\":\"ListItem\",\"position\":3,\"name\":\"French Teachers&rsquo; Hub\",\"item\":\"https:\\\/\\\/www.france.fi\\\/en\\\/education\\\/french-teachers-hub\\\/\"},{\"@type\":\"ListItem\",\"position\":4,\"name\":\"Exchange Programs for High Schools\"}]},{\"@type\":\"WebSite\",\"@id\":\"https:\\\/\\\/www.france.fi\\\/#website\",\"url\":\"https:\\\/\\\/www.france.fi\\\/\",\"name\":\"Institut fran\u00e7ais de Finlande\",\"description\":\"\",\"publisher\":{\"@id\":\"https:\\\/\\\/www.france.fi\\\/#organization\"},\"potentialAction\":[{\"@type\":\"SearchAction\",\"target\":{\"@type\":\"EntryPoint\",\"urlTemplate\":\"https:\\\/\\\/www.france.fi\\\/?s={search_term_string}\"},\"query-input\":{\"@type\":\"PropertyValueSpecification\",\"valueRequired\":true,\"valueName\":\"search_term_string\"}}],\"inLanguage\":\"en-US\"},{\"@type\":\"Organization\",\"@id\":\"https:\\\/\\\/www.france.fi\\\/#organization\",\"name\":\"Institut fran\u00e7ais de Finlande\",\"url\":\"https:\\\/\\\/www.france.fi\\\/\",\"logo\":{\"@type\":\"ImageObject\",\"inLanguage\":\"en-US\",\"@id\":\"https:\\\/\\\/www.france.fi\\\/#\\\/schema\\\/logo\\\/image\\\/\",\"url\":\"https:\\\/\\\/www.france.fi\\\/wp-content\\\/uploads\\\/2024\\\/02\\\/if-logo-1.png\",\"contentUrl\":\"https:\\\/\\\/www.france.fi\\\/wp-content\\\/uploads\\\/2024\\\/02\\\/if-logo-1.png\",\"width\":687,\"height\":459,\"caption\":\"Institut fran\u00e7ais de Finlande\"},\"image\":{\"@id\":\"https:\\\/\\\/www.france.fi\\\/#\\\/schema\\\/logo\\\/image\\\/\"},\"sameAs\":[\"https:\\\/\\\/www.facebook.com\\\/institutfrancaisfi\",\"https:\\\/\\\/x.com\\\/IFFinlande\",\"https:\\\/\\\/www.instagram.com\\\/iffinlande\\\/\",\"https:\\\/\\\/fr.linkedin.com\\\/organization-guest\\\/company\\\/institut-fran-ais-de-finlande\",\"https:\\\/\\\/www.youtube.com\\\/channel\\\/UCHAitdpmSbeP78eL49XMotA\"]}]}<\/script>\n<!-- \/ Yoast SEO plugin. -->","yoast_head_json":{"title":"Exchange Programs for High Schools - Institut fran\u00e7ais","robots":{"index":"index","follow":"follow","max-snippet":"max-snippet:-1","max-image-preview":"max-image-preview:large","max-video-preview":"max-video-preview:-1"},"canonical":"https:\/\/www.france.fi\/en\/education\/french-teachers-hub\/individual-mobility-for-highschools\/","og_locale":"en_US","og_type":"article","og_title":"Exchange Programs for High Schools - Institut fran\u00e7ais","og_url":"https:\/\/www.france.fi\/en\/education\/french-teachers-hub\/individual-mobility-for-highschools\/","og_site_name":"Institut fran\u00e7ais","article_publisher":"https:\/\/www.facebook.com\/institutfrancaisfi","article_modified_time":"2026-02-26T13:47:35+00:00","og_image":[{"width":250,"height":354,"url":"https:\/\/www.france.fi\/wp-content\/uploads\/2023\/08\/Affiche.jpg","type":"image\/jpeg"}],"twitter_card":"summary_large_image","twitter_site":"@IFFinlande","twitter_misc":{"Est. reading time":"1 minute"},"schema":{"@context":"https:\/\/schema.org","@graph":[{"@type":"WebPage","@id":"https:\/\/www.france.fi\/en\/education\/french-teachers-hub\/individual-mobility-for-highschools\/","url":"https:\/\/www.france.fi\/en\/education\/french-teachers-hub\/individual-mobility-for-highschools\/","name":"Exchange Programs for High Schools - Institut fran\u00e7ais","isPartOf":{"@id":"https:\/\/www.france.fi\/#website"},"primaryImageOfPage":{"@id":"https:\/\/www.france.fi\/en\/education\/french-teachers-hub\/individual-mobility-for-highschools\/#primaryimage"},"image":{"@id":"https:\/\/www.france.fi\/en\/education\/french-teachers-hub\/individual-mobility-for-highschools\/#primaryimage"},"thumbnailUrl":"https:\/\/www.france.fi\/wp-content\/uploads\/2023\/08\/Affiche-212x300.jpg","datePublished":"2021-04-16T12:09:47+00:00","dateModified":"2026-02-26T13:47:35+00:00","breadcrumb":{"@id":"https:\/\/www.france.fi\/en\/education\/french-teachers-hub\/individual-mobility-for-highschools\/#breadcrumb"},"inLanguage":"en-US","potentialAction":[{"@type":"ReadAction","target":["https:\/\/www.france.fi\/en\/education\/french-teachers-hub\/individual-mobility-for-highschools\/"]}]},{"@type":"ImageObject","inLanguage":"en-US","@id":"https:\/\/www.france.fi\/en\/education\/french-teachers-hub\/individual-mobility-for-highschools\/#primaryimage","url":"https:\/\/www.france.fi\/wp-content\/uploads\/2023\/08\/Affiche-212x300.jpg","contentUrl":"https:\/\/www.france.fi\/wp-content\/uploads\/2023\/08\/Affiche-212x300.jpg"},{"@type":"BreadcrumbList","@id":"https:\/\/www.france.fi\/en\/education\/french-teachers-hub\/individual-mobility-for-highschools\/#breadcrumb","itemListElement":[{"@type":"ListItem","position":1,"name":"Home","item":"https:\/\/www.france.fi\/en\/"},{"@type":"ListItem","position":2,"name":"Education","item":"https:\/\/www.france.fi\/en\/education\/"},{"@type":"ListItem","position":3,"name":"French Teachers&rsquo; Hub","item":"https:\/\/www.france.fi\/en\/education\/french-teachers-hub\/"},{"@type":"ListItem","position":4,"name":"Exchange Programs for High Schools"}]},{"@type":"WebSite","@id":"https:\/\/www.france.fi\/#website","url":"https:\/\/www.france.fi\/","name":"Institut fran\u00e7ais de Finlande","description":"","publisher":{"@id":"https:\/\/www.france.fi\/#organization"},"potentialAction":[{"@type":"SearchAction","target":{"@type":"EntryPoint","urlTemplate":"https:\/\/www.france.fi\/?s={search_term_string}"},"query-input":{"@type":"PropertyValueSpecification","valueRequired":true,"valueName":"search_term_string"}}],"inLanguage":"en-US"},{"@type":"Organization","@id":"https:\/\/www.france.fi\/#organization","name":"Institut fran\u00e7ais de Finlande","url":"https:\/\/www.france.fi\/","logo":{"@type":"ImageObject","inLanguage":"en-US","@id":"https:\/\/www.france.fi\/#\/schema\/logo\/image\/","url":"https:\/\/www.france.fi\/wp-content\/uploads\/2024\/02\/if-logo-1.png","contentUrl":"https:\/\/www.france.fi\/wp-content\/uploads\/2024\/02\/if-logo-1.png","width":687,"height":459,"caption":"Institut fran\u00e7ais de Finlande"},"image":{"@id":"https:\/\/www.france.fi\/#\/schema\/logo\/image\/"},"sameAs":["https:\/\/www.facebook.com\/institutfrancaisfi","https:\/\/x.com\/IFFinlande","https:\/\/www.instagram.com\/iffinlande\/","https:\/\/fr.linkedin.com\/organization-guest\/company\/institut-fran-ais-de-finlande","https:\/\/www.youtube.com\/channel\/UCHAitdpmSbeP78eL49XMotA"]}]}},"_links":{"self":[{"href":"https:\/\/www.france.fi\/en\/wp-json\/wp\/v2\/pages\/4879","targetHints":{"allow":["GET"]}}],"collection":[{"href":"https:\/\/www.france.fi\/en\/wp-json\/wp\/v2\/pages"}],"about":[{"href":"https:\/\/www.france.fi\/en\/wp-json\/wp\/v2\/types\/page"}],"author":[{"embeddable":true,"href":"https:\/\/www.france.fi\/en\/wp-json\/wp\/v2\/users\/2"}],"replies":[{"embeddable":true,"href":"https:\/\/www.france.fi\/en\/wp-json\/wp\/v2\/comments?post=4879"}],"version-history":[{"count":0,"href":"https:\/\/www.france.fi\/en\/wp-json\/wp\/v2\/pages\/4879\/revisions"}],"up":[{"embeddable":true,"href":"https:\/\/www.france.fi\/en\/wp-json\/wp\/v2\/pages\/23892"}],"wp:attachment":[{"href":"https:\/\/www.france.fi\/en\/wp-json\/wp\/v2\/media?parent=4879"}],"curies":[{"name":"wp","href":"https:\/\/api.w.org\/{rel}","templated":true}]}}