{"id":14404,"date":"2023-09-27T10:43:51","date_gmt":"2023-09-27T07:43:51","guid":{"rendered":"https:\/\/www.france.fi\/?page_id=14404"},"modified":"2026-03-10T09:18:44","modified_gmt":"2026-03-10T07:18:44","slug":"alumni","status":"publish","type":"page","link":"https:\/\/www.france.fi\/fr\/education\/etudes-superieures-en-france\/alumni\/","title":{"rendered":"Alumni"},"content":{"rendered":"<p>L\u2019Institut fran\u00e7ais de Finlande participe \u00e0 l\u2019animation du r\u00e9seau <em>France Alumni<\/em>.<\/p>\n<p><em>France Alumni<\/em> rassemble les Finlandais qui ont \u00e9tudi\u00e9 en France, ou r\u00e9alis\u00e9 un stage d\u2019\u00e9tudes, ou \u00e9tudi\u00e9 en fran\u00e7ais en Finlande ou dans un autre pays (ex. : lyc\u00e9e franco-finlandais d\u2019Helsinki).<\/p>\n<p>A travers <em>France Alumni<\/em>, les anciens \u00e9tudiants poursuivent leur exp\u00e9rience de la France et de la langue fran\u00e7aise et la valorisent en rejoignant un r\u00e9seau fran\u00e7ais plus large.<\/p>\n<p><strong>L\u2019Institut fran\u00e7ais :<\/strong><\/p>\n<ul>\n<li>contribue \u00e0 la plateforme d\u2019information en ligne de Campus France d\u00e9di\u00e9e aux alumni ;<\/li>\n<li>favorise les \u00e9changes en organisant des \u00e9v\u00e8nements en l\u2019honneur des alumni \u00e0 l\u2019Ambassade de France \u00e0 Helsinki.<\/li>\n<\/ul>\n<p><strong>Rejoignez-le r\u00e9seau des anciens \u00e9tudiants <em>France Alumni<\/em> !<\/strong><\/p>\n<p><strong>\u00a0\u27a1\u00a0 <span style=\"color: #3366ff;\"><a style=\"color: #3366ff;\" href=\"https:\/\/www.francealumni.fr\/fr\/poste\/finlande\/\" target=\"_blank\" rel=\"noopener\">Plateforme Campus France<\/a><\/span><\/strong><\/p>\n<p><strong>\u00a0\u27a1 Inscription \u00e0 <em>France Alumni<\/em><\/strong><span style=\"font-size: 14px;\">(Afin que ce formulaire fonctionne correctement, veuillez accepter les cookies en bas \u00e0 gauche de la page)<\/span><strong>:<\/strong><\/p>\n<p><iframe loading=\"lazy\" style=\"border: none; max-width: 100%; max-height: 100vh;\" src=\"https:\/\/forms.office.com\/e\/V1dMEvyUke?embed=true\" width=\"640px\" height=\"480px\" frameborder=\"0\" marginwidth=\"0\" marginheight=\"0\" allowfullscreen=\"allowfullscreen\"> <\/iframe><\/p>\n<p>&nbsp;<\/p>\n","protected":false},"excerpt":{"rendered":"<p>L\u2019Institut fran\u00e7ais de Finlande participe \u00e0 l\u2019animation du r\u00e9seau France Alumni. France Alumni rassemble les Finlandais qui ont \u00e9tudi\u00e9 en France, ou r\u00e9alis\u00e9 un stage d\u2019\u00e9tudes, ou \u00e9tudi\u00e9 en fran\u00e7ais en Finlande ou dans un autre pays (ex. : lyc\u00e9e franco-finlandais d\u2019Helsinki). A travers France Alumni, les anciens \u00e9tudiants poursuivent leur exp\u00e9rience de la France [&hellip;]<\/p>\n","protected":false},"author":2,"featured_media":10784,"parent":23926,"menu_order":0,"comment_status":"closed","ping_status":"closed","template":"","meta":{"footnotes":""},"class_list":["post-14404","page","type-page","status-publish","has-post-thumbnail","hentry"],"yoast_head":"<!-- This site is optimized with the Yoast SEO plugin v27.4 - https:\/\/yoast.com\/product\/yoast-seo-wordpress\/ -->\n<title>Alumni - Institut fran\u00e7ais<\/title>\n<meta name=\"robots\" content=\"index, follow, max-snippet:-1, max-image-preview:large, max-video-preview:-1\" \/>\n<link rel=\"canonical\" href=\"https:\/\/www.france.fi\/fr\/education\/etudes-superieures-en-france\/alumni\/\" \/>\n<meta property=\"og:locale\" content=\"fr_FR\" \/>\n<meta property=\"og:type\" content=\"article\" \/>\n<meta property=\"og:title\" content=\"Alumni - Institut fran\u00e7ais\" \/>\n<meta property=\"og:description\" content=\"L\u2019Institut fran\u00e7ais de Finlande participe \u00e0 l\u2019animation du r\u00e9seau France Alumni. France Alumni rassemble les Finlandais qui ont \u00e9tudi\u00e9 en France, ou r\u00e9alis\u00e9 un stage d\u2019\u00e9tudes, ou \u00e9tudi\u00e9 en fran\u00e7ais en Finlande ou dans un autre pays (ex. : lyc\u00e9e franco-finlandais d\u2019Helsinki). A travers France Alumni, les anciens \u00e9tudiants poursuivent leur exp\u00e9rience de la France [&hellip;]\" \/>\n<meta property=\"og:url\" content=\"https:\/\/www.france.fi\/fr\/education\/etudes-superieures-en-france\/alumni\/\" \/>\n<meta property=\"og:site_name\" content=\"Institut fran\u00e7ais\" \/>\n<meta property=\"article:publisher\" content=\"https:\/\/www.facebook.com\/institutfrancaisfi\" \/>\n<meta property=\"article:modified_time\" content=\"2026-03-10T07:18:44+00:00\" \/>\n<meta property=\"og:image\" content=\"https:\/\/www.france.fi\/wp-content\/uploads\/2022\/10\/France-Finland-alumni-1-1-1280x720.jpg\" \/>\n\t<meta property=\"og:image:width\" content=\"1920\" \/>\n\t<meta property=\"og:image:height\" content=\"1080\" \/>\n\t<meta property=\"og:image:type\" content=\"image\/jpeg\" \/>\n<meta name=\"twitter:card\" content=\"summary_large_image\" \/>\n<meta name=\"twitter:site\" content=\"@IFFinlande\" \/>\n<meta name=\"twitter:label1\" content=\"Dur\u00e9e de lecture estim\u00e9e\" \/>\n\t<meta name=\"twitter:data1\" content=\"1 minute\" \/>\n<script type=\"application\/ld+json\" class=\"yoast-schema-graph\">{\"@context\":\"https:\\\/\\\/schema.org\",\"@graph\":[{\"@type\":\"WebPage\",\"@id\":\"https:\\\/\\\/www.france.fi\\\/fr\\\/education\\\/etudes-superieures-en-france\\\/alumni\\\/\",\"url\":\"https:\\\/\\\/www.france.fi\\\/fr\\\/education\\\/etudes-superieures-en-france\\\/alumni\\\/\",\"name\":\"Alumni - Institut fran\u00e7ais\",\"isPartOf\":{\"@id\":\"https:\\\/\\\/www.france.fi\\\/#website\"},\"primaryImageOfPage\":{\"@id\":\"https:\\\/\\\/www.france.fi\\\/fr\\\/education\\\/etudes-superieures-en-france\\\/alumni\\\/#primaryimage\"},\"image\":{\"@id\":\"https:\\\/\\\/www.france.fi\\\/fr\\\/education\\\/etudes-superieures-en-france\\\/alumni\\\/#primaryimage\"},\"thumbnailUrl\":\"https:\\\/\\\/www.france.fi\\\/wp-content\\\/uploads\\\/2022\\\/10\\\/France-Finland-alumni-1-1-1280x720.jpg\",\"datePublished\":\"2023-09-27T07:43:51+00:00\",\"dateModified\":\"2026-03-10T07:18:44+00:00\",\"breadcrumb\":{\"@id\":\"https:\\\/\\\/www.france.fi\\\/fr\\\/education\\\/etudes-superieures-en-france\\\/alumni\\\/#breadcrumb\"},\"inLanguage\":\"fr-FR\",\"potentialAction\":[{\"@type\":\"ReadAction\",\"target\":[\"https:\\\/\\\/www.france.fi\\\/fr\\\/education\\\/etudes-superieures-en-france\\\/alumni\\\/\"]}]},{\"@type\":\"ImageObject\",\"inLanguage\":\"fr-FR\",\"@id\":\"https:\\\/\\\/www.france.fi\\\/fr\\\/education\\\/etudes-superieures-en-france\\\/alumni\\\/#primaryimage\",\"url\":\"https:\\\/\\\/www.france.fi\\\/wp-content\\\/uploads\\\/2022\\\/10\\\/France-Finland-alumni-1-1-1280x720.jpg\",\"contentUrl\":\"https:\\\/\\\/www.france.fi\\\/wp-content\\\/uploads\\\/2022\\\/10\\\/France-Finland-alumni-1-1-1280x720.jpg\",\"width\":1920,\"height\":1080},{\"@type\":\"BreadcrumbList\",\"@id\":\"https:\\\/\\\/www.france.fi\\\/fr\\\/education\\\/etudes-superieures-en-france\\\/alumni\\\/#breadcrumb\",\"itemListElement\":[{\"@type\":\"ListItem\",\"position\":1,\"name\":\"Home\",\"item\":\"https:\\\/\\\/www.france.fi\\\/fr\\\/\"},{\"@type\":\"ListItem\",\"position\":2,\"name\":\"\u00c9ducation\",\"item\":\"https:\\\/\\\/www.france.fi\\\/fr\\\/education\\\/\"},{\"@type\":\"ListItem\",\"position\":3,\"name\":\"\u00c9tudes sup\u00e9rieures en France\",\"item\":\"https:\\\/\\\/www.france.fi\\\/fr\\\/education\\\/etudes-superieures-en-france\\\/\"},{\"@type\":\"ListItem\",\"position\":4,\"name\":\"Alumni\"}]},{\"@type\":\"WebSite\",\"@id\":\"https:\\\/\\\/www.france.fi\\\/#website\",\"url\":\"https:\\\/\\\/www.france.fi\\\/\",\"name\":\"Institut fran\u00e7ais de Finlande\",\"description\":\"\",\"publisher\":{\"@id\":\"https:\\\/\\\/www.france.fi\\\/#organization\"},\"potentialAction\":[{\"@type\":\"SearchAction\",\"target\":{\"@type\":\"EntryPoint\",\"urlTemplate\":\"https:\\\/\\\/www.france.fi\\\/?s={search_term_string}\"},\"query-input\":{\"@type\":\"PropertyValueSpecification\",\"valueRequired\":true,\"valueName\":\"search_term_string\"}}],\"inLanguage\":\"fr-FR\"},{\"@type\":\"Organization\",\"@id\":\"https:\\\/\\\/www.france.fi\\\/#organization\",\"name\":\"Institut fran\u00e7ais de Finlande\",\"url\":\"https:\\\/\\\/www.france.fi\\\/\",\"logo\":{\"@type\":\"ImageObject\",\"inLanguage\":\"fr-FR\",\"@id\":\"https:\\\/\\\/www.france.fi\\\/#\\\/schema\\\/logo\\\/image\\\/\",\"url\":\"https:\\\/\\\/www.france.fi\\\/wp-content\\\/uploads\\\/2024\\\/02\\\/if-logo-1.png\",\"contentUrl\":\"https:\\\/\\\/www.france.fi\\\/wp-content\\\/uploads\\\/2024\\\/02\\\/if-logo-1.png\",\"width\":687,\"height\":459,\"caption\":\"Institut fran\u00e7ais de Finlande\"},\"image\":{\"@id\":\"https:\\\/\\\/www.france.fi\\\/#\\\/schema\\\/logo\\\/image\\\/\"},\"sameAs\":[\"https:\\\/\\\/www.facebook.com\\\/institutfrancaisfi\",\"https:\\\/\\\/x.com\\\/IFFinlande\",\"https:\\\/\\\/www.instagram.com\\\/iffinlande\\\/\",\"https:\\\/\\\/fr.linkedin.com\\\/organization-guest\\\/company\\\/institut-fran-ais-de-finlande\",\"https:\\\/\\\/www.youtube.com\\\/channel\\\/UCHAitdpmSbeP78eL49XMotA\"]}]}<\/script>\n<!-- \/ Yoast SEO plugin. -->","yoast_head_json":{"title":"Alumni - Institut fran\u00e7ais","robots":{"index":"index","follow":"follow","max-snippet":"max-snippet:-1","max-image-preview":"max-image-preview:large","max-video-preview":"max-video-preview:-1"},"canonical":"https:\/\/www.france.fi\/fr\/education\/etudes-superieures-en-france\/alumni\/","og_locale":"fr_FR","og_type":"article","og_title":"Alumni - Institut fran\u00e7ais","og_description":"L\u2019Institut fran\u00e7ais de Finlande participe \u00e0 l\u2019animation du r\u00e9seau France Alumni. France Alumni rassemble les Finlandais qui ont \u00e9tudi\u00e9 en France, ou r\u00e9alis\u00e9 un stage d\u2019\u00e9tudes, ou \u00e9tudi\u00e9 en fran\u00e7ais en Finlande ou dans un autre pays (ex. : lyc\u00e9e franco-finlandais d\u2019Helsinki). A travers France Alumni, les anciens \u00e9tudiants poursuivent leur exp\u00e9rience de la France [&hellip;]","og_url":"https:\/\/www.france.fi\/fr\/education\/etudes-superieures-en-france\/alumni\/","og_site_name":"Institut fran\u00e7ais","article_publisher":"https:\/\/www.facebook.com\/institutfrancaisfi","article_modified_time":"2026-03-10T07:18:44+00:00","og_image":[{"width":1920,"height":1080,"url":"https:\/\/www.france.fi\/wp-content\/uploads\/2022\/10\/France-Finland-alumni-1-1-1280x720.jpg","type":"image\/jpeg"}],"twitter_card":"summary_large_image","twitter_site":"@IFFinlande","twitter_misc":{"Dur\u00e9e de lecture estim\u00e9e":"1 minute"},"schema":{"@context":"https:\/\/schema.org","@graph":[{"@type":"WebPage","@id":"https:\/\/www.france.fi\/fr\/education\/etudes-superieures-en-france\/alumni\/","url":"https:\/\/www.france.fi\/fr\/education\/etudes-superieures-en-france\/alumni\/","name":"Alumni - Institut fran\u00e7ais","isPartOf":{"@id":"https:\/\/www.france.fi\/#website"},"primaryImageOfPage":{"@id":"https:\/\/www.france.fi\/fr\/education\/etudes-superieures-en-france\/alumni\/#primaryimage"},"image":{"@id":"https:\/\/www.france.fi\/fr\/education\/etudes-superieures-en-france\/alumni\/#primaryimage"},"thumbnailUrl":"https:\/\/www.france.fi\/wp-content\/uploads\/2022\/10\/France-Finland-alumni-1-1-1280x720.jpg","datePublished":"2023-09-27T07:43:51+00:00","dateModified":"2026-03-10T07:18:44+00:00","breadcrumb":{"@id":"https:\/\/www.france.fi\/fr\/education\/etudes-superieures-en-france\/alumni\/#breadcrumb"},"inLanguage":"fr-FR","potentialAction":[{"@type":"ReadAction","target":["https:\/\/www.france.fi\/fr\/education\/etudes-superieures-en-france\/alumni\/"]}]},{"@type":"ImageObject","inLanguage":"fr-FR","@id":"https:\/\/www.france.fi\/fr\/education\/etudes-superieures-en-france\/alumni\/#primaryimage","url":"https:\/\/www.france.fi\/wp-content\/uploads\/2022\/10\/France-Finland-alumni-1-1-1280x720.jpg","contentUrl":"https:\/\/www.france.fi\/wp-content\/uploads\/2022\/10\/France-Finland-alumni-1-1-1280x720.jpg","width":1920,"height":1080},{"@type":"BreadcrumbList","@id":"https:\/\/www.france.fi\/fr\/education\/etudes-superieures-en-france\/alumni\/#breadcrumb","itemListElement":[{"@type":"ListItem","position":1,"name":"Home","item":"https:\/\/www.france.fi\/fr\/"},{"@type":"ListItem","position":2,"name":"\u00c9ducation","item":"https:\/\/www.france.fi\/fr\/education\/"},{"@type":"ListItem","position":3,"name":"\u00c9tudes sup\u00e9rieures en France","item":"https:\/\/www.france.fi\/fr\/education\/etudes-superieures-en-france\/"},{"@type":"ListItem","position":4,"name":"Alumni"}]},{"@type":"WebSite","@id":"https:\/\/www.france.fi\/#website","url":"https:\/\/www.france.fi\/","name":"Institut fran\u00e7ais de Finlande","description":"","publisher":{"@id":"https:\/\/www.france.fi\/#organization"},"potentialAction":[{"@type":"SearchAction","target":{"@type":"EntryPoint","urlTemplate":"https:\/\/www.france.fi\/?s={search_term_string}"},"query-input":{"@type":"PropertyValueSpecification","valueRequired":true,"valueName":"search_term_string"}}],"inLanguage":"fr-FR"},{"@type":"Organization","@id":"https:\/\/www.france.fi\/#organization","name":"Institut fran\u00e7ais de Finlande","url":"https:\/\/www.france.fi\/","logo":{"@type":"ImageObject","inLanguage":"fr-FR","@id":"https:\/\/www.france.fi\/#\/schema\/logo\/image\/","url":"https:\/\/www.france.fi\/wp-content\/uploads\/2024\/02\/if-logo-1.png","contentUrl":"https:\/\/www.france.fi\/wp-content\/uploads\/2024\/02\/if-logo-1.png","width":687,"height":459,"caption":"Institut fran\u00e7ais de Finlande"},"image":{"@id":"https:\/\/www.france.fi\/#\/schema\/logo\/image\/"},"sameAs":["https:\/\/www.facebook.com\/institutfrancaisfi","https:\/\/x.com\/IFFinlande","https:\/\/www.instagram.com\/iffinlande\/","https:\/\/fr.linkedin.com\/organization-guest\/company\/institut-fran-ais-de-finlande","https:\/\/www.youtube.com\/channel\/UCHAitdpmSbeP78eL49XMotA"]}]}},"_links":{"self":[{"href":"https:\/\/www.france.fi\/fr\/wp-json\/wp\/v2\/pages\/14404","targetHints":{"allow":["GET"]}}],"collection":[{"href":"https:\/\/www.france.fi\/fr\/wp-json\/wp\/v2\/pages"}],"about":[{"href":"https:\/\/www.france.fi\/fr\/wp-json\/wp\/v2\/types\/page"}],"author":[{"embeddable":true,"href":"https:\/\/www.france.fi\/fr\/wp-json\/wp\/v2\/users\/2"}],"replies":[{"embeddable":true,"href":"https:\/\/www.france.fi\/fr\/wp-json\/wp\/v2\/comments?post=14404"}],"version-history":[{"count":0,"href":"https:\/\/www.france.fi\/fr\/wp-json\/wp\/v2\/pages\/14404\/revisions"}],"up":[{"embeddable":true,"href":"https:\/\/www.france.fi\/fr\/wp-json\/wp\/v2\/pages\/23926"}],"wp:featuredmedia":[{"embeddable":true,"href":"https:\/\/www.france.fi\/fr\/wp-json\/wp\/v2\/media\/10784"}],"wp:attachment":[{"href":"https:\/\/www.france.fi\/fr\/wp-json\/wp\/v2\/media?parent=14404"}],"curies":[{"name":"wp","href":"https:\/\/api.w.org\/{rel}","templated":true}]}}