{"id":2,"date":"2020-06-12T09:45:32","date_gmt":"2020-06-12T07:45:32","guid":{"rendered":"https:\/\/finlande.ifrancais.pp.smol.fr\/?page_id=2"},"modified":"2026-03-12T10:46:58","modified_gmt":"2026-03-12T08:46:58","slug":"apprendre-le-francais","status":"publish","type":"page","link":"https:\/\/www.france.fi\/fr\/apprendre-le-francais\/","title":{"rendered":"Cours de fran\u00e7ais"},"content":{"rendered":"\n<p>Si vous souhaitez apprendre le fran\u00e7ais ou perfectionner votre niveau, vous \u00eates au bon endroit !<\/p>\n<p>Experts dans l\u2019enseignement du fran\u00e7ais langue \u00e9trang\u00e8re, l\u2019Institut fran\u00e7ais de Finlande propose des cours de grande qualit\u00e9, adapt\u00e9s \u00e0 tous les \u00e2ges et \u00e0 tous les niveaux. Ils sont con\u00e7us pour r\u00e9pondre \u00e0 vos objectifs personnels, professionnels ou acad\u00e9miques.<\/p>\n<p>Que vous d\u00e9butiez ou que vous pr\u00e9pariez un examen officiel, rejoignez une communaut\u00e9 dynamique d\u2019apprenants et commencez votre aventure en fran\u00e7ais dans un cadre stimulant et bienveillant !<\/p>\n<div class=\"claps-toggle-text\" style=\"--collapse-hf:1px;--collapse-ht:1px;\" data-title=\"&lt;span style=&#039;display: inline-block; width: 92%; padding: 10px 15px; border: 2px solid #3558A2; border-radius: 6px; background-color: #f4f7fc; font-size: 1.1em; font-weight: bold; color: #3558A2;&#039;&gt; En savoir plus sur nos cours&lt;\/span&gt;\" data-swaptitle=\"R\u00e9duire\" data-icon=\"&#9660;\" data-swapicon=\"&#9650;\" data-ht=\"1px\" data-hf=\"1px\" data-above=\"0\"><div class=\"claps-text-inner claps-text-toggle-collapsed\"><\/p>\n<div style=\"border: 2px solid #3558A2;border-radius: 6px;background-color: #f4f7fc;padding: 15px;margin-top: 10px\">\n<h5><span data-ccp-props=\"{}\">En savoir plus sur nos cours <\/span><\/h5>\n<ul>\n<li><strong>Enseignants experts :<\/strong> tous nos professeurs sont natifs ou parfaitement francophones, form\u00e9s en France \u00e0 l\u2019enseignement du fran\u00e7ais et exp\u00e9riment\u00e9s.<\/li>\n<li><strong>Progression planifi\u00e9e<\/strong> : nos cours sont structur\u00e9s selon le Cadre europ\u00e9en commun de r\u00e9f\u00e9rence pour les langues (CECRL), r\u00e9f\u00e9rence officielle de l\u2019enseignement des langues en Europe.<\/li>\n<li><strong>Petits groupes : <\/strong>8 \u00e9l\u00e8ves en moyenne par cours = plus de pratique, de meilleurs r\u00e9sultats et un suivi plus personnalis\u00e9 !<\/li>\n<li><strong>Immersion\u00a0linguistique : <\/strong>100 % en fran\u00e7ais, d\u00e8s le premier cours (avec un peu d\u2019aide en finnois ou en anglais si besoin !)<\/li>\n<li><strong>Immersion culturelle :<\/strong> Avec nous, vous \u00eates en France\u00a0! Plongez dans la culture francophone pendant vos cours et aussi gr\u00e2ce \u00e0 nos \u00e9v\u00e9nements hebdomadaires, tels que films ou expositions.<\/li>\n<li><strong>R\u00e9f\u00e9rence officielle<\/strong> : l\u2019Institut fran\u00e7ais de Finlande est rattach\u00e9 au r\u00e9seau culturel de l\u2019ambassade de France.<\/li>\n<li><strong>Des avantages exclusifs :<\/strong> acc\u00e8s \u00e0 notre m\u00e9diath\u00e8que, \u00e9v\u00e9nements culturels chaque semaine, soir\u00e9es r\u00e9serv\u00e9es aux \u00e9l\u00e8ves\u2026<\/li>\n<\/ul>\n<\/div>\n<p><\/div><\/div>\n<div class=\"claps-toggle-text\" style=\"--collapse-hf:1px;--collapse-ht:1px;\" data-title=\"&lt;span style=&#039;display: inline-block; width: 92%;  padding: 10px 15px; border: 2px solid #3558A2; border-radius: 6px; background-color: #f4f7fc; font-size: 1.1em; font-weight: bold; color: #3558A2;&#039;&gt; \u00c9valuer mon niveau&lt;\/span&gt;\" data-swaptitle=\"R\u00e9duire\" data-icon=\"&#9660;\" data-swapicon=\"&#9650;\" data-ht=\"1px\" data-hf=\"1px\" data-above=\"0\"><div class=\"claps-text-inner claps-text-toggle-collapsed\"><\/p>\n<div style=\"border: 2px solid #3558A2;border-radius: 6px;background-color: #f4f7fc;padding: 15px;margin-top: 10px\">\n<h5>\u00c9valuer mon niveau<\/h5>\n<ul>\n<li><strong>En autonomie<\/strong> <a href=\"https:\/\/apprendre.tv5monde.com\/fr\/tcf\/test-dentrainement-au-tcf?tcf_lot_id=58#tcf_header\"><span style=\"color: #3366ff\">via un test en ligne.<\/span><\/a><\/li>\n<li><strong>Avec un enseignant<\/strong>, sur place ou \u00e0 distance, et b\u00e9n\u00e9ficiez de conseils personnalis\u00e9s (gratuit)\u00a0: prendre rendez-vous en contactant <span style=\"color: #3366ff\"><a style=\"color: #3366ff\" href=\"mailto:cours@france.fi\">cours@france.fi<\/a><\/span><\/li>\n<\/ul>\n<\/div>\n<p><\/div><\/div>\n\n\n\n<div class=\"wp-block-buttons is-layout-flex wp-block-buttons-is-layout-flex\">\n<div class=\"wp-block-button\"><a class=\"wp-block-button__link has-background wp-element-button\" href=\"https:\/\/forms.office.com\/e\/ZbwYTgCTgd\" style=\"background-color:#3558a2\" target=\"_blank\" rel=\"noreferrer noopener\">Nous contacter<\/a><\/div>\n<\/div>\n","protected":false},"excerpt":{"rendered":"<p>Si vous souhaitez apprendre le fran\u00e7ais ou perfectionner votre niveau, vous \u00eates au bon endroit ! Experts dans l\u2019enseignement du fran\u00e7ais langue \u00e9trang\u00e8re, l\u2019Institut fran\u00e7ais de Finlande propose des cours de grande qualit\u00e9, adapt\u00e9s \u00e0 tous les \u00e2ges et \u00e0 tous les niveaux. Ils sont con\u00e7us pour r\u00e9pondre \u00e0 vos objectifs personnels, professionnels ou acad\u00e9miques. [&hellip;]<\/p>\n","protected":false},"author":1,"featured_media":24144,"parent":0,"menu_order":0,"comment_status":"closed","ping_status":"open","template":"","meta":{"footnotes":""},"class_list":["post-2","page","type-page","status-publish","has-post-thumbnail","hentry"],"yoast_head":"<!-- This site is optimized with the Yoast SEO plugin v27.4 - https:\/\/yoast.com\/product\/yoast-seo-wordpress\/ -->\n<title>Cours de fran\u00e7ais - Institut fran\u00e7ais<\/title>\n<meta name=\"description\" content=\"Que vous d\u00e9butiez ou que vous pr\u00e9pariez un examen officiel, rejoignez une communaut\u00e9 dynamique d\u2019apprenants et commencez votre aventure en fran\u00e7ais dans un cadre stimulant et bienveillant !\" \/>\n<meta name=\"robots\" content=\"index, follow, max-snippet:-1, max-image-preview:large, max-video-preview:-1\" \/>\n<link rel=\"canonical\" href=\"https:\/\/www.france.fi\/fr\/apprendre-le-francais\/\" \/>\n<meta property=\"og:locale\" content=\"fr_FR\" \/>\n<meta property=\"og:type\" content=\"article\" \/>\n<meta property=\"og:title\" content=\"Cours de fran\u00e7ais - Institut fran\u00e7ais\" \/>\n<meta property=\"og:description\" content=\"Que vous d\u00e9butiez ou que vous pr\u00e9pariez un examen officiel, rejoignez une communaut\u00e9 dynamique d\u2019apprenants et commencez votre aventure en fran\u00e7ais dans un cadre stimulant et bienveillant !\" \/>\n<meta property=\"og:url\" content=\"https:\/\/www.france.fi\/fr\/apprendre-le-francais\/\" \/>\n<meta property=\"og:site_name\" content=\"Institut fran\u00e7ais\" \/>\n<meta property=\"article:publisher\" content=\"https:\/\/www.facebook.com\/institutfrancaisfi\" \/>\n<meta property=\"article:modified_time\" content=\"2026-03-12T08:46:58+00:00\" \/>\n<meta property=\"og:image\" content=\"https:\/\/www.france.fi\/wp-content\/uploads\/2026\/03\/Cours.jpg\" \/>\n\t<meta property=\"og:image:width\" content=\"1280\" \/>\n\t<meta property=\"og:image:height\" content=\"720\" \/>\n\t<meta property=\"og:image:type\" content=\"image\/jpeg\" \/>\n<meta name=\"twitter:card\" content=\"summary_large_image\" \/>\n<meta name=\"twitter:site\" content=\"@IFFinlande\" \/>\n<meta name=\"twitter:label1\" content=\"Dur\u00e9e de lecture estim\u00e9e\" \/>\n\t<meta name=\"twitter:data1\" content=\"2 minutes\" \/>\n<script type=\"application\/ld+json\" class=\"yoast-schema-graph\">{\"@context\":\"https:\\\/\\\/schema.org\",\"@graph\":[{\"@type\":\"WebPage\",\"@id\":\"https:\\\/\\\/www.france.fi\\\/fr\\\/apprendre-le-francais\\\/\",\"url\":\"https:\\\/\\\/www.france.fi\\\/fr\\\/apprendre-le-francais\\\/\",\"name\":\"Cours de fran\u00e7ais - Institut fran\u00e7ais\",\"isPartOf\":{\"@id\":\"https:\\\/\\\/www.france.fi\\\/#website\"},\"primaryImageOfPage\":{\"@id\":\"https:\\\/\\\/www.france.fi\\\/fr\\\/apprendre-le-francais\\\/#primaryimage\"},\"image\":{\"@id\":\"https:\\\/\\\/www.france.fi\\\/fr\\\/apprendre-le-francais\\\/#primaryimage\"},\"thumbnailUrl\":\"https:\\\/\\\/www.france.fi\\\/wp-content\\\/uploads\\\/2026\\\/03\\\/Cours.jpg\",\"datePublished\":\"2020-06-12T07:45:32+00:00\",\"dateModified\":\"2026-03-12T08:46:58+00:00\",\"description\":\"Que vous d\u00e9butiez ou que vous pr\u00e9pariez un examen officiel, rejoignez une communaut\u00e9 dynamique d\u2019apprenants et commencez votre aventure en fran\u00e7ais dans un cadre stimulant et bienveillant !\",\"breadcrumb\":{\"@id\":\"https:\\\/\\\/www.france.fi\\\/fr\\\/apprendre-le-francais\\\/#breadcrumb\"},\"inLanguage\":\"fr-FR\",\"potentialAction\":[{\"@type\":\"ReadAction\",\"target\":[\"https:\\\/\\\/www.france.fi\\\/fr\\\/apprendre-le-francais\\\/\"]}]},{\"@type\":\"ImageObject\",\"inLanguage\":\"fr-FR\",\"@id\":\"https:\\\/\\\/www.france.fi\\\/fr\\\/apprendre-le-francais\\\/#primaryimage\",\"url\":\"https:\\\/\\\/www.france.fi\\\/wp-content\\\/uploads\\\/2026\\\/03\\\/Cours.jpg\",\"contentUrl\":\"https:\\\/\\\/www.france.fi\\\/wp-content\\\/uploads\\\/2026\\\/03\\\/Cours.jpg\",\"width\":1280,\"height\":720},{\"@type\":\"BreadcrumbList\",\"@id\":\"https:\\\/\\\/www.france.fi\\\/fr\\\/apprendre-le-francais\\\/#breadcrumb\",\"itemListElement\":[{\"@type\":\"ListItem\",\"position\":1,\"name\":\"Home\",\"item\":\"https:\\\/\\\/www.france.fi\\\/fr\\\/\"},{\"@type\":\"ListItem\",\"position\":2,\"name\":\"Cours de fran\u00e7ais\"}]},{\"@type\":\"WebSite\",\"@id\":\"https:\\\/\\\/www.france.fi\\\/#website\",\"url\":\"https:\\\/\\\/www.france.fi\\\/\",\"name\":\"Institut fran\u00e7ais de Finlande\",\"description\":\"\",\"publisher\":{\"@id\":\"https:\\\/\\\/www.france.fi\\\/#organization\"},\"potentialAction\":[{\"@type\":\"SearchAction\",\"target\":{\"@type\":\"EntryPoint\",\"urlTemplate\":\"https:\\\/\\\/www.france.fi\\\/?s={search_term_string}\"},\"query-input\":{\"@type\":\"PropertyValueSpecification\",\"valueRequired\":true,\"valueName\":\"search_term_string\"}}],\"inLanguage\":\"fr-FR\"},{\"@type\":\"Organization\",\"@id\":\"https:\\\/\\\/www.france.fi\\\/#organization\",\"name\":\"Institut fran\u00e7ais de Finlande\",\"url\":\"https:\\\/\\\/www.france.fi\\\/\",\"logo\":{\"@type\":\"ImageObject\",\"inLanguage\":\"fr-FR\",\"@id\":\"https:\\\/\\\/www.france.fi\\\/#\\\/schema\\\/logo\\\/image\\\/\",\"url\":\"https:\\\/\\\/www.france.fi\\\/wp-content\\\/uploads\\\/2024\\\/02\\\/if-logo-1.png\",\"contentUrl\":\"https:\\\/\\\/www.france.fi\\\/wp-content\\\/uploads\\\/2024\\\/02\\\/if-logo-1.png\",\"width\":687,\"height\":459,\"caption\":\"Institut fran\u00e7ais de Finlande\"},\"image\":{\"@id\":\"https:\\\/\\\/www.france.fi\\\/#\\\/schema\\\/logo\\\/image\\\/\"},\"sameAs\":[\"https:\\\/\\\/www.facebook.com\\\/institutfrancaisfi\",\"https:\\\/\\\/x.com\\\/IFFinlande\",\"https:\\\/\\\/www.instagram.com\\\/iffinlande\\\/\",\"https:\\\/\\\/fr.linkedin.com\\\/organization-guest\\\/company\\\/institut-fran-ais-de-finlande\",\"https:\\\/\\\/www.youtube.com\\\/channel\\\/UCHAitdpmSbeP78eL49XMotA\"]}]}<\/script>\n<!-- \/ Yoast SEO plugin. -->","yoast_head_json":{"title":"Cours de fran\u00e7ais - Institut fran\u00e7ais","description":"Que vous d\u00e9butiez ou que vous pr\u00e9pariez un examen officiel, rejoignez une communaut\u00e9 dynamique d\u2019apprenants et commencez votre aventure en fran\u00e7ais dans un cadre stimulant et bienveillant !","robots":{"index":"index","follow":"follow","max-snippet":"max-snippet:-1","max-image-preview":"max-image-preview:large","max-video-preview":"max-video-preview:-1"},"canonical":"https:\/\/www.france.fi\/fr\/apprendre-le-francais\/","og_locale":"fr_FR","og_type":"article","og_title":"Cours de fran\u00e7ais - Institut fran\u00e7ais","og_description":"Que vous d\u00e9butiez ou que vous pr\u00e9pariez un examen officiel, rejoignez une communaut\u00e9 dynamique d\u2019apprenants et commencez votre aventure en fran\u00e7ais dans un cadre stimulant et bienveillant !","og_url":"https:\/\/www.france.fi\/fr\/apprendre-le-francais\/","og_site_name":"Institut fran\u00e7ais","article_publisher":"https:\/\/www.facebook.com\/institutfrancaisfi","article_modified_time":"2026-03-12T08:46:58+00:00","og_image":[{"width":1280,"height":720,"url":"https:\/\/www.france.fi\/wp-content\/uploads\/2026\/03\/Cours.jpg","type":"image\/jpeg"}],"twitter_card":"summary_large_image","twitter_site":"@IFFinlande","twitter_misc":{"Dur\u00e9e de lecture estim\u00e9e":"2 minutes"},"schema":{"@context":"https:\/\/schema.org","@graph":[{"@type":"WebPage","@id":"https:\/\/www.france.fi\/fr\/apprendre-le-francais\/","url":"https:\/\/www.france.fi\/fr\/apprendre-le-francais\/","name":"Cours de fran\u00e7ais - Institut fran\u00e7ais","isPartOf":{"@id":"https:\/\/www.france.fi\/#website"},"primaryImageOfPage":{"@id":"https:\/\/www.france.fi\/fr\/apprendre-le-francais\/#primaryimage"},"image":{"@id":"https:\/\/www.france.fi\/fr\/apprendre-le-francais\/#primaryimage"},"thumbnailUrl":"https:\/\/www.france.fi\/wp-content\/uploads\/2026\/03\/Cours.jpg","datePublished":"2020-06-12T07:45:32+00:00","dateModified":"2026-03-12T08:46:58+00:00","description":"Que vous d\u00e9butiez ou que vous pr\u00e9pariez un examen officiel, rejoignez une communaut\u00e9 dynamique d\u2019apprenants et commencez votre aventure en fran\u00e7ais dans un cadre stimulant et bienveillant !","breadcrumb":{"@id":"https:\/\/www.france.fi\/fr\/apprendre-le-francais\/#breadcrumb"},"inLanguage":"fr-FR","potentialAction":[{"@type":"ReadAction","target":["https:\/\/www.france.fi\/fr\/apprendre-le-francais\/"]}]},{"@type":"ImageObject","inLanguage":"fr-FR","@id":"https:\/\/www.france.fi\/fr\/apprendre-le-francais\/#primaryimage","url":"https:\/\/www.france.fi\/wp-content\/uploads\/2026\/03\/Cours.jpg","contentUrl":"https:\/\/www.france.fi\/wp-content\/uploads\/2026\/03\/Cours.jpg","width":1280,"height":720},{"@type":"BreadcrumbList","@id":"https:\/\/www.france.fi\/fr\/apprendre-le-francais\/#breadcrumb","itemListElement":[{"@type":"ListItem","position":1,"name":"Home","item":"https:\/\/www.france.fi\/fr\/"},{"@type":"ListItem","position":2,"name":"Cours de fran\u00e7ais"}]},{"@type":"WebSite","@id":"https:\/\/www.france.fi\/#website","url":"https:\/\/www.france.fi\/","name":"Institut fran\u00e7ais de Finlande","description":"","publisher":{"@id":"https:\/\/www.france.fi\/#organization"},"potentialAction":[{"@type":"SearchAction","target":{"@type":"EntryPoint","urlTemplate":"https:\/\/www.france.fi\/?s={search_term_string}"},"query-input":{"@type":"PropertyValueSpecification","valueRequired":true,"valueName":"search_term_string"}}],"inLanguage":"fr-FR"},{"@type":"Organization","@id":"https:\/\/www.france.fi\/#organization","name":"Institut fran\u00e7ais de Finlande","url":"https:\/\/www.france.fi\/","logo":{"@type":"ImageObject","inLanguage":"fr-FR","@id":"https:\/\/www.france.fi\/#\/schema\/logo\/image\/","url":"https:\/\/www.france.fi\/wp-content\/uploads\/2024\/02\/if-logo-1.png","contentUrl":"https:\/\/www.france.fi\/wp-content\/uploads\/2024\/02\/if-logo-1.png","width":687,"height":459,"caption":"Institut fran\u00e7ais de Finlande"},"image":{"@id":"https:\/\/www.france.fi\/#\/schema\/logo\/image\/"},"sameAs":["https:\/\/www.facebook.com\/institutfrancaisfi","https:\/\/x.com\/IFFinlande","https:\/\/www.instagram.com\/iffinlande\/","https:\/\/fr.linkedin.com\/organization-guest\/company\/institut-fran-ais-de-finlande","https:\/\/www.youtube.com\/channel\/UCHAitdpmSbeP78eL49XMotA"]}]}},"_links":{"self":[{"href":"https:\/\/www.france.fi\/fr\/wp-json\/wp\/v2\/pages\/2","targetHints":{"allow":["GET"]}}],"collection":[{"href":"https:\/\/www.france.fi\/fr\/wp-json\/wp\/v2\/pages"}],"about":[{"href":"https:\/\/www.france.fi\/fr\/wp-json\/wp\/v2\/types\/page"}],"author":[{"embeddable":true,"href":"https:\/\/www.france.fi\/fr\/wp-json\/wp\/v2\/users\/1"}],"replies":[{"embeddable":true,"href":"https:\/\/www.france.fi\/fr\/wp-json\/wp\/v2\/comments?post=2"}],"version-history":[{"count":0,"href":"https:\/\/www.france.fi\/fr\/wp-json\/wp\/v2\/pages\/2\/revisions"}],"wp:featuredmedia":[{"embeddable":true,"href":"https:\/\/www.france.fi\/fr\/wp-json\/wp\/v2\/media\/24144"}],"wp:attachment":[{"href":"https:\/\/www.france.fi\/fr\/wp-json\/wp\/v2\/media?parent=2"}],"curies":[{"name":"wp","href":"https:\/\/api.w.org\/{rel}","templated":true}]}}