{"id":22847,"date":"2026-01-13T14:42:38","date_gmt":"2026-01-13T12:42:38","guid":{"rendered":"https:\/\/www.france.fi\/?page_id=22847"},"modified":"2026-01-14T10:29:00","modified_gmt":"2026-01-14T08:29:00","slug":"pour-artistes","status":"publish","type":"page","link":"https:\/\/www.france.fi\/fr\/nos-locaux\/pour-artistes\/","title":{"rendered":"Pour artistes"},"content":{"rendered":"<p><span data-contrast=\"auto\">Sur cette page, retrouvez toutes les informations n\u00e9cessaires pour organiser un \u00e9v\u00e9nement \u00e0 l\u2019Institut fran\u00e7ais de Finlande en tant qu\u2019artiste ou professionnel de la culture.<\/span><span data-ccp-props=\"{}\">\u00a0<\/span><\/p>\n<p><span data-contrast=\"auto\">Si vous ne trouvez pas de r\u00e9ponse \u00e0 votre question dans les rubriques ci-dessous, veuillez contacter\u00a0<\/span><a href=\"mailto:sofia.aberg@france.fi\"><span data-contrast=\"none\">sofia.aberg@france.fi<\/span><\/a><span data-contrast=\"auto\">\u00a0.<\/span><span data-ccp-props=\"{}\">\u00a0<\/span><\/p>\n<div class=\"claps-toggle-text\" style=\"--collapse-hf:1px;--collapse-ht:1px;\" data-title=\"&lt;span style=&#039;display: inline-block; width: 92%; padding: 10px 15px; border-radius: 6px; background-color: #ffb7ab; font-size: 1.1em; font-weight: bold; color: #000000;&#039;&gt; Types d\u2019\u00e9v\u00e9nements possibles &lt;\/span&gt;\" data-swaptitle=\"R\u00e9duire\" data-icon=\"&#9660;\" data-swapicon=\"&#9650;\" data-ht=\"1px\" data-hf=\"1px\" data-above=\"0\"><div class=\"claps-text-inner claps-text-toggle-collapsed\"><\/p>\n<div style=\"border-radius: 6px;background-color: #ffb7ab;padding: 15px;margin-top: 10px\">\n<h5>Types d\u2019\u00e9v\u00e9nements possibles<\/h5>\n<p><span data-contrast=\"auto\">Parmi les types d\u2019\u00e9v\u00e9nements que l\u2019Institut peut accueillir, figurent :<\/span><span data-ccp-props=\"{}\">\u00a0<\/span><\/p>\n<ul>\n<li data-leveltext=\"\uf0b7\" data-font=\"Symbol\" data-listid=\"10\" data-list-defn-props=\"{&quot;335552541&quot;:1,&quot;335559685&quot;:720,&quot;335559991&quot;:360,&quot;469769226&quot;:&quot;Symbol&quot;,&quot;469769242&quot;:&#091;8226&#093;,&quot;469777803&quot;:&quot;left&quot;,&quot;469777804&quot;:&quot;\uf0b7&quot;,&quot;469777815&quot;:&quot;hybridMultilevel&quot;}\" data-aria-posinset=\"1\" data-aria-level=\"1\"><span data-contrast=\"auto\">Expositions<\/span><span data-ccp-props=\"{}\">\u00a0<\/span><\/li>\n<li data-leveltext=\"\uf0b7\" data-font=\"Symbol\" data-listid=\"10\" data-list-defn-props=\"{&quot;335552541&quot;:1,&quot;335559685&quot;:720,&quot;335559991&quot;:360,&quot;469769226&quot;:&quot;Symbol&quot;,&quot;469769242&quot;:&#091;8226&#093;,&quot;469777803&quot;:&quot;left&quot;,&quot;469777804&quot;:&quot;\uf0b7&quot;,&quot;469777815&quot;:&quot;hybridMultilevel&quot;}\" data-aria-posinset=\"1\" data-aria-level=\"1\"><span data-contrast=\"auto\">Ateliers (danse, bande dessin\u00e9e, arts plastiques, etc.)<\/span><span data-ccp-props=\"{}\">\u00a0<\/span><\/li>\n<li data-leveltext=\"\uf0b7\" data-font=\"Symbol\" data-listid=\"10\" data-list-defn-props=\"{&quot;335552541&quot;:1,&quot;335559685&quot;:720,&quot;335559991&quot;:360,&quot;469769226&quot;:&quot;Symbol&quot;,&quot;469769242&quot;:&#091;8226&#093;,&quot;469777803&quot;:&quot;left&quot;,&quot;469777804&quot;:&quot;\uf0b7&quot;,&quot;469777815&quot;:&quot;hybridMultilevel&quot;}\" data-aria-posinset=\"1\" data-aria-level=\"1\"><span data-contrast=\"auto\">Conf\u00e9rences<\/span><span data-ccp-props=\"{}\">\u00a0<\/span><\/li>\n<li data-leveltext=\"\uf0b7\" data-font=\"Symbol\" data-listid=\"10\" data-list-defn-props=\"{&quot;335552541&quot;:1,&quot;335559685&quot;:720,&quot;335559991&quot;:360,&quot;469769226&quot;:&quot;Symbol&quot;,&quot;469769242&quot;:&#091;8226&#093;,&quot;469777803&quot;:&quot;left&quot;,&quot;469777804&quot;:&quot;\uf0b7&quot;,&quot;469777815&quot;:&quot;hybridMultilevel&quot;}\" data-aria-posinset=\"1\" data-aria-level=\"1\"><span data-contrast=\"auto\">Soir\u00e9es DJ\u00a0et petits concerts\u00a0(avec vos propres instruments)<\/span><span data-ccp-props=\"{}\">\u00a0<\/span><\/li>\n<\/ul>\n<p><span data-contrast=\"auto\">Nos locaux ne sont pas adapt\u00e9s aux spectacles vivants (th\u00e9\u00e2tre, cirque, etc.) n\u00e9cessitant une sc\u00e8ne et des accessoires sp\u00e9cifiques.<\/span><span data-ccp-props=\"{}\">\u00a0<\/span><\/p>\n<p><span data-contrast=\"auto\">Si vous travaillez dans ces domaines et souhaitez pr\u00e9senter votre spectacle fran\u00e7ais en Finlande, veuillez contacter notre charg\u00e9e de projets culturels \u00e0 l\u2019adresse suivante :\u00a0<\/span><a href=\"mailto:sofia.aberg@france.fi\"><span data-contrast=\"none\">sofia.aberg@france.fi<\/span><\/a><span data-contrast=\"auto\">, afin d\u2019obtenir des contacts pertinents en Finlande.<\/span><span data-ccp-props=\"{}\">\u00a0<\/span><\/p>\n<\/div>\n<p><\/div><\/div>\n<div class=\"claps-toggle-text\" style=\"--collapse-hf:1px;--collapse-ht:1px;\" data-title=\"&lt;span style=&#039;display: inline-block; width: 92%; padding: 10px 15px; border-radius: 6px; background-color: #ffb7ab; font-size: 1.1em; font-weight: bold; color: #000000;&#039;&gt; Taille et capacit\u00e9 &lt;\/span&gt;\" data-swaptitle=\"R\u00e9duire\" data-icon=\"&#9660;\" data-swapicon=\"&#9650;\" data-ht=\"1px\" data-hf=\"1px\" data-above=\"0\"><div class=\"claps-text-inner claps-text-toggle-collapsed\"><\/p>\n<div style=\"border-radius: 6px;background-color: #ffb7ab;padding: 15px;margin-top: 10px\">\n<h5>Taille et capacit\u00e9<\/h5>\n<p><span data-contrast=\"auto\">L\u2019Institut dispose d\u2019un grand espace \u00e9v\u00e9nementiel et de trois salles de cours, pouvant accueillir des \u00e9v\u00e9nements culturels, individuellement ou combin\u00e9s.<\/span><span data-ccp-props=\"{}\">\u00a0<\/span><\/p>\n<p><strong>M\u00e9diath\u00e8que \/ espace \u00e9v\u00e9nementiel\u00a0<\/strong><\/p>\n<ul>\n<li data-leveltext=\"-\" data-font=\"Aptos\" data-listid=\"6\" data-list-defn-props=\"{&quot;335552541&quot;:1,&quot;335559685&quot;:720,&quot;335559991&quot;:360,&quot;469769226&quot;:&quot;Aptos&quot;,&quot;469769242&quot;:&#091;8226&#093;,&quot;469777803&quot;:&quot;left&quot;,&quot;469777804&quot;:&quot;-&quot;,&quot;469777815&quot;:&quot;hybridMultilevel&quot;}\" data-aria-posinset=\"1\" data-aria-level=\"1\"><span data-contrast=\"auto\">Espac\u00e9 privil\u00e9gi\u00e9 dans l\u2019organisation des \u00e9v\u00e9nements<\/span><span data-ccp-props=\"{}\">\u00a0<\/span><\/li>\n<li data-leveltext=\"-\" data-font=\"Aptos\" data-listid=\"6\" data-list-defn-props=\"{&quot;335552541&quot;:1,&quot;335559685&quot;:720,&quot;335559991&quot;:360,&quot;469769226&quot;:&quot;Aptos&quot;,&quot;469769242&quot;:&#091;8226&#093;,&quot;469777803&quot;:&quot;left&quot;,&quot;469777804&quot;:&quot;-&quot;,&quot;469777815&quot;:&quot;hybridMultilevel&quot;}\" data-aria-posinset=\"1\" data-aria-level=\"1\"><span data-contrast=\"auto\">Adapt\u00e9 aussi bien aux expositions qu\u2019aux \u00e9v\u00e9nements ponctuels (ateliers, petits concerts etc.)<\/span><span data-ccp-props=\"{}\">\u00a0<\/span><\/li>\n<li data-leveltext=\"-\" data-font=\"Aptos\" data-listid=\"6\" data-list-defn-props=\"{&quot;335552541&quot;:1,&quot;335559685&quot;:720,&quot;335559991&quot;:360,&quot;469769226&quot;:&quot;Aptos&quot;,&quot;469769242&quot;:&#091;8226&#093;,&quot;469777803&quot;:&quot;left&quot;,&quot;469777804&quot;:&quot;-&quot;,&quot;469777815&quot;:&quot;hybridMultilevel&quot;}\" data-aria-posinset=\"1\" data-aria-level=\"1\"><span data-contrast=\"auto\">Taille et capacit\u00e9 :\u00a0100<\/span><b><span data-contrast=\"auto\">\u00a0<\/span><\/b><span data-contrast=\"auto\">\u33a1, 100\u00a0personnes\u00a0d<\/span><span data-contrast=\"auto\">ebout\u00a0ou\u00a060 personnes assises<\/span><\/li>\n<\/ul>\n<p><strong>Salles de cours\u00a0<\/strong><span data-ccp-props=\"{}\">\u00a0<\/span><\/p>\n<ul>\n<li data-leveltext=\"-\" data-font=\"Aptos\" data-listid=\"5\" data-list-defn-props=\"{&quot;335552541&quot;:1,&quot;335559685&quot;:720,&quot;335559991&quot;:360,&quot;469769226&quot;:&quot;Aptos&quot;,&quot;469769242&quot;:&#091;8226&#093;,&quot;469777803&quot;:&quot;left&quot;,&quot;469777804&quot;:&quot;-&quot;,&quot;469777815&quot;:&quot;hybridMultilevel&quot;}\" data-aria-posinset=\"1\" data-aria-level=\"1\"><span data-contrast=\"auto\">Les salles de cours sont particuli\u00e8rement adapt\u00e9es aux petits ateliers ou aux formats favorisant les \u00e9changes avec le public. Elles peuvent \u00e9galement compl\u00e9ter un grand \u00e9v\u00e9nement, par exemple en servant d\u2019espace pour un ap\u00e9ritif.<\/span><span data-ccp-props=\"{}\">\u00a0<\/span><\/li>\n<li data-leveltext=\"-\" data-font=\"Aptos\" data-listid=\"5\" data-list-defn-props=\"{&quot;335552541&quot;:1,&quot;335559685&quot;:720,&quot;335559991&quot;:360,&quot;469769226&quot;:&quot;Aptos&quot;,&quot;469769242&quot;:&#091;8226&#093;,&quot;469777803&quot;:&quot;left&quot;,&quot;469777804&quot;:&quot;-&quot;,&quot;469777815&quot;:&quot;hybridMultilevel&quot;}\" data-aria-posinset=\"1\" data-aria-level=\"1\"><span data-contrast=\"auto\">Tailles et capacit\u00e9s : de 22 m\u00b2 \u00e0 41 m\u00b2, pouvant accueillir entre 12 et 30 personnes selon la salle et la disposition (tables, chaises).<\/span><span data-ccp-props=\"{}\">\u00a0<\/span><\/li>\n<\/ul>\n<\/div>\n<p><\/div><\/div>\n<div class=\"claps-toggle-text\" style=\"--collapse-hf:1px;--collapse-ht:1px;\" data-title=\"&lt;span style=&#039;display: inline-block; width: 92%; padding: 10px 15px; border-radius: 6px; background-color: #ffb7ab; font-size: 1.1em; font-weight: bold; color: #000000;&#039;&gt; Photos, mesures et \u00e9quipement technique &lt;\/span&gt;\" data-swaptitle=\"R\u00e9duire\" data-icon=\"&#9660;\" data-swapicon=\"&#9650;\" data-ht=\"1px\" data-hf=\"1px\" data-above=\"0\"><div class=\"claps-text-inner claps-text-toggle-collapsed\"><\/p>\n<div style=\"border-radius: 6px;background-color: #ffb7ab;padding: 15px;margin-top: 10px\">\n<h5>Photos, mesures et \u00e9quipement technique<\/h5>\n<p><span class=\"TextRun SCXW257335044 BCX8\" lang=\"FR-FR\" xml:lang=\"FR-FR\" data-contrast=\"none\"><span class=\"NormalTextRun SCXW257335044 BCX8\">Pour obtenir les dimensions exactes de nos locaux, des photos et davantage d\u2019informations sur l\u2019\u00e9quipement technique disponible, veuillez consulter\u00a0<\/span><\/span><span style=\"color: #0000ff\"><a style=\"color: #0000ff\" href=\"https:\/\/www.canva.com\/design\/DAG1xBK3XPg\/a0KhqpuEJB6aJNSW3TvkAA\/view?utm_content=DAG1xBK3XPg&amp;utm_campaign=designshare&amp;utm_medium=link2&amp;utm_source=uniquelinks&amp;utlId=hccc8fb7ec4\" target=\"_blank\" rel=\"noopener\"><strong><span class=\"TextRun Underlined SCXW257335044 BCX8\" lang=\"FR-FR\" xml:lang=\"FR-FR\" data-contrast=\"none\"><span class=\"NormalTextRun SCXW257335044 BCX8\">notre fiche technique<\/span><\/span><\/strong><\/a><\/span><span class=\"TextRun SCXW257335044 BCX8\" lang=\"FR-FR\" xml:lang=\"FR-FR\" data-contrast=\"none\"><span class=\"NormalTextRun SCXW257335044 BCX8\">\u00a0(en anglais). Elle comprend \u00e9galement des informations sur l\u2019accessibilit\u00e9 de nos locaux.<\/span><\/span><span class=\"EOP SCXW257335044 BCX8\" data-ccp-props=\"{}\">\u00a0<\/span><\/p>\n<\/div>\n<p><\/div><\/div>\n<p><img loading=\"lazy\" decoding=\"async\" class=\"wp-image-22745 aligncenter\" src=\"https:\/\/www.france.fi\/wp-content\/uploads\/2025\/12\/Fleur-rose.png\" alt=\"\" width=\"112\" height=\"62\" \/><\/p>\n","protected":false},"excerpt":{"rendered":"<p>Sur cette page, retrouvez toutes les informations n\u00e9cessaires pour organiser un \u00e9v\u00e9nement \u00e0 l\u2019Institut fran\u00e7ais de Finlande en tant qu\u2019artiste ou professionnel de la culture.\u00a0 Si vous ne trouvez pas de r\u00e9ponse \u00e0 votre question dans les rubriques ci-dessous, veuillez contacter\u00a0sofia.aberg@france.fi\u00a0.\u00a0<\/p>\n","protected":false},"author":2,"featured_media":22851,"parent":22835,"menu_order":0,"comment_status":"closed","ping_status":"closed","template":"","meta":{"footnotes":""},"class_list":["post-22847","page","type-page","status-publish","has-post-thumbnail","hentry"],"yoast_head":"<!-- This site is optimized with the Yoast SEO plugin v27.3 - https:\/\/yoast.com\/product\/yoast-seo-wordpress\/ -->\n<title>Pour artistes - Institut fran\u00e7ais<\/title>\n<meta name=\"robots\" content=\"index, follow, max-snippet:-1, max-image-preview:large, max-video-preview:-1\" \/>\n<link rel=\"canonical\" href=\"https:\/\/www.france.fi\/fr\/nos-locaux\/pour-artistes\/\" \/>\n<meta property=\"og:locale\" content=\"fr_FR\" \/>\n<meta property=\"og:type\" content=\"article\" \/>\n<meta property=\"og:title\" content=\"Pour artistes - Institut fran\u00e7ais\" \/>\n<meta property=\"og:description\" content=\"Sur cette page, retrouvez toutes les informations n\u00e9cessaires pour organiser un \u00e9v\u00e9nement \u00e0 l\u2019Institut fran\u00e7ais de Finlande en tant qu\u2019artiste ou professionnel de la culture.\u00a0 Si vous ne trouvez pas de r\u00e9ponse \u00e0 votre question dans les rubriques ci-dessous, veuillez contacter\u00a0sofia.aberg@france.fi\u00a0.\u00a0\" \/>\n<meta property=\"og:url\" content=\"https:\/\/www.france.fi\/fr\/nos-locaux\/pour-artistes\/\" \/>\n<meta property=\"og:site_name\" content=\"Institut fran\u00e7ais\" \/>\n<meta property=\"article:publisher\" content=\"https:\/\/www.facebook.com\/institutfrancaisfi\" \/>\n<meta property=\"article:modified_time\" content=\"2026-01-14T08:29:00+00:00\" \/>\n<meta property=\"og:image\" content=\"https:\/\/www.france.fi\/wp-content\/uploads\/2026\/01\/locaux-artistes.jpg\" \/>\n\t<meta property=\"og:image:width\" content=\"1920\" \/>\n\t<meta property=\"og:image:height\" content=\"1080\" \/>\n\t<meta property=\"og:image:type\" content=\"image\/jpeg\" \/>\n<meta name=\"twitter:card\" content=\"summary_large_image\" \/>\n<meta name=\"twitter:site\" content=\"@IFFinlande\" \/>\n<meta name=\"twitter:label1\" content=\"Dur\u00e9e de lecture estim\u00e9e\" \/>\n\t<meta name=\"twitter:data1\" content=\"2 minutes\" \/>\n<script type=\"application\/ld+json\" class=\"yoast-schema-graph\">{\"@context\":\"https:\\\/\\\/schema.org\",\"@graph\":[{\"@type\":\"WebPage\",\"@id\":\"https:\\\/\\\/www.france.fi\\\/fr\\\/nos-locaux\\\/pour-artistes\\\/\",\"url\":\"https:\\\/\\\/www.france.fi\\\/fr\\\/nos-locaux\\\/pour-artistes\\\/\",\"name\":\"Pour artistes - Institut fran\u00e7ais\",\"isPartOf\":{\"@id\":\"https:\\\/\\\/www.france.fi\\\/#website\"},\"primaryImageOfPage\":{\"@id\":\"https:\\\/\\\/www.france.fi\\\/fr\\\/nos-locaux\\\/pour-artistes\\\/#primaryimage\"},\"image\":{\"@id\":\"https:\\\/\\\/www.france.fi\\\/fr\\\/nos-locaux\\\/pour-artistes\\\/#primaryimage\"},\"thumbnailUrl\":\"https:\\\/\\\/www.france.fi\\\/wp-content\\\/uploads\\\/2026\\\/01\\\/locaux-artistes.jpg\",\"datePublished\":\"2026-01-13T12:42:38+00:00\",\"dateModified\":\"2026-01-14T08:29:00+00:00\",\"breadcrumb\":{\"@id\":\"https:\\\/\\\/www.france.fi\\\/fr\\\/nos-locaux\\\/pour-artistes\\\/#breadcrumb\"},\"inLanguage\":\"fr-FR\",\"potentialAction\":[{\"@type\":\"ReadAction\",\"target\":[\"https:\\\/\\\/www.france.fi\\\/fr\\\/nos-locaux\\\/pour-artistes\\\/\"]}]},{\"@type\":\"ImageObject\",\"inLanguage\":\"fr-FR\",\"@id\":\"https:\\\/\\\/www.france.fi\\\/fr\\\/nos-locaux\\\/pour-artistes\\\/#primaryimage\",\"url\":\"https:\\\/\\\/www.france.fi\\\/wp-content\\\/uploads\\\/2026\\\/01\\\/locaux-artistes.jpg\",\"contentUrl\":\"https:\\\/\\\/www.france.fi\\\/wp-content\\\/uploads\\\/2026\\\/01\\\/locaux-artistes.jpg\",\"width\":1920,\"height\":1080},{\"@type\":\"BreadcrumbList\",\"@id\":\"https:\\\/\\\/www.france.fi\\\/fr\\\/nos-locaux\\\/pour-artistes\\\/#breadcrumb\",\"itemListElement\":[{\"@type\":\"ListItem\",\"position\":1,\"name\":\"Home\",\"item\":\"https:\\\/\\\/www.france.fi\\\/fr\\\/\"},{\"@type\":\"ListItem\",\"position\":2,\"name\":\"Nos locaux\",\"item\":\"https:\\\/\\\/www.france.fi\\\/fr\\\/nos-locaux\\\/\"},{\"@type\":\"ListItem\",\"position\":3,\"name\":\"Pour artistes\"}]},{\"@type\":\"WebSite\",\"@id\":\"https:\\\/\\\/www.france.fi\\\/#website\",\"url\":\"https:\\\/\\\/www.france.fi\\\/\",\"name\":\"Institut fran\u00e7ais de Finlande\",\"description\":\"\",\"publisher\":{\"@id\":\"https:\\\/\\\/www.france.fi\\\/#organization\"},\"potentialAction\":[{\"@type\":\"SearchAction\",\"target\":{\"@type\":\"EntryPoint\",\"urlTemplate\":\"https:\\\/\\\/www.france.fi\\\/?s={search_term_string}\"},\"query-input\":{\"@type\":\"PropertyValueSpecification\",\"valueRequired\":true,\"valueName\":\"search_term_string\"}}],\"inLanguage\":\"fr-FR\"},{\"@type\":\"Organization\",\"@id\":\"https:\\\/\\\/www.france.fi\\\/#organization\",\"name\":\"Institut fran\u00e7ais de Finlande\",\"url\":\"https:\\\/\\\/www.france.fi\\\/\",\"logo\":{\"@type\":\"ImageObject\",\"inLanguage\":\"fr-FR\",\"@id\":\"https:\\\/\\\/www.france.fi\\\/#\\\/schema\\\/logo\\\/image\\\/\",\"url\":\"https:\\\/\\\/www.france.fi\\\/wp-content\\\/uploads\\\/2024\\\/02\\\/if-logo-1.png\",\"contentUrl\":\"https:\\\/\\\/www.france.fi\\\/wp-content\\\/uploads\\\/2024\\\/02\\\/if-logo-1.png\",\"width\":687,\"height\":459,\"caption\":\"Institut fran\u00e7ais de Finlande\"},\"image\":{\"@id\":\"https:\\\/\\\/www.france.fi\\\/#\\\/schema\\\/logo\\\/image\\\/\"},\"sameAs\":[\"https:\\\/\\\/www.facebook.com\\\/institutfrancaisfi\",\"https:\\\/\\\/x.com\\\/IFFinlande\",\"https:\\\/\\\/www.instagram.com\\\/iffinlande\\\/\",\"https:\\\/\\\/fr.linkedin.com\\\/organization-guest\\\/company\\\/institut-fran-ais-de-finlande\",\"https:\\\/\\\/www.youtube.com\\\/channel\\\/UCHAitdpmSbeP78eL49XMotA\"]}]}<\/script>\n<!-- \/ Yoast SEO plugin. -->","yoast_head_json":{"title":"Pour artistes - Institut fran\u00e7ais","robots":{"index":"index","follow":"follow","max-snippet":"max-snippet:-1","max-image-preview":"max-image-preview:large","max-video-preview":"max-video-preview:-1"},"canonical":"https:\/\/www.france.fi\/fr\/nos-locaux\/pour-artistes\/","og_locale":"fr_FR","og_type":"article","og_title":"Pour artistes - Institut fran\u00e7ais","og_description":"Sur cette page, retrouvez toutes les informations n\u00e9cessaires pour organiser un \u00e9v\u00e9nement \u00e0 l\u2019Institut fran\u00e7ais de Finlande en tant qu\u2019artiste ou professionnel de la culture.\u00a0 Si vous ne trouvez pas de r\u00e9ponse \u00e0 votre question dans les rubriques ci-dessous, veuillez contacter\u00a0sofia.aberg@france.fi\u00a0.\u00a0","og_url":"https:\/\/www.france.fi\/fr\/nos-locaux\/pour-artistes\/","og_site_name":"Institut fran\u00e7ais","article_publisher":"https:\/\/www.facebook.com\/institutfrancaisfi","article_modified_time":"2026-01-14T08:29:00+00:00","og_image":[{"width":1920,"height":1080,"url":"https:\/\/www.france.fi\/wp-content\/uploads\/2026\/01\/locaux-artistes.jpg","type":"image\/jpeg"}],"twitter_card":"summary_large_image","twitter_site":"@IFFinlande","twitter_misc":{"Dur\u00e9e de lecture estim\u00e9e":"2 minutes"},"schema":{"@context":"https:\/\/schema.org","@graph":[{"@type":"WebPage","@id":"https:\/\/www.france.fi\/fr\/nos-locaux\/pour-artistes\/","url":"https:\/\/www.france.fi\/fr\/nos-locaux\/pour-artistes\/","name":"Pour artistes - Institut fran\u00e7ais","isPartOf":{"@id":"https:\/\/www.france.fi\/#website"},"primaryImageOfPage":{"@id":"https:\/\/www.france.fi\/fr\/nos-locaux\/pour-artistes\/#primaryimage"},"image":{"@id":"https:\/\/www.france.fi\/fr\/nos-locaux\/pour-artistes\/#primaryimage"},"thumbnailUrl":"https:\/\/www.france.fi\/wp-content\/uploads\/2026\/01\/locaux-artistes.jpg","datePublished":"2026-01-13T12:42:38+00:00","dateModified":"2026-01-14T08:29:00+00:00","breadcrumb":{"@id":"https:\/\/www.france.fi\/fr\/nos-locaux\/pour-artistes\/#breadcrumb"},"inLanguage":"fr-FR","potentialAction":[{"@type":"ReadAction","target":["https:\/\/www.france.fi\/fr\/nos-locaux\/pour-artistes\/"]}]},{"@type":"ImageObject","inLanguage":"fr-FR","@id":"https:\/\/www.france.fi\/fr\/nos-locaux\/pour-artistes\/#primaryimage","url":"https:\/\/www.france.fi\/wp-content\/uploads\/2026\/01\/locaux-artistes.jpg","contentUrl":"https:\/\/www.france.fi\/wp-content\/uploads\/2026\/01\/locaux-artistes.jpg","width":1920,"height":1080},{"@type":"BreadcrumbList","@id":"https:\/\/www.france.fi\/fr\/nos-locaux\/pour-artistes\/#breadcrumb","itemListElement":[{"@type":"ListItem","position":1,"name":"Home","item":"https:\/\/www.france.fi\/fr\/"},{"@type":"ListItem","position":2,"name":"Nos locaux","item":"https:\/\/www.france.fi\/fr\/nos-locaux\/"},{"@type":"ListItem","position":3,"name":"Pour artistes"}]},{"@type":"WebSite","@id":"https:\/\/www.france.fi\/#website","url":"https:\/\/www.france.fi\/","name":"Institut fran\u00e7ais de Finlande","description":"","publisher":{"@id":"https:\/\/www.france.fi\/#organization"},"potentialAction":[{"@type":"SearchAction","target":{"@type":"EntryPoint","urlTemplate":"https:\/\/www.france.fi\/?s={search_term_string}"},"query-input":{"@type":"PropertyValueSpecification","valueRequired":true,"valueName":"search_term_string"}}],"inLanguage":"fr-FR"},{"@type":"Organization","@id":"https:\/\/www.france.fi\/#organization","name":"Institut fran\u00e7ais de Finlande","url":"https:\/\/www.france.fi\/","logo":{"@type":"ImageObject","inLanguage":"fr-FR","@id":"https:\/\/www.france.fi\/#\/schema\/logo\/image\/","url":"https:\/\/www.france.fi\/wp-content\/uploads\/2024\/02\/if-logo-1.png","contentUrl":"https:\/\/www.france.fi\/wp-content\/uploads\/2024\/02\/if-logo-1.png","width":687,"height":459,"caption":"Institut fran\u00e7ais de Finlande"},"image":{"@id":"https:\/\/www.france.fi\/#\/schema\/logo\/image\/"},"sameAs":["https:\/\/www.facebook.com\/institutfrancaisfi","https:\/\/x.com\/IFFinlande","https:\/\/www.instagram.com\/iffinlande\/","https:\/\/fr.linkedin.com\/organization-guest\/company\/institut-fran-ais-de-finlande","https:\/\/www.youtube.com\/channel\/UCHAitdpmSbeP78eL49XMotA"]}]}},"_links":{"self":[{"href":"https:\/\/www.france.fi\/fr\/wp-json\/wp\/v2\/pages\/22847","targetHints":{"allow":["GET"]}}],"collection":[{"href":"https:\/\/www.france.fi\/fr\/wp-json\/wp\/v2\/pages"}],"about":[{"href":"https:\/\/www.france.fi\/fr\/wp-json\/wp\/v2\/types\/page"}],"author":[{"embeddable":true,"href":"https:\/\/www.france.fi\/fr\/wp-json\/wp\/v2\/users\/2"}],"replies":[{"embeddable":true,"href":"https:\/\/www.france.fi\/fr\/wp-json\/wp\/v2\/comments?post=22847"}],"version-history":[{"count":0,"href":"https:\/\/www.france.fi\/fr\/wp-json\/wp\/v2\/pages\/22847\/revisions"}],"up":[{"embeddable":true,"href":"https:\/\/www.france.fi\/fr\/wp-json\/wp\/v2\/pages\/22835"}],"wp:featuredmedia":[{"embeddable":true,"href":"https:\/\/www.france.fi\/fr\/wp-json\/wp\/v2\/media\/22851"}],"wp:attachment":[{"href":"https:\/\/www.france.fi\/fr\/wp-json\/wp\/v2\/media?parent=22847"}],"curies":[{"name":"wp","href":"https:\/\/api.w.org\/{rel}","templated":true}]}}