{"id":22940,"date":"2026-01-14T09:46:10","date_gmt":"2026-01-14T07:46:10","guid":{"rendered":"https:\/\/www.france.fi\/?page_id=22940"},"modified":"2026-01-26T10:11:26","modified_gmt":"2026-01-26T08:11:26","slug":"reservation-des-espaces-pour-groupes-francophiles","status":"publish","type":"page","link":"https:\/\/www.france.fi\/fr\/nos-locaux\/reservation-des-espaces-pour-groupes-francophiles\/","title":{"rendered":"R\u00e9server"},"content":{"rendered":"<p><span data-contrast=\"auto\">En plus de la location de ses locaux, l\u2019Institut fran\u00e7ais de Finlande sert \u00e9galement de point de rencontre pour les groupes souhaitant se r\u00e9unir autour de la langue ou de la culture fran\u00e7aises : clubs de lecture, groupes de conversation, ateliers cr\u00e9atifs en fran\u00e7ais\u2026 \u00e0 vous de choisir !<\/span><span data-ccp-props=\"{}\">\u00a0<\/span><\/p>\n<p><span data-contrast=\"auto\">En tant que groupe\u00a0francophile, vous pouvez r\u00e9server\u00a0<\/span><b><span data-contrast=\"auto\">gratuitemen<\/span><\/b><span data-contrast=\"auto\">t :<\/span><span data-ccp-props=\"{}\">\u00a0<\/span><\/p>\n<ul>\n<li aria-setsize=\"-1\" data-leveltext=\"\uf0b7\" data-font=\"Symbol\" data-listid=\"2\" data-list-defn-props=\"{&quot;335552541&quot;:1,&quot;335559685&quot;:720,&quot;335559991&quot;:360,&quot;469769226&quot;:&quot;Symbol&quot;,&quot;469769242&quot;:[8226],&quot;469777803&quot;:&quot;left&quot;,&quot;469777804&quot;:&quot;\uf0b7&quot;,&quot;469777815&quot;:&quot;hybridMultilevel&quot;}\" data-aria-posinset=\"1\" data-aria-level=\"1\"><span data-contrast=\"auto\">des\u00a0salles de cours (lorsqu\u2019aucun cours de fran\u00e7ais n\u2019y est pr\u00e9vu),<\/span><span data-ccp-props=\"{}\">\u00a0<\/span><\/li>\n<li aria-setsize=\"-1\" data-leveltext=\"\uf0b7\" data-font=\"Symbol\" data-listid=\"2\" data-list-defn-props=\"{&quot;335552541&quot;:1,&quot;335559685&quot;:720,&quot;335559991&quot;:360,&quot;469769226&quot;:&quot;Symbol&quot;,&quot;469769242&quot;:[8226],&quot;469777803&quot;:&quot;left&quot;,&quot;469777804&quot;:&quot;\uf0b7&quot;,&quot;469777815&quot;:&quot;hybridMultilevel&quot;}\" data-aria-posinset=\"1\" data-aria-level=\"1\"><span data-contrast=\"auto\">une\u00a0partie de la m\u00e9diath\u00e8que (tout en gardant l\u2019acc\u00e8s public ouvert).<\/span><\/li>\n<\/ul>\n<p><span data-contrast=\"auto\">Pour r\u00e9server un espace et vous r\u00e9unir entre francophiles, veuillez nous contacter\u00a0<\/span><strong><a href=\"https:\/\/forms.office.com\/Pages\/ResponsePage.aspx?id=j35b_3gxyEuOb4R2M56TIBq7BQ3zUHRJgiuD3ecdpN1UNDhDTkE0TlBNRVFKME8yNEw2UlRBNEFKWS4u\" target=\"_blank\" rel=\"noopener\"><span style=\"color: #0000ff;\">via ce formulaire<\/span><\/a><\/strong><span data-contrast=\"auto\">. Nous reviendrons ensuite vers vous pour confirmer la disponibilit\u00e9 de l\u2019espace le plus adapt\u00e9 \u00e0 vos besoins.<\/span><span data-ccp-props=\"{}\">\u00a0<\/span><\/p>\n<p><span data-contrast=\"auto\">Pour avoir des images, des informations sur l\u2019accessibilit\u00e9\u00a0et une id\u00e9e plus pr\u00e9cise\u00a0de nos locaux, vous pouvez consulter notre\u00a0<\/span><span data-contrast=\"auto\"><strong><a href=\"https:\/\/www.canva.com\/design\/DAG1xBK3XPg\/a0KhqpuEJB6aJNSW3TvkAA\/view?utm_content=DAG1xBK3XPg&amp;utm_campaign=designshare&amp;utm_medium=link2&amp;utm_source=uniquelinks&amp;utlId=hccc8fb7ec4\" target=\"_blank\" rel=\"noopener\"><span style=\"color: #0000ff;\">fiche technique<\/span><\/a><\/strong>\u00a0<\/span><span data-contrast=\"auto\">(en anglais).<\/span><span data-ccp-props=\"{}\">\u00a0<\/span><\/p>\n","protected":false},"excerpt":{"rendered":"<p>En plus de la location de ses locaux, l\u2019Institut fran\u00e7ais de Finlande sert \u00e9galement de point de rencontre pour les groupes souhaitant se r\u00e9unir autour de la langue ou de la culture fran\u00e7aises : clubs de lecture, groupes de conversation, ateliers cr\u00e9atifs en fran\u00e7ais\u2026 \u00e0 vous de choisir !\u00a0 En tant que groupe\u00a0francophile, vous pouvez [&hellip;]<\/p>\n","protected":false},"author":2,"featured_media":22941,"parent":22835,"menu_order":0,"comment_status":"closed","ping_status":"closed","template":"","meta":{"footnotes":""},"class_list":["post-22940","page","type-page","status-publish","has-post-thumbnail","hentry"],"yoast_head":"<!-- This site is optimized with the Yoast SEO plugin v27.3 - https:\/\/yoast.com\/product\/yoast-seo-wordpress\/ -->\n<title>R\u00e9server - Institut fran\u00e7ais<\/title>\n<meta name=\"robots\" content=\"index, follow, max-snippet:-1, max-image-preview:large, max-video-preview:-1\" \/>\n<link rel=\"canonical\" href=\"https:\/\/www.france.fi\/fr\/nos-locaux\/reservation-des-espaces-pour-groupes-francophiles\/\" \/>\n<meta property=\"og:locale\" content=\"fr_FR\" \/>\n<meta property=\"og:type\" content=\"article\" \/>\n<meta property=\"og:title\" content=\"R\u00e9server - Institut fran\u00e7ais\" \/>\n<meta property=\"og:description\" content=\"En plus de la location de ses locaux, l\u2019Institut fran\u00e7ais de Finlande sert \u00e9galement de point de rencontre pour les groupes souhaitant se r\u00e9unir autour de la langue ou de la culture fran\u00e7aises : clubs de lecture, groupes de conversation, ateliers cr\u00e9atifs en fran\u00e7ais\u2026 \u00e0 vous de choisir !\u00a0 En tant que groupe\u00a0francophile, vous pouvez [&hellip;]\" \/>\n<meta property=\"og:url\" content=\"https:\/\/www.france.fi\/fr\/nos-locaux\/reservation-des-espaces-pour-groupes-francophiles\/\" \/>\n<meta property=\"og:site_name\" content=\"Institut fran\u00e7ais\" \/>\n<meta property=\"article:publisher\" content=\"https:\/\/www.facebook.com\/institutfrancaisfi\" \/>\n<meta property=\"article:modified_time\" content=\"2026-01-26T08:11:26+00:00\" \/>\n<meta property=\"og:image\" content=\"https:\/\/www.france.fi\/wp-content\/uploads\/2026\/01\/Locaux-francophiles.jpg\" \/>\n\t<meta property=\"og:image:width\" content=\"1920\" \/>\n\t<meta property=\"og:image:height\" content=\"1080\" \/>\n\t<meta property=\"og:image:type\" content=\"image\/jpeg\" \/>\n<meta name=\"twitter:card\" content=\"summary_large_image\" \/>\n<meta name=\"twitter:site\" content=\"@IFFinlande\" \/>\n<meta name=\"twitter:label1\" content=\"Dur\u00e9e de lecture estim\u00e9e\" \/>\n\t<meta name=\"twitter:data1\" content=\"1 minute\" \/>\n<script type=\"application\/ld+json\" class=\"yoast-schema-graph\">{\"@context\":\"https:\\\/\\\/schema.org\",\"@graph\":[{\"@type\":\"WebPage\",\"@id\":\"https:\\\/\\\/www.france.fi\\\/fr\\\/nos-locaux\\\/reservation-des-espaces-pour-groupes-francophiles\\\/\",\"url\":\"https:\\\/\\\/www.france.fi\\\/fr\\\/nos-locaux\\\/reservation-des-espaces-pour-groupes-francophiles\\\/\",\"name\":\"R\u00e9server - Institut fran\u00e7ais\",\"isPartOf\":{\"@id\":\"https:\\\/\\\/www.france.fi\\\/#website\"},\"primaryImageOfPage\":{\"@id\":\"https:\\\/\\\/www.france.fi\\\/fr\\\/nos-locaux\\\/reservation-des-espaces-pour-groupes-francophiles\\\/#primaryimage\"},\"image\":{\"@id\":\"https:\\\/\\\/www.france.fi\\\/fr\\\/nos-locaux\\\/reservation-des-espaces-pour-groupes-francophiles\\\/#primaryimage\"},\"thumbnailUrl\":\"https:\\\/\\\/www.france.fi\\\/wp-content\\\/uploads\\\/2026\\\/01\\\/Locaux-francophiles.jpg\",\"datePublished\":\"2026-01-14T07:46:10+00:00\",\"dateModified\":\"2026-01-26T08:11:26+00:00\",\"breadcrumb\":{\"@id\":\"https:\\\/\\\/www.france.fi\\\/fr\\\/nos-locaux\\\/reservation-des-espaces-pour-groupes-francophiles\\\/#breadcrumb\"},\"inLanguage\":\"fr-FR\",\"potentialAction\":[{\"@type\":\"ReadAction\",\"target\":[\"https:\\\/\\\/www.france.fi\\\/fr\\\/nos-locaux\\\/reservation-des-espaces-pour-groupes-francophiles\\\/\"]}]},{\"@type\":\"ImageObject\",\"inLanguage\":\"fr-FR\",\"@id\":\"https:\\\/\\\/www.france.fi\\\/fr\\\/nos-locaux\\\/reservation-des-espaces-pour-groupes-francophiles\\\/#primaryimage\",\"url\":\"https:\\\/\\\/www.france.fi\\\/wp-content\\\/uploads\\\/2026\\\/01\\\/Locaux-francophiles.jpg\",\"contentUrl\":\"https:\\\/\\\/www.france.fi\\\/wp-content\\\/uploads\\\/2026\\\/01\\\/Locaux-francophiles.jpg\",\"width\":1920,\"height\":1080},{\"@type\":\"BreadcrumbList\",\"@id\":\"https:\\\/\\\/www.france.fi\\\/fr\\\/nos-locaux\\\/reservation-des-espaces-pour-groupes-francophiles\\\/#breadcrumb\",\"itemListElement\":[{\"@type\":\"ListItem\",\"position\":1,\"name\":\"Home\",\"item\":\"https:\\\/\\\/www.france.fi\\\/fr\\\/\"},{\"@type\":\"ListItem\",\"position\":2,\"name\":\"Nos locaux\",\"item\":\"https:\\\/\\\/www.france.fi\\\/fr\\\/nos-locaux\\\/\"},{\"@type\":\"ListItem\",\"position\":3,\"name\":\"R\u00e9server\"}]},{\"@type\":\"WebSite\",\"@id\":\"https:\\\/\\\/www.france.fi\\\/#website\",\"url\":\"https:\\\/\\\/www.france.fi\\\/\",\"name\":\"Institut fran\u00e7ais de Finlande\",\"description\":\"\",\"publisher\":{\"@id\":\"https:\\\/\\\/www.france.fi\\\/#organization\"},\"potentialAction\":[{\"@type\":\"SearchAction\",\"target\":{\"@type\":\"EntryPoint\",\"urlTemplate\":\"https:\\\/\\\/www.france.fi\\\/?s={search_term_string}\"},\"query-input\":{\"@type\":\"PropertyValueSpecification\",\"valueRequired\":true,\"valueName\":\"search_term_string\"}}],\"inLanguage\":\"fr-FR\"},{\"@type\":\"Organization\",\"@id\":\"https:\\\/\\\/www.france.fi\\\/#organization\",\"name\":\"Institut fran\u00e7ais de Finlande\",\"url\":\"https:\\\/\\\/www.france.fi\\\/\",\"logo\":{\"@type\":\"ImageObject\",\"inLanguage\":\"fr-FR\",\"@id\":\"https:\\\/\\\/www.france.fi\\\/#\\\/schema\\\/logo\\\/image\\\/\",\"url\":\"https:\\\/\\\/www.france.fi\\\/wp-content\\\/uploads\\\/2024\\\/02\\\/if-logo-1.png\",\"contentUrl\":\"https:\\\/\\\/www.france.fi\\\/wp-content\\\/uploads\\\/2024\\\/02\\\/if-logo-1.png\",\"width\":687,\"height\":459,\"caption\":\"Institut fran\u00e7ais de Finlande\"},\"image\":{\"@id\":\"https:\\\/\\\/www.france.fi\\\/#\\\/schema\\\/logo\\\/image\\\/\"},\"sameAs\":[\"https:\\\/\\\/www.facebook.com\\\/institutfrancaisfi\",\"https:\\\/\\\/x.com\\\/IFFinlande\",\"https:\\\/\\\/www.instagram.com\\\/iffinlande\\\/\",\"https:\\\/\\\/fr.linkedin.com\\\/organization-guest\\\/company\\\/institut-fran-ais-de-finlande\",\"https:\\\/\\\/www.youtube.com\\\/channel\\\/UCHAitdpmSbeP78eL49XMotA\"]}]}<\/script>\n<!-- \/ Yoast SEO plugin. -->","yoast_head_json":{"title":"R\u00e9server - Institut fran\u00e7ais","robots":{"index":"index","follow":"follow","max-snippet":"max-snippet:-1","max-image-preview":"max-image-preview:large","max-video-preview":"max-video-preview:-1"},"canonical":"https:\/\/www.france.fi\/fr\/nos-locaux\/reservation-des-espaces-pour-groupes-francophiles\/","og_locale":"fr_FR","og_type":"article","og_title":"R\u00e9server - Institut fran\u00e7ais","og_description":"En plus de la location de ses locaux, l\u2019Institut fran\u00e7ais de Finlande sert \u00e9galement de point de rencontre pour les groupes souhaitant se r\u00e9unir autour de la langue ou de la culture fran\u00e7aises : clubs de lecture, groupes de conversation, ateliers cr\u00e9atifs en fran\u00e7ais\u2026 \u00e0 vous de choisir !\u00a0 En tant que groupe\u00a0francophile, vous pouvez [&hellip;]","og_url":"https:\/\/www.france.fi\/fr\/nos-locaux\/reservation-des-espaces-pour-groupes-francophiles\/","og_site_name":"Institut fran\u00e7ais","article_publisher":"https:\/\/www.facebook.com\/institutfrancaisfi","article_modified_time":"2026-01-26T08:11:26+00:00","og_image":[{"width":1920,"height":1080,"url":"https:\/\/www.france.fi\/wp-content\/uploads\/2026\/01\/Locaux-francophiles.jpg","type":"image\/jpeg"}],"twitter_card":"summary_large_image","twitter_site":"@IFFinlande","twitter_misc":{"Dur\u00e9e de lecture estim\u00e9e":"1 minute"},"schema":{"@context":"https:\/\/schema.org","@graph":[{"@type":"WebPage","@id":"https:\/\/www.france.fi\/fr\/nos-locaux\/reservation-des-espaces-pour-groupes-francophiles\/","url":"https:\/\/www.france.fi\/fr\/nos-locaux\/reservation-des-espaces-pour-groupes-francophiles\/","name":"R\u00e9server - Institut fran\u00e7ais","isPartOf":{"@id":"https:\/\/www.france.fi\/#website"},"primaryImageOfPage":{"@id":"https:\/\/www.france.fi\/fr\/nos-locaux\/reservation-des-espaces-pour-groupes-francophiles\/#primaryimage"},"image":{"@id":"https:\/\/www.france.fi\/fr\/nos-locaux\/reservation-des-espaces-pour-groupes-francophiles\/#primaryimage"},"thumbnailUrl":"https:\/\/www.france.fi\/wp-content\/uploads\/2026\/01\/Locaux-francophiles.jpg","datePublished":"2026-01-14T07:46:10+00:00","dateModified":"2026-01-26T08:11:26+00:00","breadcrumb":{"@id":"https:\/\/www.france.fi\/fr\/nos-locaux\/reservation-des-espaces-pour-groupes-francophiles\/#breadcrumb"},"inLanguage":"fr-FR","potentialAction":[{"@type":"ReadAction","target":["https:\/\/www.france.fi\/fr\/nos-locaux\/reservation-des-espaces-pour-groupes-francophiles\/"]}]},{"@type":"ImageObject","inLanguage":"fr-FR","@id":"https:\/\/www.france.fi\/fr\/nos-locaux\/reservation-des-espaces-pour-groupes-francophiles\/#primaryimage","url":"https:\/\/www.france.fi\/wp-content\/uploads\/2026\/01\/Locaux-francophiles.jpg","contentUrl":"https:\/\/www.france.fi\/wp-content\/uploads\/2026\/01\/Locaux-francophiles.jpg","width":1920,"height":1080},{"@type":"BreadcrumbList","@id":"https:\/\/www.france.fi\/fr\/nos-locaux\/reservation-des-espaces-pour-groupes-francophiles\/#breadcrumb","itemListElement":[{"@type":"ListItem","position":1,"name":"Home","item":"https:\/\/www.france.fi\/fr\/"},{"@type":"ListItem","position":2,"name":"Nos locaux","item":"https:\/\/www.france.fi\/fr\/nos-locaux\/"},{"@type":"ListItem","position":3,"name":"R\u00e9server"}]},{"@type":"WebSite","@id":"https:\/\/www.france.fi\/#website","url":"https:\/\/www.france.fi\/","name":"Institut fran\u00e7ais de Finlande","description":"","publisher":{"@id":"https:\/\/www.france.fi\/#organization"},"potentialAction":[{"@type":"SearchAction","target":{"@type":"EntryPoint","urlTemplate":"https:\/\/www.france.fi\/?s={search_term_string}"},"query-input":{"@type":"PropertyValueSpecification","valueRequired":true,"valueName":"search_term_string"}}],"inLanguage":"fr-FR"},{"@type":"Organization","@id":"https:\/\/www.france.fi\/#organization","name":"Institut fran\u00e7ais de Finlande","url":"https:\/\/www.france.fi\/","logo":{"@type":"ImageObject","inLanguage":"fr-FR","@id":"https:\/\/www.france.fi\/#\/schema\/logo\/image\/","url":"https:\/\/www.france.fi\/wp-content\/uploads\/2024\/02\/if-logo-1.png","contentUrl":"https:\/\/www.france.fi\/wp-content\/uploads\/2024\/02\/if-logo-1.png","width":687,"height":459,"caption":"Institut fran\u00e7ais de Finlande"},"image":{"@id":"https:\/\/www.france.fi\/#\/schema\/logo\/image\/"},"sameAs":["https:\/\/www.facebook.com\/institutfrancaisfi","https:\/\/x.com\/IFFinlande","https:\/\/www.instagram.com\/iffinlande\/","https:\/\/fr.linkedin.com\/organization-guest\/company\/institut-fran-ais-de-finlande","https:\/\/www.youtube.com\/channel\/UCHAitdpmSbeP78eL49XMotA"]}]}},"_links":{"self":[{"href":"https:\/\/www.france.fi\/fr\/wp-json\/wp\/v2\/pages\/22940","targetHints":{"allow":["GET"]}}],"collection":[{"href":"https:\/\/www.france.fi\/fr\/wp-json\/wp\/v2\/pages"}],"about":[{"href":"https:\/\/www.france.fi\/fr\/wp-json\/wp\/v2\/types\/page"}],"author":[{"embeddable":true,"href":"https:\/\/www.france.fi\/fr\/wp-json\/wp\/v2\/users\/2"}],"replies":[{"embeddable":true,"href":"https:\/\/www.france.fi\/fr\/wp-json\/wp\/v2\/comments?post=22940"}],"version-history":[{"count":0,"href":"https:\/\/www.france.fi\/fr\/wp-json\/wp\/v2\/pages\/22940\/revisions"}],"up":[{"embeddable":true,"href":"https:\/\/www.france.fi\/fr\/wp-json\/wp\/v2\/pages\/22835"}],"wp:featuredmedia":[{"embeddable":true,"href":"https:\/\/www.france.fi\/fr\/wp-json\/wp\/v2\/media\/22941"}],"wp:attachment":[{"href":"https:\/\/www.france.fi\/fr\/wp-json\/wp\/v2\/media?parent=22940"}],"curies":[{"name":"wp","href":"https:\/\/api.w.org\/{rel}","templated":true}]}}