{"id":22955,"date":"2026-01-14T10:07:34","date_gmt":"2026-01-14T08:07:34","guid":{"rendered":"https:\/\/www.france.fi\/?page_id=22955"},"modified":"2026-04-07T16:50:32","modified_gmt":"2026-04-07T13:50:32","slug":"location-des-espaces-pour-entreprises","status":"publish","type":"page","link":"https:\/\/www.france.fi\/fr\/nos-locaux\/location-des-espaces-pour-entreprises\/","title":{"rendered":"Louer"},"content":{"rendered":"<p>Si vous cherchez des locaux polyvalents, charmants et abordables \u00e0 Helsinki pour un usage professionnel, pour votre association ou pour une r\u00e9ception priv\u00e9e vous \u00eates au bon endroit !<\/p>\n<p>L\u2019Institut fran\u00e7ais de Finlande met \u00e0 disposition sa m\u00e9diath\u00e8que ainsi que ses salles de cours pour divers besoins :<\/p>\n<ul>\n<li>Espaces de co-working<\/li>\n<li>Ateliers<\/li>\n<li>Salles de r\u00e9union (y compris r\u00e9unions hybrides)<\/li>\n<li>R\u00e9ceptions priv\u00e9es<\/li>\n<\/ul>\n<p>Si vous \u00eates int\u00e9ress\u00e9(e) par la location de nos espaces, veuillez remplir <span style=\"color: #0000ff;\"><strong><a style=\"color: #0000ff;\" href=\"https:\/\/forms.office.com\/Pages\/ResponsePage.aspx?id=j35b_3gxyEuOb4R2M56TIBq7BQ3zUHRJgiuD3ecdpN1UNDhDTkE0TlBNRVFKME8yNEw2UlRBNEFKWS4u\" target=\"_blank\" rel=\"noopener\">ce formulaire<\/a><\/strong><\/span>. Nous reviendrons ensuite vers vous pour confirmer la disponibilit\u00e9 de l\u2019espace le plus adapt\u00e9 \u00e0 vos besoins.<\/p>\n<div class=\"claps-toggle-text\" style=\"--collapse-hf:1px;--collapse-ht:1px;\" data-title=\"&lt;span style=&#039;display: inline-block; width: 92%; padding: 10px 15px; border-radius: 6px; background-color: #ffb7ab; font-size: 1.1em; font-weight: bold; color: #000000;&#039;&gt; Tarifs &lt;\/span&gt;\" data-swaptitle=\"R\u00e9duire\" data-icon=\"&#9660;\" data-swapicon=\"&#9650;\" data-ht=\"1px\" data-hf=\"1px\" data-above=\"0\"><div class=\"claps-text-inner claps-text-toggle-collapsed\"><\/p>\n<div style=\"border-radius: 6px;background-color: #ffb7ab;padding: 15px;margin-top: 10px\">\n<h5>Tarifs<\/h5>\n<p>Location disponible du lundi au dimanche de 8 h \u00e0 22 h<\/p>\n<h5 data-start=\"79\" data-end=\"98\"><strong data-start=\"83\" data-end=\"98\">Entreprises<\/strong><\/h5>\n<div class=\"TyagGW_tableContainer\">\n<div class=\"group TyagGW_tableWrapper flex flex-col-reverse w-fit\">\n<table class=\"w-fit min-w-(--thread-content-width)\" style=\"width: 71.2728%\" data-start=\"100\" data-end=\"557\">\n<thead data-start=\"100\" data-end=\"146\">\n<tr data-start=\"100\" data-end=\"146\">\n<th style=\"width: 80.1457%\" data-start=\"100\" data-end=\"108\" data-col-size=\"sm\"><span style=\"font-size: 14px\">Salle<\/span><\/th>\n<th style=\"width: 2.25225%\" data-start=\"116\" data-end=\"130\" data-col-size=\"sm\"><span style=\"font-size: 14px\">Tarif<br \/>\npar heure (\u20ac)<\/span><\/th>\n<\/tr>\n<\/thead>\n<tbody data-start=\"193\" data-end=\"557\">\n<tr data-start=\"193\" data-end=\"235\">\n<td style=\"width: 80.1457%\" data-start=\"193\" data-end=\"216\" data-col-size=\"sm\"><span style=\"font-size: 14px\"><strong data-start=\"195\" data-end=\"215\">Salle de r\u00e9union<\/strong><\/span><\/td>\n<td style=\"width: 2.25225%\" data-col-size=\"sm\" data-start=\"224\" data-end=\"229\"><span style=\"font-size: 14px\">50<\/span><\/td>\n<\/tr>\n<tr data-start=\"295\" data-end=\"343\">\n<td style=\"width: 80.1457%\" data-start=\"295\" data-end=\"322\" data-col-size=\"sm\"><span style=\"font-size: 14px\"><strong data-start=\"297\" data-end=\"321\">Salle \u00e9v\u00e9nementielle<\/strong><\/span><\/td>\n<td style=\"width: 2.25225%\" data-col-size=\"sm\" data-start=\"330\" data-end=\"336\"><span style=\"font-size: 14px\">200<\/span><\/td>\n<\/tr>\n<tr data-start=\"404\" data-end=\"445\">\n<td style=\"width: 80.1457%\" data-start=\"404\" data-end=\"424\" data-col-size=\"sm\"><span style=\"font-size: 14px\"><strong data-start=\"406\" data-end=\"423\">Toutes salles<\/strong><\/span><\/td>\n<td style=\"width: 2.25225%\" data-col-size=\"sm\" data-start=\"432\" data-end=\"438\"><span style=\"font-size: 14px\">300<\/span><\/td>\n<\/tr>\n<tr data-start=\"506\" data-end=\"557\">\n<td style=\"width: 80.1457%\" data-start=\"506\" data-end=\"543\" data-col-size=\"sm\"><span style=\"font-size: 14px\"><strong data-start=\"508\" data-end=\"542\">Acc\u00e8s \u00e0 la cuisine + vaisselle<\/strong><\/span><\/td>\n<td style=\"width: 2.25225%\" data-col-size=\"sm\" data-start=\"546\" data-end=\"551\"><span style=\"font-size: 14px\">80<\/span><\/td>\n<\/tr>\n<\/tbody>\n<\/table>\n<\/div>\n<\/div>\n<hr data-start=\"559\" data-end=\"562\" \/>\n<h5 data-start=\"564\" data-end=\"599\"><strong data-start=\"568\" data-end=\"599\">Particuliers &amp; Associations<\/strong><\/h5>\n<div class=\"TyagGW_tableContainer\">\n<div class=\"group TyagGW_tableWrapper flex flex-col-reverse w-fit\">\n<table class=\"w-fit min-w-(--thread-content-width)\" style=\"width: 71.6364%\" data-start=\"601\" data-end=\"955\">\n<thead data-start=\"601\" data-end=\"626\">\n<tr data-start=\"601\" data-end=\"626\">\n<th style=\"width: 80.7273%\" data-start=\"601\" data-end=\"609\" data-col-size=\"sm\"><span style=\"font-size: 14px\">Salle<\/span><\/th>\n<th style=\"width: 2.25225%\" data-start=\"617\" data-end=\"626\" data-col-size=\"sm\"><span style=\"font-size: 14px\">Tarif<br \/>\npar heure (\u20ac)<\/span><\/th>\n<\/tr>\n<\/thead>\n<tbody data-start=\"652\" data-end=\"955\">\n<tr data-start=\"652\" data-end=\"689\">\n<td style=\"width: 80.7273%\" data-start=\"652\" data-end=\"675\" data-col-size=\"sm\"><span style=\"font-size: 14px\"><strong data-start=\"654\" data-end=\"674\">Salle de r\u00e9union<\/strong><\/span><\/td>\n<td style=\"width: 2.25225%\" data-col-size=\"sm\" data-start=\"683\" data-end=\"689\"><span style=\"font-size: 14px\">25<\/span><\/td>\n<\/tr>\n<tr data-start=\"736\" data-end=\"778\">\n<td style=\"width: 80.7273%\" data-start=\"736\" data-end=\"763\" data-col-size=\"sm\"><span style=\"font-size: 14px\"><strong data-start=\"738\" data-end=\"762\">Salle \u00e9v\u00e9nementielle<\/strong><\/span><\/td>\n<td style=\"width: 2.25225%\" data-col-size=\"sm\" data-start=\"771\" data-end=\"778\"><span style=\"font-size: 14px\">100<\/span><\/td>\n<\/tr>\n<tr data-start=\"826\" data-end=\"861\">\n<td style=\"width: 80.7273%\" data-start=\"826\" data-end=\"846\" data-col-size=\"sm\"><span style=\"font-size: 14px\"><strong data-start=\"828\" data-end=\"845\">Toutes salles<\/strong><\/span><\/td>\n<td style=\"width: 2.25225%\" data-col-size=\"sm\" data-start=\"854\" data-end=\"861\"><span style=\"font-size: 14px\">150<\/span><\/td>\n<\/tr>\n<tr data-start=\"909\" data-end=\"955\">\n<td style=\"width: 80.7273%\" data-start=\"909\" data-end=\"946\" data-col-size=\"sm\"><span style=\"font-size: 14px\"><strong data-start=\"911\" data-end=\"945\">Acc\u00e8s \u00e0 la cuisine + vaisselle<\/strong><\/span><\/td>\n<td style=\"width: 2.25225%\" data-col-size=\"sm\" data-start=\"949\" data-end=\"955\"><span style=\"font-size: 14px\">80<\/span><\/td>\n<\/tr>\n<\/tbody>\n<\/table>\n<\/div>\n<\/div>\n<\/div>\n<p><\/div><\/div>\n<div class=\"claps-toggle-text\" style=\"--collapse-hf:1px;--collapse-ht:1px;\" data-title=\"&lt;span style=&#039;display: inline-block; width: 92%; padding: 10px 15px; border-radius: 6px; background-color: #ffb7ab; font-size: 1.1em; font-weight: bold; color: #000000;&#039;&gt; Photos, mesures et \u00e9quipement technique &lt;\/span&gt;\" data-swaptitle=\"R\u00e9duire\" data-icon=\"&#9660;\" data-swapicon=\"&#9650;\" data-ht=\"1px\" data-hf=\"1px\" data-above=\"0\"><div class=\"claps-text-inner claps-text-toggle-collapsed\"><\/p>\n<div style=\"border-radius: 6px;background-color: #ffb7ab;padding: 15px;margin-top: 10px\">\n<h5>Photos, mesures et \u00e9quipement technique<\/h5>\n<p>Pour obtenir les dimensions exactes de nos locaux, des photos et davantage d\u2019informations sur l\u2019\u00e9quipement technique disponible, veuillez consulter notre <strong><span style=\"color: #0000ff\"><a style=\"color: #0000ff\" href=\"https:\/\/www.canva.com\/design\/DAG1xBK3XPg\/a0KhqpuEJB6aJNSW3TvkAA\/view?utm_content=DAG1xBK3XPg&amp;utm_campaign=designshare&amp;utm_medium=link2&amp;utm_source=uniquelinks&amp;utlId=hccc8fb7ec4\" target=\"_blank\" rel=\"noopener\">fiche technique<\/a><\/span><\/strong> (en anglais). Elle comprend \u00e9galement des informations sur l\u2019accessibilit\u00e9 de nos locaux.<\/p>\n<\/div>\n<p><\/div><\/div>\n","protected":false},"excerpt":{"rendered":"<p>Si vous cherchez des locaux polyvalents, charmants et abordables \u00e0 Helsinki pour un usage professionnel, pour votre association ou pour une r\u00e9ception priv\u00e9e vous \u00eates au bon endroit ! L\u2019Institut fran\u00e7ais de Finlande met \u00e0 disposition sa m\u00e9diath\u00e8que ainsi que ses salles de cours pour divers besoins : Espaces de co-working Ateliers Salles de r\u00e9union [&hellip;]<\/p>\n","protected":false},"author":2,"featured_media":22957,"parent":22835,"menu_order":0,"comment_status":"closed","ping_status":"closed","template":"","meta":{"footnotes":""},"class_list":["post-22955","page","type-page","status-publish","has-post-thumbnail","hentry"],"yoast_head":"<!-- This site is optimized with the Yoast SEO plugin v27.3 - https:\/\/yoast.com\/product\/yoast-seo-wordpress\/ -->\n<title>Louer - Institut fran\u00e7ais<\/title>\n<meta name=\"description\" content=\"Si vous cherchez des locaux polyvalents, charmants et abordables \u00e0 Helsinki pour un usage professionnel, pour votre association ou pour une r\u00e9ception priv\u00e9e, vous \u00eates au bon endroit !\" \/>\n<meta name=\"robots\" content=\"index, follow, max-snippet:-1, max-image-preview:large, max-video-preview:-1\" \/>\n<link rel=\"canonical\" href=\"https:\/\/www.france.fi\/fr\/nos-locaux\/location-des-espaces-pour-entreprises\/\" \/>\n<meta property=\"og:locale\" content=\"fr_FR\" \/>\n<meta property=\"og:type\" content=\"article\" \/>\n<meta property=\"og:title\" content=\"Louer - Institut fran\u00e7ais\" \/>\n<meta property=\"og:description\" content=\"Si vous cherchez des locaux polyvalents, charmants et abordables \u00e0 Helsinki pour un usage professionnel, pour votre association ou pour une r\u00e9ception priv\u00e9e, vous \u00eates au bon endroit !\" \/>\n<meta property=\"og:url\" content=\"https:\/\/www.france.fi\/fr\/nos-locaux\/location-des-espaces-pour-entreprises\/\" \/>\n<meta property=\"og:site_name\" content=\"Institut fran\u00e7ais\" \/>\n<meta property=\"article:publisher\" content=\"https:\/\/www.facebook.com\/institutfrancaisfi\" \/>\n<meta property=\"article:modified_time\" content=\"2026-04-07T13:50:32+00:00\" \/>\n<meta property=\"og:image\" content=\"https:\/\/www.france.fi\/wp-content\/uploads\/2026\/01\/locaux-entreprise.jpg\" \/>\n\t<meta property=\"og:image:width\" content=\"1920\" \/>\n\t<meta property=\"og:image:height\" content=\"1080\" \/>\n\t<meta property=\"og:image:type\" content=\"image\/jpeg\" \/>\n<meta name=\"twitter:card\" content=\"summary_large_image\" \/>\n<meta name=\"twitter:site\" content=\"@IFFinlande\" \/>\n<meta name=\"twitter:label1\" content=\"Dur\u00e9e de lecture estim\u00e9e\" \/>\n\t<meta name=\"twitter:data1\" content=\"2 minutes\" \/>\n<script type=\"application\/ld+json\" class=\"yoast-schema-graph\">{\"@context\":\"https:\\\/\\\/schema.org\",\"@graph\":[{\"@type\":\"WebPage\",\"@id\":\"https:\\\/\\\/www.france.fi\\\/fr\\\/nos-locaux\\\/location-des-espaces-pour-entreprises\\\/\",\"url\":\"https:\\\/\\\/www.france.fi\\\/fr\\\/nos-locaux\\\/location-des-espaces-pour-entreprises\\\/\",\"name\":\"Louer - Institut fran\u00e7ais\",\"isPartOf\":{\"@id\":\"https:\\\/\\\/www.france.fi\\\/#website\"},\"primaryImageOfPage\":{\"@id\":\"https:\\\/\\\/www.france.fi\\\/fr\\\/nos-locaux\\\/location-des-espaces-pour-entreprises\\\/#primaryimage\"},\"image\":{\"@id\":\"https:\\\/\\\/www.france.fi\\\/fr\\\/nos-locaux\\\/location-des-espaces-pour-entreprises\\\/#primaryimage\"},\"thumbnailUrl\":\"https:\\\/\\\/www.france.fi\\\/wp-content\\\/uploads\\\/2026\\\/01\\\/locaux-entreprise.jpg\",\"datePublished\":\"2026-01-14T08:07:34+00:00\",\"dateModified\":\"2026-04-07T13:50:32+00:00\",\"description\":\"Si vous cherchez des locaux polyvalents, charmants et abordables \u00e0 Helsinki pour un usage professionnel, pour votre association ou pour une r\u00e9ception priv\u00e9e, vous \u00eates au bon endroit !\",\"breadcrumb\":{\"@id\":\"https:\\\/\\\/www.france.fi\\\/fr\\\/nos-locaux\\\/location-des-espaces-pour-entreprises\\\/#breadcrumb\"},\"inLanguage\":\"fr-FR\",\"potentialAction\":[{\"@type\":\"ReadAction\",\"target\":[\"https:\\\/\\\/www.france.fi\\\/fr\\\/nos-locaux\\\/location-des-espaces-pour-entreprises\\\/\"]}]},{\"@type\":\"ImageObject\",\"inLanguage\":\"fr-FR\",\"@id\":\"https:\\\/\\\/www.france.fi\\\/fr\\\/nos-locaux\\\/location-des-espaces-pour-entreprises\\\/#primaryimage\",\"url\":\"https:\\\/\\\/www.france.fi\\\/wp-content\\\/uploads\\\/2026\\\/01\\\/locaux-entreprise.jpg\",\"contentUrl\":\"https:\\\/\\\/www.france.fi\\\/wp-content\\\/uploads\\\/2026\\\/01\\\/locaux-entreprise.jpg\",\"width\":1920,\"height\":1080},{\"@type\":\"BreadcrumbList\",\"@id\":\"https:\\\/\\\/www.france.fi\\\/fr\\\/nos-locaux\\\/location-des-espaces-pour-entreprises\\\/#breadcrumb\",\"itemListElement\":[{\"@type\":\"ListItem\",\"position\":1,\"name\":\"Home\",\"item\":\"https:\\\/\\\/www.france.fi\\\/fr\\\/\"},{\"@type\":\"ListItem\",\"position\":2,\"name\":\"Nos locaux\",\"item\":\"https:\\\/\\\/www.france.fi\\\/fr\\\/nos-locaux\\\/\"},{\"@type\":\"ListItem\",\"position\":3,\"name\":\"Louer\"}]},{\"@type\":\"WebSite\",\"@id\":\"https:\\\/\\\/www.france.fi\\\/#website\",\"url\":\"https:\\\/\\\/www.france.fi\\\/\",\"name\":\"Institut fran\u00e7ais de Finlande\",\"description\":\"\",\"publisher\":{\"@id\":\"https:\\\/\\\/www.france.fi\\\/#organization\"},\"potentialAction\":[{\"@type\":\"SearchAction\",\"target\":{\"@type\":\"EntryPoint\",\"urlTemplate\":\"https:\\\/\\\/www.france.fi\\\/?s={search_term_string}\"},\"query-input\":{\"@type\":\"PropertyValueSpecification\",\"valueRequired\":true,\"valueName\":\"search_term_string\"}}],\"inLanguage\":\"fr-FR\"},{\"@type\":\"Organization\",\"@id\":\"https:\\\/\\\/www.france.fi\\\/#organization\",\"name\":\"Institut fran\u00e7ais de Finlande\",\"url\":\"https:\\\/\\\/www.france.fi\\\/\",\"logo\":{\"@type\":\"ImageObject\",\"inLanguage\":\"fr-FR\",\"@id\":\"https:\\\/\\\/www.france.fi\\\/#\\\/schema\\\/logo\\\/image\\\/\",\"url\":\"https:\\\/\\\/www.france.fi\\\/wp-content\\\/uploads\\\/2024\\\/02\\\/if-logo-1.png\",\"contentUrl\":\"https:\\\/\\\/www.france.fi\\\/wp-content\\\/uploads\\\/2024\\\/02\\\/if-logo-1.png\",\"width\":687,\"height\":459,\"caption\":\"Institut fran\u00e7ais de Finlande\"},\"image\":{\"@id\":\"https:\\\/\\\/www.france.fi\\\/#\\\/schema\\\/logo\\\/image\\\/\"},\"sameAs\":[\"https:\\\/\\\/www.facebook.com\\\/institutfrancaisfi\",\"https:\\\/\\\/x.com\\\/IFFinlande\",\"https:\\\/\\\/www.instagram.com\\\/iffinlande\\\/\",\"https:\\\/\\\/fr.linkedin.com\\\/organization-guest\\\/company\\\/institut-fran-ais-de-finlande\",\"https:\\\/\\\/www.youtube.com\\\/channel\\\/UCHAitdpmSbeP78eL49XMotA\"]}]}<\/script>\n<!-- \/ Yoast SEO plugin. -->","yoast_head_json":{"title":"Louer - Institut fran\u00e7ais","description":"Si vous cherchez des locaux polyvalents, charmants et abordables \u00e0 Helsinki pour un usage professionnel, pour votre association ou pour une r\u00e9ception priv\u00e9e, vous \u00eates au bon endroit !","robots":{"index":"index","follow":"follow","max-snippet":"max-snippet:-1","max-image-preview":"max-image-preview:large","max-video-preview":"max-video-preview:-1"},"canonical":"https:\/\/www.france.fi\/fr\/nos-locaux\/location-des-espaces-pour-entreprises\/","og_locale":"fr_FR","og_type":"article","og_title":"Louer - Institut fran\u00e7ais","og_description":"Si vous cherchez des locaux polyvalents, charmants et abordables \u00e0 Helsinki pour un usage professionnel, pour votre association ou pour une r\u00e9ception priv\u00e9e, vous \u00eates au bon endroit !","og_url":"https:\/\/www.france.fi\/fr\/nos-locaux\/location-des-espaces-pour-entreprises\/","og_site_name":"Institut fran\u00e7ais","article_publisher":"https:\/\/www.facebook.com\/institutfrancaisfi","article_modified_time":"2026-04-07T13:50:32+00:00","og_image":[{"width":1920,"height":1080,"url":"https:\/\/www.france.fi\/wp-content\/uploads\/2026\/01\/locaux-entreprise.jpg","type":"image\/jpeg"}],"twitter_card":"summary_large_image","twitter_site":"@IFFinlande","twitter_misc":{"Dur\u00e9e de lecture estim\u00e9e":"2 minutes"},"schema":{"@context":"https:\/\/schema.org","@graph":[{"@type":"WebPage","@id":"https:\/\/www.france.fi\/fr\/nos-locaux\/location-des-espaces-pour-entreprises\/","url":"https:\/\/www.france.fi\/fr\/nos-locaux\/location-des-espaces-pour-entreprises\/","name":"Louer - Institut fran\u00e7ais","isPartOf":{"@id":"https:\/\/www.france.fi\/#website"},"primaryImageOfPage":{"@id":"https:\/\/www.france.fi\/fr\/nos-locaux\/location-des-espaces-pour-entreprises\/#primaryimage"},"image":{"@id":"https:\/\/www.france.fi\/fr\/nos-locaux\/location-des-espaces-pour-entreprises\/#primaryimage"},"thumbnailUrl":"https:\/\/www.france.fi\/wp-content\/uploads\/2026\/01\/locaux-entreprise.jpg","datePublished":"2026-01-14T08:07:34+00:00","dateModified":"2026-04-07T13:50:32+00:00","description":"Si vous cherchez des locaux polyvalents, charmants et abordables \u00e0 Helsinki pour un usage professionnel, pour votre association ou pour une r\u00e9ception priv\u00e9e, vous \u00eates au bon endroit !","breadcrumb":{"@id":"https:\/\/www.france.fi\/fr\/nos-locaux\/location-des-espaces-pour-entreprises\/#breadcrumb"},"inLanguage":"fr-FR","potentialAction":[{"@type":"ReadAction","target":["https:\/\/www.france.fi\/fr\/nos-locaux\/location-des-espaces-pour-entreprises\/"]}]},{"@type":"ImageObject","inLanguage":"fr-FR","@id":"https:\/\/www.france.fi\/fr\/nos-locaux\/location-des-espaces-pour-entreprises\/#primaryimage","url":"https:\/\/www.france.fi\/wp-content\/uploads\/2026\/01\/locaux-entreprise.jpg","contentUrl":"https:\/\/www.france.fi\/wp-content\/uploads\/2026\/01\/locaux-entreprise.jpg","width":1920,"height":1080},{"@type":"BreadcrumbList","@id":"https:\/\/www.france.fi\/fr\/nos-locaux\/location-des-espaces-pour-entreprises\/#breadcrumb","itemListElement":[{"@type":"ListItem","position":1,"name":"Home","item":"https:\/\/www.france.fi\/fr\/"},{"@type":"ListItem","position":2,"name":"Nos locaux","item":"https:\/\/www.france.fi\/fr\/nos-locaux\/"},{"@type":"ListItem","position":3,"name":"Louer"}]},{"@type":"WebSite","@id":"https:\/\/www.france.fi\/#website","url":"https:\/\/www.france.fi\/","name":"Institut fran\u00e7ais de Finlande","description":"","publisher":{"@id":"https:\/\/www.france.fi\/#organization"},"potentialAction":[{"@type":"SearchAction","target":{"@type":"EntryPoint","urlTemplate":"https:\/\/www.france.fi\/?s={search_term_string}"},"query-input":{"@type":"PropertyValueSpecification","valueRequired":true,"valueName":"search_term_string"}}],"inLanguage":"fr-FR"},{"@type":"Organization","@id":"https:\/\/www.france.fi\/#organization","name":"Institut fran\u00e7ais de Finlande","url":"https:\/\/www.france.fi\/","logo":{"@type":"ImageObject","inLanguage":"fr-FR","@id":"https:\/\/www.france.fi\/#\/schema\/logo\/image\/","url":"https:\/\/www.france.fi\/wp-content\/uploads\/2024\/02\/if-logo-1.png","contentUrl":"https:\/\/www.france.fi\/wp-content\/uploads\/2024\/02\/if-logo-1.png","width":687,"height":459,"caption":"Institut fran\u00e7ais de Finlande"},"image":{"@id":"https:\/\/www.france.fi\/#\/schema\/logo\/image\/"},"sameAs":["https:\/\/www.facebook.com\/institutfrancaisfi","https:\/\/x.com\/IFFinlande","https:\/\/www.instagram.com\/iffinlande\/","https:\/\/fr.linkedin.com\/organization-guest\/company\/institut-fran-ais-de-finlande","https:\/\/www.youtube.com\/channel\/UCHAitdpmSbeP78eL49XMotA"]}]}},"_links":{"self":[{"href":"https:\/\/www.france.fi\/fr\/wp-json\/wp\/v2\/pages\/22955","targetHints":{"allow":["GET"]}}],"collection":[{"href":"https:\/\/www.france.fi\/fr\/wp-json\/wp\/v2\/pages"}],"about":[{"href":"https:\/\/www.france.fi\/fr\/wp-json\/wp\/v2\/types\/page"}],"author":[{"embeddable":true,"href":"https:\/\/www.france.fi\/fr\/wp-json\/wp\/v2\/users\/2"}],"replies":[{"embeddable":true,"href":"https:\/\/www.france.fi\/fr\/wp-json\/wp\/v2\/comments?post=22955"}],"version-history":[{"count":4,"href":"https:\/\/www.france.fi\/fr\/wp-json\/wp\/v2\/pages\/22955\/revisions"}],"predecessor-version":[{"id":24580,"href":"https:\/\/www.france.fi\/fr\/wp-json\/wp\/v2\/pages\/22955\/revisions\/24580"}],"up":[{"embeddable":true,"href":"https:\/\/www.france.fi\/fr\/wp-json\/wp\/v2\/pages\/22835"}],"wp:featuredmedia":[{"embeddable":true,"href":"https:\/\/www.france.fi\/fr\/wp-json\/wp\/v2\/media\/22957"}],"wp:attachment":[{"href":"https:\/\/www.france.fi\/fr\/wp-json\/wp\/v2\/media?parent=22955"}],"curies":[{"name":"wp","href":"https:\/\/api.w.org\/{rel}","templated":true}]}}