{"id":22988,"date":"2026-01-14T14:09:39","date_gmt":"2026-01-14T12:09:39","guid":{"rendered":"https:\/\/www.france.fi\/?page_id=22988"},"modified":"2026-01-21T11:06:39","modified_gmt":"2026-01-21T09:06:39","slug":"activites-en-francais","status":"publish","type":"page","link":"https:\/\/www.france.fi\/fr\/activites-en-francais\/","title":{"rendered":"Activit\u00e9s en fran\u00e7ais"},"content":{"rendered":"<p>Pratiquez vos loisirs pr\u00e9f\u00e9r\u00e9s&#8230; en fran\u00e7ais !<\/p>\n<p>En compl\u00e9ment de la programmation culturelle et des cours de fran\u00e7ais, l\u2019Institut fran\u00e7ais de Finlande propose des activit\u00e9s ludiques et cr\u00e9atives en fran\u00e7ais au sein de ses locaux : ateliers culinaires, cours de yoga, ateliers cr\u00e9atifs, et bien plus encore !<\/p>\n<ul>\n<li>Cours hebdomadaires et workshops ponctuels<\/li>\n<li>Accessibles \u00e0 tous les niveaux de fran\u00e7ais, y compris aux grands d\u00e9butants<\/li>\n<li>Offre riche et progressive selon la demande<\/li>\n<li>Disponibles \u00e9galement pour les groupes priv\u00e9s : journ\u00e9es de team building, enterrements de vie de c\u00e9libataire, anniversaires, pikkujoulut&#8230; \u00e0 vous de choisir !<\/li>\n<\/ul>\n<p>D\u00e9couvrez toute l\u2019offre ci-dessous !<\/p>\n<p>Pour un atelier priv\u00e9, contactez-nous via <span style=\"color: #0000ff;\"><a style=\"color: #0000ff;\" href=\"mailto:communication@france.fi\">communication@france.fi<\/a><\/span><\/p>\n<div class='kiosque-aec'><div\n data-module='classes'\n data-action='courses-selection-tiles'\n data-param-etablishment-branch-id='0'\n data-param-period-id=''\n data-param-classification-id='0'\n data-param-subject-id='2'\n data-param-class-type-id='0'\n data-param-main-level=''\n data-param-levels-to-filter-by=''\n data-param-localization=''\n data-param-class-format-id=''\n data-param-show-filter-choices='1'\n data-param-lang='fr_FR'><\/div><\/div>\n","protected":false},"excerpt":{"rendered":"<p>Pratiquez vos loisirs pr\u00e9f\u00e9r\u00e9s&#8230; en fran\u00e7ais ! En compl\u00e9ment de la programmation culturelle et des cours de fran\u00e7ais, l\u2019Institut fran\u00e7ais de Finlande propose des activit\u00e9s ludiques et cr\u00e9atives en fran\u00e7ais au sein de ses locaux : ateliers culinaires, cours de yoga, ateliers cr\u00e9atifs, et bien plus encore ! Cours hebdomadaires et workshops ponctuels Accessibles \u00e0 [&hellip;]<\/p>\n","protected":false},"author":2,"featured_media":22989,"parent":0,"menu_order":0,"comment_status":"closed","ping_status":"closed","template":"","meta":{"footnotes":""},"class_list":["post-22988","page","type-page","status-publish","has-post-thumbnail","hentry"],"yoast_head":"<!-- This site is optimized with the Yoast SEO plugin v27.4 - https:\/\/yoast.com\/product\/yoast-seo-wordpress\/ -->\n<title>Activit\u00e9s en fran\u00e7ais - Institut fran\u00e7ais<\/title>\n<meta name=\"robots\" content=\"index, follow, max-snippet:-1, max-image-preview:large, max-video-preview:-1\" \/>\n<link rel=\"canonical\" href=\"https:\/\/www.france.fi\/fr\/activites-en-francais\/\" \/>\n<meta property=\"og:locale\" content=\"fr_FR\" \/>\n<meta property=\"og:type\" content=\"article\" \/>\n<meta property=\"og:title\" content=\"Activit\u00e9s en fran\u00e7ais - Institut fran\u00e7ais\" \/>\n<meta property=\"og:description\" content=\"Pratiquez vos loisirs pr\u00e9f\u00e9r\u00e9s&#8230; en fran\u00e7ais ! En compl\u00e9ment de la programmation culturelle et des cours de fran\u00e7ais, l\u2019Institut fran\u00e7ais de Finlande propose des activit\u00e9s ludiques et cr\u00e9atives en fran\u00e7ais au sein de ses locaux : ateliers culinaires, cours de yoga, ateliers cr\u00e9atifs, et bien plus encore ! Cours hebdomadaires et workshops ponctuels Accessibles \u00e0 [&hellip;]\" \/>\n<meta property=\"og:url\" content=\"https:\/\/www.france.fi\/fr\/activites-en-francais\/\" \/>\n<meta property=\"og:site_name\" content=\"Institut fran\u00e7ais\" \/>\n<meta property=\"article:publisher\" content=\"https:\/\/www.facebook.com\/institutfrancaisfi\" \/>\n<meta property=\"article:modified_time\" content=\"2026-01-21T09:06:39+00:00\" \/>\n<meta property=\"og:image\" content=\"https:\/\/www.france.fi\/wp-content\/uploads\/2026\/01\/Activites-en-francais.jpg\" \/>\n\t<meta property=\"og:image:width\" content=\"1920\" \/>\n\t<meta property=\"og:image:height\" content=\"1080\" \/>\n\t<meta property=\"og:image:type\" content=\"image\/jpeg\" \/>\n<meta name=\"twitter:card\" content=\"summary_large_image\" \/>\n<meta name=\"twitter:site\" content=\"@IFFinlande\" \/>\n<meta name=\"twitter:label1\" content=\"Dur\u00e9e de lecture estim\u00e9e\" \/>\n\t<meta name=\"twitter:data1\" content=\"1 minute\" \/>\n<script type=\"application\/ld+json\" class=\"yoast-schema-graph\">{\"@context\":\"https:\\\/\\\/schema.org\",\"@graph\":[{\"@type\":\"WebPage\",\"@id\":\"https:\\\/\\\/www.france.fi\\\/fr\\\/activites-en-francais\\\/\",\"url\":\"https:\\\/\\\/www.france.fi\\\/fr\\\/activites-en-francais\\\/\",\"name\":\"Activit\u00e9s en fran\u00e7ais - Institut fran\u00e7ais\",\"isPartOf\":{\"@id\":\"https:\\\/\\\/www.france.fi\\\/#website\"},\"primaryImageOfPage\":{\"@id\":\"https:\\\/\\\/www.france.fi\\\/fr\\\/activites-en-francais\\\/#primaryimage\"},\"image\":{\"@id\":\"https:\\\/\\\/www.france.fi\\\/fr\\\/activites-en-francais\\\/#primaryimage\"},\"thumbnailUrl\":\"https:\\\/\\\/www.france.fi\\\/wp-content\\\/uploads\\\/2026\\\/01\\\/Activites-en-francais.jpg\",\"datePublished\":\"2026-01-14T12:09:39+00:00\",\"dateModified\":\"2026-01-21T09:06:39+00:00\",\"breadcrumb\":{\"@id\":\"https:\\\/\\\/www.france.fi\\\/fr\\\/activites-en-francais\\\/#breadcrumb\"},\"inLanguage\":\"fr-FR\",\"potentialAction\":[{\"@type\":\"ReadAction\",\"target\":[\"https:\\\/\\\/www.france.fi\\\/fr\\\/activites-en-francais\\\/\"]}]},{\"@type\":\"ImageObject\",\"inLanguage\":\"fr-FR\",\"@id\":\"https:\\\/\\\/www.france.fi\\\/fr\\\/activites-en-francais\\\/#primaryimage\",\"url\":\"https:\\\/\\\/www.france.fi\\\/wp-content\\\/uploads\\\/2026\\\/01\\\/Activites-en-francais.jpg\",\"contentUrl\":\"https:\\\/\\\/www.france.fi\\\/wp-content\\\/uploads\\\/2026\\\/01\\\/Activites-en-francais.jpg\",\"width\":1920,\"height\":1080},{\"@type\":\"BreadcrumbList\",\"@id\":\"https:\\\/\\\/www.france.fi\\\/fr\\\/activites-en-francais\\\/#breadcrumb\",\"itemListElement\":[{\"@type\":\"ListItem\",\"position\":1,\"name\":\"Home\",\"item\":\"https:\\\/\\\/www.france.fi\\\/fr\\\/\"},{\"@type\":\"ListItem\",\"position\":2,\"name\":\"Activit\u00e9s en fran\u00e7ais\"}]},{\"@type\":\"WebSite\",\"@id\":\"https:\\\/\\\/www.france.fi\\\/#website\",\"url\":\"https:\\\/\\\/www.france.fi\\\/\",\"name\":\"Institut fran\u00e7ais de Finlande\",\"description\":\"\",\"publisher\":{\"@id\":\"https:\\\/\\\/www.france.fi\\\/#organization\"},\"potentialAction\":[{\"@type\":\"SearchAction\",\"target\":{\"@type\":\"EntryPoint\",\"urlTemplate\":\"https:\\\/\\\/www.france.fi\\\/?s={search_term_string}\"},\"query-input\":{\"@type\":\"PropertyValueSpecification\",\"valueRequired\":true,\"valueName\":\"search_term_string\"}}],\"inLanguage\":\"fr-FR\"},{\"@type\":\"Organization\",\"@id\":\"https:\\\/\\\/www.france.fi\\\/#organization\",\"name\":\"Institut fran\u00e7ais de Finlande\",\"url\":\"https:\\\/\\\/www.france.fi\\\/\",\"logo\":{\"@type\":\"ImageObject\",\"inLanguage\":\"fr-FR\",\"@id\":\"https:\\\/\\\/www.france.fi\\\/#\\\/schema\\\/logo\\\/image\\\/\",\"url\":\"https:\\\/\\\/www.france.fi\\\/wp-content\\\/uploads\\\/2024\\\/02\\\/if-logo-1.png\",\"contentUrl\":\"https:\\\/\\\/www.france.fi\\\/wp-content\\\/uploads\\\/2024\\\/02\\\/if-logo-1.png\",\"width\":687,\"height\":459,\"caption\":\"Institut fran\u00e7ais de Finlande\"},\"image\":{\"@id\":\"https:\\\/\\\/www.france.fi\\\/#\\\/schema\\\/logo\\\/image\\\/\"},\"sameAs\":[\"https:\\\/\\\/www.facebook.com\\\/institutfrancaisfi\",\"https:\\\/\\\/x.com\\\/IFFinlande\",\"https:\\\/\\\/www.instagram.com\\\/iffinlande\\\/\",\"https:\\\/\\\/fr.linkedin.com\\\/organization-guest\\\/company\\\/institut-fran-ais-de-finlande\",\"https:\\\/\\\/www.youtube.com\\\/channel\\\/UCHAitdpmSbeP78eL49XMotA\"]}]}<\/script>\n<!-- \/ Yoast SEO plugin. -->","yoast_head_json":{"title":"Activit\u00e9s en fran\u00e7ais - Institut fran\u00e7ais","robots":{"index":"index","follow":"follow","max-snippet":"max-snippet:-1","max-image-preview":"max-image-preview:large","max-video-preview":"max-video-preview:-1"},"canonical":"https:\/\/www.france.fi\/fr\/activites-en-francais\/","og_locale":"fr_FR","og_type":"article","og_title":"Activit\u00e9s en fran\u00e7ais - Institut fran\u00e7ais","og_description":"Pratiquez vos loisirs pr\u00e9f\u00e9r\u00e9s&#8230; en fran\u00e7ais ! En compl\u00e9ment de la programmation culturelle et des cours de fran\u00e7ais, l\u2019Institut fran\u00e7ais de Finlande propose des activit\u00e9s ludiques et cr\u00e9atives en fran\u00e7ais au sein de ses locaux : ateliers culinaires, cours de yoga, ateliers cr\u00e9atifs, et bien plus encore ! Cours hebdomadaires et workshops ponctuels Accessibles \u00e0 [&hellip;]","og_url":"https:\/\/www.france.fi\/fr\/activites-en-francais\/","og_site_name":"Institut fran\u00e7ais","article_publisher":"https:\/\/www.facebook.com\/institutfrancaisfi","article_modified_time":"2026-01-21T09:06:39+00:00","og_image":[{"width":1920,"height":1080,"url":"https:\/\/www.france.fi\/wp-content\/uploads\/2026\/01\/Activites-en-francais.jpg","type":"image\/jpeg"}],"twitter_card":"summary_large_image","twitter_site":"@IFFinlande","twitter_misc":{"Dur\u00e9e de lecture estim\u00e9e":"1 minute"},"schema":{"@context":"https:\/\/schema.org","@graph":[{"@type":"WebPage","@id":"https:\/\/www.france.fi\/fr\/activites-en-francais\/","url":"https:\/\/www.france.fi\/fr\/activites-en-francais\/","name":"Activit\u00e9s en fran\u00e7ais - Institut fran\u00e7ais","isPartOf":{"@id":"https:\/\/www.france.fi\/#website"},"primaryImageOfPage":{"@id":"https:\/\/www.france.fi\/fr\/activites-en-francais\/#primaryimage"},"image":{"@id":"https:\/\/www.france.fi\/fr\/activites-en-francais\/#primaryimage"},"thumbnailUrl":"https:\/\/www.france.fi\/wp-content\/uploads\/2026\/01\/Activites-en-francais.jpg","datePublished":"2026-01-14T12:09:39+00:00","dateModified":"2026-01-21T09:06:39+00:00","breadcrumb":{"@id":"https:\/\/www.france.fi\/fr\/activites-en-francais\/#breadcrumb"},"inLanguage":"fr-FR","potentialAction":[{"@type":"ReadAction","target":["https:\/\/www.france.fi\/fr\/activites-en-francais\/"]}]},{"@type":"ImageObject","inLanguage":"fr-FR","@id":"https:\/\/www.france.fi\/fr\/activites-en-francais\/#primaryimage","url":"https:\/\/www.france.fi\/wp-content\/uploads\/2026\/01\/Activites-en-francais.jpg","contentUrl":"https:\/\/www.france.fi\/wp-content\/uploads\/2026\/01\/Activites-en-francais.jpg","width":1920,"height":1080},{"@type":"BreadcrumbList","@id":"https:\/\/www.france.fi\/fr\/activites-en-francais\/#breadcrumb","itemListElement":[{"@type":"ListItem","position":1,"name":"Home","item":"https:\/\/www.france.fi\/fr\/"},{"@type":"ListItem","position":2,"name":"Activit\u00e9s en fran\u00e7ais"}]},{"@type":"WebSite","@id":"https:\/\/www.france.fi\/#website","url":"https:\/\/www.france.fi\/","name":"Institut fran\u00e7ais de Finlande","description":"","publisher":{"@id":"https:\/\/www.france.fi\/#organization"},"potentialAction":[{"@type":"SearchAction","target":{"@type":"EntryPoint","urlTemplate":"https:\/\/www.france.fi\/?s={search_term_string}"},"query-input":{"@type":"PropertyValueSpecification","valueRequired":true,"valueName":"search_term_string"}}],"inLanguage":"fr-FR"},{"@type":"Organization","@id":"https:\/\/www.france.fi\/#organization","name":"Institut fran\u00e7ais de Finlande","url":"https:\/\/www.france.fi\/","logo":{"@type":"ImageObject","inLanguage":"fr-FR","@id":"https:\/\/www.france.fi\/#\/schema\/logo\/image\/","url":"https:\/\/www.france.fi\/wp-content\/uploads\/2024\/02\/if-logo-1.png","contentUrl":"https:\/\/www.france.fi\/wp-content\/uploads\/2024\/02\/if-logo-1.png","width":687,"height":459,"caption":"Institut fran\u00e7ais de Finlande"},"image":{"@id":"https:\/\/www.france.fi\/#\/schema\/logo\/image\/"},"sameAs":["https:\/\/www.facebook.com\/institutfrancaisfi","https:\/\/x.com\/IFFinlande","https:\/\/www.instagram.com\/iffinlande\/","https:\/\/fr.linkedin.com\/organization-guest\/company\/institut-fran-ais-de-finlande","https:\/\/www.youtube.com\/channel\/UCHAitdpmSbeP78eL49XMotA"]}]}},"_links":{"self":[{"href":"https:\/\/www.france.fi\/fr\/wp-json\/wp\/v2\/pages\/22988","targetHints":{"allow":["GET"]}}],"collection":[{"href":"https:\/\/www.france.fi\/fr\/wp-json\/wp\/v2\/pages"}],"about":[{"href":"https:\/\/www.france.fi\/fr\/wp-json\/wp\/v2\/types\/page"}],"author":[{"embeddable":true,"href":"https:\/\/www.france.fi\/fr\/wp-json\/wp\/v2\/users\/2"}],"replies":[{"embeddable":true,"href":"https:\/\/www.france.fi\/fr\/wp-json\/wp\/v2\/comments?post=22988"}],"version-history":[{"count":0,"href":"https:\/\/www.france.fi\/fr\/wp-json\/wp\/v2\/pages\/22988\/revisions"}],"wp:featuredmedia":[{"embeddable":true,"href":"https:\/\/www.france.fi\/fr\/wp-json\/wp\/v2\/media\/22989"}],"wp:attachment":[{"href":"https:\/\/www.france.fi\/fr\/wp-json\/wp\/v2\/media?parent=22988"}],"curies":[{"name":"wp","href":"https:\/\/api.w.org\/{rel}","templated":true}]}}