{"id":23888,"date":"2026-02-26T15:40:29","date_gmt":"2026-02-26T13:40:29","guid":{"rendered":"https:\/\/www.france.fi\/?page_id=23888"},"modified":"2026-02-26T15:40:29","modified_gmt":"2026-02-26T13:40:29","slug":"espace-professeurs","status":"publish","type":"page","link":"https:\/\/www.france.fi\/fr\/education\/espace-professeurs\/","title":{"rendered":"Espace professeurs"},"content":{"rendered":"<p>Vous \u00eates professeur de fran\u00e7ais en Finlande ? Nous sommes l\u00e0 pour vous !<\/p>\n<p>L\u2019Institut fran\u00e7ais de Finlande accompagne les professeurs de fran\u00e7ais de Finlande en proposant des formations gratuites, des ressources p\u00e9dagogiques, des certifications pens\u00e9es sp\u00e9cifiquement pour le public scolaire, des visites de classe ainsi que des programmes de mobilit\u00e9 \u00e0 destination des lyc\u00e9ens.<\/p>\n<p>Retrouvez tout cela dans cette rubrique !<\/p>\n<p>Pour toute question concernant la coop\u00e9ration linguistique et l\u2019enseignement du fran\u00e7ais dans les \u00e9coles, n\u2019h\u00e9sitez pas \u00e0 nous contacter \u00e0 l\u2019adresse <span style=\"color: #3366ff;\"><a style=\"color: #3366ff;\" href=\"mailto:cooperation@france.fi\">cooperation@france.fi<\/a> <\/span>.<\/p>\n","protected":false},"excerpt":{"rendered":"<p>Vous \u00eates professeur de fran\u00e7ais en Finlande ? Nous sommes l\u00e0 pour vous ! L\u2019Institut fran\u00e7ais de Finlande accompagne les professeurs de fran\u00e7ais de Finlande en proposant des formations gratuites, des ressources p\u00e9dagogiques, des certifications pens\u00e9es sp\u00e9cifiquement pour le public scolaire, des visites de classe ainsi que des programmes de mobilit\u00e9 \u00e0 destination des lyc\u00e9ens. [&hellip;]<\/p>\n","protected":false},"author":2,"featured_media":0,"parent":347,"menu_order":0,"comment_status":"closed","ping_status":"closed","template":"","meta":{"footnotes":""},"class_list":["post-23888","page","type-page","status-publish","hentry","no-media"],"yoast_head":"<!-- This site is optimized with the Yoast SEO plugin v27.3 - https:\/\/yoast.com\/product\/yoast-seo-wordpress\/ -->\n<title>Espace professeurs - Institut fran\u00e7ais<\/title>\n<meta name=\"robots\" content=\"index, follow, max-snippet:-1, max-image-preview:large, max-video-preview:-1\" \/>\n<link rel=\"canonical\" href=\"https:\/\/www.france.fi\/fr\/education\/espace-professeurs\/\" \/>\n<meta property=\"og:locale\" content=\"fr_FR\" \/>\n<meta property=\"og:type\" content=\"article\" \/>\n<meta property=\"og:title\" content=\"Espace professeurs - Institut fran\u00e7ais\" \/>\n<meta property=\"og:description\" content=\"Vous \u00eates professeur de fran\u00e7ais en Finlande ? Nous sommes l\u00e0 pour vous ! L\u2019Institut fran\u00e7ais de Finlande accompagne les professeurs de fran\u00e7ais de Finlande en proposant des formations gratuites, des ressources p\u00e9dagogiques, des certifications pens\u00e9es sp\u00e9cifiquement pour le public scolaire, des visites de classe ainsi que des programmes de mobilit\u00e9 \u00e0 destination des lyc\u00e9ens. [&hellip;]\" \/>\n<meta property=\"og:url\" content=\"https:\/\/www.france.fi\/fr\/education\/espace-professeurs\/\" \/>\n<meta property=\"og:site_name\" content=\"Institut fran\u00e7ais\" \/>\n<meta property=\"article:publisher\" content=\"https:\/\/www.facebook.com\/institutfrancaisfi\" \/>\n<meta name=\"twitter:card\" content=\"summary_large_image\" \/>\n<meta name=\"twitter:site\" content=\"@IFFinlande\" \/>\n<meta name=\"twitter:label1\" content=\"Dur\u00e9e de lecture estim\u00e9e\" \/>\n\t<meta name=\"twitter:data1\" content=\"1 minute\" \/>\n<script type=\"application\/ld+json\" class=\"yoast-schema-graph\">{\"@context\":\"https:\\\/\\\/schema.org\",\"@graph\":[{\"@type\":\"WebPage\",\"@id\":\"https:\\\/\\\/www.france.fi\\\/fr\\\/education\\\/espace-professeurs\\\/\",\"url\":\"https:\\\/\\\/www.france.fi\\\/fr\\\/education\\\/espace-professeurs\\\/\",\"name\":\"Espace professeurs - Institut fran\u00e7ais\",\"isPartOf\":{\"@id\":\"https:\\\/\\\/www.france.fi\\\/#website\"},\"datePublished\":\"2026-02-26T13:40:29+00:00\",\"breadcrumb\":{\"@id\":\"https:\\\/\\\/www.france.fi\\\/fr\\\/education\\\/espace-professeurs\\\/#breadcrumb\"},\"inLanguage\":\"fr-FR\",\"potentialAction\":[{\"@type\":\"ReadAction\",\"target\":[\"https:\\\/\\\/www.france.fi\\\/fr\\\/education\\\/espace-professeurs\\\/\"]}]},{\"@type\":\"BreadcrumbList\",\"@id\":\"https:\\\/\\\/www.france.fi\\\/fr\\\/education\\\/espace-professeurs\\\/#breadcrumb\",\"itemListElement\":[{\"@type\":\"ListItem\",\"position\":1,\"name\":\"Home\",\"item\":\"https:\\\/\\\/www.france.fi\\\/fr\\\/\"},{\"@type\":\"ListItem\",\"position\":2,\"name\":\"\u00c9ducation\",\"item\":\"https:\\\/\\\/www.france.fi\\\/fr\\\/education\\\/\"},{\"@type\":\"ListItem\",\"position\":3,\"name\":\"Espace professeurs\"}]},{\"@type\":\"WebSite\",\"@id\":\"https:\\\/\\\/www.france.fi\\\/#website\",\"url\":\"https:\\\/\\\/www.france.fi\\\/\",\"name\":\"Institut fran\u00e7ais de Finlande\",\"description\":\"\",\"publisher\":{\"@id\":\"https:\\\/\\\/www.france.fi\\\/#organization\"},\"potentialAction\":[{\"@type\":\"SearchAction\",\"target\":{\"@type\":\"EntryPoint\",\"urlTemplate\":\"https:\\\/\\\/www.france.fi\\\/?s={search_term_string}\"},\"query-input\":{\"@type\":\"PropertyValueSpecification\",\"valueRequired\":true,\"valueName\":\"search_term_string\"}}],\"inLanguage\":\"fr-FR\"},{\"@type\":\"Organization\",\"@id\":\"https:\\\/\\\/www.france.fi\\\/#organization\",\"name\":\"Institut fran\u00e7ais de Finlande\",\"url\":\"https:\\\/\\\/www.france.fi\\\/\",\"logo\":{\"@type\":\"ImageObject\",\"inLanguage\":\"fr-FR\",\"@id\":\"https:\\\/\\\/www.france.fi\\\/#\\\/schema\\\/logo\\\/image\\\/\",\"url\":\"https:\\\/\\\/www.france.fi\\\/wp-content\\\/uploads\\\/2024\\\/02\\\/if-logo-1.png\",\"contentUrl\":\"https:\\\/\\\/www.france.fi\\\/wp-content\\\/uploads\\\/2024\\\/02\\\/if-logo-1.png\",\"width\":687,\"height\":459,\"caption\":\"Institut fran\u00e7ais de Finlande\"},\"image\":{\"@id\":\"https:\\\/\\\/www.france.fi\\\/#\\\/schema\\\/logo\\\/image\\\/\"},\"sameAs\":[\"https:\\\/\\\/www.facebook.com\\\/institutfrancaisfi\",\"https:\\\/\\\/x.com\\\/IFFinlande\",\"https:\\\/\\\/www.instagram.com\\\/iffinlande\\\/\",\"https:\\\/\\\/fr.linkedin.com\\\/organization-guest\\\/company\\\/institut-fran-ais-de-finlande\",\"https:\\\/\\\/www.youtube.com\\\/channel\\\/UCHAitdpmSbeP78eL49XMotA\"]}]}<\/script>\n<!-- \/ Yoast SEO plugin. -->","yoast_head_json":{"title":"Espace professeurs - Institut fran\u00e7ais","robots":{"index":"index","follow":"follow","max-snippet":"max-snippet:-1","max-image-preview":"max-image-preview:large","max-video-preview":"max-video-preview:-1"},"canonical":"https:\/\/www.france.fi\/fr\/education\/espace-professeurs\/","og_locale":"fr_FR","og_type":"article","og_title":"Espace professeurs - Institut fran\u00e7ais","og_description":"Vous \u00eates professeur de fran\u00e7ais en Finlande ? Nous sommes l\u00e0 pour vous ! L\u2019Institut fran\u00e7ais de Finlande accompagne les professeurs de fran\u00e7ais de Finlande en proposant des formations gratuites, des ressources p\u00e9dagogiques, des certifications pens\u00e9es sp\u00e9cifiquement pour le public scolaire, des visites de classe ainsi que des programmes de mobilit\u00e9 \u00e0 destination des lyc\u00e9ens. [&hellip;]","og_url":"https:\/\/www.france.fi\/fr\/education\/espace-professeurs\/","og_site_name":"Institut fran\u00e7ais","article_publisher":"https:\/\/www.facebook.com\/institutfrancaisfi","twitter_card":"summary_large_image","twitter_site":"@IFFinlande","twitter_misc":{"Dur\u00e9e de lecture estim\u00e9e":"1 minute"},"schema":{"@context":"https:\/\/schema.org","@graph":[{"@type":"WebPage","@id":"https:\/\/www.france.fi\/fr\/education\/espace-professeurs\/","url":"https:\/\/www.france.fi\/fr\/education\/espace-professeurs\/","name":"Espace professeurs - Institut fran\u00e7ais","isPartOf":{"@id":"https:\/\/www.france.fi\/#website"},"datePublished":"2026-02-26T13:40:29+00:00","breadcrumb":{"@id":"https:\/\/www.france.fi\/fr\/education\/espace-professeurs\/#breadcrumb"},"inLanguage":"fr-FR","potentialAction":[{"@type":"ReadAction","target":["https:\/\/www.france.fi\/fr\/education\/espace-professeurs\/"]}]},{"@type":"BreadcrumbList","@id":"https:\/\/www.france.fi\/fr\/education\/espace-professeurs\/#breadcrumb","itemListElement":[{"@type":"ListItem","position":1,"name":"Home","item":"https:\/\/www.france.fi\/fr\/"},{"@type":"ListItem","position":2,"name":"\u00c9ducation","item":"https:\/\/www.france.fi\/fr\/education\/"},{"@type":"ListItem","position":3,"name":"Espace professeurs"}]},{"@type":"WebSite","@id":"https:\/\/www.france.fi\/#website","url":"https:\/\/www.france.fi\/","name":"Institut fran\u00e7ais de Finlande","description":"","publisher":{"@id":"https:\/\/www.france.fi\/#organization"},"potentialAction":[{"@type":"SearchAction","target":{"@type":"EntryPoint","urlTemplate":"https:\/\/www.france.fi\/?s={search_term_string}"},"query-input":{"@type":"PropertyValueSpecification","valueRequired":true,"valueName":"search_term_string"}}],"inLanguage":"fr-FR"},{"@type":"Organization","@id":"https:\/\/www.france.fi\/#organization","name":"Institut fran\u00e7ais de Finlande","url":"https:\/\/www.france.fi\/","logo":{"@type":"ImageObject","inLanguage":"fr-FR","@id":"https:\/\/www.france.fi\/#\/schema\/logo\/image\/","url":"https:\/\/www.france.fi\/wp-content\/uploads\/2024\/02\/if-logo-1.png","contentUrl":"https:\/\/www.france.fi\/wp-content\/uploads\/2024\/02\/if-logo-1.png","width":687,"height":459,"caption":"Institut fran\u00e7ais de Finlande"},"image":{"@id":"https:\/\/www.france.fi\/#\/schema\/logo\/image\/"},"sameAs":["https:\/\/www.facebook.com\/institutfrancaisfi","https:\/\/x.com\/IFFinlande","https:\/\/www.instagram.com\/iffinlande\/","https:\/\/fr.linkedin.com\/organization-guest\/company\/institut-fran-ais-de-finlande","https:\/\/www.youtube.com\/channel\/UCHAitdpmSbeP78eL49XMotA"]}]}},"_links":{"self":[{"href":"https:\/\/www.france.fi\/fr\/wp-json\/wp\/v2\/pages\/23888","targetHints":{"allow":["GET"]}}],"collection":[{"href":"https:\/\/www.france.fi\/fr\/wp-json\/wp\/v2\/pages"}],"about":[{"href":"https:\/\/www.france.fi\/fr\/wp-json\/wp\/v2\/types\/page"}],"author":[{"embeddable":true,"href":"https:\/\/www.france.fi\/fr\/wp-json\/wp\/v2\/users\/2"}],"replies":[{"embeddable":true,"href":"https:\/\/www.france.fi\/fr\/wp-json\/wp\/v2\/comments?post=23888"}],"version-history":[{"count":0,"href":"https:\/\/www.france.fi\/fr\/wp-json\/wp\/v2\/pages\/23888\/revisions"}],"up":[{"embeddable":true,"href":"https:\/\/www.france.fi\/fr\/wp-json\/wp\/v2\/pages\/347"}],"wp:attachment":[{"href":"https:\/\/www.france.fi\/fr\/wp-json\/wp\/v2\/media?parent=23888"}],"curies":[{"name":"wp","href":"https:\/\/api.w.org\/{rel}","templated":true}]}}