{"id":23911,"date":"2026-03-09T09:42:59","date_gmt":"2026-03-09T07:42:59","guid":{"rendered":"https:\/\/www.france.fi\/?page_id=23911"},"modified":"2026-03-16T11:26:21","modified_gmt":"2026-03-16T09:26:21","slug":"visites-de-classe","status":"publish","type":"page","link":"https:\/\/www.france.fi\/fr\/education\/espace-professeurs\/visites-de-classe\/","title":{"rendered":"Visites de classe"},"content":{"rendered":"<p><strong>Visites de classe \u00e0 l\u2019Institut fran\u00e7ais de Finlande<\/strong><\/p>\n<p>Offrez \u00e0 vos \u00e9l\u00e8ves une immersion vivante dans la langue et la culture fran\u00e7aises gr\u00e2ce \u00e0 nos ateliers p\u00e9dagogiques cl\u00e9s en main. L\u2019Institut fran\u00e7ais de Finlande accompagne activement le r\u00e9seau des enseignants de fran\u00e7ais en proposant des modules interactifs adapt\u00e9s aux classes, pour motiver les \u00e9l\u00e8ves et donner du sens \u00e0 l\u2019apprentissage du fran\u00e7ais.<\/p>\n<p>Les visites permettent de d\u00e9couvrir l\u2019Institut, la m\u00e9diath\u00e8que et de nombreuses opportunit\u00e9s culturelles et \u00e9ducatives \u2014 le tout dans une atmosph\u00e8re conviviale et stimulante.<\/p>\n\n\n<p><\/p>\n\n\n\n<details class=\"wp-block-details has-large-font-size is-layout-flow wp-block-details-is-layout-flow\"><summary><strong>3 modules au choix selon vos objectifs<\/strong><\/summary>\n<ul>\n<li><strong>Actualit\u00e9 culturelle<\/strong><br>Panorama de la culture fran\u00e7aise contemporaine (musique, litt\u00e9rature, cr\u00e9ation num\u00e9rique) + ressources pour \u00e9couter et lire du fran\u00e7ais au quotidien.<\/li>\n<li><strong style=\"font-size: revert;\">Gastronomie<br><\/strong>D\u00e9couverte des traditions culinaires fran\u00e7aises en comparaison avec la Finlande, coutumes des repas et sp\u00e9cialit\u00e9s r\u00e9gionales.<\/li>\n<li><strong style=\"font-size: revert;\">Stop aux clich\u00e9s !<br><\/strong>Un module dynamique pour d\u00e9construire les st\u00e9r\u00e9otypes sur la France et \u00e9largir la vision des \u00e9l\u00e8ves sur le monde francophone.<\/li>\n<\/ul>\n<\/details>\n\n\n\n<h5><strong>Un bonus pour vos \u00e9l\u00e8ves<\/strong><\/h5>\n<p>Apr\u00e8s l\u2019atelier :<\/p>\n<ul>\n<li>Visite de la m\u00e9diath\u00e8que et cr\u00e9ation gratuite d\u2019une carte m\u00e9diath\u00e8que<\/li>\n<li>Acc\u00e8s \u00e0 Cultureth\u00e8que, notre m\u00e9diath\u00e8que num\u00e9rique (magazines, livres, podcasts\u2026)<\/li>\n<\/ul>\n<h5><strong>Organisation pratique<\/strong><\/h5>\n<ul>\n<li>Les ateliers ont lieu \u00e0 l\u2019institut francais ou en ligne via Teams (l\u2019\u00e9quipe de l\u2019institut peut \u00e9galement se d\u00e9placer dans votre \u00e9tablissement mais cela suscitera des frais suppl\u00e9mentaires pour les transports des agents. Pour avoir un devis, veuillez contacter <span style=\"color: #3366ff;\"><a style=\"color: #3366ff;\" href=\"mailto:cooperation@france.fi\">cooperation@france.fi<\/a><\/span>)<\/li>\n<li>L\u2019atelier dure 45-60min<\/li>\n<li>Groupe obligatoirement accompagn\u00e9 du professeur de fran\u00e7ais<\/li>\n<li>Horaires : lundi\u2013vendredi, 9h\u201316h<\/li>\n<\/ul>\n<p>\ud83d\udc49 <strong>Inscription: via le formulaire d\u00e9di\u00e9 ci-dessous<\/strong><\/p>\n<p><span style=\"color: #3366ff;\"><a style=\"color: #3366ff;\" href=\"https:\/\/forms.office.com\/Pages\/DesignPageV2.aspx?origin=NeoPortalPage&amp;subpage=design&amp;id=j35b_3gxyEuOb4R2M56TIJmt75hyP7hNqBW2PSC5aKVUNzNEMkJTTURBMzREOUhDS1VUS0dQREFNUi4u&amp;analysis=false\" target=\"_blank\" rel=\"noopener\">Formulaire d&rsquo;inscription pour les visites de classe<\/a>\u00a0<\/span><\/p>\n<p><iframe loading=\"lazy\" style=\"border: none; max-width: 100%; max-height: 100vh;\" src=\"https:\/\/forms.office.com\/Pages\/ResponsePage.aspx?id=j35b_3gxyEuOb4R2M56TIHW1VKiNhrBFu8PtKMDfvjhUMUFDV0I3VVFPMDBUMlRXQ0hKSzdHUk4wOC4u&amp;embed=true\" width=\"640px\" height=\"480px\" frameborder=\"0\" marginwidth=\"0\" marginheight=\"0\" allowfullscreen=\"allowfullscreen\" data-mce-fragment=\"1\"> <\/iframe><\/p>\n<h5><strong>Avant la visite<\/strong><\/h5>\n<p>Afin que l\u2019atelier soit une exp\u00e9rience enrichissante et propice \u00e0 l\u2019apprentissage, nous vous remercions de bien vouloir pr\u00e9parer votre venue \u00e0 l\u2019Institut fran\u00e7ais lors de vos cours de fran\u00e7ais pr\u00e9c\u00e9dant la visite.<\/p>\n<p>Vous pouvez, par exemple, revoir le vocabulaire li\u00e9 au th\u00e8me ou inviter les \u00e9l\u00e8ves \u00e0 pr\u00e9parer \u00e0 l\u2019avance des questions sur les sujets qui seront abord\u00e9s pendant l\u2019atelier.<\/p>\n\n\n\n<p><\/p>\n","protected":false},"excerpt":{"rendered":"<p>Visites de classe \u00e0 l\u2019Institut fran\u00e7ais de Finlande Offrez \u00e0 vos \u00e9l\u00e8ves une immersion vivante dans la langue et la culture fran\u00e7aises gr\u00e2ce \u00e0 nos ateliers p\u00e9dagogiques cl\u00e9s en main. L\u2019Institut fran\u00e7ais de Finlande accompagne activement le r\u00e9seau des enseignants de fran\u00e7ais en proposant des modules interactifs adapt\u00e9s aux classes, pour motiver les \u00e9l\u00e8ves et [&hellip;]<\/p>\n","protected":false},"author":2,"featured_media":0,"parent":23888,"menu_order":0,"comment_status":"closed","ping_status":"closed","template":"","meta":{"footnotes":""},"class_list":["post-23911","page","type-page","status-publish","hentry","no-media"],"yoast_head":"<!-- This site is optimized with the Yoast SEO plugin v27.4 - https:\/\/yoast.com\/product\/yoast-seo-wordpress\/ -->\n<title>Visites de classe - Institut fran\u00e7ais<\/title>\n<meta name=\"robots\" content=\"index, follow, max-snippet:-1, max-image-preview:large, max-video-preview:-1\" \/>\n<link rel=\"canonical\" href=\"https:\/\/www.france.fi\/fr\/education\/espace-professeurs\/visites-de-classe\/\" \/>\n<meta property=\"og:locale\" content=\"fr_FR\" \/>\n<meta property=\"og:type\" content=\"article\" \/>\n<meta property=\"og:title\" content=\"Visites de classe - Institut fran\u00e7ais\" \/>\n<meta property=\"og:description\" content=\"Visites de classe \u00e0 l\u2019Institut fran\u00e7ais de Finlande Offrez \u00e0 vos \u00e9l\u00e8ves une immersion vivante dans la langue et la culture fran\u00e7aises gr\u00e2ce \u00e0 nos ateliers p\u00e9dagogiques cl\u00e9s en main. L\u2019Institut fran\u00e7ais de Finlande accompagne activement le r\u00e9seau des enseignants de fran\u00e7ais en proposant des modules interactifs adapt\u00e9s aux classes, pour motiver les \u00e9l\u00e8ves et [&hellip;]\" \/>\n<meta property=\"og:url\" content=\"https:\/\/www.france.fi\/fr\/education\/espace-professeurs\/visites-de-classe\/\" \/>\n<meta property=\"og:site_name\" content=\"Institut fran\u00e7ais\" \/>\n<meta property=\"article:publisher\" content=\"https:\/\/www.facebook.com\/institutfrancaisfi\" \/>\n<meta property=\"article:modified_time\" content=\"2026-03-16T09:26:21+00:00\" \/>\n<meta name=\"twitter:card\" content=\"summary_large_image\" \/>\n<meta name=\"twitter:site\" content=\"@IFFinlande\" \/>\n<meta name=\"twitter:label1\" content=\"Dur\u00e9e de lecture estim\u00e9e\" \/>\n\t<meta name=\"twitter:data1\" content=\"2 minutes\" \/>\n<script type=\"application\/ld+json\" class=\"yoast-schema-graph\">{\"@context\":\"https:\\\/\\\/schema.org\",\"@graph\":[{\"@type\":\"WebPage\",\"@id\":\"https:\\\/\\\/www.france.fi\\\/fr\\\/education\\\/espace-professeurs\\\/visites-de-classe\\\/\",\"url\":\"https:\\\/\\\/www.france.fi\\\/fr\\\/education\\\/espace-professeurs\\\/visites-de-classe\\\/\",\"name\":\"Visites de classe - Institut fran\u00e7ais\",\"isPartOf\":{\"@id\":\"https:\\\/\\\/www.france.fi\\\/#website\"},\"datePublished\":\"2026-03-09T07:42:59+00:00\",\"dateModified\":\"2026-03-16T09:26:21+00:00\",\"breadcrumb\":{\"@id\":\"https:\\\/\\\/www.france.fi\\\/fr\\\/education\\\/espace-professeurs\\\/visites-de-classe\\\/#breadcrumb\"},\"inLanguage\":\"fr-FR\",\"potentialAction\":[{\"@type\":\"ReadAction\",\"target\":[\"https:\\\/\\\/www.france.fi\\\/fr\\\/education\\\/espace-professeurs\\\/visites-de-classe\\\/\"]}]},{\"@type\":\"BreadcrumbList\",\"@id\":\"https:\\\/\\\/www.france.fi\\\/fr\\\/education\\\/espace-professeurs\\\/visites-de-classe\\\/#breadcrumb\",\"itemListElement\":[{\"@type\":\"ListItem\",\"position\":1,\"name\":\"Home\",\"item\":\"https:\\\/\\\/www.france.fi\\\/fr\\\/\"},{\"@type\":\"ListItem\",\"position\":2,\"name\":\"\u00c9ducation\",\"item\":\"https:\\\/\\\/www.france.fi\\\/fr\\\/education\\\/\"},{\"@type\":\"ListItem\",\"position\":3,\"name\":\"Espace professeurs\",\"item\":\"https:\\\/\\\/www.france.fi\\\/fr\\\/education\\\/espace-professeurs\\\/\"},{\"@type\":\"ListItem\",\"position\":4,\"name\":\"Visites de classe\"}]},{\"@type\":\"WebSite\",\"@id\":\"https:\\\/\\\/www.france.fi\\\/#website\",\"url\":\"https:\\\/\\\/www.france.fi\\\/\",\"name\":\"Institut fran\u00e7ais de Finlande\",\"description\":\"\",\"publisher\":{\"@id\":\"https:\\\/\\\/www.france.fi\\\/#organization\"},\"potentialAction\":[{\"@type\":\"SearchAction\",\"target\":{\"@type\":\"EntryPoint\",\"urlTemplate\":\"https:\\\/\\\/www.france.fi\\\/?s={search_term_string}\"},\"query-input\":{\"@type\":\"PropertyValueSpecification\",\"valueRequired\":true,\"valueName\":\"search_term_string\"}}],\"inLanguage\":\"fr-FR\"},{\"@type\":\"Organization\",\"@id\":\"https:\\\/\\\/www.france.fi\\\/#organization\",\"name\":\"Institut fran\u00e7ais de Finlande\",\"url\":\"https:\\\/\\\/www.france.fi\\\/\",\"logo\":{\"@type\":\"ImageObject\",\"inLanguage\":\"fr-FR\",\"@id\":\"https:\\\/\\\/www.france.fi\\\/#\\\/schema\\\/logo\\\/image\\\/\",\"url\":\"https:\\\/\\\/www.france.fi\\\/wp-content\\\/uploads\\\/2024\\\/02\\\/if-logo-1.png\",\"contentUrl\":\"https:\\\/\\\/www.france.fi\\\/wp-content\\\/uploads\\\/2024\\\/02\\\/if-logo-1.png\",\"width\":687,\"height\":459,\"caption\":\"Institut fran\u00e7ais de Finlande\"},\"image\":{\"@id\":\"https:\\\/\\\/www.france.fi\\\/#\\\/schema\\\/logo\\\/image\\\/\"},\"sameAs\":[\"https:\\\/\\\/www.facebook.com\\\/institutfrancaisfi\",\"https:\\\/\\\/x.com\\\/IFFinlande\",\"https:\\\/\\\/www.instagram.com\\\/iffinlande\\\/\",\"https:\\\/\\\/fr.linkedin.com\\\/organization-guest\\\/company\\\/institut-fran-ais-de-finlande\",\"https:\\\/\\\/www.youtube.com\\\/channel\\\/UCHAitdpmSbeP78eL49XMotA\"]}]}<\/script>\n<!-- \/ Yoast SEO plugin. -->","yoast_head_json":{"title":"Visites de classe - Institut fran\u00e7ais","robots":{"index":"index","follow":"follow","max-snippet":"max-snippet:-1","max-image-preview":"max-image-preview:large","max-video-preview":"max-video-preview:-1"},"canonical":"https:\/\/www.france.fi\/fr\/education\/espace-professeurs\/visites-de-classe\/","og_locale":"fr_FR","og_type":"article","og_title":"Visites de classe - Institut fran\u00e7ais","og_description":"Visites de classe \u00e0 l\u2019Institut fran\u00e7ais de Finlande Offrez \u00e0 vos \u00e9l\u00e8ves une immersion vivante dans la langue et la culture fran\u00e7aises gr\u00e2ce \u00e0 nos ateliers p\u00e9dagogiques cl\u00e9s en main. L\u2019Institut fran\u00e7ais de Finlande accompagne activement le r\u00e9seau des enseignants de fran\u00e7ais en proposant des modules interactifs adapt\u00e9s aux classes, pour motiver les \u00e9l\u00e8ves et [&hellip;]","og_url":"https:\/\/www.france.fi\/fr\/education\/espace-professeurs\/visites-de-classe\/","og_site_name":"Institut fran\u00e7ais","article_publisher":"https:\/\/www.facebook.com\/institutfrancaisfi","article_modified_time":"2026-03-16T09:26:21+00:00","twitter_card":"summary_large_image","twitter_site":"@IFFinlande","twitter_misc":{"Dur\u00e9e de lecture estim\u00e9e":"2 minutes"},"schema":{"@context":"https:\/\/schema.org","@graph":[{"@type":"WebPage","@id":"https:\/\/www.france.fi\/fr\/education\/espace-professeurs\/visites-de-classe\/","url":"https:\/\/www.france.fi\/fr\/education\/espace-professeurs\/visites-de-classe\/","name":"Visites de classe - Institut fran\u00e7ais","isPartOf":{"@id":"https:\/\/www.france.fi\/#website"},"datePublished":"2026-03-09T07:42:59+00:00","dateModified":"2026-03-16T09:26:21+00:00","breadcrumb":{"@id":"https:\/\/www.france.fi\/fr\/education\/espace-professeurs\/visites-de-classe\/#breadcrumb"},"inLanguage":"fr-FR","potentialAction":[{"@type":"ReadAction","target":["https:\/\/www.france.fi\/fr\/education\/espace-professeurs\/visites-de-classe\/"]}]},{"@type":"BreadcrumbList","@id":"https:\/\/www.france.fi\/fr\/education\/espace-professeurs\/visites-de-classe\/#breadcrumb","itemListElement":[{"@type":"ListItem","position":1,"name":"Home","item":"https:\/\/www.france.fi\/fr\/"},{"@type":"ListItem","position":2,"name":"\u00c9ducation","item":"https:\/\/www.france.fi\/fr\/education\/"},{"@type":"ListItem","position":3,"name":"Espace professeurs","item":"https:\/\/www.france.fi\/fr\/education\/espace-professeurs\/"},{"@type":"ListItem","position":4,"name":"Visites de classe"}]},{"@type":"WebSite","@id":"https:\/\/www.france.fi\/#website","url":"https:\/\/www.france.fi\/","name":"Institut fran\u00e7ais de Finlande","description":"","publisher":{"@id":"https:\/\/www.france.fi\/#organization"},"potentialAction":[{"@type":"SearchAction","target":{"@type":"EntryPoint","urlTemplate":"https:\/\/www.france.fi\/?s={search_term_string}"},"query-input":{"@type":"PropertyValueSpecification","valueRequired":true,"valueName":"search_term_string"}}],"inLanguage":"fr-FR"},{"@type":"Organization","@id":"https:\/\/www.france.fi\/#organization","name":"Institut fran\u00e7ais de Finlande","url":"https:\/\/www.france.fi\/","logo":{"@type":"ImageObject","inLanguage":"fr-FR","@id":"https:\/\/www.france.fi\/#\/schema\/logo\/image\/","url":"https:\/\/www.france.fi\/wp-content\/uploads\/2024\/02\/if-logo-1.png","contentUrl":"https:\/\/www.france.fi\/wp-content\/uploads\/2024\/02\/if-logo-1.png","width":687,"height":459,"caption":"Institut fran\u00e7ais de Finlande"},"image":{"@id":"https:\/\/www.france.fi\/#\/schema\/logo\/image\/"},"sameAs":["https:\/\/www.facebook.com\/institutfrancaisfi","https:\/\/x.com\/IFFinlande","https:\/\/www.instagram.com\/iffinlande\/","https:\/\/fr.linkedin.com\/organization-guest\/company\/institut-fran-ais-de-finlande","https:\/\/www.youtube.com\/channel\/UCHAitdpmSbeP78eL49XMotA"]}]}},"_links":{"self":[{"href":"https:\/\/www.france.fi\/fr\/wp-json\/wp\/v2\/pages\/23911","targetHints":{"allow":["GET"]}}],"collection":[{"href":"https:\/\/www.france.fi\/fr\/wp-json\/wp\/v2\/pages"}],"about":[{"href":"https:\/\/www.france.fi\/fr\/wp-json\/wp\/v2\/types\/page"}],"author":[{"embeddable":true,"href":"https:\/\/www.france.fi\/fr\/wp-json\/wp\/v2\/users\/2"}],"replies":[{"embeddable":true,"href":"https:\/\/www.france.fi\/fr\/wp-json\/wp\/v2\/comments?post=23911"}],"version-history":[{"count":1,"href":"https:\/\/www.france.fi\/fr\/wp-json\/wp\/v2\/pages\/23911\/revisions"}],"predecessor-version":[{"id":24226,"href":"https:\/\/www.france.fi\/fr\/wp-json\/wp\/v2\/pages\/23911\/revisions\/24226"}],"up":[{"embeddable":true,"href":"https:\/\/www.france.fi\/fr\/wp-json\/wp\/v2\/pages\/23888"}],"wp:attachment":[{"href":"https:\/\/www.france.fi\/fr\/wp-json\/wp\/v2\/media?parent=23911"}],"curies":[{"name":"wp","href":"https:\/\/api.w.org\/{rel}","templated":true}]}}