{"id":23926,"date":"2026-03-09T14:42:57","date_gmt":"2026-03-09T12:42:57","guid":{"rendered":"https:\/\/www.france.fi\/?page_id=23926"},"modified":"2026-03-09T14:42:58","modified_gmt":"2026-03-09T12:42:58","slug":"etudes-superieures-en-france","status":"publish","type":"page","link":"https:\/\/www.france.fi\/fr\/education\/etudes-superieures-en-france\/","title":{"rendered":"\u00c9tudes sup\u00e9rieures en France"},"content":{"rendered":"\n<p>Vous souhaitez \u00e9tudier en France ?<\/p>\n<p>Vous voulez en savoir plus sur les possibilit\u00e9s d\u2019\u00e9tudes ? Vous avez besoin d\u2019aide pour le processus de candidature ? Vous \u00eates au bon endroit !<\/p>\n<p><strong><span style=\"color: #3366ff;\"><a style=\"color: #3366ff;\" href=\"https:\/\/www.campusfrance.org\/fr\" target=\"_blank\" rel=\"noopener\">Campus France<\/a><\/span><\/strong> est l\u2019agence charg\u00e9e de la promotion de l\u2019enseignement sup\u00e9rieur fran\u00e7ais, de l\u2019accueil et de la mobilit\u00e9 internationale. Elle dispose de bureaux dans une centaine de pays \u00e0 travers le monde.<\/p>\n<p>Campus France Finlande fait partie de l\u2019Institut fran\u00e7ais de Finlande. Nous vous proposons toutes les informations et ressources n\u00e9cessaires pour pr\u00e9parer vos \u00e9tudes sup\u00e9rieures en France, ainsi qu\u2019un accompagnement personnalis\u00e9 \u00e0 chaque \u00e9tape de votre d\u00e9marche. Nous vous soutenons tout au long du processus, de la candidature jusqu\u2019au d\u00e9but de vos \u00e9tudes.<\/p>\n<p>Nous animons \u00e9galement un r\u00e9seau d\u2019alumni qui rassemble les Finlandais ayant \u00e9tudi\u00e9 en France ou en fran\u00e7ais.<\/p>\n<p>Sur cette page, vous trouverez l\u2019ensemble de nos services pour les \u00e9tudiants int\u00e9ress\u00e9s par les \u00e9tudes sup\u00e9rieures en France.<\/p>\n\n\n\n<p><\/p>\n","protected":false},"excerpt":{"rendered":"<p>Vous souhaitez \u00e9tudier en France ? Vous voulez en savoir plus sur les possibilit\u00e9s d\u2019\u00e9tudes ? Vous avez besoin d\u2019aide pour le processus de candidature ? Vous \u00eates au bon endroit ! Campus France est l\u2019agence charg\u00e9e de la promotion de l\u2019enseignement sup\u00e9rieur fran\u00e7ais, de l\u2019accueil et de la mobilit\u00e9 internationale. Elle dispose de bureaux [&hellip;]<\/p>\n","protected":false},"author":2,"featured_media":0,"parent":347,"menu_order":0,"comment_status":"closed","ping_status":"closed","template":"","meta":{"footnotes":""},"class_list":["post-23926","page","type-page","status-publish","hentry","no-media"],"yoast_head":"<!-- This site is optimized with the Yoast SEO plugin v27.4 - https:\/\/yoast.com\/product\/yoast-seo-wordpress\/ -->\n<title>\u00c9tudes sup\u00e9rieures en France - Institut fran\u00e7ais<\/title>\n<meta name=\"robots\" content=\"index, follow, max-snippet:-1, max-image-preview:large, max-video-preview:-1\" \/>\n<link rel=\"canonical\" href=\"https:\/\/www.france.fi\/fr\/education\/etudes-superieures-en-france\/\" \/>\n<meta property=\"og:locale\" content=\"fr_FR\" \/>\n<meta property=\"og:type\" content=\"article\" \/>\n<meta property=\"og:title\" content=\"\u00c9tudes sup\u00e9rieures en France - Institut fran\u00e7ais\" \/>\n<meta property=\"og:description\" content=\"Vous souhaitez \u00e9tudier en France ? Vous voulez en savoir plus sur les possibilit\u00e9s d\u2019\u00e9tudes ? Vous avez besoin d\u2019aide pour le processus de candidature ? Vous \u00eates au bon endroit ! Campus France est l\u2019agence charg\u00e9e de la promotion de l\u2019enseignement sup\u00e9rieur fran\u00e7ais, de l\u2019accueil et de la mobilit\u00e9 internationale. Elle dispose de bureaux [&hellip;]\" \/>\n<meta property=\"og:url\" content=\"https:\/\/www.france.fi\/fr\/education\/etudes-superieures-en-france\/\" \/>\n<meta property=\"og:site_name\" content=\"Institut fran\u00e7ais\" \/>\n<meta property=\"article:publisher\" content=\"https:\/\/www.facebook.com\/institutfrancaisfi\" \/>\n<meta property=\"article:modified_time\" content=\"2026-03-09T12:42:58+00:00\" \/>\n<meta name=\"twitter:card\" content=\"summary_large_image\" \/>\n<meta name=\"twitter:site\" content=\"@IFFinlande\" \/>\n<meta name=\"twitter:label1\" content=\"Dur\u00e9e de lecture estim\u00e9e\" \/>\n\t<meta name=\"twitter:data1\" content=\"1 minute\" \/>\n<script type=\"application\/ld+json\" class=\"yoast-schema-graph\">{\"@context\":\"https:\\\/\\\/schema.org\",\"@graph\":[{\"@type\":\"WebPage\",\"@id\":\"https:\\\/\\\/www.france.fi\\\/fr\\\/education\\\/etudes-superieures-en-france\\\/\",\"url\":\"https:\\\/\\\/www.france.fi\\\/fr\\\/education\\\/etudes-superieures-en-france\\\/\",\"name\":\"\u00c9tudes sup\u00e9rieures en France - Institut fran\u00e7ais\",\"isPartOf\":{\"@id\":\"https:\\\/\\\/www.france.fi\\\/#website\"},\"datePublished\":\"2026-03-09T12:42:57+00:00\",\"dateModified\":\"2026-03-09T12:42:58+00:00\",\"breadcrumb\":{\"@id\":\"https:\\\/\\\/www.france.fi\\\/fr\\\/education\\\/etudes-superieures-en-france\\\/#breadcrumb\"},\"inLanguage\":\"fr-FR\",\"potentialAction\":[{\"@type\":\"ReadAction\",\"target\":[\"https:\\\/\\\/www.france.fi\\\/fr\\\/education\\\/etudes-superieures-en-france\\\/\"]}]},{\"@type\":\"BreadcrumbList\",\"@id\":\"https:\\\/\\\/www.france.fi\\\/fr\\\/education\\\/etudes-superieures-en-france\\\/#breadcrumb\",\"itemListElement\":[{\"@type\":\"ListItem\",\"position\":1,\"name\":\"Home\",\"item\":\"https:\\\/\\\/www.france.fi\\\/fr\\\/\"},{\"@type\":\"ListItem\",\"position\":2,\"name\":\"\u00c9ducation\",\"item\":\"https:\\\/\\\/www.france.fi\\\/fr\\\/education\\\/\"},{\"@type\":\"ListItem\",\"position\":3,\"name\":\"\u00c9tudes sup\u00e9rieures en France\"}]},{\"@type\":\"WebSite\",\"@id\":\"https:\\\/\\\/www.france.fi\\\/#website\",\"url\":\"https:\\\/\\\/www.france.fi\\\/\",\"name\":\"Institut fran\u00e7ais de Finlande\",\"description\":\"\",\"publisher\":{\"@id\":\"https:\\\/\\\/www.france.fi\\\/#organization\"},\"potentialAction\":[{\"@type\":\"SearchAction\",\"target\":{\"@type\":\"EntryPoint\",\"urlTemplate\":\"https:\\\/\\\/www.france.fi\\\/?s={search_term_string}\"},\"query-input\":{\"@type\":\"PropertyValueSpecification\",\"valueRequired\":true,\"valueName\":\"search_term_string\"}}],\"inLanguage\":\"fr-FR\"},{\"@type\":\"Organization\",\"@id\":\"https:\\\/\\\/www.france.fi\\\/#organization\",\"name\":\"Institut fran\u00e7ais de Finlande\",\"url\":\"https:\\\/\\\/www.france.fi\\\/\",\"logo\":{\"@type\":\"ImageObject\",\"inLanguage\":\"fr-FR\",\"@id\":\"https:\\\/\\\/www.france.fi\\\/#\\\/schema\\\/logo\\\/image\\\/\",\"url\":\"https:\\\/\\\/www.france.fi\\\/wp-content\\\/uploads\\\/2024\\\/02\\\/if-logo-1.png\",\"contentUrl\":\"https:\\\/\\\/www.france.fi\\\/wp-content\\\/uploads\\\/2024\\\/02\\\/if-logo-1.png\",\"width\":687,\"height\":459,\"caption\":\"Institut fran\u00e7ais de Finlande\"},\"image\":{\"@id\":\"https:\\\/\\\/www.france.fi\\\/#\\\/schema\\\/logo\\\/image\\\/\"},\"sameAs\":[\"https:\\\/\\\/www.facebook.com\\\/institutfrancaisfi\",\"https:\\\/\\\/x.com\\\/IFFinlande\",\"https:\\\/\\\/www.instagram.com\\\/iffinlande\\\/\",\"https:\\\/\\\/fr.linkedin.com\\\/organization-guest\\\/company\\\/institut-fran-ais-de-finlande\",\"https:\\\/\\\/www.youtube.com\\\/channel\\\/UCHAitdpmSbeP78eL49XMotA\"]}]}<\/script>\n<!-- \/ Yoast SEO plugin. -->","yoast_head_json":{"title":"\u00c9tudes sup\u00e9rieures en France - Institut fran\u00e7ais","robots":{"index":"index","follow":"follow","max-snippet":"max-snippet:-1","max-image-preview":"max-image-preview:large","max-video-preview":"max-video-preview:-1"},"canonical":"https:\/\/www.france.fi\/fr\/education\/etudes-superieures-en-france\/","og_locale":"fr_FR","og_type":"article","og_title":"\u00c9tudes sup\u00e9rieures en France - Institut fran\u00e7ais","og_description":"Vous souhaitez \u00e9tudier en France ? Vous voulez en savoir plus sur les possibilit\u00e9s d\u2019\u00e9tudes ? Vous avez besoin d\u2019aide pour le processus de candidature ? Vous \u00eates au bon endroit ! Campus France est l\u2019agence charg\u00e9e de la promotion de l\u2019enseignement sup\u00e9rieur fran\u00e7ais, de l\u2019accueil et de la mobilit\u00e9 internationale. Elle dispose de bureaux [&hellip;]","og_url":"https:\/\/www.france.fi\/fr\/education\/etudes-superieures-en-france\/","og_site_name":"Institut fran\u00e7ais","article_publisher":"https:\/\/www.facebook.com\/institutfrancaisfi","article_modified_time":"2026-03-09T12:42:58+00:00","twitter_card":"summary_large_image","twitter_site":"@IFFinlande","twitter_misc":{"Dur\u00e9e de lecture estim\u00e9e":"1 minute"},"schema":{"@context":"https:\/\/schema.org","@graph":[{"@type":"WebPage","@id":"https:\/\/www.france.fi\/fr\/education\/etudes-superieures-en-france\/","url":"https:\/\/www.france.fi\/fr\/education\/etudes-superieures-en-france\/","name":"\u00c9tudes sup\u00e9rieures en France - Institut fran\u00e7ais","isPartOf":{"@id":"https:\/\/www.france.fi\/#website"},"datePublished":"2026-03-09T12:42:57+00:00","dateModified":"2026-03-09T12:42:58+00:00","breadcrumb":{"@id":"https:\/\/www.france.fi\/fr\/education\/etudes-superieures-en-france\/#breadcrumb"},"inLanguage":"fr-FR","potentialAction":[{"@type":"ReadAction","target":["https:\/\/www.france.fi\/fr\/education\/etudes-superieures-en-france\/"]}]},{"@type":"BreadcrumbList","@id":"https:\/\/www.france.fi\/fr\/education\/etudes-superieures-en-france\/#breadcrumb","itemListElement":[{"@type":"ListItem","position":1,"name":"Home","item":"https:\/\/www.france.fi\/fr\/"},{"@type":"ListItem","position":2,"name":"\u00c9ducation","item":"https:\/\/www.france.fi\/fr\/education\/"},{"@type":"ListItem","position":3,"name":"\u00c9tudes sup\u00e9rieures en France"}]},{"@type":"WebSite","@id":"https:\/\/www.france.fi\/#website","url":"https:\/\/www.france.fi\/","name":"Institut fran\u00e7ais de Finlande","description":"","publisher":{"@id":"https:\/\/www.france.fi\/#organization"},"potentialAction":[{"@type":"SearchAction","target":{"@type":"EntryPoint","urlTemplate":"https:\/\/www.france.fi\/?s={search_term_string}"},"query-input":{"@type":"PropertyValueSpecification","valueRequired":true,"valueName":"search_term_string"}}],"inLanguage":"fr-FR"},{"@type":"Organization","@id":"https:\/\/www.france.fi\/#organization","name":"Institut fran\u00e7ais de Finlande","url":"https:\/\/www.france.fi\/","logo":{"@type":"ImageObject","inLanguage":"fr-FR","@id":"https:\/\/www.france.fi\/#\/schema\/logo\/image\/","url":"https:\/\/www.france.fi\/wp-content\/uploads\/2024\/02\/if-logo-1.png","contentUrl":"https:\/\/www.france.fi\/wp-content\/uploads\/2024\/02\/if-logo-1.png","width":687,"height":459,"caption":"Institut fran\u00e7ais de Finlande"},"image":{"@id":"https:\/\/www.france.fi\/#\/schema\/logo\/image\/"},"sameAs":["https:\/\/www.facebook.com\/institutfrancaisfi","https:\/\/x.com\/IFFinlande","https:\/\/www.instagram.com\/iffinlande\/","https:\/\/fr.linkedin.com\/organization-guest\/company\/institut-fran-ais-de-finlande","https:\/\/www.youtube.com\/channel\/UCHAitdpmSbeP78eL49XMotA"]}]}},"_links":{"self":[{"href":"https:\/\/www.france.fi\/fr\/wp-json\/wp\/v2\/pages\/23926","targetHints":{"allow":["GET"]}}],"collection":[{"href":"https:\/\/www.france.fi\/fr\/wp-json\/wp\/v2\/pages"}],"about":[{"href":"https:\/\/www.france.fi\/fr\/wp-json\/wp\/v2\/types\/page"}],"author":[{"embeddable":true,"href":"https:\/\/www.france.fi\/fr\/wp-json\/wp\/v2\/users\/2"}],"replies":[{"embeddable":true,"href":"https:\/\/www.france.fi\/fr\/wp-json\/wp\/v2\/comments?post=23926"}],"version-history":[{"count":0,"href":"https:\/\/www.france.fi\/fr\/wp-json\/wp\/v2\/pages\/23926\/revisions"}],"up":[{"embeddable":true,"href":"https:\/\/www.france.fi\/fr\/wp-json\/wp\/v2\/pages\/347"}],"wp:attachment":[{"href":"https:\/\/www.france.fi\/fr\/wp-json\/wp\/v2\/media?parent=23926"}],"curies":[{"name":"wp","href":"https:\/\/api.w.org\/{rel}","templated":true}]}}