{"id":24034,"date":"2026-03-11T09:43:40","date_gmt":"2026-03-11T07:43:40","guid":{"rendered":"https:\/\/www.france.fi\/?page_id=24034"},"modified":"2026-03-11T10:14:19","modified_gmt":"2026-03-11T08:14:19","slug":"programmes-et-bourses","status":"publish","type":"page","link":"https:\/\/www.france.fi\/fr\/vous-soutenir\/programmes-et-bourses\/","title":{"rendered":"Programmes et bourses"},"content":{"rendered":"<p>L\u2019Institut fran\u00e7ais de Finlande soutient la coop\u00e9ration culturelle, scientifique et \u00e9ducative entre la France et la Finlande \u00e0 travers en proposant et relayant plusieurs bourses et dispositifs annuels. Sur cette page, retrouvez l\u2019ensemble de programmes auxquels vous pouvez pr\u00e9tendre en tant qu\u2019\u00e9tudiant, chercheur, artiste ou professeur de fran\u00e7ais en Finlande.<\/p>\n\n\n<details class=\"wp-block-details is-layout-flow wp-block-details-is-layout-flow\"><summary><strong>Pour artistes et professionnels de la culture<\/strong><\/summary>\n<ul>\n<li><strong>Accompagner votre projet artistique : dispositifs de l\u2019Institut fran\u00e7ais de Paris<br \/><\/strong>Avec ses plusieurs bourses et programmes, l&rsquo;Institut fran\u00e7ais \u00e0 Paris accompagne des artistes, institutions et professionnelles de la culture souhaitant valoriser la culture fran\u00e7aise \u00e0 l\u2019\u00e9tranger via leurs projets. <span style=\"color: #3366ff;\"><a style=\"font-size: revert; color: #3366ff;\" href=\"https:\/\/www.institutfrancais.com\/fr\/programmes\" target=\"_blank\" rel=\"noopener\">Retrouvez tous les dispositifs et les p\u00e9riodes de candidatures sur cette page.<\/a><\/span><\/li>\n<li><strong>Nos programmes de r\u00e9sidence<\/strong>\n<ul>\n<li><span style=\"color: #3366ff;\"><a style=\"color: #3366ff;\" href=\"https:\/\/septentrionales.com\/\" target=\"_blank\" rel=\"noopener\">SEPTENTRIONALES<\/a><\/span> : r\u00e9sidence de recherche et d\u2019exploration \u00e0 travers les pays nordiques \u00e0 destination des artistes bas\u00e9s en France. P\u00e9riode de candidatures : f\u00e9vrier &#8211; mars.<\/li>\n<li><span style=\"color: #3366ff;\"><a style=\"color: #3366ff;\" href=\"https:\/\/www.goethe.de\/ins\/fi\/en\/kul\/sup\/bal.html\" target=\"_blank\" rel=\"noopener\">GUARDING THE BALTIC SEA<\/a><\/span> : programme de r\u00e9sidence d\u00e9di\u00e9 \u00e0 la protection de la mer Baltique, destin\u00e9 aux artistes venus de Finlande, d\u2019Estonie, de Pologne, d\u2019Allemagne et de France. Ce programme est soutenu par le r\u00e9seau europ\u00e9en des instituts et organisations culturels nationaux, EUNIC.<\/li>\n<\/ul>\n<\/li>\n<li><strong>Appels \u00e0 projets de fondations culturelles finlandaises<br \/><\/strong>En tant que professionnel fran\u00e7ais de la culture, vous pouvez \u00e9galement recourir aux appels \u00e0 projets internationaux des fondations culturelles finlandaises afin de r\u00e9aliser votre projet ou r\u00e9sidence artistique en Finlande.<em style=\"font-size: revert;\"> Pour d\u00e9couvrir les axes prioritaires et avoir plus d\u2019informations sur ces bourses, veuillez contacter les fondations en question.<\/em>\n<ul>\n<li>Bourses : <span style=\"color: #3366ff;\"><a style=\"color: #3366ff;\" href=\"https:\/\/www.taidejakulttuuri.fi\/rahoitushaut\/\" target=\"_blank\" rel=\"noopener\">retrouvez toutes les bourses finlandaises du secteur culturel sur la page \u00ab Taide ja kulttuuri \u00bb du ministre finlandais de l\u2019\u00e9ducation et de la culture<\/a><\/span>.<\/li>\n<li>R\u00e9sidences :<span style=\"color: #3366ff;\"> <a style=\"color: #3366ff;\" href=\"https:\/\/www.fairenetwork.com\/en\/residencies\/\" target=\"_blank\" rel=\"noopener\">la page de Finnish Artist Residency Network r\u00e9pertorie toutes les r\u00e9sidences artistiques en Finlande.<\/a><\/span><\/li>\n<\/ul>\n<\/li>\n<\/ul>\n<\/details>\n\n\n\n<details class=\"wp-block-details is-layout-flow wp-block-details-is-layout-flow\"><summary><strong>Pour \u00e9tudiants<\/strong><\/summary>\n<ul>\n<li><strong>France Excellence Eiffel<br><\/strong>Bourse aux meilleurs \u00e9tudiants \u00e9trangers souhaitant effectuer leur master ou leur doctorat dans un \u00e9tablissement fran\u00e7ais. P\u00e9riode de candidatures \u00e0 la fin de l\u2019ann\u00e9e. <span style=\"color: #3366ff;\"><a style=\"color: #3366ff;\" href=\"https:\/\/www.france.fi\/fr\/sciences-et-universites\/france-excellence-eiffel-programme-de-bourses-pour-les-formations-de-master-et-doctorat\/#\/\">Cliquez ici pour consulter l\u2019appel le plus r\u00e9cent<\/a><\/span><span style=\"font-size: revert;\">.<\/span><\/li>\n<\/ul>\n<ul>\n<li><strong>France Excellence Europa<br><\/strong>Bourse permettant aux \u00e9tudiants dans l\u2019Union Europ\u00e9enne venir \u00e9tudier au niveau Master dans un \u00e9tablissement d\u2019enseignement sup\u00e9rieur fran\u00e7ais. P\u00e9riode de candidatures au printemps. <span style=\"color: #3366ff;\"><a style=\"font-size: revert; color: #3366ff;\" href=\"https:\/\/www.france.fi\/fr\/sciences-et-universites\/bourses-france-excellence-europa-appel-a-candidatures-2025\/#\/\">Cliquez ici pour consulter l\u2019appel le plus r\u00e9cent<\/a><\/span><span style=\"font-size: revert;\">.<\/span><\/li>\n<li><strong>French + Gastronomy<br><\/strong>Bourse de mobilit\u00e9 permettant de d\u00e9couvrir les industries h\u00f4teli\u00e8re et de la restauration \u00e0 Rouen, en France, avec une initiation \u00e0 la langue fran\u00e7aise. P\u00e9riode de candidatures au printemps. <span style=\"color: #3366ff;\"><a style=\"font-size: revert; color: #3366ff;\" href=\"https:\/\/www.france.fi\/fr\/sciences-et-universites\/frenchgastronomy-2025\/#\/\">Cliquez ici pour consulter l\u2019appel le plus r\u00e9cent<\/a><\/span><span style=\"font-size: revert;\">.<\/span><\/li>\n<li><strong style=\"font-size: revert;\">French + Sciences<br><\/strong>Bourse de mobilit\u00e9 permettant de d\u00e9couvrir les \u00e9cosyst\u00e8mes scientifiques en France, avec une initiation \u00e0 la langue fran\u00e7aise. P\u00e9riode de candidatures au printemps. <span style=\"color: #3366ff;\"><a style=\"font-size: revert; color: #3366ff;\" href=\"https:\/\/www.france.fi\/fr\/sciences-et-universites\/frenchsciences-2025\/#\/\">Cliquez ici pour consulter l\u2019appel le plus r\u00e9cent<\/a><\/span><span style=\"font-size: revert;\">.<\/span><\/li>\n<\/ul>\n<\/details>\n\n\n\n<details class=\"wp-block-details is-layout-flow wp-block-details-is-layout-flow\"><summary><strong>Pour chercheurs<\/strong><\/summary>\n<ul>\n<li><strong>Cotutelle de th\u00e8se Magnus Ehrnrooth<br><\/strong>Bourse permettant de d\u00e9buter ou poursuivre une th\u00e8se de doctorat entre la France et la Finlande en math\u00e9matiques, physique, astronomie, chimie et chimie m\u00e9dicale. P\u00e9riode de candidatures en octobre-novembre.<span style=\"color: #3366ff;\"> <a style=\"font-size: revert; color: #3366ff;\" href=\"https:\/\/www.france.fi\/fr\/sciences-et-universites\/appel-a-candidatures-bourses-pour-cotutelles-de-these-franco-finlandaises-en-mathematiques-physique-astronomie-chimie-et-chimie-medicale\/#\/\">Cliquez ici pour consulter l\u2019appel le plus r\u00e9cent<\/a><\/span><span style=\"font-size: revert;\">.&nbsp;<\/span><\/li>\n<li><strong>France-Nokia Chaire d\u2019Excellence<br><\/strong>Bourse de mobilit\u00e9 permettant aux chercheurs en Technologies de l\u2019information et de la communication de France d\u2019effectuer une mobilit\u00e9 de recherche en Finlande. P\u00e9riode de candidatures entre d\u00e9cembre et avril. <span style=\"color: #3366ff;\"><a style=\"font-size: revert; color: #3366ff;\" href=\"https:\/\/www.france.fi\/fr\/sciences-et-universites\/appel-a-candidatures-france-nokia-chaire-dexcellence-2026\/#\/\">Cliquez ici pour consulter l\u2019appel le plus r\u00e9cent<\/a><\/span><span style=\"font-size: revert;\">.<\/span><\/li>\n<li><strong>Maupertuis<br><\/strong>Bourse permettant d\u2019initier ou de renforcer la coop\u00e9ration franco-finlandaise dans les domaines de la science, de l\u2019innovation et de l\u2019enseignement sup\u00e9rieur, l\u2019appel \u00e9tant ouvert \u00e0 toutes les disciplines. P\u00e9riode de candidatures entre printemps et automne. <span style=\"color: #3366ff;\"><a style=\"font-size: revert; color: #3366ff;\" href=\"https:\/\/www.france.fi\/fr\/sciences-et-universites\/lappel-a-projets-franco-finlandais-maupertuis-2026-est-ouvert\/#\/\">Cliquez ici pour consulter l\u2019appel le plus r\u00e9cent<\/a><\/span><span style=\"font-size: revert;\">.&nbsp;<\/span><\/li>\n<li><strong>MOPGA<br><\/strong>Bourse permettant \u00e0 de jeunes chercheurs internationaux d\u2019effectuer un s\u00e9jour de recherche en France sur les th\u00e9matiques du climat et de la durabilit\u00e9. P\u00e9riode de candidatures entre octobre-d\u00e9cembre. <span style=\"color: #3366ff;\"><a style=\"font-size: revert; color: #3366ff;\" href=\"https:\/\/www.france.fi\/fr\/sciences-et-universites\/appel-a-candidatures-au-programme-de-bourses-mopga-2026-est-ouvert\/#\/\">Cliquez ici pour consulter l\u2019appel le plus r\u00e9cent<\/a><\/span><span style=\"font-size: revert;\">.<\/span><\/li>\n<li><strong>Prix FINA<br><\/strong>Un prix \u00e0 destination de jeunes chercheurs nordiques, en reconnaissance de leurs r\u00e9ussites sur une th\u00e9matique changeante chaque ann\u00e9e. Les laur\u00e9ats sont invit\u00e9s \u00e0 effectuer une courte mobilit\u00e9 scientifique en France afin de renforcer la collaboration franco-nordique. P\u00e9riode de candidatures entre janvier-mars. <span style=\"color: #3366ff;\"><a style=\"font-size: revert; color: #3366ff;\" href=\"https:\/\/www.france.fi\/fr\/sciences-et-universites\/prix-nordique-de-linstitut-francais-fina-2025-oceans\/#\/\">Cliquez ici pour consulter l\u2019appel le plus r\u00e9cent<\/a><\/span><span style=\"font-size: revert;\">.<\/span><\/li>\n<\/ul>\n<\/details>\n\n\n\n<details class=\"wp-block-details is-layout-flow wp-block-details-is-layout-flow\"><summary><strong>Pour professeurs de fran\u00e7ais en Finlande<\/strong><\/summary>\n<ul>\n<li><strong>Soutien aux projets de classe<br><\/strong>Bourse permettant de r\u00e9aliser un projet de classe afin d\u2019am\u00e9liorer les comp\u00e9tences linguistiques des \u00e9l\u00e8ves et de valoriser le m\u00e9tier d\u2019enseignant. P\u00e9riode de candidatures entre ao\u00fbt et octobre. <a style=\"font-size: revert;\" href=\"https:\/\/www.france.fi\/fr\/langue-francaise\/appel-a-projets-pour-les-professeurs-de-francais-de-finlande\/#\/\"><span style=\"color: #3366ff;\">Cliquez ici pour consulter l\u2019appel le plus r\u00e9cent<\/span><\/a><span style=\"font-size: revert;\">.<\/span><\/li>\n<\/ul>\n<\/details>\n\n\n\n<p><\/p>\n","protected":false},"excerpt":{"rendered":"<p>L\u2019Institut fran\u00e7ais de Finlande soutient la coop\u00e9ration culturelle, scientifique et \u00e9ducative entre la France et la Finlande \u00e0 travers en proposant et relayant plusieurs bourses et dispositifs annuels. Sur cette page, retrouvez l\u2019ensemble de programmes auxquels vous pouvez pr\u00e9tendre en tant qu\u2019\u00e9tudiant, chercheur, artiste ou professeur de fran\u00e7ais en Finlande.<\/p>\n","protected":false},"author":2,"featured_media":24036,"parent":24021,"menu_order":0,"comment_status":"closed","ping_status":"closed","template":"","meta":{"footnotes":""},"class_list":["post-24034","page","type-page","status-publish","has-post-thumbnail","hentry"],"yoast_head":"<!-- This site is optimized with the Yoast SEO plugin v27.4 - https:\/\/yoast.com\/product\/yoast-seo-wordpress\/ -->\n<title>Programmes et bourses - Institut fran\u00e7ais<\/title>\n<meta name=\"robots\" content=\"index, follow, max-snippet:-1, max-image-preview:large, max-video-preview:-1\" \/>\n<link rel=\"canonical\" href=\"https:\/\/www.france.fi\/fr\/vous-soutenir\/programmes-et-bourses\/\" \/>\n<meta property=\"og:locale\" content=\"fr_FR\" \/>\n<meta property=\"og:type\" content=\"article\" \/>\n<meta property=\"og:title\" content=\"Programmes et bourses - Institut fran\u00e7ais\" \/>\n<meta property=\"og:description\" content=\"L\u2019Institut fran\u00e7ais de Finlande soutient la coop\u00e9ration culturelle, scientifique et \u00e9ducative entre la France et la Finlande \u00e0 travers en proposant et relayant plusieurs bourses et dispositifs annuels. Sur cette page, retrouvez l\u2019ensemble de programmes auxquels vous pouvez pr\u00e9tendre en tant qu\u2019\u00e9tudiant, chercheur, artiste ou professeur de fran\u00e7ais en Finlande.\" \/>\n<meta property=\"og:url\" content=\"https:\/\/www.france.fi\/fr\/vous-soutenir\/programmes-et-bourses\/\" \/>\n<meta property=\"og:site_name\" content=\"Institut fran\u00e7ais\" \/>\n<meta property=\"article:publisher\" content=\"https:\/\/www.facebook.com\/institutfrancaisfi\" \/>\n<meta property=\"article:modified_time\" content=\"2026-03-11T08:14:19+00:00\" \/>\n<meta property=\"og:image\" content=\"https:\/\/www.france.fi\/wp-content\/uploads\/2026\/03\/Bourses.jpg\" \/>\n\t<meta property=\"og:image:width\" content=\"1920\" \/>\n\t<meta property=\"og:image:height\" content=\"1080\" \/>\n\t<meta property=\"og:image:type\" content=\"image\/jpeg\" \/>\n<meta name=\"twitter:card\" content=\"summary_large_image\" \/>\n<meta name=\"twitter:site\" content=\"@IFFinlande\" \/>\n<meta name=\"twitter:label1\" content=\"Dur\u00e9e de lecture estim\u00e9e\" \/>\n\t<meta name=\"twitter:data1\" content=\"4 minutes\" \/>\n<script type=\"application\/ld+json\" class=\"yoast-schema-graph\">{\"@context\":\"https:\\\/\\\/schema.org\",\"@graph\":[{\"@type\":\"WebPage\",\"@id\":\"https:\\\/\\\/www.france.fi\\\/fr\\\/vous-soutenir\\\/programmes-et-bourses\\\/\",\"url\":\"https:\\\/\\\/www.france.fi\\\/fr\\\/vous-soutenir\\\/programmes-et-bourses\\\/\",\"name\":\"Programmes et bourses - Institut fran\u00e7ais\",\"isPartOf\":{\"@id\":\"https:\\\/\\\/www.france.fi\\\/#website\"},\"primaryImageOfPage\":{\"@id\":\"https:\\\/\\\/www.france.fi\\\/fr\\\/vous-soutenir\\\/programmes-et-bourses\\\/#primaryimage\"},\"image\":{\"@id\":\"https:\\\/\\\/www.france.fi\\\/fr\\\/vous-soutenir\\\/programmes-et-bourses\\\/#primaryimage\"},\"thumbnailUrl\":\"https:\\\/\\\/www.france.fi\\\/wp-content\\\/uploads\\\/2026\\\/03\\\/Bourses.jpg\",\"datePublished\":\"2026-03-11T07:43:40+00:00\",\"dateModified\":\"2026-03-11T08:14:19+00:00\",\"breadcrumb\":{\"@id\":\"https:\\\/\\\/www.france.fi\\\/fr\\\/vous-soutenir\\\/programmes-et-bourses\\\/#breadcrumb\"},\"inLanguage\":\"fr-FR\",\"potentialAction\":[{\"@type\":\"ReadAction\",\"target\":[\"https:\\\/\\\/www.france.fi\\\/fr\\\/vous-soutenir\\\/programmes-et-bourses\\\/\"]}]},{\"@type\":\"ImageObject\",\"inLanguage\":\"fr-FR\",\"@id\":\"https:\\\/\\\/www.france.fi\\\/fr\\\/vous-soutenir\\\/programmes-et-bourses\\\/#primaryimage\",\"url\":\"https:\\\/\\\/www.france.fi\\\/wp-content\\\/uploads\\\/2026\\\/03\\\/Bourses.jpg\",\"contentUrl\":\"https:\\\/\\\/www.france.fi\\\/wp-content\\\/uploads\\\/2026\\\/03\\\/Bourses.jpg\",\"width\":1920,\"height\":1080},{\"@type\":\"BreadcrumbList\",\"@id\":\"https:\\\/\\\/www.france.fi\\\/fr\\\/vous-soutenir\\\/programmes-et-bourses\\\/#breadcrumb\",\"itemListElement\":[{\"@type\":\"ListItem\",\"position\":1,\"name\":\"Home\",\"item\":\"https:\\\/\\\/www.france.fi\\\/fr\\\/\"},{\"@type\":\"ListItem\",\"position\":2,\"name\":\"Vous soutenir\",\"item\":\"https:\\\/\\\/www.france.fi\\\/fr\\\/vous-soutenir\\\/\"},{\"@type\":\"ListItem\",\"position\":3,\"name\":\"Programmes et bourses\"}]},{\"@type\":\"WebSite\",\"@id\":\"https:\\\/\\\/www.france.fi\\\/#website\",\"url\":\"https:\\\/\\\/www.france.fi\\\/\",\"name\":\"Institut fran\u00e7ais de Finlande\",\"description\":\"\",\"publisher\":{\"@id\":\"https:\\\/\\\/www.france.fi\\\/#organization\"},\"potentialAction\":[{\"@type\":\"SearchAction\",\"target\":{\"@type\":\"EntryPoint\",\"urlTemplate\":\"https:\\\/\\\/www.france.fi\\\/?s={search_term_string}\"},\"query-input\":{\"@type\":\"PropertyValueSpecification\",\"valueRequired\":true,\"valueName\":\"search_term_string\"}}],\"inLanguage\":\"fr-FR\"},{\"@type\":\"Organization\",\"@id\":\"https:\\\/\\\/www.france.fi\\\/#organization\",\"name\":\"Institut fran\u00e7ais de Finlande\",\"url\":\"https:\\\/\\\/www.france.fi\\\/\",\"logo\":{\"@type\":\"ImageObject\",\"inLanguage\":\"fr-FR\",\"@id\":\"https:\\\/\\\/www.france.fi\\\/#\\\/schema\\\/logo\\\/image\\\/\",\"url\":\"https:\\\/\\\/www.france.fi\\\/wp-content\\\/uploads\\\/2024\\\/02\\\/if-logo-1.png\",\"contentUrl\":\"https:\\\/\\\/www.france.fi\\\/wp-content\\\/uploads\\\/2024\\\/02\\\/if-logo-1.png\",\"width\":687,\"height\":459,\"caption\":\"Institut fran\u00e7ais de Finlande\"},\"image\":{\"@id\":\"https:\\\/\\\/www.france.fi\\\/#\\\/schema\\\/logo\\\/image\\\/\"},\"sameAs\":[\"https:\\\/\\\/www.facebook.com\\\/institutfrancaisfi\",\"https:\\\/\\\/x.com\\\/IFFinlande\",\"https:\\\/\\\/www.instagram.com\\\/iffinlande\\\/\",\"https:\\\/\\\/fr.linkedin.com\\\/organization-guest\\\/company\\\/institut-fran-ais-de-finlande\",\"https:\\\/\\\/www.youtube.com\\\/channel\\\/UCHAitdpmSbeP78eL49XMotA\"]}]}<\/script>\n<!-- \/ Yoast SEO plugin. -->","yoast_head_json":{"title":"Programmes et bourses - Institut fran\u00e7ais","robots":{"index":"index","follow":"follow","max-snippet":"max-snippet:-1","max-image-preview":"max-image-preview:large","max-video-preview":"max-video-preview:-1"},"canonical":"https:\/\/www.france.fi\/fr\/vous-soutenir\/programmes-et-bourses\/","og_locale":"fr_FR","og_type":"article","og_title":"Programmes et bourses - Institut fran\u00e7ais","og_description":"L\u2019Institut fran\u00e7ais de Finlande soutient la coop\u00e9ration culturelle, scientifique et \u00e9ducative entre la France et la Finlande \u00e0 travers en proposant et relayant plusieurs bourses et dispositifs annuels. Sur cette page, retrouvez l\u2019ensemble de programmes auxquels vous pouvez pr\u00e9tendre en tant qu\u2019\u00e9tudiant, chercheur, artiste ou professeur de fran\u00e7ais en Finlande.","og_url":"https:\/\/www.france.fi\/fr\/vous-soutenir\/programmes-et-bourses\/","og_site_name":"Institut fran\u00e7ais","article_publisher":"https:\/\/www.facebook.com\/institutfrancaisfi","article_modified_time":"2026-03-11T08:14:19+00:00","og_image":[{"width":1920,"height":1080,"url":"https:\/\/www.france.fi\/wp-content\/uploads\/2026\/03\/Bourses.jpg","type":"image\/jpeg"}],"twitter_card":"summary_large_image","twitter_site":"@IFFinlande","twitter_misc":{"Dur\u00e9e de lecture estim\u00e9e":"4 minutes"},"schema":{"@context":"https:\/\/schema.org","@graph":[{"@type":"WebPage","@id":"https:\/\/www.france.fi\/fr\/vous-soutenir\/programmes-et-bourses\/","url":"https:\/\/www.france.fi\/fr\/vous-soutenir\/programmes-et-bourses\/","name":"Programmes et bourses - Institut fran\u00e7ais","isPartOf":{"@id":"https:\/\/www.france.fi\/#website"},"primaryImageOfPage":{"@id":"https:\/\/www.france.fi\/fr\/vous-soutenir\/programmes-et-bourses\/#primaryimage"},"image":{"@id":"https:\/\/www.france.fi\/fr\/vous-soutenir\/programmes-et-bourses\/#primaryimage"},"thumbnailUrl":"https:\/\/www.france.fi\/wp-content\/uploads\/2026\/03\/Bourses.jpg","datePublished":"2026-03-11T07:43:40+00:00","dateModified":"2026-03-11T08:14:19+00:00","breadcrumb":{"@id":"https:\/\/www.france.fi\/fr\/vous-soutenir\/programmes-et-bourses\/#breadcrumb"},"inLanguage":"fr-FR","potentialAction":[{"@type":"ReadAction","target":["https:\/\/www.france.fi\/fr\/vous-soutenir\/programmes-et-bourses\/"]}]},{"@type":"ImageObject","inLanguage":"fr-FR","@id":"https:\/\/www.france.fi\/fr\/vous-soutenir\/programmes-et-bourses\/#primaryimage","url":"https:\/\/www.france.fi\/wp-content\/uploads\/2026\/03\/Bourses.jpg","contentUrl":"https:\/\/www.france.fi\/wp-content\/uploads\/2026\/03\/Bourses.jpg","width":1920,"height":1080},{"@type":"BreadcrumbList","@id":"https:\/\/www.france.fi\/fr\/vous-soutenir\/programmes-et-bourses\/#breadcrumb","itemListElement":[{"@type":"ListItem","position":1,"name":"Home","item":"https:\/\/www.france.fi\/fr\/"},{"@type":"ListItem","position":2,"name":"Vous soutenir","item":"https:\/\/www.france.fi\/fr\/vous-soutenir\/"},{"@type":"ListItem","position":3,"name":"Programmes et bourses"}]},{"@type":"WebSite","@id":"https:\/\/www.france.fi\/#website","url":"https:\/\/www.france.fi\/","name":"Institut fran\u00e7ais de Finlande","description":"","publisher":{"@id":"https:\/\/www.france.fi\/#organization"},"potentialAction":[{"@type":"SearchAction","target":{"@type":"EntryPoint","urlTemplate":"https:\/\/www.france.fi\/?s={search_term_string}"},"query-input":{"@type":"PropertyValueSpecification","valueRequired":true,"valueName":"search_term_string"}}],"inLanguage":"fr-FR"},{"@type":"Organization","@id":"https:\/\/www.france.fi\/#organization","name":"Institut fran\u00e7ais de Finlande","url":"https:\/\/www.france.fi\/","logo":{"@type":"ImageObject","inLanguage":"fr-FR","@id":"https:\/\/www.france.fi\/#\/schema\/logo\/image\/","url":"https:\/\/www.france.fi\/wp-content\/uploads\/2024\/02\/if-logo-1.png","contentUrl":"https:\/\/www.france.fi\/wp-content\/uploads\/2024\/02\/if-logo-1.png","width":687,"height":459,"caption":"Institut fran\u00e7ais de Finlande"},"image":{"@id":"https:\/\/www.france.fi\/#\/schema\/logo\/image\/"},"sameAs":["https:\/\/www.facebook.com\/institutfrancaisfi","https:\/\/x.com\/IFFinlande","https:\/\/www.instagram.com\/iffinlande\/","https:\/\/fr.linkedin.com\/organization-guest\/company\/institut-fran-ais-de-finlande","https:\/\/www.youtube.com\/channel\/UCHAitdpmSbeP78eL49XMotA"]}]}},"_links":{"self":[{"href":"https:\/\/www.france.fi\/fr\/wp-json\/wp\/v2\/pages\/24034","targetHints":{"allow":["GET"]}}],"collection":[{"href":"https:\/\/www.france.fi\/fr\/wp-json\/wp\/v2\/pages"}],"about":[{"href":"https:\/\/www.france.fi\/fr\/wp-json\/wp\/v2\/types\/page"}],"author":[{"embeddable":true,"href":"https:\/\/www.france.fi\/fr\/wp-json\/wp\/v2\/users\/2"}],"replies":[{"embeddable":true,"href":"https:\/\/www.france.fi\/fr\/wp-json\/wp\/v2\/comments?post=24034"}],"version-history":[{"count":0,"href":"https:\/\/www.france.fi\/fr\/wp-json\/wp\/v2\/pages\/24034\/revisions"}],"up":[{"embeddable":true,"href":"https:\/\/www.france.fi\/fr\/wp-json\/wp\/v2\/pages\/24021"}],"wp:featuredmedia":[{"embeddable":true,"href":"https:\/\/www.france.fi\/fr\/wp-json\/wp\/v2\/media\/24036"}],"wp:attachment":[{"href":"https:\/\/www.france.fi\/fr\/wp-json\/wp\/v2\/media?parent=24034"}],"curies":[{"name":"wp","href":"https:\/\/api.w.org\/{rel}","templated":true}]}}