{"id":2522,"date":"2020-11-20T09:31:47","date_gmt":"2020-11-20T07:31:47","guid":{"rendered":"http:\/\/www.france.fi\/?page_id=2522"},"modified":"2026-03-13T14:10:38","modified_gmt":"2026-03-13T12:10:38","slug":"delf-dalf-tout-public","status":"publish","type":"page","link":"https:\/\/www.france.fi\/fr\/tests-et-examens\/delf-dalf-tout-public\/","title":{"rendered":"DELF \/ DALF tout public"},"content":{"rendered":"\n<p>Le Dipl\u00f4me d\u2019\u00c9tudes en Langue Fran\u00e7aise (<strong>DELF<\/strong>) et le Dipl\u00f4me Approfondi de Langue Fran\u00e7aise (<strong>DALF<\/strong>) sont des dipl\u00f4mes d\u00e9livr\u00e9s par le minist\u00e8re de l\u2019\u00c9ducation Nationale fran\u00e7ais et valables \u00e0 vie.<\/p>\n\n\n\n<details class=\"wp-block-details is-layout-flow wp-block-details-is-layout-flow\"><summary><strong>Description des \u00e9preuves et entra\u00eenement :<\/strong><\/summary>\n<p>Le DELF et le DALF \u00e9valuent les quatre comp\u00e9tences : compr\u00e9hension textuelle, compr\u00e9hension de l\u2019oral, production \u00e9crite, production orale.<\/p>\n<p>Il existe 6 dipl\u00f4mes ind\u00e9pendants qui correspondent aux 6 niveaux du Cadre Europ\u00e9en Commun de R\u00e9f\u00e9rence pour les Langues (CECRL)\u00a0: DELF A1, DELF A2, DELF B1, DELF B2, DALF C1, DALF C2.<\/p>\n<p><strong>Pour acc\u00e9der \u00e0 la nationalit\u00e9 fran\u00e7aise<\/strong>, vous devez justifier d\u2019un niveau B1 au minimum.<\/p>\n<p><strong>Pour entrer \u00e0 l\u2019universit\u00e9<\/strong>, vous devez justifier d\u2019un niveau B2 pour la licence, un niveau C1 pour le Master.<\/p>\n<p><strong>Pour l\u2019\u00e9migration au Canada ou au Qu\u00e9bec<\/strong>, vous devez justifier du plus haut niveau possible\u00a0: plus votre niveau est \u00e9lev\u00e9, plus vous collectez de points pour votre dossier.<\/p>\n<p><strong>Si vous souhaitez valoriser votre CV<\/strong>, le DELF B1 ou B2 ou le DALF C1 sont appr\u00e9ci\u00e9s par les entreprises fran\u00e7aises.<\/p>\n<p><strong>Si vous n\u2019\u00eates pas s\u00fbr de votre niveau,<\/strong> prenez contact avec nos experts qui pourront vous aider et \u00e9crivez \u00e0 :\u00a0 <span style=\"color: #3366ff;\"><strong><a style=\"color: #3366ff;\" href=\"mailto:examen@france.fi?subject=DELF-DALF\">examen@france.fi<\/a><\/strong><\/span><\/p>\n<p>Pour en savoir plus sur les \u00e9preuves du DELF et du DALF, cliquez sur les liens ci-dessous pour acc\u00e9der \u00e0 <strong>une description d\u00e9taill\u00e9e des \u00e9preuves\u00a0et \u00e0 des exemples de sujets<\/strong>\u00a0:<\/p>\n<table style=\"width: 100%; height: 970px;\" width=\"100%\">\n<tbody>\n<tr style=\"height: 268px;\">\n<td style=\"height: 268px;\" width=\"25%\">\n<p><strong>Description des \u00e9preuves<\/strong><\/p>\n<\/td>\n<td style=\"height: 268px;\" width=\"25%\">\n<p><strong>\u00c9valuation du temps d\u2019apprentissage pour se pr\u00e9senter \u00e0 l\u2019examen<\/strong><\/p>\n<\/td>\n<td style=\"height: 268px;\" width=\"25%\">\n<p><strong>Exemples de sujet<\/strong><\/p>\n<\/td>\n<td style=\"height: 268px;\" width=\"25%\">\n<p><strong>Conseils de pr\u00e9paration<\/strong><\/p>\n<\/td>\n<\/tr>\n<tr style=\"height: 117px;\">\n<td style=\"height: 117px;\" width=\"25%\">\n<p><span style=\"color: #3366ff;\"><a style=\"color: #3366ff;\" href=\"https:\/\/www.france-education-international.fr\/diplome\/delf-tout-public\/niveau-a1?langue=fr\">DELF A1<\/a><\/span><\/p>\n<\/td>\n<td style=\"height: 117px;\" width=\"25%\">\n<p>60 heures<\/p>\n<\/td>\n<td style=\"height: 117px;\" width=\"25%\">\n<p><span style=\"color: #3366ff;\"><a style=\"color: #3366ff;\" href=\"https:\/\/www.france-education-international.fr\/diplome\/delf-tout-public\/niveau-a1\/exemples-sujets\">Sujet DELF A1<\/a><\/span><\/p>\n<\/td>\n<td style=\"height: 117px;\" width=\"25%\">\n<p><span style=\"color: #3366ff;\"><a style=\"color: #3366ff;\" href=\"https:\/\/www.france-education-international.fr\/diplome\/delf-tout-public\/niveau-a1\/entrainement\">Conseils DELF A1<\/a><\/span><\/p>\n<\/td>\n<\/tr>\n<tr style=\"height: 117px;\">\n<td style=\"height: 117px;\" width=\"25%\">\n<p><span style=\"color: #3366ff;\"><a style=\"color: #3366ff;\" href=\"https:\/\/www.france-education-international.fr\/diplome\/delf-tout-public\/niveau-a2?langue=fr\">DELF A2<\/a><\/span><\/p>\n<\/td>\n<td style=\"height: 117px;\" width=\"25%\">\n<p>160 heures<\/p>\n<\/td>\n<td style=\"height: 117px;\" width=\"25%\">\n<p><span style=\"color: #3366ff;\"><a style=\"color: #3366ff;\" href=\"https:\/\/www.france-education-international.fr\/diplome\/delf-tout-public\/niveau-a2\/exemples-sujets\">Sujet DELF A2<\/a><\/span><\/p>\n<\/td>\n<td style=\"height: 117px;\" width=\"25%\">\n<p><span style=\"color: #3366ff;\"><a style=\"color: #3366ff;\" href=\"https:\/\/www.france-education-international.fr\/diplome\/delf-tout-public\/niveau-a2\/entrainement\">Conseils DELF A2<\/a><\/span><\/p>\n<\/td>\n<\/tr>\n<tr style=\"height: 117px;\">\n<td style=\"height: 117px;\" width=\"25%\">\n<p><span style=\"color: #3366ff;\"><a style=\"color: #3366ff;\" href=\"https:\/\/www.france-education-international.fr\/diplome\/delf-tout-public\/niveau-b1\">DELF B1<\/a><\/span><\/p>\n<\/td>\n<td style=\"height: 117px;\" width=\"25%\">\n<p>310 heures<\/p>\n<\/td>\n<td style=\"height: 117px;\" width=\"25%\">\n<p><span style=\"color: #3366ff;\"><a style=\"color: #3366ff;\" href=\"https:\/\/www.france-education-international.fr\/diplome\/delf-tout-public\/niveau-b1\/exemples-sujets?langue=fr\">Sujet DELF B1<\/a><\/span><\/p>\n<\/td>\n<td style=\"height: 117px;\" width=\"25%\">\n<p><span style=\"color: #3366ff;\"><a style=\"color: #3366ff;\" href=\"https:\/\/www.france-education-international.fr\/diplome\/delf-tout-public\/niveau-b1\/entrainement\">Conseils DELF B1<\/a><\/span><\/p>\n<\/td>\n<\/tr>\n<tr style=\"height: 117px;\">\n<td style=\"height: 117px;\" width=\"25%\">\n<p><span style=\"color: #3366ff;\"><a style=\"color: #3366ff;\" href=\"https:\/\/www.france-education-international.fr\/diplome\/delf-tout-public\/niveau-b2?langue=fr\">DELF B2<\/a><\/span><\/p>\n<\/td>\n<td style=\"height: 117px;\" width=\"25%\">\n<p>390 \u00e0 670 heures<\/p>\n<\/td>\n<td style=\"height: 117px;\" width=\"25%\">\n<p><span style=\"color: #3366ff;\"><a style=\"color: #3366ff;\" href=\"https:\/\/www.france-education-international.fr\/diplome\/delf-tout-public\/niveau-b2\/exemples-sujets\">Sujet DELF B2<\/a><\/span><\/p>\n<\/td>\n<td style=\"height: 117px;\" width=\"25%\">\n<p><span style=\"color: #3366ff;\"><a style=\"color: #3366ff;\" href=\"https:\/\/www.france-education-international.fr\/diplome\/delf-tout-public\/niveau-b2\/entrainement\">Conseils DELF B2<\/a><\/span><\/p>\n<\/td>\n<\/tr>\n<tr style=\"height: 117px;\">\n<td style=\"height: 117px;\" width=\"25%\">\n<p><span style=\"color: #3366ff;\"><a style=\"color: #3366ff;\" href=\"https:\/\/www.france-education-international.fr\/article\/dalf-c1\">DALF C1<\/a><\/span><\/p>\n<\/td>\n<td style=\"height: 117px;\" width=\"25%\">\n<p>A partir de 750 heures<\/p>\n<\/td>\n<td style=\"height: 117px;\" width=\"25%\">\n<p><span style=\"color: #3366ff;\"><a style=\"color: #3366ff;\" href=\"https:\/\/www.france-education-international.fr\/diplome\/dalf\/exemples-sujets?langue=fr\">Sujet DALF C1<\/a><\/span><\/p>\n<\/td>\n<td style=\"height: 117px;\" width=\"25%\">\n<p><span style=\"color: #3366ff;\"><a style=\"color: #3366ff;\" href=\"https:\/\/www.france-education-international.fr\/article\/dalf-c1-conseils\">Conseils DALF C1<\/a><\/span><\/p>\n<\/td>\n<\/tr>\n<tr style=\"height: 117px;\">\n<td style=\"height: 117px;\" width=\"25%\">\n<p><span style=\"color: #3366ff;\"><a style=\"color: #3366ff;\" href=\"https:\/\/www.france-education-international.fr\/article\/dalf-c2\">DALF C2<\/a><\/span><\/p>\n<\/td>\n<td style=\"height: 117px;\" width=\"25%\">\n<p>\u00a0<\/p>\n<\/td>\n<td style=\"height: 117px;\" width=\"25%\">\n<p><span style=\"color: #3366ff;\"><a style=\"color: #3366ff;\" href=\"https:\/\/www.france-education-international.fr\/diplome\/dalf\/dalf-c2-exemples-de-sujets\">Sujet DALF C2<\/a><\/span><\/p>\n<\/td>\n<td style=\"height: 117px;\" width=\"25%\">\n<p><span style=\"color: #3366ff;\"><a style=\"color: #3366ff;\" href=\"https:\/\/www.france-education-international.fr\/article\/dalf-c2-conseils\">Conseils DALF C2<\/a><\/span><\/p>\n<\/td>\n<\/tr>\n<\/tbody>\n<\/table>\n<\/details>\n\n\n\n<details class=\"wp-block-details is-layout-flow wp-block-details-is-layout-flow\"><summary><strong>Calendrier<\/strong><\/summary>\n<p>Deux sessions de DELF\/ DALF Tout public sont organis\u00e9es chaque ann\u00e9e.<\/p>\n<\/details>\n\n\n\n<details class=\"wp-block-details is-layout-flow wp-block-details-is-layout-flow\"><summary><strong>Tarifs<\/strong><\/summary>\n<table style=\"width: 100%; height: 553px;\">\n<tbody>\n<tr style=\"height: 79px;\">\n<td style=\"height: 79px;\" width=\"301\">\n<p>DELF Tout public A1<\/p>\n<\/td>\n<td style=\"height: 79px;\" width=\"301\">\n<p>80 \u20ac<\/p>\n<\/td>\n<\/tr>\n<tr style=\"height: 79px;\">\n<td style=\"height: 79px;\" width=\"301\">\n<p>DELF Tout public A2<\/p>\n<\/td>\n<td style=\"height: 79px;\" width=\"301\">\n<p>97 \u20ac<\/p>\n<\/td>\n<\/tr>\n<tr style=\"height: 79px;\">\n<td style=\"height: 79px;\" width=\"301\">\n<p>DELF Tout public B1<\/p>\n<\/td>\n<td style=\"height: 79px;\" width=\"301\">\n<p>115 \u20ac<\/p>\n<\/td>\n<\/tr>\n<tr style=\"height: 79px;\">\n<td style=\"height: 79px;\" width=\"301\">\n<p>DELF Tout public B2<\/p>\n<\/td>\n<td style=\"height: 79px;\" width=\"301\">\n<p>138 \u20ac<\/p>\n<\/td>\n<\/tr>\n<tr style=\"height: 79px;\">\n<td style=\"height: 79px;\" width=\"301\">\n<p>DALF C1<\/p>\n<\/td>\n<td style=\"height: 79px;\" width=\"301\">\n<p>240 \u20ac<\/p>\n<\/td>\n<\/tr>\n<tr style=\"height: 79px;\">\n<td style=\"height: 79px;\" width=\"301\">\n<p>DALF C2<\/p>\n<\/td>\n<td style=\"height: 79px;\" width=\"301\">\n<p>250 \u20ac<\/p>\n<\/td>\n<\/tr>\n<tr style=\"height: 79px;\">\n<td style=\"height: 79px;\" colspan=\"2\" width=\"601\">\n<p>10 euros de frais de dossier seront ajout\u00e9s.<\/p>\n<\/td>\n<\/tr>\n<\/tbody>\n<\/table>\n<p><em>En cas de modification des informations port\u00e9es sur le dipl\u00f4me (ex&nbsp;: orthographe du nom, changement d\u2019\u00e9tat civil, etc.), des frais de 10 euros seront appliqu\u00e9s pour la r\u00e9\u00e9dition du dipl\u00f4me DELF ou DALF. <\/em><\/p>\n<p><em>En cas de perte ou de destruction du dipl\u00f4me, la r\u00e9\u00e9dition du dipl\u00f4me DELF ou DALF \u00e0 l\u2019identique est gratuite.<\/em><\/p>\n<\/details>\n\n\n\n<h4>Inscription<\/h4>\n<div class='kiosque-aec'><div\n data-module='examination'\n data-action='examination-type-list'\n data-param-examination-type-ids='151|152|153|154|155|156'\n data-param-etablishment-branch-id='0'\n data-param-lang='fr_FR'><\/div><\/div>\n<h4><strong>Cours de pr\u00e9paration\u00a0<\/strong><\/h4>\n<p>L\u2019institut fran\u00e7ais de Finlande vous propose des <strong>cours de pr\u00e9paration<\/strong> pour les examens de niveau <strong>B1, B2 et C1<\/strong>.<\/p>\n<p>Un cours intensif de 4 semaines pour vous pr\u00e9parer aux \u00e9preuves. Les quatre comp\u00e9tences \u00e9valu\u00e9es aux examens seront couvertes : compr\u00e9hension orale et \u00e9crite et expression orale et \u00e9crite. Participation \u00e0 distance par Teams.<\/p>\n<p>Le tarif inclut le cours de pr\u00e9paration et l\u2019inscription \u00e0 l\u2019examen.<\/p>\n<div class='kiosque-aec'><div\n data-module='classes'\n data-action='courses-catalog'\n data-param-etablishment-branch-id=''\n data-param-period-id=''\n data-param-classification-id=''\n data-param-subject-id=''\n data-param-class-type-id='4'\n data-param-level-id=''\n data-param-learning-pace=''\n data-param-sidebar=''\n data-param-class-format-id=''\n data-param-localization=''\n data-param-show-filter-choices=''\n data-param-lang='fr_FR'><\/div><\/div>\n","protected":false},"excerpt":{"rendered":"<p>Le Dipl\u00f4me d\u2019\u00c9tudes en Langue Fran\u00e7aise (DELF) et le Dipl\u00f4me Approfondi de Langue Fran\u00e7aise (DALF) sont des dipl\u00f4mes d\u00e9livr\u00e9s par le minist\u00e8re de l\u2019\u00c9ducation Nationale fran\u00e7ais et valables \u00e0 vie. Inscription Cours de pr\u00e9paration\u00a0 L\u2019institut fran\u00e7ais de Finlande vous propose des cours de pr\u00e9paration pour les examens de niveau B1, B2 et C1. Un cours [&hellip;]<\/p>\n","protected":false},"author":2,"featured_media":0,"parent":11,"menu_order":1,"comment_status":"closed","ping_status":"closed","template":"","meta":{"footnotes":""},"class_list":["post-2522","page","type-page","status-publish","hentry","no-media"],"yoast_head":"<!-- This site is optimized with the Yoast SEO plugin v27.4 - https:\/\/yoast.com\/product\/yoast-seo-wordpress\/ -->\n<title>DELF \/ DALF tout public - Institut fran\u00e7ais<\/title>\n<meta name=\"robots\" content=\"index, follow, max-snippet:-1, max-image-preview:large, max-video-preview:-1\" \/>\n<link rel=\"canonical\" href=\"https:\/\/www.france.fi\/fr\/tests-et-examens\/delf-dalf-tout-public\/\" \/>\n<meta property=\"og:locale\" content=\"fr_FR\" \/>\n<meta property=\"og:type\" content=\"article\" \/>\n<meta property=\"og:title\" content=\"DELF \/ DALF tout public - Institut fran\u00e7ais\" \/>\n<meta property=\"og:description\" content=\"Le Dipl\u00f4me d\u2019\u00c9tudes en Langue Fran\u00e7aise (DELF) et le Dipl\u00f4me Approfondi de Langue Fran\u00e7aise (DALF) sont des dipl\u00f4mes d\u00e9livr\u00e9s par le minist\u00e8re de l\u2019\u00c9ducation Nationale fran\u00e7ais et valables \u00e0 vie. Inscription Cours de pr\u00e9paration\u00a0 L\u2019institut fran\u00e7ais de Finlande vous propose des cours de pr\u00e9paration pour les examens de niveau B1, B2 et C1. Un cours [&hellip;]\" \/>\n<meta property=\"og:url\" content=\"https:\/\/www.france.fi\/fr\/tests-et-examens\/delf-dalf-tout-public\/\" \/>\n<meta property=\"og:site_name\" content=\"Institut fran\u00e7ais\" \/>\n<meta property=\"article:publisher\" content=\"https:\/\/www.facebook.com\/institutfrancaisfi\" \/>\n<meta property=\"article:modified_time\" content=\"2026-03-13T12:10:38+00:00\" \/>\n<meta name=\"twitter:card\" content=\"summary_large_image\" \/>\n<meta name=\"twitter:site\" content=\"@IFFinlande\" \/>\n<meta name=\"twitter:label1\" content=\"Dur\u00e9e de lecture estim\u00e9e\" \/>\n\t<meta name=\"twitter:data1\" content=\"3 minutes\" \/>\n<script type=\"application\/ld+json\" class=\"yoast-schema-graph\">{\"@context\":\"https:\\\/\\\/schema.org\",\"@graph\":[{\"@type\":\"WebPage\",\"@id\":\"https:\\\/\\\/www.france.fi\\\/fr\\\/tests-et-examens\\\/delf-dalf-tout-public\\\/\",\"url\":\"https:\\\/\\\/www.france.fi\\\/fr\\\/tests-et-examens\\\/delf-dalf-tout-public\\\/\",\"name\":\"DELF \\\/ DALF tout public - Institut fran\u00e7ais\",\"isPartOf\":{\"@id\":\"https:\\\/\\\/www.france.fi\\\/#website\"},\"datePublished\":\"2020-11-20T07:31:47+00:00\",\"dateModified\":\"2026-03-13T12:10:38+00:00\",\"breadcrumb\":{\"@id\":\"https:\\\/\\\/www.france.fi\\\/fr\\\/tests-et-examens\\\/delf-dalf-tout-public\\\/#breadcrumb\"},\"inLanguage\":\"fr-FR\",\"potentialAction\":[{\"@type\":\"ReadAction\",\"target\":[\"https:\\\/\\\/www.france.fi\\\/fr\\\/tests-et-examens\\\/delf-dalf-tout-public\\\/\"]}]},{\"@type\":\"BreadcrumbList\",\"@id\":\"https:\\\/\\\/www.france.fi\\\/fr\\\/tests-et-examens\\\/delf-dalf-tout-public\\\/#breadcrumb\",\"itemListElement\":[{\"@type\":\"ListItem\",\"position\":1,\"name\":\"Home\",\"item\":\"https:\\\/\\\/www.france.fi\\\/fr\\\/\"},{\"@type\":\"ListItem\",\"position\":2,\"name\":\"Examens\",\"item\":\"https:\\\/\\\/www.france.fi\\\/fr\\\/tests-et-examens\\\/\"},{\"@type\":\"ListItem\",\"position\":3,\"name\":\"DELF \\\/ DALF tout public\"}]},{\"@type\":\"WebSite\",\"@id\":\"https:\\\/\\\/www.france.fi\\\/#website\",\"url\":\"https:\\\/\\\/www.france.fi\\\/\",\"name\":\"Institut fran\u00e7ais de Finlande\",\"description\":\"\",\"publisher\":{\"@id\":\"https:\\\/\\\/www.france.fi\\\/#organization\"},\"potentialAction\":[{\"@type\":\"SearchAction\",\"target\":{\"@type\":\"EntryPoint\",\"urlTemplate\":\"https:\\\/\\\/www.france.fi\\\/?s={search_term_string}\"},\"query-input\":{\"@type\":\"PropertyValueSpecification\",\"valueRequired\":true,\"valueName\":\"search_term_string\"}}],\"inLanguage\":\"fr-FR\"},{\"@type\":\"Organization\",\"@id\":\"https:\\\/\\\/www.france.fi\\\/#organization\",\"name\":\"Institut fran\u00e7ais de Finlande\",\"url\":\"https:\\\/\\\/www.france.fi\\\/\",\"logo\":{\"@type\":\"ImageObject\",\"inLanguage\":\"fr-FR\",\"@id\":\"https:\\\/\\\/www.france.fi\\\/#\\\/schema\\\/logo\\\/image\\\/\",\"url\":\"https:\\\/\\\/www.france.fi\\\/wp-content\\\/uploads\\\/2024\\\/02\\\/if-logo-1.png\",\"contentUrl\":\"https:\\\/\\\/www.france.fi\\\/wp-content\\\/uploads\\\/2024\\\/02\\\/if-logo-1.png\",\"width\":687,\"height\":459,\"caption\":\"Institut fran\u00e7ais de Finlande\"},\"image\":{\"@id\":\"https:\\\/\\\/www.france.fi\\\/#\\\/schema\\\/logo\\\/image\\\/\"},\"sameAs\":[\"https:\\\/\\\/www.facebook.com\\\/institutfrancaisfi\",\"https:\\\/\\\/x.com\\\/IFFinlande\",\"https:\\\/\\\/www.instagram.com\\\/iffinlande\\\/\",\"https:\\\/\\\/fr.linkedin.com\\\/organization-guest\\\/company\\\/institut-fran-ais-de-finlande\",\"https:\\\/\\\/www.youtube.com\\\/channel\\\/UCHAitdpmSbeP78eL49XMotA\"]}]}<\/script>\n<!-- \/ Yoast SEO plugin. -->","yoast_head_json":{"title":"DELF \/ DALF tout public - Institut fran\u00e7ais","robots":{"index":"index","follow":"follow","max-snippet":"max-snippet:-1","max-image-preview":"max-image-preview:large","max-video-preview":"max-video-preview:-1"},"canonical":"https:\/\/www.france.fi\/fr\/tests-et-examens\/delf-dalf-tout-public\/","og_locale":"fr_FR","og_type":"article","og_title":"DELF \/ DALF tout public - Institut fran\u00e7ais","og_description":"Le Dipl\u00f4me d\u2019\u00c9tudes en Langue Fran\u00e7aise (DELF) et le Dipl\u00f4me Approfondi de Langue Fran\u00e7aise (DALF) sont des dipl\u00f4mes d\u00e9livr\u00e9s par le minist\u00e8re de l\u2019\u00c9ducation Nationale fran\u00e7ais et valables \u00e0 vie. Inscription Cours de pr\u00e9paration\u00a0 L\u2019institut fran\u00e7ais de Finlande vous propose des cours de pr\u00e9paration pour les examens de niveau B1, B2 et C1. Un cours [&hellip;]","og_url":"https:\/\/www.france.fi\/fr\/tests-et-examens\/delf-dalf-tout-public\/","og_site_name":"Institut fran\u00e7ais","article_publisher":"https:\/\/www.facebook.com\/institutfrancaisfi","article_modified_time":"2026-03-13T12:10:38+00:00","twitter_card":"summary_large_image","twitter_site":"@IFFinlande","twitter_misc":{"Dur\u00e9e de lecture estim\u00e9e":"3 minutes"},"schema":{"@context":"https:\/\/schema.org","@graph":[{"@type":"WebPage","@id":"https:\/\/www.france.fi\/fr\/tests-et-examens\/delf-dalf-tout-public\/","url":"https:\/\/www.france.fi\/fr\/tests-et-examens\/delf-dalf-tout-public\/","name":"DELF \/ DALF tout public - Institut fran\u00e7ais","isPartOf":{"@id":"https:\/\/www.france.fi\/#website"},"datePublished":"2020-11-20T07:31:47+00:00","dateModified":"2026-03-13T12:10:38+00:00","breadcrumb":{"@id":"https:\/\/www.france.fi\/fr\/tests-et-examens\/delf-dalf-tout-public\/#breadcrumb"},"inLanguage":"fr-FR","potentialAction":[{"@type":"ReadAction","target":["https:\/\/www.france.fi\/fr\/tests-et-examens\/delf-dalf-tout-public\/"]}]},{"@type":"BreadcrumbList","@id":"https:\/\/www.france.fi\/fr\/tests-et-examens\/delf-dalf-tout-public\/#breadcrumb","itemListElement":[{"@type":"ListItem","position":1,"name":"Home","item":"https:\/\/www.france.fi\/fr\/"},{"@type":"ListItem","position":2,"name":"Examens","item":"https:\/\/www.france.fi\/fr\/tests-et-examens\/"},{"@type":"ListItem","position":3,"name":"DELF \/ DALF tout public"}]},{"@type":"WebSite","@id":"https:\/\/www.france.fi\/#website","url":"https:\/\/www.france.fi\/","name":"Institut fran\u00e7ais de Finlande","description":"","publisher":{"@id":"https:\/\/www.france.fi\/#organization"},"potentialAction":[{"@type":"SearchAction","target":{"@type":"EntryPoint","urlTemplate":"https:\/\/www.france.fi\/?s={search_term_string}"},"query-input":{"@type":"PropertyValueSpecification","valueRequired":true,"valueName":"search_term_string"}}],"inLanguage":"fr-FR"},{"@type":"Organization","@id":"https:\/\/www.france.fi\/#organization","name":"Institut fran\u00e7ais de Finlande","url":"https:\/\/www.france.fi\/","logo":{"@type":"ImageObject","inLanguage":"fr-FR","@id":"https:\/\/www.france.fi\/#\/schema\/logo\/image\/","url":"https:\/\/www.france.fi\/wp-content\/uploads\/2024\/02\/if-logo-1.png","contentUrl":"https:\/\/www.france.fi\/wp-content\/uploads\/2024\/02\/if-logo-1.png","width":687,"height":459,"caption":"Institut fran\u00e7ais de Finlande"},"image":{"@id":"https:\/\/www.france.fi\/#\/schema\/logo\/image\/"},"sameAs":["https:\/\/www.facebook.com\/institutfrancaisfi","https:\/\/x.com\/IFFinlande","https:\/\/www.instagram.com\/iffinlande\/","https:\/\/fr.linkedin.com\/organization-guest\/company\/institut-fran-ais-de-finlande","https:\/\/www.youtube.com\/channel\/UCHAitdpmSbeP78eL49XMotA"]}]}},"_links":{"self":[{"href":"https:\/\/www.france.fi\/fr\/wp-json\/wp\/v2\/pages\/2522","targetHints":{"allow":["GET"]}}],"collection":[{"href":"https:\/\/www.france.fi\/fr\/wp-json\/wp\/v2\/pages"}],"about":[{"href":"https:\/\/www.france.fi\/fr\/wp-json\/wp\/v2\/types\/page"}],"author":[{"embeddable":true,"href":"https:\/\/www.france.fi\/fr\/wp-json\/wp\/v2\/users\/2"}],"replies":[{"embeddable":true,"href":"https:\/\/www.france.fi\/fr\/wp-json\/wp\/v2\/comments?post=2522"}],"version-history":[{"count":0,"href":"https:\/\/www.france.fi\/fr\/wp-json\/wp\/v2\/pages\/2522\/revisions"}],"up":[{"embeddable":true,"href":"https:\/\/www.france.fi\/fr\/wp-json\/wp\/v2\/pages\/11"}],"wp:attachment":[{"href":"https:\/\/www.france.fi\/fr\/wp-json\/wp\/v2\/media?parent=2522"}],"curies":[{"name":"wp","href":"https:\/\/api.w.org\/{rel}","templated":true}]}}