{"id":3,"date":"2020-06-12T09:45:32","date_gmt":"2020-06-12T07:45:32","guid":{"rendered":"https:\/\/finlande.ifrancais.pp.smol.fr\/?page_id=3"},"modified":"2025-01-16T12:54:21","modified_gmt":"2025-01-16T10:54:21","slug":"politique-de-confidentialite","status":"publish","type":"page","link":"https:\/\/www.france.fi\/fr\/politique-de-confidentialite\/","title":{"rendered":"Politique de confidentialit\u00e9"},"content":{"rendered":"\r\n<p><strong>Politique de Confidentialit\u00e9<\/strong><br \/><strong>Derni\u00e8re mise \u00e0 jour le 16 janvier 2025<\/strong><br \/><strong>Date d&rsquo;entr\u00e9e en vigueur : 16 janvier 2025<\/strong><\/p>\r\n<p>Cette Politique de Confidentialit\u00e9 d\u00e9crit les politiques de l\u2019Institut fran\u00e7ais de Finlande, yrj\u00f6nkatu 36, Helsinki 00100, Finlande, email : <a rel=\"noopener\">communication@france.fi<\/a>, t\u00e9l\u00e9phone : +358092510210, concernant la collecte, l&rsquo;utilisation et la divulgation de vos informations que nous recueillons lorsque vous utilisez notre site internet (<a href=\"https:\/\/www.france.fi\" target=\"_new\" rel=\"noopener\">https:\/\/www.france.fi<\/a>) (le \u00ab Service \u00bb). En acc\u00e9dant ou en utilisant le Service, vous consentez \u00e0 la collecte, l&rsquo;utilisation et la divulgation de vos informations conform\u00e9ment \u00e0 cette Politique de Confidentialit\u00e9. Si vous ne consentez pas \u00e0 cela, veuillez ne pas acc\u00e9der ou utiliser le Service.<\/p>\r\n<p>Nous pouvons modifier cette Politique de Confidentialit\u00e9 \u00e0 tout moment sans pr\u00e9avis et publierons la Politique de Confidentialit\u00e9 r\u00e9vis\u00e9e sur le Service. La Politique r\u00e9vis\u00e9e entrera en vigueur 180 jours apr\u00e8s sa publication sur le Service, et votre acc\u00e8s ou utilisation continue du Service apr\u00e8s cette p\u00e9riode constituera votre acceptation de la Politique de Confidentialit\u00e9 r\u00e9vis\u00e9e. Nous vous recommandons donc de consulter cette page p\u00e9riodiquement.<\/p>\r\n<h3><strong>Informations que nous collectons<\/strong><\/h3>\r\n<p>Nous collecterons et traiterons les informations personnelles suivantes \u00e0 votre sujet :<\/p>\r\n<ul>\r\n<li>Nom<\/li>\r\n<li>Email<\/li>\r\n<\/ul>\r\n<h3><strong>Comment nous collectons vos informations<\/strong><\/h3>\r\n<p>Nous recueillons\/recevons des informations vous concernant de la mani\u00e8re suivante :<\/p>\r\n<ul>\r\n<li>Lorsque vous remplissez un formulaire d\u2019inscription ou soumettez autrement des informations personnelles<\/li>\r\n<li>Lors de vos interactions avec le site internet<\/li>\r\n<li>\u00c0 partir de sources publiques<\/li>\r\n<\/ul>\r\n<h3><strong>Comment nous utilisons vos informations<\/strong><\/h3>\r\n<p>Nous utiliserons les informations que nous recueillons \u00e0 votre sujet pour les finalit\u00e9s suivantes :<\/p>\r\n<ul>\r\n<li>Marketing \/ Promotion<\/li>\r\n<li>Publicit\u00e9 cibl\u00e9e<\/li>\r\n<\/ul>\r\n<p>Si nous souhaitons utiliser vos informations \u00e0 d&rsquo;autres fins, nous vous demanderons votre consentement et utiliserons vos informations uniquement apr\u00e8s avoir obtenu votre consentement et uniquement pour les finalit\u00e9s pour lesquelles ce consentement a \u00e9t\u00e9 accord\u00e9, sauf si la loi nous oblige \u00e0 agir autrement.<\/p>\r\n<h3><strong>Comment nous partageons vos informations<\/strong><\/h3>\r\n<p>Nous ne transf\u00e9rerons pas vos informations personnelles \u00e0 un tiers sans votre consentement, sauf dans les cas limit\u00e9s d\u00e9crits ci-dessous :<\/p>\r\n<ul>\r\n<li>Analyse<\/li>\r\n<\/ul>\r\n<p>Nous demandons \u00e0 ces tiers d\u2019utiliser les informations personnelles que nous leur transmettons uniquement dans le but pour lequel elles ont \u00e9t\u00e9 transmises et de ne pas les conserver plus longtemps que n\u00e9cessaire pour atteindre cet objectif.<\/p>\r\n<p>Nous pouvons \u00e9galement divulguer vos informations personnelles pour les raisons suivantes : (1) pour se conformer \u00e0 la loi applicable, \u00e0 une r\u00e9glementation, \u00e0 une ordonnance du tribunal ou \u00e0 tout autre processus juridique ; (2) pour faire respecter vos accords avec nous, y compris cette Politique de Confidentialit\u00e9 ; ou (3) pour r\u00e9pondre aux r\u00e9clamations selon lesquelles votre utilisation du Service viole les droits de tiers. Si le Service ou notre entreprise fusionne ou est acquis par une autre entreprise, vos informations seront l\u2019un des actifs transf\u00e9r\u00e9s au nouveau propri\u00e9taire.<\/p>\r\n<h3><strong>Conservation de vos informations<\/strong><\/h3>\r\n<p>Nous conserverons vos informations personnelles pendant une p\u00e9riode de 90 jours \u00e0 2 ans apr\u00e8s la fermeture de votre compte ou aussi longtemps que n\u00e9cessaire pour atteindre les objectifs pour lesquels elles ont \u00e9t\u00e9 collect\u00e9es, comme d\u00e9taill\u00e9 dans cette Politique de Confidentialit\u00e9. Nous pouvons \u00eatre amen\u00e9s \u00e0 conserver certaines informations pendant des p\u00e9riodes plus longues, telles que pour des obligations l\u00e9gales, la pr\u00e9vention des fraudes ou d&rsquo;autres raisons l\u00e9gitimes. Les informations anonymes r\u00e9siduelles et les informations agr\u00e9g\u00e9es, qui ne vous identifient pas (directement ou indirectement), peuvent \u00eatre conserv\u00e9es ind\u00e9finiment.<\/p>\r\n<h3><strong>Vos droits<\/strong><\/h3>\r\n<p>En fonction des lois applicables, vous pouvez avoir le droit d\u2019acc\u00e9der, de rectifier ou de supprimer vos donn\u00e9es personnelles, de recevoir une copie de vos donn\u00e9es personnelles, de restreindre ou de vous opposer au traitement actif de vos donn\u00e9es, de nous demander de partager (transf\u00e9rer) vos informations personnelles \u00e0 une autre entit\u00e9, de retirer tout consentement que vous nous avez donn\u00e9 pour traiter vos donn\u00e9es, de d\u00e9poser une plainte aupr\u00e8s d&rsquo;une autorit\u00e9 statutaire et d&rsquo;autres droits pertinents en vertu des lois applicables. Pour exercer ces droits, vous pouvez nous \u00e9crire \u00e0 <a rel=\"noopener\">communication@france.fi<\/a>. Nous r\u00e9pondrons \u00e0 votre demande conform\u00e9ment aux lois applicables.<\/p>\r\n<p>Vous pouvez vous d\u00e9sinscrire des communications marketing directes ou du profilage que nous effectuons \u00e0 des fins marketing en nous \u00e9crivant \u00e0 <a rel=\"noopener\">communication@france.fi<\/a>.<\/p>\r\n<p>Veuillez noter que si vous ne nous autorisez pas \u00e0 collecter ou traiter les informations personnelles requises ou si vous retirez votre consentement pour les traiter, vous pourriez ne pas \u00eatre en mesure d\u2019acc\u00e9der ou d\u2019utiliser les services pour lesquels vos informations ont \u00e9t\u00e9 demand\u00e9es.<\/p>\r\n<h3><strong>Cookies, etc.<\/strong><\/h3>\r\n<p>Pour en savoir plus sur notre utilisation de ces technologies et sur vos choix \u00e0 leur sujet, veuillez consulter notre Politique en mati\u00e8re de cookies.<\/p>\r\n<h3><strong>S\u00e9curit\u00e9<\/strong><\/h3>\r\n<p>La s\u00e9curit\u00e9 de vos informations est importante pour nous, et nous utiliserons des mesures de s\u00e9curit\u00e9 raisonnables pour emp\u00eacher la perte, l\u2019utilisation abusive ou l\u2019alt\u00e9ration non autoris\u00e9e de vos informations sous notre contr\u00f4le. Cependant, \u00e9tant donn\u00e9 les risques inh\u00e9rents, nous ne pouvons garantir une s\u00e9curit\u00e9 absolue et, par cons\u00e9quent, nous ne pouvons assurer ou garantir la s\u00e9curit\u00e9 des informations que vous nous transmettez, et vous le faites \u00e0 vos propres risques.<\/p>\r\n<h3><strong>Liens vers des tiers et utilisation de vos informations<\/strong><\/h3>\r\n<p>Notre Service peut contenir des liens vers d&rsquo;autres sites internet qui ne sont pas exploit\u00e9s par nous. Cette Politique de Confidentialit\u00e9 ne s&rsquo;applique pas aux politiques et pratiques des tiers, y compris les sites internet ou services accessibles via un lien sur le Service. Nous vous conseillons vivement de consulter la politique de confidentialit\u00e9 de chaque site que vous visitez. Nous ne contr\u00f4lons pas et n\u2019assumons aucune responsabilit\u00e9 pour le contenu, les politiques de confidentialit\u00e9 ou les pratiques des sites ou services tiers.<\/p>\r\n<h3><strong>Responsable des r\u00e9clamations \/ Protection des donn\u00e9es<\/strong><\/h3>\r\n<p>Si vous avez des questions ou des pr\u00e9occupations concernant le traitement de vos informations, vous pouvez envoyer un email \u00e0 notre Responsable des r\u00e9clamations \u00e0 : Institut fran\u00e7ais de Finlande, yrj\u00f6nkatu 36, email : <a rel=\"noopener\">communication@france.fi<\/a>. Nous traiterons vos pr\u00e9occupations conform\u00e9ment aux lois applicables.<\/p>\r\n<hr \/>\r\n<p><strong>Politique de Confidentialit\u00e9 g\u00e9n\u00e9r\u00e9e avec CookieYes.<\/strong><\/p>\r\n","protected":false},"excerpt":{"rendered":"<p>Politique de Confidentialit\u00e9Derni\u00e8re mise \u00e0 jour le 16 janvier 2025Date d&rsquo;entr\u00e9e en vigueur : 16 janvier 2025 Cette Politique de Confidentialit\u00e9 d\u00e9crit les politiques de l\u2019Institut fran\u00e7ais de Finlande, yrj\u00f6nkatu 36, Helsinki 00100, Finlande, email : communication@france.fi, t\u00e9l\u00e9phone : +358092510210, concernant la collecte, l&rsquo;utilisation et la divulgation de vos informations que nous recueillons lorsque vous [&hellip;]<\/p>\n","protected":false},"author":1,"featured_media":0,"parent":0,"menu_order":0,"comment_status":"closed","ping_status":"open","template":"","meta":{"footnotes":""},"class_list":["post-3","page","type-page","status-publish","hentry","no-media"],"yoast_head":"<!-- This site is optimized with the Yoast SEO plugin v27.6 - https:\/\/yoast.com\/product\/yoast-seo-wordpress\/ -->\n<title>Politique de confidentialit\u00e9 - Institut fran\u00e7ais<\/title>\n<meta name=\"robots\" content=\"index, follow, max-snippet:-1, max-image-preview:large, max-video-preview:-1\" \/>\n<link rel=\"canonical\" href=\"https:\/\/www.france.fi\/fr\/politique-de-confidentialite\/\" \/>\n<meta property=\"og:locale\" content=\"fr_FR\" \/>\n<meta property=\"og:type\" content=\"article\" \/>\n<meta property=\"og:title\" content=\"Politique de confidentialit\u00e9 - Institut fran\u00e7ais\" \/>\n<meta property=\"og:description\" content=\"Politique de Confidentialit\u00e9Derni\u00e8re mise \u00e0 jour le 16 janvier 2025Date d&rsquo;entr\u00e9e en vigueur : 16 janvier 2025 Cette Politique de Confidentialit\u00e9 d\u00e9crit les politiques de l\u2019Institut fran\u00e7ais de Finlande, yrj\u00f6nkatu 36, Helsinki 00100, Finlande, email : communication@france.fi, t\u00e9l\u00e9phone : +358092510210, concernant la collecte, l&rsquo;utilisation et la divulgation de vos informations que nous recueillons lorsque vous [&hellip;]\" \/>\n<meta property=\"og:url\" content=\"https:\/\/www.france.fi\/fr\/politique-de-confidentialite\/\" \/>\n<meta property=\"og:site_name\" content=\"Institut fran\u00e7ais\" \/>\n<meta property=\"article:publisher\" content=\"https:\/\/www.facebook.com\/institutfrancaisfi\" \/>\n<meta property=\"article:modified_time\" content=\"2025-01-16T10:54:21+00:00\" \/>\n<meta name=\"twitter:card\" content=\"summary_large_image\" \/>\n<meta name=\"twitter:site\" content=\"@IFFinlande\" \/>\n<meta name=\"twitter:label1\" content=\"Dur\u00e9e de lecture estim\u00e9e\" \/>\n\t<meta name=\"twitter:data1\" content=\"5 minutes\" \/>\n<script type=\"application\/ld+json\" class=\"yoast-schema-graph\">{\"@context\":\"https:\\\/\\\/schema.org\",\"@graph\":[{\"@type\":\"WebPage\",\"@id\":\"https:\\\/\\\/www.france.fi\\\/fr\\\/politique-de-confidentialite\\\/\",\"url\":\"https:\\\/\\\/www.france.fi\\\/fr\\\/politique-de-confidentialite\\\/\",\"name\":\"Politique de confidentialit\u00e9 - Institut fran\u00e7ais\",\"isPartOf\":{\"@id\":\"https:\\\/\\\/www.france.fi\\\/#website\"},\"datePublished\":\"2020-06-12T07:45:32+00:00\",\"dateModified\":\"2025-01-16T10:54:21+00:00\",\"breadcrumb\":{\"@id\":\"https:\\\/\\\/www.france.fi\\\/fr\\\/politique-de-confidentialite\\\/#breadcrumb\"},\"inLanguage\":\"fr-FR\",\"potentialAction\":[{\"@type\":\"ReadAction\",\"target\":[\"https:\\\/\\\/www.france.fi\\\/fr\\\/politique-de-confidentialite\\\/\"]}]},{\"@type\":\"BreadcrumbList\",\"@id\":\"https:\\\/\\\/www.france.fi\\\/fr\\\/politique-de-confidentialite\\\/#breadcrumb\",\"itemListElement\":[{\"@type\":\"ListItem\",\"position\":1,\"name\":\"Home\",\"item\":\"https:\\\/\\\/www.france.fi\\\/fr\\\/\"},{\"@type\":\"ListItem\",\"position\":2,\"name\":\"Politique de confidentialit\u00e9\"}]},{\"@type\":\"WebSite\",\"@id\":\"https:\\\/\\\/www.france.fi\\\/#website\",\"url\":\"https:\\\/\\\/www.france.fi\\\/\",\"name\":\"Institut fran\u00e7ais de Finlande\",\"description\":\"\",\"publisher\":{\"@id\":\"https:\\\/\\\/www.france.fi\\\/#organization\"},\"potentialAction\":[{\"@type\":\"SearchAction\",\"target\":{\"@type\":\"EntryPoint\",\"urlTemplate\":\"https:\\\/\\\/www.france.fi\\\/?s={search_term_string}\"},\"query-input\":{\"@type\":\"PropertyValueSpecification\",\"valueRequired\":true,\"valueName\":\"search_term_string\"}}],\"inLanguage\":\"fr-FR\"},{\"@type\":\"Organization\",\"@id\":\"https:\\\/\\\/www.france.fi\\\/#organization\",\"name\":\"Institut fran\u00e7ais de Finlande\",\"url\":\"https:\\\/\\\/www.france.fi\\\/\",\"logo\":{\"@type\":\"ImageObject\",\"inLanguage\":\"fr-FR\",\"@id\":\"https:\\\/\\\/www.france.fi\\\/#\\\/schema\\\/logo\\\/image\\\/\",\"url\":\"https:\\\/\\\/www.france.fi\\\/wp-content\\\/uploads\\\/2024\\\/02\\\/if-logo-1.png\",\"contentUrl\":\"https:\\\/\\\/www.france.fi\\\/wp-content\\\/uploads\\\/2024\\\/02\\\/if-logo-1.png\",\"width\":687,\"height\":459,\"caption\":\"Institut fran\u00e7ais de Finlande\"},\"image\":{\"@id\":\"https:\\\/\\\/www.france.fi\\\/#\\\/schema\\\/logo\\\/image\\\/\"},\"sameAs\":[\"https:\\\/\\\/www.facebook.com\\\/institutfrancaisfi\",\"https:\\\/\\\/x.com\\\/IFFinlande\",\"https:\\\/\\\/www.instagram.com\\\/iffinlande\\\/\",\"https:\\\/\\\/fr.linkedin.com\\\/organization-guest\\\/company\\\/institut-fran-ais-de-finlande\",\"https:\\\/\\\/www.youtube.com\\\/channel\\\/UCHAitdpmSbeP78eL49XMotA\"]}]}<\/script>\n<!-- \/ Yoast SEO plugin. -->","yoast_head_json":{"title":"Politique de confidentialit\u00e9 - Institut fran\u00e7ais","robots":{"index":"index","follow":"follow","max-snippet":"max-snippet:-1","max-image-preview":"max-image-preview:large","max-video-preview":"max-video-preview:-1"},"canonical":"https:\/\/www.france.fi\/fr\/politique-de-confidentialite\/","og_locale":"fr_FR","og_type":"article","og_title":"Politique de confidentialit\u00e9 - Institut fran\u00e7ais","og_description":"Politique de Confidentialit\u00e9Derni\u00e8re mise \u00e0 jour le 16 janvier 2025Date d&rsquo;entr\u00e9e en vigueur : 16 janvier 2025 Cette Politique de Confidentialit\u00e9 d\u00e9crit les politiques de l\u2019Institut fran\u00e7ais de Finlande, yrj\u00f6nkatu 36, Helsinki 00100, Finlande, email : communication@france.fi, t\u00e9l\u00e9phone : +358092510210, concernant la collecte, l&rsquo;utilisation et la divulgation de vos informations que nous recueillons lorsque vous [&hellip;]","og_url":"https:\/\/www.france.fi\/fr\/politique-de-confidentialite\/","og_site_name":"Institut fran\u00e7ais","article_publisher":"https:\/\/www.facebook.com\/institutfrancaisfi","article_modified_time":"2025-01-16T10:54:21+00:00","twitter_card":"summary_large_image","twitter_site":"@IFFinlande","twitter_misc":{"Dur\u00e9e de lecture estim\u00e9e":"5 minutes"},"schema":{"@context":"https:\/\/schema.org","@graph":[{"@type":"WebPage","@id":"https:\/\/www.france.fi\/fr\/politique-de-confidentialite\/","url":"https:\/\/www.france.fi\/fr\/politique-de-confidentialite\/","name":"Politique de confidentialit\u00e9 - Institut fran\u00e7ais","isPartOf":{"@id":"https:\/\/www.france.fi\/#website"},"datePublished":"2020-06-12T07:45:32+00:00","dateModified":"2025-01-16T10:54:21+00:00","breadcrumb":{"@id":"https:\/\/www.france.fi\/fr\/politique-de-confidentialite\/#breadcrumb"},"inLanguage":"fr-FR","potentialAction":[{"@type":"ReadAction","target":["https:\/\/www.france.fi\/fr\/politique-de-confidentialite\/"]}]},{"@type":"BreadcrumbList","@id":"https:\/\/www.france.fi\/fr\/politique-de-confidentialite\/#breadcrumb","itemListElement":[{"@type":"ListItem","position":1,"name":"Home","item":"https:\/\/www.france.fi\/fr\/"},{"@type":"ListItem","position":2,"name":"Politique de confidentialit\u00e9"}]},{"@type":"WebSite","@id":"https:\/\/www.france.fi\/#website","url":"https:\/\/www.france.fi\/","name":"Institut fran\u00e7ais de Finlande","description":"","publisher":{"@id":"https:\/\/www.france.fi\/#organization"},"potentialAction":[{"@type":"SearchAction","target":{"@type":"EntryPoint","urlTemplate":"https:\/\/www.france.fi\/?s={search_term_string}"},"query-input":{"@type":"PropertyValueSpecification","valueRequired":true,"valueName":"search_term_string"}}],"inLanguage":"fr-FR"},{"@type":"Organization","@id":"https:\/\/www.france.fi\/#organization","name":"Institut fran\u00e7ais de Finlande","url":"https:\/\/www.france.fi\/","logo":{"@type":"ImageObject","inLanguage":"fr-FR","@id":"https:\/\/www.france.fi\/#\/schema\/logo\/image\/","url":"https:\/\/www.france.fi\/wp-content\/uploads\/2024\/02\/if-logo-1.png","contentUrl":"https:\/\/www.france.fi\/wp-content\/uploads\/2024\/02\/if-logo-1.png","width":687,"height":459,"caption":"Institut fran\u00e7ais de Finlande"},"image":{"@id":"https:\/\/www.france.fi\/#\/schema\/logo\/image\/"},"sameAs":["https:\/\/www.facebook.com\/institutfrancaisfi","https:\/\/x.com\/IFFinlande","https:\/\/www.instagram.com\/iffinlande\/","https:\/\/fr.linkedin.com\/organization-guest\/company\/institut-fran-ais-de-finlande","https:\/\/www.youtube.com\/channel\/UCHAitdpmSbeP78eL49XMotA"]}]}},"_links":{"self":[{"href":"https:\/\/www.france.fi\/fr\/wp-json\/wp\/v2\/pages\/3","targetHints":{"allow":["GET"]}}],"collection":[{"href":"https:\/\/www.france.fi\/fr\/wp-json\/wp\/v2\/pages"}],"about":[{"href":"https:\/\/www.france.fi\/fr\/wp-json\/wp\/v2\/types\/page"}],"author":[{"embeddable":true,"href":"https:\/\/www.france.fi\/fr\/wp-json\/wp\/v2\/users\/1"}],"replies":[{"embeddable":true,"href":"https:\/\/www.france.fi\/fr\/wp-json\/wp\/v2\/comments?post=3"}],"version-history":[{"count":0,"href":"https:\/\/www.france.fi\/fr\/wp-json\/wp\/v2\/pages\/3\/revisions"}],"wp:attachment":[{"href":"https:\/\/www.france.fi\/fr\/wp-json\/wp\/v2\/media?parent=3"}],"curies":[{"name":"wp","href":"https:\/\/api.w.org\/{rel}","templated":true}]}}