{"id":3413,"date":"2020-12-21T11:44:35","date_gmt":"2020-12-21T09:44:35","guid":{"rendered":"http:\/\/www.france.fi\/?page_id=3413"},"modified":"2026-03-16T11:10:05","modified_gmt":"2026-03-16T09:10:05","slug":"cours-individuels","status":"publish","type":"page","link":"https:\/\/www.france.fi\/fr\/apprendre-le-francais\/cours-individuels\/","title":{"rendered":"Priv\u00e9s"},"content":{"rendered":"\n<p>Les cours individuels de l\u2019Institut fran\u00e7ais de Finlande vous permettent de progresser \u00e0 votre rythme, gr\u00e2ce \u00e0 un programme adapt\u00e9 et l\u2019accompagnement personnalis\u00e9 de nos professeurs. Avec nos cours individuels, vous \u00eates s\u00fbrs de :<\/p>\n<table style=\"border-collapse: collapse; width: 100%;\">\n<tbody>\n<tr>\n<td style=\"width: 6.89657%; border-style: hidden;\"><img loading=\"lazy\" decoding=\"async\" class=\"size-medium wp-image-21286 alignright\" src=\"https:\/\/www.france.fi\/wp-content\/uploads\/2025\/09\/cible.gif\" alt=\"\" width=\"56\" height=\"56\" \/><\/td>\n<td style=\"width: 93.1034%; border-style: hidden;\"><strong>Personnaliser le contenu :<\/strong> le cours est cibl\u00e9 sur votre niveau, vos besoins, vos envies.<\/td>\n<\/tr>\n<tr>\n<td style=\"width: 6.89657%; border-style: hidden;\"><img loading=\"lazy\" decoding=\"async\" class=\"size-medium wp-image-21283 alignright\" style=\"letter-spacing: -0.315px;\" src=\"https:\/\/www.france.fi\/wp-content\/uploads\/2025\/09\/niveaux.gif\" alt=\"\" width=\"59\" height=\"59\" \/><\/td>\n<td style=\"width: 93.1034%; border-style: hidden;\"><strong>Choisir vos horaires :<\/strong> jours, horaires, fr\u00e9quence, volume d\u2019heures, tout est choisi en fonctions de vos disponibilit\u00e9s et de vos objectifs.<\/td>\n<\/tr>\n<tr>\n<td style=\"width: 6.89657%; border-style: hidden;\"><img loading=\"lazy\" decoding=\"async\" class=\"size-medium wp-image-21280 alignright\" style=\"letter-spacing: -0.315px;\" src=\"https:\/\/www.france.fi\/wp-content\/uploads\/2025\/09\/Vitesse.gif\" alt=\"\" width=\"52\" height=\"52\" \/><\/td>\n<td style=\"width: 93.1034%; border-style: hidden;\"><strong>Acc\u00e9l\u00e9rer votre progression <\/strong>: toute l\u2019attention du professeur est pour vous, \u00e0 chaque instant.<\/td>\n<\/tr>\n<tr>\n<td style=\"width: 6.89657%; border-style: hidden;\"><img loading=\"lazy\" decoding=\"async\" class=\"size-full wp-image-21277 alignright\" style=\"letter-spacing: -0.315px;\" src=\"https:\/\/www.france.fi\/wp-content\/uploads\/2025\/09\/rentabilite.gif\" alt=\"\" width=\"49\" height=\"49\" \/><\/td>\n<td style=\"width: 93.1034%; border-style: hidden;\"><strong>Faire un investissement rentable <\/strong>: vous progressez plus vite, en moins de temps.<\/td>\n<\/tr>\n<\/tbody>\n<\/table>\n<p>Nous vous recommandons les cours individuels si vous avez un emploi du temps irr\u00e9gulier, un objectif personnel ou professionnel bien pr\u00e9cis ou tout simplement envie de progresser efficacement \u00e0 votre rythme.<\/p>\n<p>Contactez-nous pour \u00e9valuer votre niveau et vos besoins et conna\u00eetre nos tarifs. Nous vous proposerons un programme personnalis\u00e9 et adapt\u00e9\u00a0: <span style=\"color: #3366ff;\"><a style=\"color: #3366ff;\" href=\"mailto:cours@france.fi\">cours@france.fi<\/a><\/span><\/p>\n","protected":false},"excerpt":{"rendered":"<p>Les cours individuels de l\u2019Institut fran\u00e7ais de Finlande vous permettent de progresser \u00e0 votre rythme, gr\u00e2ce \u00e0 un programme adapt\u00e9 et l\u2019accompagnement personnalis\u00e9 de nos professeurs. Avec nos cours individuels, vous \u00eates s\u00fbrs de : Personnaliser le contenu : le cours est cibl\u00e9 sur votre niveau, vos besoins, vos envies. Choisir vos horaires : jours, [&hellip;]<\/p>\n","protected":false},"author":2,"featured_media":22680,"parent":2,"menu_order":3,"comment_status":"closed","ping_status":"closed","template":"","meta":{"footnotes":""},"class_list":["post-3413","page","type-page","status-publish","has-post-thumbnail","hentry"],"yoast_head":"<!-- This site is optimized with the Yoast SEO plugin v27.4 - https:\/\/yoast.com\/product\/yoast-seo-wordpress\/ -->\n<title>Priv\u00e9s - Institut fran\u00e7ais<\/title>\n<meta name=\"description\" content=\"Les cours individuels de l\u2019Institut fran\u00e7ais de Finlande vous permettent de progresser \u00e0 votre rythme, gr\u00e2ce \u00e0 un programme adapt\u00e9 et l\u2019accompagnement personnalis\u00e9 de nos professeurs. Avec nos cours individuels, vous \u00eates s\u00fbrs de :\" \/>\n<meta name=\"robots\" content=\"index, follow, max-snippet:-1, max-image-preview:large, max-video-preview:-1\" \/>\n<link rel=\"canonical\" href=\"https:\/\/www.france.fi\/fr\/apprendre-le-francais\/cours-individuels\/\" \/>\n<meta property=\"og:locale\" content=\"fr_FR\" \/>\n<meta property=\"og:type\" content=\"article\" \/>\n<meta property=\"og:title\" content=\"Priv\u00e9s - Institut fran\u00e7ais\" \/>\n<meta property=\"og:description\" content=\"Les cours individuels de l\u2019Institut fran\u00e7ais de Finlande vous permettent de progresser \u00e0 votre rythme, gr\u00e2ce \u00e0 un programme adapt\u00e9 et l\u2019accompagnement personnalis\u00e9 de nos professeurs. Avec nos cours individuels, vous \u00eates s\u00fbrs de :\" \/>\n<meta property=\"og:url\" content=\"https:\/\/www.france.fi\/fr\/apprendre-le-francais\/cours-individuels\/\" \/>\n<meta property=\"og:site_name\" content=\"Institut fran\u00e7ais\" \/>\n<meta property=\"article:publisher\" content=\"https:\/\/www.facebook.com\/institutfrancaisfi\" \/>\n<meta property=\"article:modified_time\" content=\"2026-03-16T09:10:05+00:00\" \/>\n<meta property=\"og:image\" content=\"https:\/\/www.france.fi\/wp-content\/uploads\/2025\/12\/Speak-Dating-1.jpg\" \/>\n\t<meta property=\"og:image:width\" content=\"1920\" \/>\n\t<meta property=\"og:image:height\" content=\"1080\" \/>\n\t<meta property=\"og:image:type\" content=\"image\/jpeg\" \/>\n<meta name=\"twitter:card\" content=\"summary_large_image\" \/>\n<meta name=\"twitter:site\" content=\"@IFFinlande\" \/>\n<meta name=\"twitter:label1\" content=\"Dur\u00e9e de lecture estim\u00e9e\" \/>\n\t<meta name=\"twitter:data1\" content=\"2 minutes\" \/>\n<script type=\"application\/ld+json\" class=\"yoast-schema-graph\">{\"@context\":\"https:\\\/\\\/schema.org\",\"@graph\":[{\"@type\":\"WebPage\",\"@id\":\"https:\\\/\\\/www.france.fi\\\/fr\\\/apprendre-le-francais\\\/cours-individuels\\\/\",\"url\":\"https:\\\/\\\/www.france.fi\\\/fr\\\/apprendre-le-francais\\\/cours-individuels\\\/\",\"name\":\"Priv\u00e9s - Institut fran\u00e7ais\",\"isPartOf\":{\"@id\":\"https:\\\/\\\/www.france.fi\\\/#website\"},\"primaryImageOfPage\":{\"@id\":\"https:\\\/\\\/www.france.fi\\\/fr\\\/apprendre-le-francais\\\/cours-individuels\\\/#primaryimage\"},\"image\":{\"@id\":\"https:\\\/\\\/www.france.fi\\\/fr\\\/apprendre-le-francais\\\/cours-individuels\\\/#primaryimage\"},\"thumbnailUrl\":\"https:\\\/\\\/www.france.fi\\\/wp-content\\\/uploads\\\/2025\\\/12\\\/Speak-Dating-1.jpg\",\"datePublished\":\"2020-12-21T09:44:35+00:00\",\"dateModified\":\"2026-03-16T09:10:05+00:00\",\"description\":\"Les cours individuels de l\u2019Institut fran\u00e7ais de Finlande vous permettent de progresser \u00e0 votre rythme, gr\u00e2ce \u00e0 un programme adapt\u00e9 et l\u2019accompagnement personnalis\u00e9 de nos professeurs. Avec nos cours individuels, vous \u00eates s\u00fbrs de :\",\"breadcrumb\":{\"@id\":\"https:\\\/\\\/www.france.fi\\\/fr\\\/apprendre-le-francais\\\/cours-individuels\\\/#breadcrumb\"},\"inLanguage\":\"fr-FR\",\"potentialAction\":[{\"@type\":\"ReadAction\",\"target\":[\"https:\\\/\\\/www.france.fi\\\/fr\\\/apprendre-le-francais\\\/cours-individuels\\\/\"]}]},{\"@type\":\"ImageObject\",\"inLanguage\":\"fr-FR\",\"@id\":\"https:\\\/\\\/www.france.fi\\\/fr\\\/apprendre-le-francais\\\/cours-individuels\\\/#primaryimage\",\"url\":\"https:\\\/\\\/www.france.fi\\\/wp-content\\\/uploads\\\/2025\\\/12\\\/Speak-Dating-1.jpg\",\"contentUrl\":\"https:\\\/\\\/www.france.fi\\\/wp-content\\\/uploads\\\/2025\\\/12\\\/Speak-Dating-1.jpg\",\"width\":1920,\"height\":1080},{\"@type\":\"BreadcrumbList\",\"@id\":\"https:\\\/\\\/www.france.fi\\\/fr\\\/apprendre-le-francais\\\/cours-individuels\\\/#breadcrumb\",\"itemListElement\":[{\"@type\":\"ListItem\",\"position\":1,\"name\":\"Home\",\"item\":\"https:\\\/\\\/www.france.fi\\\/fr\\\/\"},{\"@type\":\"ListItem\",\"position\":2,\"name\":\"Cours de fran\u00e7ais\",\"item\":\"https:\\\/\\\/www.france.fi\\\/fr\\\/apprendre-le-francais\\\/\"},{\"@type\":\"ListItem\",\"position\":3,\"name\":\"Priv\u00e9s\"}]},{\"@type\":\"WebSite\",\"@id\":\"https:\\\/\\\/www.france.fi\\\/#website\",\"url\":\"https:\\\/\\\/www.france.fi\\\/\",\"name\":\"Institut fran\u00e7ais de Finlande\",\"description\":\"\",\"publisher\":{\"@id\":\"https:\\\/\\\/www.france.fi\\\/#organization\"},\"potentialAction\":[{\"@type\":\"SearchAction\",\"target\":{\"@type\":\"EntryPoint\",\"urlTemplate\":\"https:\\\/\\\/www.france.fi\\\/?s={search_term_string}\"},\"query-input\":{\"@type\":\"PropertyValueSpecification\",\"valueRequired\":true,\"valueName\":\"search_term_string\"}}],\"inLanguage\":\"fr-FR\"},{\"@type\":\"Organization\",\"@id\":\"https:\\\/\\\/www.france.fi\\\/#organization\",\"name\":\"Institut fran\u00e7ais de Finlande\",\"url\":\"https:\\\/\\\/www.france.fi\\\/\",\"logo\":{\"@type\":\"ImageObject\",\"inLanguage\":\"fr-FR\",\"@id\":\"https:\\\/\\\/www.france.fi\\\/#\\\/schema\\\/logo\\\/image\\\/\",\"url\":\"https:\\\/\\\/www.france.fi\\\/wp-content\\\/uploads\\\/2024\\\/02\\\/if-logo-1.png\",\"contentUrl\":\"https:\\\/\\\/www.france.fi\\\/wp-content\\\/uploads\\\/2024\\\/02\\\/if-logo-1.png\",\"width\":687,\"height\":459,\"caption\":\"Institut fran\u00e7ais de Finlande\"},\"image\":{\"@id\":\"https:\\\/\\\/www.france.fi\\\/#\\\/schema\\\/logo\\\/image\\\/\"},\"sameAs\":[\"https:\\\/\\\/www.facebook.com\\\/institutfrancaisfi\",\"https:\\\/\\\/x.com\\\/IFFinlande\",\"https:\\\/\\\/www.instagram.com\\\/iffinlande\\\/\",\"https:\\\/\\\/fr.linkedin.com\\\/organization-guest\\\/company\\\/institut-fran-ais-de-finlande\",\"https:\\\/\\\/www.youtube.com\\\/channel\\\/UCHAitdpmSbeP78eL49XMotA\"]}]}<\/script>\n<!-- \/ Yoast SEO plugin. -->","yoast_head_json":{"title":"Priv\u00e9s - Institut fran\u00e7ais","description":"Les cours individuels de l\u2019Institut fran\u00e7ais de Finlande vous permettent de progresser \u00e0 votre rythme, gr\u00e2ce \u00e0 un programme adapt\u00e9 et l\u2019accompagnement personnalis\u00e9 de nos professeurs. Avec nos cours individuels, vous \u00eates s\u00fbrs de :","robots":{"index":"index","follow":"follow","max-snippet":"max-snippet:-1","max-image-preview":"max-image-preview:large","max-video-preview":"max-video-preview:-1"},"canonical":"https:\/\/www.france.fi\/fr\/apprendre-le-francais\/cours-individuels\/","og_locale":"fr_FR","og_type":"article","og_title":"Priv\u00e9s - Institut fran\u00e7ais","og_description":"Les cours individuels de l\u2019Institut fran\u00e7ais de Finlande vous permettent de progresser \u00e0 votre rythme, gr\u00e2ce \u00e0 un programme adapt\u00e9 et l\u2019accompagnement personnalis\u00e9 de nos professeurs. Avec nos cours individuels, vous \u00eates s\u00fbrs de :","og_url":"https:\/\/www.france.fi\/fr\/apprendre-le-francais\/cours-individuels\/","og_site_name":"Institut fran\u00e7ais","article_publisher":"https:\/\/www.facebook.com\/institutfrancaisfi","article_modified_time":"2026-03-16T09:10:05+00:00","og_image":[{"width":1920,"height":1080,"url":"https:\/\/www.france.fi\/wp-content\/uploads\/2025\/12\/Speak-Dating-1.jpg","type":"image\/jpeg"}],"twitter_card":"summary_large_image","twitter_site":"@IFFinlande","twitter_misc":{"Dur\u00e9e de lecture estim\u00e9e":"2 minutes"},"schema":{"@context":"https:\/\/schema.org","@graph":[{"@type":"WebPage","@id":"https:\/\/www.france.fi\/fr\/apprendre-le-francais\/cours-individuels\/","url":"https:\/\/www.france.fi\/fr\/apprendre-le-francais\/cours-individuels\/","name":"Priv\u00e9s - Institut fran\u00e7ais","isPartOf":{"@id":"https:\/\/www.france.fi\/#website"},"primaryImageOfPage":{"@id":"https:\/\/www.france.fi\/fr\/apprendre-le-francais\/cours-individuels\/#primaryimage"},"image":{"@id":"https:\/\/www.france.fi\/fr\/apprendre-le-francais\/cours-individuels\/#primaryimage"},"thumbnailUrl":"https:\/\/www.france.fi\/wp-content\/uploads\/2025\/12\/Speak-Dating-1.jpg","datePublished":"2020-12-21T09:44:35+00:00","dateModified":"2026-03-16T09:10:05+00:00","description":"Les cours individuels de l\u2019Institut fran\u00e7ais de Finlande vous permettent de progresser \u00e0 votre rythme, gr\u00e2ce \u00e0 un programme adapt\u00e9 et l\u2019accompagnement personnalis\u00e9 de nos professeurs. Avec nos cours individuels, vous \u00eates s\u00fbrs de :","breadcrumb":{"@id":"https:\/\/www.france.fi\/fr\/apprendre-le-francais\/cours-individuels\/#breadcrumb"},"inLanguage":"fr-FR","potentialAction":[{"@type":"ReadAction","target":["https:\/\/www.france.fi\/fr\/apprendre-le-francais\/cours-individuels\/"]}]},{"@type":"ImageObject","inLanguage":"fr-FR","@id":"https:\/\/www.france.fi\/fr\/apprendre-le-francais\/cours-individuels\/#primaryimage","url":"https:\/\/www.france.fi\/wp-content\/uploads\/2025\/12\/Speak-Dating-1.jpg","contentUrl":"https:\/\/www.france.fi\/wp-content\/uploads\/2025\/12\/Speak-Dating-1.jpg","width":1920,"height":1080},{"@type":"BreadcrumbList","@id":"https:\/\/www.france.fi\/fr\/apprendre-le-francais\/cours-individuels\/#breadcrumb","itemListElement":[{"@type":"ListItem","position":1,"name":"Home","item":"https:\/\/www.france.fi\/fr\/"},{"@type":"ListItem","position":2,"name":"Cours de fran\u00e7ais","item":"https:\/\/www.france.fi\/fr\/apprendre-le-francais\/"},{"@type":"ListItem","position":3,"name":"Priv\u00e9s"}]},{"@type":"WebSite","@id":"https:\/\/www.france.fi\/#website","url":"https:\/\/www.france.fi\/","name":"Institut fran\u00e7ais de Finlande","description":"","publisher":{"@id":"https:\/\/www.france.fi\/#organization"},"potentialAction":[{"@type":"SearchAction","target":{"@type":"EntryPoint","urlTemplate":"https:\/\/www.france.fi\/?s={search_term_string}"},"query-input":{"@type":"PropertyValueSpecification","valueRequired":true,"valueName":"search_term_string"}}],"inLanguage":"fr-FR"},{"@type":"Organization","@id":"https:\/\/www.france.fi\/#organization","name":"Institut fran\u00e7ais de Finlande","url":"https:\/\/www.france.fi\/","logo":{"@type":"ImageObject","inLanguage":"fr-FR","@id":"https:\/\/www.france.fi\/#\/schema\/logo\/image\/","url":"https:\/\/www.france.fi\/wp-content\/uploads\/2024\/02\/if-logo-1.png","contentUrl":"https:\/\/www.france.fi\/wp-content\/uploads\/2024\/02\/if-logo-1.png","width":687,"height":459,"caption":"Institut fran\u00e7ais de Finlande"},"image":{"@id":"https:\/\/www.france.fi\/#\/schema\/logo\/image\/"},"sameAs":["https:\/\/www.facebook.com\/institutfrancaisfi","https:\/\/x.com\/IFFinlande","https:\/\/www.instagram.com\/iffinlande\/","https:\/\/fr.linkedin.com\/organization-guest\/company\/institut-fran-ais-de-finlande","https:\/\/www.youtube.com\/channel\/UCHAitdpmSbeP78eL49XMotA"]}]}},"_links":{"self":[{"href":"https:\/\/www.france.fi\/fr\/wp-json\/wp\/v2\/pages\/3413","targetHints":{"allow":["GET"]}}],"collection":[{"href":"https:\/\/www.france.fi\/fr\/wp-json\/wp\/v2\/pages"}],"about":[{"href":"https:\/\/www.france.fi\/fr\/wp-json\/wp\/v2\/types\/page"}],"author":[{"embeddable":true,"href":"https:\/\/www.france.fi\/fr\/wp-json\/wp\/v2\/users\/2"}],"replies":[{"embeddable":true,"href":"https:\/\/www.france.fi\/fr\/wp-json\/wp\/v2\/comments?post=3413"}],"version-history":[{"count":1,"href":"https:\/\/www.france.fi\/fr\/wp-json\/wp\/v2\/pages\/3413\/revisions"}],"predecessor-version":[{"id":24225,"href":"https:\/\/www.france.fi\/fr\/wp-json\/wp\/v2\/pages\/3413\/revisions\/24225"}],"up":[{"embeddable":true,"href":"https:\/\/www.france.fi\/fr\/wp-json\/wp\/v2\/pages\/2"}],"wp:featuredmedia":[{"embeddable":true,"href":"https:\/\/www.france.fi\/fr\/wp-json\/wp\/v2\/media\/22680"}],"wp:attachment":[{"href":"https:\/\/www.france.fi\/fr\/wp-json\/wp\/v2\/media?parent=3413"}],"curies":[{"name":"wp","href":"https:\/\/api.w.org\/{rel}","templated":true}]}}