{"id":391,"date":"2020-06-16T13:17:49","date_gmt":"2020-06-16T11:17:49","guid":{"rendered":"https:\/\/finlande.ifrancais.pp.smol.fr\/?page_id=391"},"modified":"2026-03-11T11:55:20","modified_gmt":"2026-03-11T09:55:20","slug":"cinema","status":"publish","type":"page","link":"https:\/\/www.france.fi\/fr\/vous-soutenir\/cinema\/","title":{"rendered":"Cin\u00e9ma"},"content":{"rendered":"\r\n<h5><strong>L\u2019Institut fran\u00e7ais de Finlande soutient le cin\u00e9ma en Finlande.<\/strong><\/h5>\r\n<p>L\u2019Institut fran\u00e7ais de Finlande accompagne activement les festivals, cin\u00e9-clubs et salles de cin\u00e9ma du pays dans la diffusion de films francophones et africains, notamment gr\u00e2ce \u00e0 la plateforme IFcin\u00e9ma.<\/p>\r\n<p>&nbsp;<\/p>\r\n<h5><strong>IFcin\u00e9ma \u2013 le catalogue de films de l\u2019Institut fran\u00e7ais<\/strong><\/h5>\r\n<p>Via sa plateforme IFcin\u00e9ma, l\u2019Institut fran\u00e7ais met gratuitement \u00e0 disposition les droits de diffusion de nombreux films pour les partenaires organisant des projections \u00e0 but non lucratif. Chaque ann\u00e9e, une vingtaine de films circulent ainsi dans les festivals et cin\u00e9-clubs finlandais.<\/p>\r\n<p>IFcin\u00e9ma comprend deux catalogues :<\/p>\r\n<ul>\r\n<li>Un catalogue de films fran\u00e7ais,<\/li>\r\n<li>Un catalogue de films africains issus de la Cin\u00e9math\u00e8que Afrique.<\/li>\r\n<\/ul>\r\n<p>Les projections peuvent \u00eatre organis\u00e9es \u00e0 partir de commandes t\u00e9l\u00e9chargeables ou sur supports physiques (DCP, Blu-ray, 35 mm, etc.). Ce service s\u2019adresse au r\u00e9seau culturel fran\u00e7ais \u00e0 l\u2019\u00e9tranger (Ambassades, Instituts fran\u00e7ais, Alliances Fran\u00e7aises), \u00e0 leurs partenaires (festivals, m\u00e9diath\u00e8ques, cin\u00e9mas, cin\u00e9-clubs) ainsi qu\u2019au monde \u00e9ducatif.<\/p>\r\n<p>&nbsp;<\/p>\r\n<h5><strong>Le cin\u00e9ma fran\u00e7ais dans toute sa diversit\u00e9<\/strong><\/h5>\r\n<p>De Claude Sautet \u00e0 Justine Triet, d\u2019Isabelle Huppert \u00e0 Rapha\u00ebl Quenard, IFcin\u00e9ma refl\u00e8te toute la richesse et l\u2019\u00e9clectisme du cin\u00e9ma fran\u00e7ais.<br \/>Grands classiques, films r\u00e9cents, \u0153uvres de r\u00e9alisateurs confirm\u00e9s comme de jeunes talents : tous les genres et formats sont repr\u00e9sent\u00e9s. Ce catalogue a \u00e9t\u00e9 con\u00e7u pour r\u00e9pondre \u00e0 une grande vari\u00e9t\u00e9 de contextes de diffusion et pour toucher des publics diversifi\u00e9s, en Finlande comme ailleurs.<\/p>\r\n<p>&nbsp;<\/p>\r\n<h5><strong>Cin\u00e9math\u00e8que Afrique \u2013 un patrimoine cin\u00e9matographique unique<\/strong><\/h5>\r\n<p>La Cin\u00e9math\u00e8que Afrique propose un catalogue exceptionnel de plus de 1 700 titres, dont plus de 600 sont disponibles pour des projections publiques non commerciales.<br \/>On y retrouve les grandes figures du cin\u00e9ma africain depuis ses d\u00e9buts \u2013 Semb\u00e8ne Ousmane, Souleymane Ciss\u00e9, Idrissa Ou\u00e9draogo, Moustapha Alassane \u2013 ainsi que les laur\u00e9ats du prestigieux \u00c9talon de Yennenga (Fespaco).<\/p>\r\n<p>La jeune cr\u00e9ation y est \u00e9galement mise \u00e0 l\u2019honneur avec des \u0153uvres contemporaines telles que :<\/p>\r\n<ul>\r\n<li>Will My Parents Come to See Me de Mo Harawe,<\/li>\r\n<li>Le Spectre de Boko Haram de Cyrielle Raingou,<\/li>\r\n<li>Nome de Sana Na N\u2019Hada.<\/li>\r\n<\/ul>\r\n<p><strong>Guide d\u2019utilisation :<\/strong> <span style=\"color: #3366ff;\"><a style=\"color: #3366ff;\" href=\"https:\/\/www.france.fi\/wp-content\/uploads\/2026\/03\/Guide-dutilisation.pdf\" target=\"_blank\" rel=\"noopener\">Guide d&rsquo;utilisation<\/a><\/span><\/p>\r\n<p>Pour des collaborations autour du cin\u00e9ma, contactez Sofia \u00c5berg : <span style=\"color: #3366ff;\"><a style=\"color: #3366ff;\" href=\"mailto:sofia.aberg@france.fi\">sofia.aberg@france.fi<\/a><\/span><\/p>\r\n<p>&nbsp;<\/p>\r\n","protected":false},"excerpt":{"rendered":"<p>L\u2019Institut fran\u00e7ais de Finlande soutient le cin\u00e9ma en Finlande. L\u2019Institut fran\u00e7ais de Finlande accompagne activement les festivals, cin\u00e9-clubs et salles de cin\u00e9ma du pays dans la diffusion de films francophones et africains, notamment gr\u00e2ce \u00e0 la plateforme IFcin\u00e9ma. &nbsp; IFcin\u00e9ma \u2013 le catalogue de films de l\u2019Institut fran\u00e7ais Via sa plateforme IFcin\u00e9ma, l\u2019Institut fran\u00e7ais met [&hellip;]<\/p>\n","protected":false},"author":2,"featured_media":24070,"parent":24021,"menu_order":0,"comment_status":"closed","ping_status":"closed","template":"","meta":{"footnotes":""},"class_list":["post-391","page","type-page","status-publish","has-post-thumbnail","hentry"],"yoast_head":"<!-- This site is optimized with the Yoast SEO plugin v27.3 - https:\/\/yoast.com\/product\/yoast-seo-wordpress\/ -->\n<title>Cin\u00e9ma - Institut fran\u00e7ais<\/title>\n<meta name=\"robots\" content=\"index, follow, max-snippet:-1, max-image-preview:large, max-video-preview:-1\" \/>\n<link rel=\"canonical\" href=\"https:\/\/www.france.fi\/fr\/vous-soutenir\/cinema\/\" \/>\n<meta property=\"og:locale\" content=\"fr_FR\" \/>\n<meta property=\"og:type\" content=\"article\" \/>\n<meta property=\"og:title\" content=\"Cin\u00e9ma - Institut fran\u00e7ais\" \/>\n<meta property=\"og:description\" content=\"L\u2019Institut fran\u00e7ais de Finlande soutient le cin\u00e9ma en Finlande. L\u2019Institut fran\u00e7ais de Finlande accompagne activement les festivals, cin\u00e9-clubs et salles de cin\u00e9ma du pays dans la diffusion de films francophones et africains, notamment gr\u00e2ce \u00e0 la plateforme IFcin\u00e9ma. &nbsp; IFcin\u00e9ma \u2013 le catalogue de films de l\u2019Institut fran\u00e7ais Via sa plateforme IFcin\u00e9ma, l\u2019Institut fran\u00e7ais met [&hellip;]\" \/>\n<meta property=\"og:url\" content=\"https:\/\/www.france.fi\/fr\/vous-soutenir\/cinema\/\" \/>\n<meta property=\"og:site_name\" content=\"Institut fran\u00e7ais\" \/>\n<meta property=\"article:publisher\" content=\"https:\/\/www.facebook.com\/institutfrancaisfi\" \/>\n<meta property=\"article:modified_time\" content=\"2026-03-11T09:55:20+00:00\" \/>\n<meta property=\"og:image\" content=\"https:\/\/www.france.fi\/wp-content\/uploads\/2026\/03\/Cinema.jpg\" \/>\n\t<meta property=\"og:image:width\" content=\"1920\" \/>\n\t<meta property=\"og:image:height\" content=\"1080\" \/>\n\t<meta property=\"og:image:type\" content=\"image\/jpeg\" \/>\n<meta name=\"twitter:card\" content=\"summary_large_image\" \/>\n<meta name=\"twitter:site\" content=\"@IFFinlande\" \/>\n<meta name=\"twitter:label1\" content=\"Dur\u00e9e de lecture estim\u00e9e\" \/>\n\t<meta name=\"twitter:data1\" content=\"2 minutes\" \/>\n<script type=\"application\/ld+json\" class=\"yoast-schema-graph\">{\"@context\":\"https:\\\/\\\/schema.org\",\"@graph\":[{\"@type\":\"WebPage\",\"@id\":\"https:\\\/\\\/www.france.fi\\\/fr\\\/vous-soutenir\\\/cinema\\\/\",\"url\":\"https:\\\/\\\/www.france.fi\\\/fr\\\/vous-soutenir\\\/cinema\\\/\",\"name\":\"Cin\u00e9ma - Institut fran\u00e7ais\",\"isPartOf\":{\"@id\":\"https:\\\/\\\/www.france.fi\\\/#website\"},\"primaryImageOfPage\":{\"@id\":\"https:\\\/\\\/www.france.fi\\\/fr\\\/vous-soutenir\\\/cinema\\\/#primaryimage\"},\"image\":{\"@id\":\"https:\\\/\\\/www.france.fi\\\/fr\\\/vous-soutenir\\\/cinema\\\/#primaryimage\"},\"thumbnailUrl\":\"https:\\\/\\\/www.france.fi\\\/wp-content\\\/uploads\\\/2026\\\/03\\\/Cinema.jpg\",\"datePublished\":\"2020-06-16T11:17:49+00:00\",\"dateModified\":\"2026-03-11T09:55:20+00:00\",\"breadcrumb\":{\"@id\":\"https:\\\/\\\/www.france.fi\\\/fr\\\/vous-soutenir\\\/cinema\\\/#breadcrumb\"},\"inLanguage\":\"fr-FR\",\"potentialAction\":[{\"@type\":\"ReadAction\",\"target\":[\"https:\\\/\\\/www.france.fi\\\/fr\\\/vous-soutenir\\\/cinema\\\/\"]}]},{\"@type\":\"ImageObject\",\"inLanguage\":\"fr-FR\",\"@id\":\"https:\\\/\\\/www.france.fi\\\/fr\\\/vous-soutenir\\\/cinema\\\/#primaryimage\",\"url\":\"https:\\\/\\\/www.france.fi\\\/wp-content\\\/uploads\\\/2026\\\/03\\\/Cinema.jpg\",\"contentUrl\":\"https:\\\/\\\/www.france.fi\\\/wp-content\\\/uploads\\\/2026\\\/03\\\/Cinema.jpg\",\"width\":1920,\"height\":1080},{\"@type\":\"BreadcrumbList\",\"@id\":\"https:\\\/\\\/www.france.fi\\\/fr\\\/vous-soutenir\\\/cinema\\\/#breadcrumb\",\"itemListElement\":[{\"@type\":\"ListItem\",\"position\":1,\"name\":\"Home\",\"item\":\"https:\\\/\\\/www.france.fi\\\/fr\\\/\"},{\"@type\":\"ListItem\",\"position\":2,\"name\":\"Vous soutenir\",\"item\":\"https:\\\/\\\/www.france.fi\\\/fr\\\/vous-soutenir\\\/\"},{\"@type\":\"ListItem\",\"position\":3,\"name\":\"Cin\u00e9ma\"}]},{\"@type\":\"WebSite\",\"@id\":\"https:\\\/\\\/www.france.fi\\\/#website\",\"url\":\"https:\\\/\\\/www.france.fi\\\/\",\"name\":\"Institut fran\u00e7ais de Finlande\",\"description\":\"\",\"publisher\":{\"@id\":\"https:\\\/\\\/www.france.fi\\\/#organization\"},\"potentialAction\":[{\"@type\":\"SearchAction\",\"target\":{\"@type\":\"EntryPoint\",\"urlTemplate\":\"https:\\\/\\\/www.france.fi\\\/?s={search_term_string}\"},\"query-input\":{\"@type\":\"PropertyValueSpecification\",\"valueRequired\":true,\"valueName\":\"search_term_string\"}}],\"inLanguage\":\"fr-FR\"},{\"@type\":\"Organization\",\"@id\":\"https:\\\/\\\/www.france.fi\\\/#organization\",\"name\":\"Institut fran\u00e7ais de Finlande\",\"url\":\"https:\\\/\\\/www.france.fi\\\/\",\"logo\":{\"@type\":\"ImageObject\",\"inLanguage\":\"fr-FR\",\"@id\":\"https:\\\/\\\/www.france.fi\\\/#\\\/schema\\\/logo\\\/image\\\/\",\"url\":\"https:\\\/\\\/www.france.fi\\\/wp-content\\\/uploads\\\/2024\\\/02\\\/if-logo-1.png\",\"contentUrl\":\"https:\\\/\\\/www.france.fi\\\/wp-content\\\/uploads\\\/2024\\\/02\\\/if-logo-1.png\",\"width\":687,\"height\":459,\"caption\":\"Institut fran\u00e7ais de Finlande\"},\"image\":{\"@id\":\"https:\\\/\\\/www.france.fi\\\/#\\\/schema\\\/logo\\\/image\\\/\"},\"sameAs\":[\"https:\\\/\\\/www.facebook.com\\\/institutfrancaisfi\",\"https:\\\/\\\/x.com\\\/IFFinlande\",\"https:\\\/\\\/www.instagram.com\\\/iffinlande\\\/\",\"https:\\\/\\\/fr.linkedin.com\\\/organization-guest\\\/company\\\/institut-fran-ais-de-finlande\",\"https:\\\/\\\/www.youtube.com\\\/channel\\\/UCHAitdpmSbeP78eL49XMotA\"]}]}<\/script>\n<!-- \/ Yoast SEO plugin. -->","yoast_head_json":{"title":"Cin\u00e9ma - Institut fran\u00e7ais","robots":{"index":"index","follow":"follow","max-snippet":"max-snippet:-1","max-image-preview":"max-image-preview:large","max-video-preview":"max-video-preview:-1"},"canonical":"https:\/\/www.france.fi\/fr\/vous-soutenir\/cinema\/","og_locale":"fr_FR","og_type":"article","og_title":"Cin\u00e9ma - Institut fran\u00e7ais","og_description":"L\u2019Institut fran\u00e7ais de Finlande soutient le cin\u00e9ma en Finlande. L\u2019Institut fran\u00e7ais de Finlande accompagne activement les festivals, cin\u00e9-clubs et salles de cin\u00e9ma du pays dans la diffusion de films francophones et africains, notamment gr\u00e2ce \u00e0 la plateforme IFcin\u00e9ma. &nbsp; IFcin\u00e9ma \u2013 le catalogue de films de l\u2019Institut fran\u00e7ais Via sa plateforme IFcin\u00e9ma, l\u2019Institut fran\u00e7ais met [&hellip;]","og_url":"https:\/\/www.france.fi\/fr\/vous-soutenir\/cinema\/","og_site_name":"Institut fran\u00e7ais","article_publisher":"https:\/\/www.facebook.com\/institutfrancaisfi","article_modified_time":"2026-03-11T09:55:20+00:00","og_image":[{"width":1920,"height":1080,"url":"https:\/\/www.france.fi\/wp-content\/uploads\/2026\/03\/Cinema.jpg","type":"image\/jpeg"}],"twitter_card":"summary_large_image","twitter_site":"@IFFinlande","twitter_misc":{"Dur\u00e9e de lecture estim\u00e9e":"2 minutes"},"schema":{"@context":"https:\/\/schema.org","@graph":[{"@type":"WebPage","@id":"https:\/\/www.france.fi\/fr\/vous-soutenir\/cinema\/","url":"https:\/\/www.france.fi\/fr\/vous-soutenir\/cinema\/","name":"Cin\u00e9ma - Institut fran\u00e7ais","isPartOf":{"@id":"https:\/\/www.france.fi\/#website"},"primaryImageOfPage":{"@id":"https:\/\/www.france.fi\/fr\/vous-soutenir\/cinema\/#primaryimage"},"image":{"@id":"https:\/\/www.france.fi\/fr\/vous-soutenir\/cinema\/#primaryimage"},"thumbnailUrl":"https:\/\/www.france.fi\/wp-content\/uploads\/2026\/03\/Cinema.jpg","datePublished":"2020-06-16T11:17:49+00:00","dateModified":"2026-03-11T09:55:20+00:00","breadcrumb":{"@id":"https:\/\/www.france.fi\/fr\/vous-soutenir\/cinema\/#breadcrumb"},"inLanguage":"fr-FR","potentialAction":[{"@type":"ReadAction","target":["https:\/\/www.france.fi\/fr\/vous-soutenir\/cinema\/"]}]},{"@type":"ImageObject","inLanguage":"fr-FR","@id":"https:\/\/www.france.fi\/fr\/vous-soutenir\/cinema\/#primaryimage","url":"https:\/\/www.france.fi\/wp-content\/uploads\/2026\/03\/Cinema.jpg","contentUrl":"https:\/\/www.france.fi\/wp-content\/uploads\/2026\/03\/Cinema.jpg","width":1920,"height":1080},{"@type":"BreadcrumbList","@id":"https:\/\/www.france.fi\/fr\/vous-soutenir\/cinema\/#breadcrumb","itemListElement":[{"@type":"ListItem","position":1,"name":"Home","item":"https:\/\/www.france.fi\/fr\/"},{"@type":"ListItem","position":2,"name":"Vous soutenir","item":"https:\/\/www.france.fi\/fr\/vous-soutenir\/"},{"@type":"ListItem","position":3,"name":"Cin\u00e9ma"}]},{"@type":"WebSite","@id":"https:\/\/www.france.fi\/#website","url":"https:\/\/www.france.fi\/","name":"Institut fran\u00e7ais de Finlande","description":"","publisher":{"@id":"https:\/\/www.france.fi\/#organization"},"potentialAction":[{"@type":"SearchAction","target":{"@type":"EntryPoint","urlTemplate":"https:\/\/www.france.fi\/?s={search_term_string}"},"query-input":{"@type":"PropertyValueSpecification","valueRequired":true,"valueName":"search_term_string"}}],"inLanguage":"fr-FR"},{"@type":"Organization","@id":"https:\/\/www.france.fi\/#organization","name":"Institut fran\u00e7ais de Finlande","url":"https:\/\/www.france.fi\/","logo":{"@type":"ImageObject","inLanguage":"fr-FR","@id":"https:\/\/www.france.fi\/#\/schema\/logo\/image\/","url":"https:\/\/www.france.fi\/wp-content\/uploads\/2024\/02\/if-logo-1.png","contentUrl":"https:\/\/www.france.fi\/wp-content\/uploads\/2024\/02\/if-logo-1.png","width":687,"height":459,"caption":"Institut fran\u00e7ais de Finlande"},"image":{"@id":"https:\/\/www.france.fi\/#\/schema\/logo\/image\/"},"sameAs":["https:\/\/www.facebook.com\/institutfrancaisfi","https:\/\/x.com\/IFFinlande","https:\/\/www.instagram.com\/iffinlande\/","https:\/\/fr.linkedin.com\/organization-guest\/company\/institut-fran-ais-de-finlande","https:\/\/www.youtube.com\/channel\/UCHAitdpmSbeP78eL49XMotA"]}]}},"_links":{"self":[{"href":"https:\/\/www.france.fi\/fr\/wp-json\/wp\/v2\/pages\/391","targetHints":{"allow":["GET"]}}],"collection":[{"href":"https:\/\/www.france.fi\/fr\/wp-json\/wp\/v2\/pages"}],"about":[{"href":"https:\/\/www.france.fi\/fr\/wp-json\/wp\/v2\/types\/page"}],"author":[{"embeddable":true,"href":"https:\/\/www.france.fi\/fr\/wp-json\/wp\/v2\/users\/2"}],"replies":[{"embeddable":true,"href":"https:\/\/www.france.fi\/fr\/wp-json\/wp\/v2\/comments?post=391"}],"version-history":[{"count":0,"href":"https:\/\/www.france.fi\/fr\/wp-json\/wp\/v2\/pages\/391\/revisions"}],"up":[{"embeddable":true,"href":"https:\/\/www.france.fi\/fr\/wp-json\/wp\/v2\/pages\/24021"}],"wp:featuredmedia":[{"embeddable":true,"href":"https:\/\/www.france.fi\/fr\/wp-json\/wp\/v2\/media\/24070"}],"wp:attachment":[{"href":"https:\/\/www.france.fi\/fr\/wp-json\/wp\/v2\/media?parent=391"}],"curies":[{"name":"wp","href":"https:\/\/api.w.org\/{rel}","templated":true}]}}