{"id":478,"date":"2020-06-16T15:57:09","date_gmt":"2020-06-16T13:57:09","guid":{"rendered":"https:\/\/finlande.ifrancais.pp.smol.fr\/?page_id=478"},"modified":"2026-03-11T13:37:20","modified_gmt":"2026-03-11T11:37:20","slug":"etudier-en-france","status":"publish","type":"page","link":"https:\/\/www.france.fi\/fr\/education\/etudes-superieures-en-france\/etudier-en-france\/","title":{"rendered":"Campus France Finlande"},"content":{"rendered":"\n<p><strong>Avez-vous des questions sur les \u00e9tudes en France ? Campus France Finlande est l\u00e0 pour vous !<\/strong><\/p>\n\n\n\n<details class=\"wp-block-details has-normal-font-size is-layout-flow wp-block-details-is-layout-flow\"><summary><strong>\u00c9tudiants<\/strong><\/summary>\n<p>Pour toute question rapide, vous \u00eates les bienvenus sans rendez-vous pendant les horaires d\u2019ouverture de l\u2019Institut. Nous serons ravis de vous accueillir et de vous aider !<\/p>\n<p>Souhaitez-vous prendre un rendez-vous plus long pour discuter de votre projet d\u2019\u00e9tudes ?<\/p>\n<p>Pour les rendez-vous <strong>\u00e0 l\u2019Institut<\/strong>, \u00e9crivez-nous \u00e0 <span style=\"color: #3366ff;\"><a style=\"color: #3366ff;\" href=\"mailto:helsinki@campusfrance.org\">helsinki@campusfrance.org.<\/a><\/span><\/p>\n<p>Pour le rendez-vous <strong>en ligne<\/strong>, r\u00e9servez un cr\u00e9neau <span style=\"color: #3366ff;\"><a style=\"color: #3366ff;\" href=\"https:\/\/outlook.office.com\/bookwithme\/user\/717b216c79354494a526fe1899faf7b2%40france.fi\/meetingtype\/a1c84a54-8290-48cb-9598-8196f02f947d?anonymous\"><strong>via ce lien<\/strong><\/a><\/span>.<\/p>\n<p>Campus France Finlande partage chaque ann\u00e9e des informations sur diff\u00e9rentes bourses destin\u00e9es aux \u00e9tudes en France. Vous trouverez les informations actualis\u00e9es sur les bourses sur <a href=\"https:\/\/www.france.fi\/fr\/vous-soutenir\/programmes-et-bourses\/\"><span style=\"color: #3366ff;\"><strong><u>notre site internet ici.<\/u><\/strong><\/span><\/a><\/p>\n<\/details>\n\n\n\n<details class=\"wp-block-details has-normal-font-size is-layout-flow wp-block-details-is-layout-flow\"><summary><strong>Enseignants et conseillers d\u2019orientation<\/strong><\/summary>\n<p>Souhaitez-vous organiser une pr\u00e9sentation sur les \u00e9tudes sup\u00e9rieures en France dans votre \u00e9tablissement ou \u00e0 l\u2019Institut fran\u00e7ais ?<\/p>\n<p>Nous proposons des pr\u00e9sentations sur place dans les \u00e9tablissements et \u00e0 l\u2019Institut, ainsi qu\u2019\u00e0 distance.<\/p>\n<p>N\u2019h\u00e9sitez pas \u00e0 nous contacter par e-mail : <span style=\"color: #3366ff;\"><a style=\"color: #3366ff;\" href=\"mailto:helsinki@campusfrance.org\"><strong>helsinki@campusfrance.org<\/strong><\/a><\/span><\/p>\n<\/details>\n\n\n\n<details class=\"wp-block-details has-normal-font-size is-layout-flow wp-block-details-is-layout-flow\"><summary><strong>Foire aux questions<\/strong><\/summary>\n<p><strong>Quels types d\u2019\u00e9tablissements sup\u00e9rieurs existe-t-il en France ?<\/strong><br>Les \u00e9tablissements d\u2019enseignement sup\u00e9rieur en France peuvent \u00eatre grossi\u00e8rement class\u00e9s en <span style=\"color: #3366ff;\"><a style=\"color: #3366ff;\" href=\"https:\/\/www.campusfrance.org\/en\/institutes-higher-education-France\">trois cat\u00e9gories<\/a><\/span> : 1. Universit\u00e9s publiques (\u00e9quivalentes aux universit\u00e9s finlandaises), 2. Grandes \u00e9coles (publiques ou priv\u00e9es), 3. \u00c9tablissements sp\u00e9cialis\u00e9s dans un domaine particulier (publics ou priv\u00e9s).<\/p>\n<p><strong>Quelles sont les conditions pour postuler dans un \u00e9tablissement sup\u00e9rieur fran\u00e7ais ?<\/strong><br>Peuvent postuler les \u00e9tudiants ayant termin\u00e9 le secondaire (baccalaur\u00e9at ou \u201cammattikoulututkinto\u201d) et les \u00e9l\u00e8ves qui passent leurs examens de fin de secondaire au printemps de l\u2019ann\u00e9e de candidature.<\/p>\n<p><strong>Quel niveau de langue est requis pour \u00e9tudier en France ?<\/strong><br>Pour les programmes de licence en fran\u00e7ais, le niveau B2 est g\u00e9n\u00e9ralement requis. Certains programmes de licence n\u00e9cessitent le niveau C1 (par exemple, les \u00e9tudes de droit). Pour les programmes de master, le niveau C1 est requis.<\/p>\n<p><strong>Comment prouver mon niveau de langue ?<\/strong><br>Par un test officiel, par exemple DELF ou TEF.<br>Si vous postulez via Parcoursup, il suffit d\u2019\u00eatre inscrit au test pendant la p\u00e9riode de candidature. \u00c0 l\u2019inscription \u00e0 l\u2019universit\u00e9 \u00e0 l\u2019automne, vous devrez pr\u00e9senter votre certificat de langue.<\/p>\n<p><strong>Est-il possible d\u2019\u00e9tudier en anglais en France ?<\/strong><br>Oui, surtout dans les \u00e9tablissements priv\u00e9s. Dans les universit\u00e9s publiques fran\u00e7aises, les programmes de licence en anglais ne sont pas tr\u00e8s nombreux, mais davantage de programmes de master. Vous pouvez consulter l\u2019offre de formation en anglais en France <a href=\"https:\/\/taughtie.campusfrance.org\/tiesearch\/index.html#\/catalog\"><span style=\"color: #3366ff;\">via ce lien<\/span>.<\/a><\/p>\n<p><strong>Les \u00e9tudes sont-elles payantes en France ?<\/strong><br>Les frais d\u00e9pendent de l\u2019\u00e9tablissement et de la nationalit\u00e9 de l\u2019\u00e9tudiant. Pour les citoyens finlandais, les \u00e9tudes dans les universit\u00e9s publiques sont gratuites (\u00e0 l\u2019exception des frais annuels d\u2019environ 150\u2013200 \u20ac).<\/p>\n<p><strong>Comment postuler pour une licence en France ?<\/strong><\/p>\n<p>Universit\u00e9s publiques : les citoyens de l\u2019UE (et les \u00e9l\u00e8ves des \u00e9coles europ\u00e9ennes) via la plateforme <span style=\"color: #3366ff;\"><a style=\"color: #3366ff;\" href=\"https:\/\/www.parcoursup.gouv.fr\">Parcoursup<\/a><\/span>, de janvier \u00e0 avril. Les non-UE : via le processus \u201c<span style=\"color: #3366ff;\"><a style=\"color: #3366ff;\" href=\"https:\/\/www.enseignementsup-recherche.gouv.fr\/fr\/dossier-blanc-demande-d-admission-prealable-dap-pour-une-premiere-inscription-dans-une-universite-46452\">demande d\u2019admission pr\u00e9alable<\/a><\/span>\u201d de octobre \u00e0 d\u00e9cembre.<\/p>\n<p>\u00c9tablissements priv\u00e9s : directement via le site web de l\u2019universit\u00e9.<\/p>\n<p>Pour les arts, via le portail <span style=\"color: #3366ff;\"><a style=\"color: #3366ff;\" href=\"https:\/\/www.campusart.org\/?lang=en\">Campus Art<\/a><\/span>.<\/p>\n<p><strong>Comment postuler pour un master en France ?<\/strong><br>Via la plateforme Mon Master ou directement aupr\u00e8s de l\u2019universit\u00e9 si le programme n\u2019est pas sur <span style=\"color: #3366ff;\"><a style=\"color: #3366ff;\" href=\"https:\/\/monmaster.gouv.fr\">Mon Master<\/a><\/span>.<\/p>\n<p><strong>Comment trouver un logement en France ?<\/strong><br>Vous pouvez consulter cette liste de plateformes pour trouver un logement en France <span style=\"color: #3366ff;\"><a style=\"color: #3366ff;\" href=\"https:\/\/www.canva.com\/design\/DAHCa6rZ3hk\/mmfUdvWc-mH81L9CL6lqkQ\/view?utm_content=DAHCa6rZ3hk&amp;utm_campaign=designshare&amp;utm_medium=link2&amp;utm_source=uniquelinks&amp;utlId=h409f6cd8dd\">via ce lien<\/a><\/span>.<\/p>\n<\/details>\n","protected":false},"excerpt":{"rendered":"<p>Avez-vous des questions sur les \u00e9tudes en France ? Campus France Finlande est l\u00e0 pour vous !<\/p>\n","protected":false},"author":2,"featured_media":0,"parent":23926,"menu_order":0,"comment_status":"closed","ping_status":"closed","template":"","meta":{"footnotes":""},"class_list":["post-478","page","type-page","status-publish","hentry","no-media"],"yoast_head":"<!-- This site is optimized with the Yoast SEO plugin v27.4 - https:\/\/yoast.com\/product\/yoast-seo-wordpress\/ -->\n<title>Campus France Finlande - Institut fran\u00e7ais<\/title>\n<meta name=\"robots\" content=\"index, follow, max-snippet:-1, max-image-preview:large, max-video-preview:-1\" \/>\n<link rel=\"canonical\" href=\"https:\/\/www.france.fi\/fr\/education\/etudes-superieures-en-france\/etudier-en-france\/\" \/>\n<meta property=\"og:locale\" content=\"fr_FR\" \/>\n<meta property=\"og:type\" content=\"article\" \/>\n<meta property=\"og:title\" content=\"Campus France Finlande - Institut fran\u00e7ais\" \/>\n<meta property=\"og:description\" content=\"Avez-vous des questions sur les \u00e9tudes en France ? Campus France Finlande est l\u00e0 pour vous !\" \/>\n<meta property=\"og:url\" content=\"https:\/\/www.france.fi\/fr\/education\/etudes-superieures-en-france\/etudier-en-france\/\" \/>\n<meta property=\"og:site_name\" content=\"Institut fran\u00e7ais\" \/>\n<meta property=\"article:publisher\" content=\"https:\/\/www.facebook.com\/institutfrancaisfi\" \/>\n<meta property=\"article:modified_time\" content=\"2026-03-11T11:37:20+00:00\" \/>\n<meta name=\"twitter:card\" content=\"summary_large_image\" \/>\n<meta name=\"twitter:site\" content=\"@IFFinlande\" \/>\n<meta name=\"twitter:label1\" content=\"Dur\u00e9e de lecture estim\u00e9e\" \/>\n\t<meta name=\"twitter:data1\" content=\"3 minutes\" \/>\n<script type=\"application\/ld+json\" class=\"yoast-schema-graph\">{\"@context\":\"https:\\\/\\\/schema.org\",\"@graph\":[{\"@type\":\"WebPage\",\"@id\":\"https:\\\/\\\/www.france.fi\\\/fr\\\/education\\\/etudes-superieures-en-france\\\/etudier-en-france\\\/\",\"url\":\"https:\\\/\\\/www.france.fi\\\/fr\\\/education\\\/etudes-superieures-en-france\\\/etudier-en-france\\\/\",\"name\":\"Campus France Finlande - Institut fran\u00e7ais\",\"isPartOf\":{\"@id\":\"https:\\\/\\\/www.france.fi\\\/#website\"},\"datePublished\":\"2020-06-16T13:57:09+00:00\",\"dateModified\":\"2026-03-11T11:37:20+00:00\",\"breadcrumb\":{\"@id\":\"https:\\\/\\\/www.france.fi\\\/fr\\\/education\\\/etudes-superieures-en-france\\\/etudier-en-france\\\/#breadcrumb\"},\"inLanguage\":\"fr-FR\",\"potentialAction\":[{\"@type\":\"ReadAction\",\"target\":[\"https:\\\/\\\/www.france.fi\\\/fr\\\/education\\\/etudes-superieures-en-france\\\/etudier-en-france\\\/\"]}]},{\"@type\":\"BreadcrumbList\",\"@id\":\"https:\\\/\\\/www.france.fi\\\/fr\\\/education\\\/etudes-superieures-en-france\\\/etudier-en-france\\\/#breadcrumb\",\"itemListElement\":[{\"@type\":\"ListItem\",\"position\":1,\"name\":\"Home\",\"item\":\"https:\\\/\\\/www.france.fi\\\/fr\\\/\"},{\"@type\":\"ListItem\",\"position\":2,\"name\":\"\u00c9ducation\",\"item\":\"https:\\\/\\\/www.france.fi\\\/fr\\\/education\\\/\"},{\"@type\":\"ListItem\",\"position\":3,\"name\":\"\u00c9tudes sup\u00e9rieures en France\",\"item\":\"https:\\\/\\\/www.france.fi\\\/fr\\\/education\\\/etudes-superieures-en-france\\\/\"},{\"@type\":\"ListItem\",\"position\":4,\"name\":\"Campus France Finlande\"}]},{\"@type\":\"WebSite\",\"@id\":\"https:\\\/\\\/www.france.fi\\\/#website\",\"url\":\"https:\\\/\\\/www.france.fi\\\/\",\"name\":\"Institut fran\u00e7ais de Finlande\",\"description\":\"\",\"publisher\":{\"@id\":\"https:\\\/\\\/www.france.fi\\\/#organization\"},\"potentialAction\":[{\"@type\":\"SearchAction\",\"target\":{\"@type\":\"EntryPoint\",\"urlTemplate\":\"https:\\\/\\\/www.france.fi\\\/?s={search_term_string}\"},\"query-input\":{\"@type\":\"PropertyValueSpecification\",\"valueRequired\":true,\"valueName\":\"search_term_string\"}}],\"inLanguage\":\"fr-FR\"},{\"@type\":\"Organization\",\"@id\":\"https:\\\/\\\/www.france.fi\\\/#organization\",\"name\":\"Institut fran\u00e7ais de Finlande\",\"url\":\"https:\\\/\\\/www.france.fi\\\/\",\"logo\":{\"@type\":\"ImageObject\",\"inLanguage\":\"fr-FR\",\"@id\":\"https:\\\/\\\/www.france.fi\\\/#\\\/schema\\\/logo\\\/image\\\/\",\"url\":\"https:\\\/\\\/www.france.fi\\\/wp-content\\\/uploads\\\/2024\\\/02\\\/if-logo-1.png\",\"contentUrl\":\"https:\\\/\\\/www.france.fi\\\/wp-content\\\/uploads\\\/2024\\\/02\\\/if-logo-1.png\",\"width\":687,\"height\":459,\"caption\":\"Institut fran\u00e7ais de Finlande\"},\"image\":{\"@id\":\"https:\\\/\\\/www.france.fi\\\/#\\\/schema\\\/logo\\\/image\\\/\"},\"sameAs\":[\"https:\\\/\\\/www.facebook.com\\\/institutfrancaisfi\",\"https:\\\/\\\/x.com\\\/IFFinlande\",\"https:\\\/\\\/www.instagram.com\\\/iffinlande\\\/\",\"https:\\\/\\\/fr.linkedin.com\\\/organization-guest\\\/company\\\/institut-fran-ais-de-finlande\",\"https:\\\/\\\/www.youtube.com\\\/channel\\\/UCHAitdpmSbeP78eL49XMotA\"]}]}<\/script>\n<!-- \/ Yoast SEO plugin. -->","yoast_head_json":{"title":"Campus France Finlande - Institut fran\u00e7ais","robots":{"index":"index","follow":"follow","max-snippet":"max-snippet:-1","max-image-preview":"max-image-preview:large","max-video-preview":"max-video-preview:-1"},"canonical":"https:\/\/www.france.fi\/fr\/education\/etudes-superieures-en-france\/etudier-en-france\/","og_locale":"fr_FR","og_type":"article","og_title":"Campus France Finlande - Institut fran\u00e7ais","og_description":"Avez-vous des questions sur les \u00e9tudes en France ? Campus France Finlande est l\u00e0 pour vous !","og_url":"https:\/\/www.france.fi\/fr\/education\/etudes-superieures-en-france\/etudier-en-france\/","og_site_name":"Institut fran\u00e7ais","article_publisher":"https:\/\/www.facebook.com\/institutfrancaisfi","article_modified_time":"2026-03-11T11:37:20+00:00","twitter_card":"summary_large_image","twitter_site":"@IFFinlande","twitter_misc":{"Dur\u00e9e de lecture estim\u00e9e":"3 minutes"},"schema":{"@context":"https:\/\/schema.org","@graph":[{"@type":"WebPage","@id":"https:\/\/www.france.fi\/fr\/education\/etudes-superieures-en-france\/etudier-en-france\/","url":"https:\/\/www.france.fi\/fr\/education\/etudes-superieures-en-france\/etudier-en-france\/","name":"Campus France Finlande - Institut fran\u00e7ais","isPartOf":{"@id":"https:\/\/www.france.fi\/#website"},"datePublished":"2020-06-16T13:57:09+00:00","dateModified":"2026-03-11T11:37:20+00:00","breadcrumb":{"@id":"https:\/\/www.france.fi\/fr\/education\/etudes-superieures-en-france\/etudier-en-france\/#breadcrumb"},"inLanguage":"fr-FR","potentialAction":[{"@type":"ReadAction","target":["https:\/\/www.france.fi\/fr\/education\/etudes-superieures-en-france\/etudier-en-france\/"]}]},{"@type":"BreadcrumbList","@id":"https:\/\/www.france.fi\/fr\/education\/etudes-superieures-en-france\/etudier-en-france\/#breadcrumb","itemListElement":[{"@type":"ListItem","position":1,"name":"Home","item":"https:\/\/www.france.fi\/fr\/"},{"@type":"ListItem","position":2,"name":"\u00c9ducation","item":"https:\/\/www.france.fi\/fr\/education\/"},{"@type":"ListItem","position":3,"name":"\u00c9tudes sup\u00e9rieures en France","item":"https:\/\/www.france.fi\/fr\/education\/etudes-superieures-en-france\/"},{"@type":"ListItem","position":4,"name":"Campus France Finlande"}]},{"@type":"WebSite","@id":"https:\/\/www.france.fi\/#website","url":"https:\/\/www.france.fi\/","name":"Institut fran\u00e7ais de Finlande","description":"","publisher":{"@id":"https:\/\/www.france.fi\/#organization"},"potentialAction":[{"@type":"SearchAction","target":{"@type":"EntryPoint","urlTemplate":"https:\/\/www.france.fi\/?s={search_term_string}"},"query-input":{"@type":"PropertyValueSpecification","valueRequired":true,"valueName":"search_term_string"}}],"inLanguage":"fr-FR"},{"@type":"Organization","@id":"https:\/\/www.france.fi\/#organization","name":"Institut fran\u00e7ais de Finlande","url":"https:\/\/www.france.fi\/","logo":{"@type":"ImageObject","inLanguage":"fr-FR","@id":"https:\/\/www.france.fi\/#\/schema\/logo\/image\/","url":"https:\/\/www.france.fi\/wp-content\/uploads\/2024\/02\/if-logo-1.png","contentUrl":"https:\/\/www.france.fi\/wp-content\/uploads\/2024\/02\/if-logo-1.png","width":687,"height":459,"caption":"Institut fran\u00e7ais de Finlande"},"image":{"@id":"https:\/\/www.france.fi\/#\/schema\/logo\/image\/"},"sameAs":["https:\/\/www.facebook.com\/institutfrancaisfi","https:\/\/x.com\/IFFinlande","https:\/\/www.instagram.com\/iffinlande\/","https:\/\/fr.linkedin.com\/organization-guest\/company\/institut-fran-ais-de-finlande","https:\/\/www.youtube.com\/channel\/UCHAitdpmSbeP78eL49XMotA"]}]}},"_links":{"self":[{"href":"https:\/\/www.france.fi\/fr\/wp-json\/wp\/v2\/pages\/478","targetHints":{"allow":["GET"]}}],"collection":[{"href":"https:\/\/www.france.fi\/fr\/wp-json\/wp\/v2\/pages"}],"about":[{"href":"https:\/\/www.france.fi\/fr\/wp-json\/wp\/v2\/types\/page"}],"author":[{"embeddable":true,"href":"https:\/\/www.france.fi\/fr\/wp-json\/wp\/v2\/users\/2"}],"replies":[{"embeddable":true,"href":"https:\/\/www.france.fi\/fr\/wp-json\/wp\/v2\/comments?post=478"}],"version-history":[{"count":0,"href":"https:\/\/www.france.fi\/fr\/wp-json\/wp\/v2\/pages\/478\/revisions"}],"up":[{"embeddable":true,"href":"https:\/\/www.france.fi\/fr\/wp-json\/wp\/v2\/pages\/23926"}],"wp:attachment":[{"href":"https:\/\/www.france.fi\/fr\/wp-json\/wp\/v2\/media?parent=478"}],"curies":[{"name":"wp","href":"https:\/\/api.w.org\/{rel}","templated":true}]}}