{"id":488,"date":"2020-06-16T16:27:24","date_gmt":"2020-06-16T14:27:24","guid":{"rendered":"https:\/\/finlande.ifrancais.pp.smol.fr\/?page_id=488"},"modified":"2026-04-02T14:04:48","modified_gmt":"2026-04-02T11:04:48","slug":"mediatheque","status":"publish","type":"page","link":"https:\/\/www.france.fi\/fr\/mediatheque\/","title":{"rendered":"M\u00e9diath\u00e8que"},"content":{"rendered":"\n<p>La m\u00e9diath\u00e8que est le c\u0153ur de l\u2019Institut fran\u00e7ais : un espace ouvert \u00e0 toutes et \u00e0 tous.<\/p>\n<p>\u00c0 la m\u00e9diath\u00e8que vous pouvez lire, \u00e9tudier, travailler, prendre un caf\u00e9, rencontrer des amis et, bien s\u00fbr, profiter de la plus grande biblioth\u00e8que francophone de Finlande.<\/p>\n<p>Vous y trouverez une large s\u00e9lection de litt\u00e9rature francophone contemporaine : romans, bandes dessin\u00e9es, albums jeunesse\u2026 ainsi qu\u2019une petite collection de livres traduits (litt\u00e9rature finlandaise en fran\u00e7ais et litt\u00e9rature fran\u00e7aise en finnois), des ouvrages d\u2019art et des livres de cuisine.<\/p>\n<p>La m\u00e9diath\u00e8que propose \u00e9galement des jeux de soci\u00e9t\u00e9 et m\u00eame des objets insolites fran\u00e7ais disponibles \u00e0 l\u2019emprunt : comme des boules de p\u00e9tanque ou une machine \u00e0 raclette.<\/p>\n<p>Bienvenue \u00e0 la m\u00e9diath\u00e8que !<\/p>\n\n\n\n<details class=\"wp-block-details is-layout-flow wp-block-details-is-layout-flow\"><summary><strong>Horaires d\u2019ouverture<\/strong><\/summary>\n<p>La m\u00e9diath\u00e8que est ouverte de mardi \u00e0 samedi :<\/p>\n<ul>\n<li>Mardi : 10h\u201318h<\/li>\n<li>Mercredi : 10h\u201318h<\/li>\n<li>Jeudi : 10h\u201314h<\/li>\n<li>Vendredi : 10h\u201317h<\/li>\n<li>Samedi : 10h\u201314h<\/li>\n<\/ul>\n<p>L\u2019institut et la biblioth\u00e8que sont ferm\u00e9s le lundi et le dimanche.<\/p>\n<\/details>\n\n\n\n<details class=\"wp-block-details is-layout-flow wp-block-details-is-layout-flow\"><summary><strong>Adh\u00e9sion \u00e0 la m\u00e9diath\u00e8que<\/strong><\/summary>\n<p>&nbsp;<\/p>\n<p><strong>Inscription<br><\/strong>L\u2019inscription se fait sur place \u00e0 la m\u00e9diath\u00e8que de l\u2019Institut fran\u00e7ais.<br>Pour vous inscrire, vous devez pr\u00e9senter une pi\u00e8ce d\u2019identit\u00e9. Pour l\u2019inscription, nous avons besoin du pr\u00e9nom, du nom de famille et de l\u2019adresse e-mail.<br>La m\u00e9diah\u00e8que n\u2019utilise pas de carte de membre. L\u2019adh\u00e9sion est li\u00e9e \u00e0 l\u2019adresse e-mail du membre.<\/p>\n<p><strong>Emprunts<br><\/strong>La dur\u00e9e de pr\u00eat des livres et des films est de 4 semaines.<br>La dur\u00e9e de pr\u00eat de l&rsquo;appareil \u00e0 raclette et des boules de p\u00e9tanque est convenue s\u00e9par\u00e9ment.<br>Vous pouvez emprunter 15 documents maximum \u00e0 la fois.<\/p>\n<p><strong>Prolongation du pr\u00eat<br><\/strong>Pour prolonger la dur\u00e9e de pr\u00eat, veuillez nous contacter par e-mail :&nbsp;<span style=\"color: #3366ff;\"><a style=\"color: #3366ff;\" href=\"mailto:kirjasto@france.fi\">kirjasto@france.fi<\/a><br><\/span>La dur\u00e9e de pr\u00eat peut \u00eatre prolong\u00e9e jusqu\u2019\u00e0 cinq fois, de sorte que la dur\u00e9e totale maximale du pr\u00eat est de 6 mois.<\/p>\n<p>L\u2019emprunteur est responsable du mat\u00e9riel emprunt\u00e9 et de son retour \u00e0 la m\u00e9diath\u00e8que.<\/p>\n<\/details>\n\n\n\n<details class=\"wp-block-details is-layout-flow wp-block-details-is-layout-flow\"><summary><strong>Collection de la m\u00e9diath\u00e8que<\/strong><\/summary>\n<p>Vous pouvez consulter la collection de la m\u00e9diath\u00e8que ici : <span style=\"color: #3366ff;\"><a style=\"color: #3366ff;\" href=\"https:\/\/iff.librarika.com\/search\/catalogs\" target=\"_blank\" rel=\"noopener\"><strong>catalogue<\/strong><\/a><\/span>.<\/p>\n<p>Vous souhaitez nous proposer un livre qui ne figure pas encore dans notre collection ?<\/p>\n<p>Veuillez remplir <span style=\"color: #3366ff;\"><a style=\"color: #3366ff;\" href=\"https:\/\/forms.office.com\/e\/vz5F9m7gTS\" target=\"_blank\" rel=\"noopener\"><strong>ce formulaire<\/strong><\/a><\/span>.<\/p>\n<\/details>\n\n\n\n<details class=\"wp-block-details is-layout-flow wp-block-details-is-layout-flow\"><summary><strong>La biblioth\u00e8que num\u00e9rique Cultureth\u00e8que<\/strong><\/summary>\n<p><strong><span style=\"color: #3366ff;\"><a style=\"color: #3366ff;\" href=\"https:\/\/www.culturetheque.com\/\" target=\"_blank\" rel=\"noopener\">Cultureth\u00e8que<\/a><\/span><\/strong> est la biblioth\u00e8que num\u00e9rique de tous les instituts fran\u00e7ais \u00e0 travers le monde. Elle est \u00e9galement disponible en Finlande.<strong> La Cultureth\u00e8que est ind\u00e9pendante de l\u2019adh\u00e9sion \u00e0 la m\u00e9diath\u00e8que de l\u2019Institut fran\u00e7ais de Finlande.<\/strong><\/p>\n<p>La plateforme est ouverte \u00e0 toutes et \u00e0 tous, o\u00f9 que vous soyez en Finlande !<\/p>\n<p>Cr\u00e9ez facilement, \u00e0 tout moment, votre compte sur le site de <strong><span style=\"color: #3366ff;\"><a style=\"color: #3366ff;\" href=\"https:\/\/www.culturetheque.com\/\" target=\"_blank\" rel=\"noopener\">Cultureth\u00e8que<\/a><\/span><\/strong>. Votre compte sera valable 1 an \u00e0 la fois. Si vous souhaitez prolonger votre abonnement, veuillez-nous \u00e9crire dans l\u2019adresse suivante : <span style=\"color: #3366ff;\"><a style=\"color: #3366ff;\" href=\"mailto:kirjasto@france.fi\">kirjasto@france.fi<\/a><\/span><\/p>\n<p><strong>Instructions pour la cr\u00e9ation d\u2019un compte cultureth\u00e8que<\/strong>.<\/p>\n<h5><strong>Voici comment cr\u00e9er un compte Cultureth\u00e8que :<\/strong><\/h5>\n<ol>\n<li>Rendez-vous sur&nbsp;<span style=\"color: #3366ff;\"><strong><a class=\"fui-Link ___1rxvrpe f2hkw1w f3rmtva f1ewtqcl fyind8e f1k6fduh f1w7gpdv fk6fouc fjoy568 figsok6 f1hu3pq6 f11qmguv f19f4twv f1tyq0we f1g0x7ka fhxju0i f1qch9an f1cnd47f fqv5qza f1vmzxwi f1o700av f13mvf36 f1cmlufx f9n3di6 f1ids18y f1tx3yz7 f1deo86v f1eh06m1 f1iescvh fhgqx19 f1olyrje f1p93eir f1nev41a f1h8hb77 f1lqvz6u f10aw75t fsle3fq f17ae5zn\" style=\"color: #3366ff;\" title=\"http:\/\/www.culturetheque.com\/\" href=\"http:\/\/www.culturetheque.com\/\" target=\"_blank\" rel=\"noreferrer noopener\" aria-label=\"Lien www.culturetheque.com\">www.culturetheque.com<\/a><\/strong><\/span>.<\/li>\n<li>Cliquez sur \u00ab&nbsp;<strong>Connexion<\/strong>\u00ab&nbsp;.<br><img loading=\"lazy\" decoding=\"async\" class=\"alignnone wp-image-16835 size-full\" src=\"https:\/\/www.france.fi\/wp-content\/uploads\/2024\/05\/Culturetheque_Instruction1.jpg\" sizes=\"auto, (max-width: 1901px) 100vw, 1901px\" srcset=\"https:\/\/www.france.fi\/wp-content\/uploads\/2024\/05\/Culturetheque_Instruction1.jpg 1901w, https:\/\/www.france.fi\/wp-content\/uploads\/2024\/05\/Culturetheque_Instruction1-300x144.jpg 300w, https:\/\/www.france.fi\/wp-content\/uploads\/2024\/05\/Culturetheque_Instruction1-1280x613.jpg 1280w, https:\/\/www.france.fi\/wp-content\/uploads\/2024\/05\/Culturetheque_Instruction1-768x368.jpg 768w, https:\/\/www.france.fi\/wp-content\/uploads\/2024\/05\/Culturetheque_Instruction1-1536x735.jpg 1536w, https:\/\/www.france.fi\/wp-content\/uploads\/2024\/05\/Culturetheque_Instruction1-1200x574.jpg 1200w\" alt=\"\" width=\"1901\" height=\"910\"><\/li>\n<li>Cliquez sur \u00ab&nbsp;<strong>Cr\u00e9er un compte<\/strong>\u00ab&nbsp;.<br><img loading=\"lazy\" decoding=\"async\" class=\"alignnone wp-image-16838 size-full\" src=\"https:\/\/www.france.fi\/wp-content\/uploads\/2024\/05\/Culturetheque_Instruction2.jpg\" sizes=\"auto, (max-width: 1920px) 100vw, 1920px\" srcset=\"https:\/\/www.france.fi\/wp-content\/uploads\/2024\/05\/Culturetheque_Instruction2.jpg 1920w, https:\/\/www.france.fi\/wp-content\/uploads\/2024\/05\/Culturetheque_Instruction2-300x137.jpg 300w, https:\/\/www.france.fi\/wp-content\/uploads\/2024\/05\/Culturetheque_Instruction2-1280x585.jpg 1280w, https:\/\/www.france.fi\/wp-content\/uploads\/2024\/05\/Culturetheque_Instruction2-768x351.jpg 768w, https:\/\/www.france.fi\/wp-content\/uploads\/2024\/05\/Culturetheque_Instruction2-1536x702.jpg 1536w, https:\/\/www.france.fi\/wp-content\/uploads\/2024\/05\/Culturetheque_Instruction2-1200x548.jpg 1200w\" alt=\"\" width=\"1920\" height=\"877\"><\/li>\n<li>Remplissez les informations demand\u00e9es et acceptez les conditions g\u00e9n\u00e9rales d\u2019utilisation.<br><img loading=\"lazy\" decoding=\"async\" class=\"alignnone wp-image-16841 size-full\" src=\"https:\/\/www.france.fi\/wp-content\/uploads\/2024\/05\/Culturetheque_Instruction3.jpg\" sizes=\"auto, (max-width: 1920px) 100vw, 1920px\" srcset=\"https:\/\/www.france.fi\/wp-content\/uploads\/2024\/05\/Culturetheque_Instruction3.jpg 1920w, https:\/\/www.france.fi\/wp-content\/uploads\/2024\/05\/Culturetheque_Instruction3-300x142.jpg 300w, https:\/\/www.france.fi\/wp-content\/uploads\/2024\/05\/Culturetheque_Instruction3-1280x607.jpg 1280w, https:\/\/www.france.fi\/wp-content\/uploads\/2024\/05\/Culturetheque_Instruction3-768x364.jpg 768w, https:\/\/www.france.fi\/wp-content\/uploads\/2024\/05\/Culturetheque_Instruction3-1536x729.jpg 1536w, https:\/\/www.france.fi\/wp-content\/uploads\/2024\/05\/Culturetheque_Instruction3-1200x569.jpg 1200w\" alt=\"\" width=\"1920\" height=\"911\"><\/li>\n<li>Cliquez sur \u00ab&nbsp;<strong>valider<\/strong>\u00ab&nbsp;.<br><img loading=\"lazy\" decoding=\"async\" class=\"alignnone wp-image-16844 size-full\" src=\"https:\/\/www.france.fi\/wp-content\/uploads\/2024\/05\/Culturetheque_Instruction4.jpg\" sizes=\"auto, (max-width: 1920px) 100vw, 1920px\" srcset=\"https:\/\/www.france.fi\/wp-content\/uploads\/2024\/05\/Culturetheque_Instruction4.jpg 1920w, https:\/\/www.france.fi\/wp-content\/uploads\/2024\/05\/Culturetheque_Instruction4-300x143.jpg 300w, https:\/\/www.france.fi\/wp-content\/uploads\/2024\/05\/Culturetheque_Instruction4-1280x609.jpg 1280w, https:\/\/www.france.fi\/wp-content\/uploads\/2024\/05\/Culturetheque_Instruction4-768x366.jpg 768w, https:\/\/www.france.fi\/wp-content\/uploads\/2024\/05\/Culturetheque_Instruction4-1536x731.jpg 1536w, https:\/\/www.france.fi\/wp-content\/uploads\/2024\/05\/Culturetheque_Instruction4-1200x571.jpg 1200w\" alt=\"\" width=\"1920\" height=\"914\"><\/li>\n<\/ol>\n<p><span class=\"ui-provider a b c d e f g h i j k l m n o p q r s t u v w x y z ab ac ae af ag ah ai aj ak\" dir=\"ltr\">Apr\u00e8s la cr\u00e9ation du compte, vous recevrez un e-mail de confirmation automatique. La cr\u00e9ation de compte d\u00e9marre \u00e9galement une p\u00e9riode d\u2019essai d\u2019un mois, pendant laquelle vous avez imm\u00e9diatement acc\u00e8s \u00e0 la plateforme. Les nouveaux comptes sont confirm\u00e9s par l\u2019Institut fran\u00e7ais de Finlande, et \u00e0 partir de la date de confirmation, l\u2019adh\u00e9sion est valable pour une dur\u00e9e d\u2019un an. Si vous ne recevez pas d\u2019e-mail de confirmation d\u2019adh\u00e9sion, veuillez contacter l\u2019adresse suivante :&nbsp;<span style=\"color: #3366ff;\"><a style=\"color: #3366ff;\" href=\"mailto:kirjasto@france.fi\">kirjasto@france.fi<\/a><\/span><\/span><\/p>\n<\/details>\n\n\n\n<details class=\"wp-block-details is-layout-flow wp-block-details-is-layout-flow\"><summary><strong>Dons \u00e0 la m\u00e9diath\u00e8que<\/strong><\/summary>\n<div class=\"wp-block-media-text has-media-on-the-right is-stacked-on-mobile\" style=\"grid-template-columns:auto 30%\"><div class=\"wp-block-media-text__content\">\n<p><strong>Nous n\u2019acceptons pas de dons de livres.<\/strong><\/p>\n\n\n\n<p>En revanche, vous trouverez une bo\u00eete \u00e0 livres \u00e0 l\u2019entr\u00e9e de l\u2019Institut o\u00f9 chacun peut librement d\u00e9poser ou prendre des livres. Merci de ne pas d\u00e9poser plus de 5 livres \u00e0 la fois, afin que l\u2019\u00e9tag\u00e8re ne se remplisse pas trop rapidement.<\/p>\n\n\n\n<p>\u26a0\ufe0f Veuillez ne laisser dans la bo\u00eete que des livres en fran\u00e7ais ou des livres ayant un lien clair avec la langue ou la culture fran\u00e7aise. D\u00e9posez \u00e9galement, selon votre jugement, des livres susceptibles d\u2019int\u00e9resser le public. Les livres tr\u00e8s anciens ou en mauvais \u00e9tat ne doivent pas \u00eatre laiss\u00e9s dans la bo\u00eete, mais \u00eatre recycl\u00e9s.<\/p>\n<\/div><figure class=\"wp-block-media-text__media\"><img loading=\"lazy\" decoding=\"async\" width=\"335\" height=\"446\" src=\"https:\/\/www.france.fi\/wp-content\/uploads\/2026\/03\/dons.jpg\" alt=\"\" class=\"wp-image-24121 size-full\" srcset=\"https:\/\/www.france.fi\/wp-content\/uploads\/2026\/03\/dons.jpg 335w, https:\/\/www.france.fi\/wp-content\/uploads\/2026\/03\/dons-225x300.jpg 225w\" sizes=\"auto, (max-width: 335px) 100vw, 335px\" \/><\/figure><\/div>\n<\/details>\n\n\n\n<details class=\"wp-block-details is-layout-flow wp-block-details-is-layout-flow\"><summary><strong>Coin caf\u00e9 et boutique<\/strong><\/summary>\n<p>Dans la m\u00e9diath\u00e8que, vous trouverez \u00e9galement un coin caf\u00e9 convivial, o\u00f9 vous pourrez savourer un caf\u00e9 ou d\u00e9guster les th\u00e9s fran\u00e7ais de la marque Mariage Fr\u00e8res. Une petite faim ? Le coin caf\u00e9 propose aussi de d\u00e9licieux biscuits fran\u00e7ais de la c\u00e9l\u00e8bre maison M\u00e8re Poulard.<\/p>\n<p>Quant \u00e0 la boutique de l\u2019Institut, elle regorge de jolies trouvailles pour se faire plaisir ou g\u00e2ter ses proches : casquettes et mugs aux couleurs de l\u2019Institut, ainsi que de charmants accessoires de la marque fran\u00e7aise Coucou Suzette !<\/p>\n<\/details>\n\n\n\n<details class=\"wp-block-details is-layout-flow wp-block-details-is-layout-flow\"><summary><strong>Accueil Campus France<\/strong><\/summary>\n<p>Int\u00e9ress\u00e9 par les \u00e9tudes en France ? \u00c0 l\u2019accueil de la m\u00e9diath\u00e8que se trouve aussi <a href=\"_wp_link_placeholder\" data-wplink-edit=\"true\"><span style=\"color: #3366ff;\"><strong>Campus France Finlande<\/strong><\/span><\/a>, qui vous conseille et vous accompagne dans vos d\u00e9marches. Pour plus d\u2019information sur Campus France, veuillez consulter la page <span style=\"color: #3366ff;\"><a style=\"color: #3366ff;\" href=\"https:\/\/www.france.fi\/fr\/education\/etudes-superieures-en-france\/\"><strong>\u00e9tudes sup\u00e9rieures en France.<\/strong><\/a><\/span><\/p>\n<\/details>\n\n\n\n<p><\/p>\n","protected":false},"excerpt":{"rendered":"<p>La m\u00e9diath\u00e8que est le c\u0153ur de l\u2019Institut fran\u00e7ais : un espace ouvert \u00e0 toutes et \u00e0 tous. \u00c0 la m\u00e9diath\u00e8que vous pouvez lire, \u00e9tudier, travailler, prendre un caf\u00e9, rencontrer des amis et, bien s\u00fbr, profiter de la plus grande biblioth\u00e8que francophone de Finlande. Vous y trouverez une large s\u00e9lection de litt\u00e9rature francophone contemporaine : romans, [&hellip;]<\/p>\n","protected":false},"author":2,"featured_media":24096,"parent":0,"menu_order":0,"comment_status":"closed","ping_status":"closed","template":"","meta":{"footnotes":""},"class_list":["post-488","page","type-page","status-publish","has-post-thumbnail","hentry"],"yoast_head":"<!-- This site is optimized with the Yoast SEO plugin v27.4 - https:\/\/yoast.com\/product\/yoast-seo-wordpress\/ -->\n<title>M\u00e9diath\u00e8que - Institut fran\u00e7ais<\/title>\n<meta name=\"robots\" content=\"index, follow, max-snippet:-1, max-image-preview:large, max-video-preview:-1\" \/>\n<link rel=\"canonical\" href=\"https:\/\/www.france.fi\/fr\/mediatheque\/\" \/>\n<meta property=\"og:locale\" content=\"fr_FR\" \/>\n<meta property=\"og:type\" content=\"article\" \/>\n<meta property=\"og:title\" content=\"M\u00e9diath\u00e8que - Institut fran\u00e7ais\" \/>\n<meta property=\"og:description\" content=\"La m\u00e9diath\u00e8que est le c\u0153ur de l\u2019Institut fran\u00e7ais : un espace ouvert \u00e0 toutes et \u00e0 tous. \u00c0 la m\u00e9diath\u00e8que vous pouvez lire, \u00e9tudier, travailler, prendre un caf\u00e9, rencontrer des amis et, bien s\u00fbr, profiter de la plus grande biblioth\u00e8que francophone de Finlande. Vous y trouverez une large s\u00e9lection de litt\u00e9rature francophone contemporaine : romans, [&hellip;]\" \/>\n<meta property=\"og:url\" content=\"https:\/\/www.france.fi\/fr\/mediatheque\/\" \/>\n<meta property=\"og:site_name\" content=\"Institut fran\u00e7ais\" \/>\n<meta property=\"article:publisher\" content=\"https:\/\/www.facebook.com\/institutfrancaisfi\" \/>\n<meta property=\"article:modified_time\" content=\"2026-04-02T11:04:48+00:00\" \/>\n<meta property=\"og:image\" content=\"https:\/\/www.france.fi\/wp-content\/uploads\/2026\/03\/Mediatheque.jpg\" \/>\n\t<meta property=\"og:image:width\" content=\"1920\" \/>\n\t<meta property=\"og:image:height\" content=\"1080\" \/>\n\t<meta property=\"og:image:type\" content=\"image\/jpeg\" \/>\n<meta name=\"twitter:card\" content=\"summary_large_image\" \/>\n<meta name=\"twitter:site\" content=\"@IFFinlande\" \/>\n<meta name=\"twitter:label1\" content=\"Dur\u00e9e de lecture estim\u00e9e\" \/>\n\t<meta name=\"twitter:data1\" content=\"6 minutes\" \/>\n<script type=\"application\/ld+json\" class=\"yoast-schema-graph\">{\"@context\":\"https:\\\/\\\/schema.org\",\"@graph\":[{\"@type\":\"WebPage\",\"@id\":\"https:\\\/\\\/www.france.fi\\\/fr\\\/mediatheque\\\/\",\"url\":\"https:\\\/\\\/www.france.fi\\\/fr\\\/mediatheque\\\/\",\"name\":\"M\u00e9diath\u00e8que - Institut fran\u00e7ais\",\"isPartOf\":{\"@id\":\"https:\\\/\\\/www.france.fi\\\/#website\"},\"primaryImageOfPage\":{\"@id\":\"https:\\\/\\\/www.france.fi\\\/fr\\\/mediatheque\\\/#primaryimage\"},\"image\":{\"@id\":\"https:\\\/\\\/www.france.fi\\\/fr\\\/mediatheque\\\/#primaryimage\"},\"thumbnailUrl\":\"https:\\\/\\\/www.france.fi\\\/wp-content\\\/uploads\\\/2026\\\/03\\\/Mediatheque.jpg\",\"datePublished\":\"2020-06-16T14:27:24+00:00\",\"dateModified\":\"2026-04-02T11:04:48+00:00\",\"breadcrumb\":{\"@id\":\"https:\\\/\\\/www.france.fi\\\/fr\\\/mediatheque\\\/#breadcrumb\"},\"inLanguage\":\"fr-FR\",\"potentialAction\":[{\"@type\":\"ReadAction\",\"target\":[\"https:\\\/\\\/www.france.fi\\\/fr\\\/mediatheque\\\/\"]}]},{\"@type\":\"ImageObject\",\"inLanguage\":\"fr-FR\",\"@id\":\"https:\\\/\\\/www.france.fi\\\/fr\\\/mediatheque\\\/#primaryimage\",\"url\":\"https:\\\/\\\/www.france.fi\\\/wp-content\\\/uploads\\\/2026\\\/03\\\/Mediatheque.jpg\",\"contentUrl\":\"https:\\\/\\\/www.france.fi\\\/wp-content\\\/uploads\\\/2026\\\/03\\\/Mediatheque.jpg\",\"width\":1920,\"height\":1080},{\"@type\":\"BreadcrumbList\",\"@id\":\"https:\\\/\\\/www.france.fi\\\/fr\\\/mediatheque\\\/#breadcrumb\",\"itemListElement\":[{\"@type\":\"ListItem\",\"position\":1,\"name\":\"Home\",\"item\":\"https:\\\/\\\/www.france.fi\\\/fr\\\/\"},{\"@type\":\"ListItem\",\"position\":2,\"name\":\"M\u00e9diath\u00e8que\"}]},{\"@type\":\"WebSite\",\"@id\":\"https:\\\/\\\/www.france.fi\\\/#website\",\"url\":\"https:\\\/\\\/www.france.fi\\\/\",\"name\":\"Institut fran\u00e7ais de Finlande\",\"description\":\"\",\"publisher\":{\"@id\":\"https:\\\/\\\/www.france.fi\\\/#organization\"},\"potentialAction\":[{\"@type\":\"SearchAction\",\"target\":{\"@type\":\"EntryPoint\",\"urlTemplate\":\"https:\\\/\\\/www.france.fi\\\/?s={search_term_string}\"},\"query-input\":{\"@type\":\"PropertyValueSpecification\",\"valueRequired\":true,\"valueName\":\"search_term_string\"}}],\"inLanguage\":\"fr-FR\"},{\"@type\":\"Organization\",\"@id\":\"https:\\\/\\\/www.france.fi\\\/#organization\",\"name\":\"Institut fran\u00e7ais de Finlande\",\"url\":\"https:\\\/\\\/www.france.fi\\\/\",\"logo\":{\"@type\":\"ImageObject\",\"inLanguage\":\"fr-FR\",\"@id\":\"https:\\\/\\\/www.france.fi\\\/#\\\/schema\\\/logo\\\/image\\\/\",\"url\":\"https:\\\/\\\/www.france.fi\\\/wp-content\\\/uploads\\\/2024\\\/02\\\/if-logo-1.png\",\"contentUrl\":\"https:\\\/\\\/www.france.fi\\\/wp-content\\\/uploads\\\/2024\\\/02\\\/if-logo-1.png\",\"width\":687,\"height\":459,\"caption\":\"Institut fran\u00e7ais de Finlande\"},\"image\":{\"@id\":\"https:\\\/\\\/www.france.fi\\\/#\\\/schema\\\/logo\\\/image\\\/\"},\"sameAs\":[\"https:\\\/\\\/www.facebook.com\\\/institutfrancaisfi\",\"https:\\\/\\\/x.com\\\/IFFinlande\",\"https:\\\/\\\/www.instagram.com\\\/iffinlande\\\/\",\"https:\\\/\\\/fr.linkedin.com\\\/organization-guest\\\/company\\\/institut-fran-ais-de-finlande\",\"https:\\\/\\\/www.youtube.com\\\/channel\\\/UCHAitdpmSbeP78eL49XMotA\"]}]}<\/script>\n<!-- \/ Yoast SEO plugin. -->","yoast_head_json":{"title":"M\u00e9diath\u00e8que - Institut fran\u00e7ais","robots":{"index":"index","follow":"follow","max-snippet":"max-snippet:-1","max-image-preview":"max-image-preview:large","max-video-preview":"max-video-preview:-1"},"canonical":"https:\/\/www.france.fi\/fr\/mediatheque\/","og_locale":"fr_FR","og_type":"article","og_title":"M\u00e9diath\u00e8que - Institut fran\u00e7ais","og_description":"La m\u00e9diath\u00e8que est le c\u0153ur de l\u2019Institut fran\u00e7ais : un espace ouvert \u00e0 toutes et \u00e0 tous. \u00c0 la m\u00e9diath\u00e8que vous pouvez lire, \u00e9tudier, travailler, prendre un caf\u00e9, rencontrer des amis et, bien s\u00fbr, profiter de la plus grande biblioth\u00e8que francophone de Finlande. Vous y trouverez une large s\u00e9lection de litt\u00e9rature francophone contemporaine : romans, [&hellip;]","og_url":"https:\/\/www.france.fi\/fr\/mediatheque\/","og_site_name":"Institut fran\u00e7ais","article_publisher":"https:\/\/www.facebook.com\/institutfrancaisfi","article_modified_time":"2026-04-02T11:04:48+00:00","og_image":[{"width":1920,"height":1080,"url":"https:\/\/www.france.fi\/wp-content\/uploads\/2026\/03\/Mediatheque.jpg","type":"image\/jpeg"}],"twitter_card":"summary_large_image","twitter_site":"@IFFinlande","twitter_misc":{"Dur\u00e9e de lecture estim\u00e9e":"6 minutes"},"schema":{"@context":"https:\/\/schema.org","@graph":[{"@type":"WebPage","@id":"https:\/\/www.france.fi\/fr\/mediatheque\/","url":"https:\/\/www.france.fi\/fr\/mediatheque\/","name":"M\u00e9diath\u00e8que - Institut fran\u00e7ais","isPartOf":{"@id":"https:\/\/www.france.fi\/#website"},"primaryImageOfPage":{"@id":"https:\/\/www.france.fi\/fr\/mediatheque\/#primaryimage"},"image":{"@id":"https:\/\/www.france.fi\/fr\/mediatheque\/#primaryimage"},"thumbnailUrl":"https:\/\/www.france.fi\/wp-content\/uploads\/2026\/03\/Mediatheque.jpg","datePublished":"2020-06-16T14:27:24+00:00","dateModified":"2026-04-02T11:04:48+00:00","breadcrumb":{"@id":"https:\/\/www.france.fi\/fr\/mediatheque\/#breadcrumb"},"inLanguage":"fr-FR","potentialAction":[{"@type":"ReadAction","target":["https:\/\/www.france.fi\/fr\/mediatheque\/"]}]},{"@type":"ImageObject","inLanguage":"fr-FR","@id":"https:\/\/www.france.fi\/fr\/mediatheque\/#primaryimage","url":"https:\/\/www.france.fi\/wp-content\/uploads\/2026\/03\/Mediatheque.jpg","contentUrl":"https:\/\/www.france.fi\/wp-content\/uploads\/2026\/03\/Mediatheque.jpg","width":1920,"height":1080},{"@type":"BreadcrumbList","@id":"https:\/\/www.france.fi\/fr\/mediatheque\/#breadcrumb","itemListElement":[{"@type":"ListItem","position":1,"name":"Home","item":"https:\/\/www.france.fi\/fr\/"},{"@type":"ListItem","position":2,"name":"M\u00e9diath\u00e8que"}]},{"@type":"WebSite","@id":"https:\/\/www.france.fi\/#website","url":"https:\/\/www.france.fi\/","name":"Institut fran\u00e7ais de Finlande","description":"","publisher":{"@id":"https:\/\/www.france.fi\/#organization"},"potentialAction":[{"@type":"SearchAction","target":{"@type":"EntryPoint","urlTemplate":"https:\/\/www.france.fi\/?s={search_term_string}"},"query-input":{"@type":"PropertyValueSpecification","valueRequired":true,"valueName":"search_term_string"}}],"inLanguage":"fr-FR"},{"@type":"Organization","@id":"https:\/\/www.france.fi\/#organization","name":"Institut fran\u00e7ais de Finlande","url":"https:\/\/www.france.fi\/","logo":{"@type":"ImageObject","inLanguage":"fr-FR","@id":"https:\/\/www.france.fi\/#\/schema\/logo\/image\/","url":"https:\/\/www.france.fi\/wp-content\/uploads\/2024\/02\/if-logo-1.png","contentUrl":"https:\/\/www.france.fi\/wp-content\/uploads\/2024\/02\/if-logo-1.png","width":687,"height":459,"caption":"Institut fran\u00e7ais de Finlande"},"image":{"@id":"https:\/\/www.france.fi\/#\/schema\/logo\/image\/"},"sameAs":["https:\/\/www.facebook.com\/institutfrancaisfi","https:\/\/x.com\/IFFinlande","https:\/\/www.instagram.com\/iffinlande\/","https:\/\/fr.linkedin.com\/organization-guest\/company\/institut-fran-ais-de-finlande","https:\/\/www.youtube.com\/channel\/UCHAitdpmSbeP78eL49XMotA"]}]}},"_links":{"self":[{"href":"https:\/\/www.france.fi\/fr\/wp-json\/wp\/v2\/pages\/488","targetHints":{"allow":["GET"]}}],"collection":[{"href":"https:\/\/www.france.fi\/fr\/wp-json\/wp\/v2\/pages"}],"about":[{"href":"https:\/\/www.france.fi\/fr\/wp-json\/wp\/v2\/types\/page"}],"author":[{"embeddable":true,"href":"https:\/\/www.france.fi\/fr\/wp-json\/wp\/v2\/users\/2"}],"replies":[{"embeddable":true,"href":"https:\/\/www.france.fi\/fr\/wp-json\/wp\/v2\/comments?post=488"}],"version-history":[{"count":2,"href":"https:\/\/www.france.fi\/fr\/wp-json\/wp\/v2\/pages\/488\/revisions"}],"predecessor-version":[{"id":24676,"href":"https:\/\/www.france.fi\/fr\/wp-json\/wp\/v2\/pages\/488\/revisions\/24676"}],"wp:featuredmedia":[{"embeddable":true,"href":"https:\/\/www.france.fi\/fr\/wp-json\/wp\/v2\/media\/24096"}],"wp:attachment":[{"href":"https:\/\/www.france.fi\/fr\/wp-json\/wp\/v2\/media?parent=488"}],"curies":[{"name":"wp","href":"https:\/\/api.w.org\/{rel}","templated":true}]}}