{"id":570,"date":"2020-06-17T07:59:43","date_gmt":"2020-06-17T05:59:43","guid":{"rendered":"https:\/\/finlande.ifrancais.pp.smol.fr\/?page_id=570"},"modified":"2025-04-03T12:13:05","modified_gmt":"2025-04-03T09:13:05","slug":"informations","status":"publish","type":"page","link":"https:\/\/www.france.fi\/fr\/informations\/","title":{"rendered":"Contacts"},"content":{"rendered":"\r\n<p>Veuillez envoyer vos candidatures spontan\u00e9es d\u2019emploi et de stage \u00e0 notre responsable des ressources humaines au lieu de les envoyer s\u00e9par\u00e9ment \u00e0 chaque agent et service.<br \/><strong><a href=\"mailto:sg-ac@france.fi\">sg-ac@france.fi<\/a><\/strong><\/p>\r\n<p>\r\n\r\n<\/p>\r\n<p><strong>Standard : <\/strong><strong>+358 (0)9 2510 210<br \/><a href=\"mailto:institut@france.fi\">institut@france.fi<\/a><br \/><a href=\"mailto:communication@france.fi\">communication@france.fi<\/a><\/strong><\/p>\r\n\r\n\r\n\r\n<p><strong>Directrice et Conseill\u00e8re de coop\u00e9ration et d&rsquo;action culturelle : Clotilde Tachon<\/strong><\/p>\r\n\r\n\r\n\r\n<p><strong>Assistante de direction et charg\u00e9e de communication: Katri Jokela<br \/><a href=\"mailto:katri.jokela@france.fi\">katri.jokela@france.fi<\/a><br \/><a href=\"mailto:communication@france.fi\">communication@france.fi<\/a><\/strong><\/p>\r\n\r\n\r\n\r\n<p><strong><span class=\"ui-provider fy b c d e f g h i j k l m n o p q r s t u v w x y z ab ac ae af ag ah ai aj ak\" dir=\"ltr\">Secr\u00e9taire g\u00e9n\u00e9rale<\/span> : Cynthia Nivot<br \/><a href=\"mailto:sg-ac@france.fi\">sg-ac@france.fi<\/a><br \/><\/strong><\/p>\r\n\r\n\r\n\r\n<p><strong>Attach\u00e9 de coop\u00e9ration scientifique et universitaire : Mathieu GIRERD <br \/><a href=\"mailto:mathieu.girerd@france.fi\">mathieu.girerd@france.fi<\/a><br \/><\/strong><\/p>\r\n<p><strong>Attach\u00e9 de coop\u00e9ration linguistique \u2013 Directeur des cours : <\/strong><strong>St\u00e9phane Alati\u00a0<\/strong><br \/><a href=\"mailto:stephane.alati@france.fi\" target=\"_blank\" rel=\"noreferrer noopener\"><strong>stephane.alati@france.fi<\/strong><\/a><\/p>\r\n\r\n\r\n\r\n<p><strong><span class=\"ui-provider ec bve bwj bwk bwl bwm bwn bwo bwp bwq bwr bws bwt bwu bwv bww bwx bwy bwz bxa bxb bxc bxd bxe bxf bxg bxh bxi bxj bxk bxl bxm bxn bxo bxp\" dir=\"ltr\">Assistante du directeur des cours<\/span> : Jasmine Lefran\u00e7ois<br \/><\/strong><strong><a href=\"mailto:cours@france.fi\">cours@france.fi<\/a><br \/><a href=\"mailto:jasmine.lefrancois@france.fi\">jasmine.lefrancois@france.fi<\/a><br \/><\/strong><\/p>\r\n<p><strong><span class=\"ui-provider ha b c d e f g h i j k l m n o p q r s t u v w x y z ab ac ae af ag ah ai aj ak\" dir=\"ltr\">Coordinateur p\u00e9dagogique des cours \/ Coordinateur des examens : Nicolas Delage<br \/><a href=\"mailto:nicolas.delage@france.fi\">nicolas.delage@france.fi<\/a><br \/><a href=\"mailto:examen@france.fi\">examen@france.fi<\/a><\/span><\/strong><\/p>\r\n\r\n\r\n\r\n<p><strong>Responsable des projets culturels : Sofia \u00c5berg<br \/><a href=\"mailto:sofia.aberg@france.fi\">sofia.aberg@france.fi<\/a><\/strong><\/p>\r\n\r\n\r\n\r\n<p><strong>M\u00e9diath\u00e9caire et charg\u00e9e Campus France : Minttu Vilenius<br \/><\/strong><strong><a href=\"mailto:kirjasto@france.fi\">kirjasto@france.fi<\/a><br \/><a href=\"mailto:minttu.vilenius@france.fi\">minttu.vilenius@france.fi<\/a><br \/><\/strong><\/p>\r\n\r\n\r\n\r\n<p><strong>Responsable technique\/Webmaster : Laurent Lemercier<br \/><a href=\"mailto:laurent.lemercier@france.fi\">laurent.lemercier@france.fi<\/a><br \/><\/strong><\/p>\r\n<table style=\"border-collapse: collapse;\">\r\n<tbody>\r\n<tr>\r\n<td style=\"width: 50%;\" colspan=\"2\">\r\n<h5 style=\"text-align: center;\"><strong>Notre \u00e9quipe de professeurs de fran\u00e7ais<\/strong><\/h5>\r\n<\/td>\r\n<\/tr>\r\n<tr>\r\n<td style=\"width: 50%;\"><strong>DEMAIN Sibylle <br \/>sibylle.demain@france.fi<br \/><\/strong><\/td>\r\n<td style=\"width: 50%;\"><strong>CAMPELLO Jean-Albert<br \/>jean-albert_c@france.fi<br \/><\/strong><\/td>\r\n<\/tr>\r\n<tr>\r\n<td style=\"width: 50%;\">\u00a0<\/td>\r\n<td style=\"width: 50%;\"><strong>ELFVING Nadja<br \/>nadja.elfving@france.fi<\/strong><\/td>\r\n<\/tr>\r\n<tr>\r\n<td style=\"width: 50%;\"><strong>PINOTEAU Romain<br \/>romain.pinoteau@france.fi <br \/><\/strong><\/td>\r\n<td style=\"width: 50%;\"><strong>RAGON Sophie<br \/>sophie.ragon@france.fi<\/strong><\/td>\r\n<\/tr>\r\n<tr>\r\n<td style=\"width: 50%;\"><strong>SANDRON Chlo\u00e9 <br \/>chloe.sandron@france.fi<\/strong><\/td>\r\n<td style=\"width: 50%;\"><strong>Johanna ARCANGELI johanna.arcangeli@france.fi<\/strong><\/td>\r\n<\/tr>\r\n<tr>\r\n<td style=\"width: 50%;\">\r\n<p><strong>Diana MACIU<br \/>diana.maciu@france.fi<\/strong><\/p>\r\n<\/td>\r\n<td style=\"width: 50%;\"><strong>\u00a0<\/strong><\/td>\r\n<\/tr>\r\n<\/tbody>\r\n<\/table>\r\n<p><strong>\u00a0<\/strong><\/p>\r\n","protected":false},"excerpt":{"rendered":"<p>Veuillez envoyer vos candidatures spontan\u00e9es d\u2019emploi et de stage \u00e0 notre responsable des ressources humaines au lieu de les envoyer s\u00e9par\u00e9ment \u00e0 chaque agent et service.sg-ac@france.fi Standard : +358 (0)9 2510 210institut@france.ficommunication@france.fi Directrice et Conseill\u00e8re de coop\u00e9ration et d&rsquo;action culturelle : Clotilde Tachon Assistante de direction et charg\u00e9e de communication: Katri Jokelakatri.jokela@france.ficommunication@france.fi Secr\u00e9taire g\u00e9n\u00e9rale : [&hellip;]<\/p>\n","protected":false},"author":2,"featured_media":0,"parent":0,"menu_order":0,"comment_status":"closed","ping_status":"closed","template":"","meta":{"footnotes":""},"class_list":["post-570","page","type-page","status-publish","hentry","no-media"],"yoast_head":"<!-- This site is optimized with the Yoast SEO plugin v27.4 - https:\/\/yoast.com\/product\/yoast-seo-wordpress\/ -->\n<title>Contacts - Institut fran\u00e7ais<\/title>\n<meta name=\"robots\" content=\"index, follow, max-snippet:-1, max-image-preview:large, max-video-preview:-1\" \/>\n<link rel=\"canonical\" href=\"https:\/\/www.france.fi\/fr\/informations\/\" \/>\n<meta property=\"og:locale\" content=\"fr_FR\" \/>\n<meta property=\"og:type\" content=\"article\" \/>\n<meta property=\"og:title\" content=\"Contacts - Institut fran\u00e7ais\" \/>\n<meta property=\"og:description\" content=\"Veuillez envoyer vos candidatures spontan\u00e9es d\u2019emploi et de stage \u00e0 notre responsable des ressources humaines au lieu de les envoyer s\u00e9par\u00e9ment \u00e0 chaque agent et service.sg-ac@france.fi Standard : +358 (0)9 2510 210institut@france.ficommunication@france.fi Directrice et Conseill\u00e8re de coop\u00e9ration et d&rsquo;action culturelle : Clotilde Tachon Assistante de direction et charg\u00e9e de communication: Katri Jokelakatri.jokela@france.ficommunication@france.fi Secr\u00e9taire g\u00e9n\u00e9rale : [&hellip;]\" \/>\n<meta property=\"og:url\" content=\"https:\/\/www.france.fi\/fr\/informations\/\" \/>\n<meta property=\"og:site_name\" content=\"Institut fran\u00e7ais\" \/>\n<meta property=\"article:publisher\" content=\"https:\/\/www.facebook.com\/institutfrancaisfi\" \/>\n<meta property=\"article:modified_time\" content=\"2025-04-03T09:13:05+00:00\" \/>\n<meta name=\"twitter:card\" content=\"summary_large_image\" \/>\n<meta name=\"twitter:site\" content=\"@IFFinlande\" \/>\n<meta name=\"twitter:label1\" content=\"Dur\u00e9e de lecture estim\u00e9e\" \/>\n\t<meta name=\"twitter:data1\" content=\"1 minute\" \/>\n<script type=\"application\/ld+json\" class=\"yoast-schema-graph\">{\"@context\":\"https:\\\/\\\/schema.org\",\"@graph\":[{\"@type\":\"WebPage\",\"@id\":\"https:\\\/\\\/www.france.fi\\\/fr\\\/informations\\\/\",\"url\":\"https:\\\/\\\/www.france.fi\\\/fr\\\/informations\\\/\",\"name\":\"Contacts - Institut fran\u00e7ais\",\"isPartOf\":{\"@id\":\"https:\\\/\\\/www.france.fi\\\/#website\"},\"datePublished\":\"2020-06-17T05:59:43+00:00\",\"dateModified\":\"2025-04-03T09:13:05+00:00\",\"breadcrumb\":{\"@id\":\"https:\\\/\\\/www.france.fi\\\/fr\\\/informations\\\/#breadcrumb\"},\"inLanguage\":\"fr-FR\",\"potentialAction\":[{\"@type\":\"ReadAction\",\"target\":[\"https:\\\/\\\/www.france.fi\\\/fr\\\/informations\\\/\"]}]},{\"@type\":\"BreadcrumbList\",\"@id\":\"https:\\\/\\\/www.france.fi\\\/fr\\\/informations\\\/#breadcrumb\",\"itemListElement\":[{\"@type\":\"ListItem\",\"position\":1,\"name\":\"Home\",\"item\":\"https:\\\/\\\/www.france.fi\\\/fr\\\/\"},{\"@type\":\"ListItem\",\"position\":2,\"name\":\"Contacts\"}]},{\"@type\":\"WebSite\",\"@id\":\"https:\\\/\\\/www.france.fi\\\/#website\",\"url\":\"https:\\\/\\\/www.france.fi\\\/\",\"name\":\"Institut fran\u00e7ais de Finlande\",\"description\":\"\",\"publisher\":{\"@id\":\"https:\\\/\\\/www.france.fi\\\/#organization\"},\"potentialAction\":[{\"@type\":\"SearchAction\",\"target\":{\"@type\":\"EntryPoint\",\"urlTemplate\":\"https:\\\/\\\/www.france.fi\\\/?s={search_term_string}\"},\"query-input\":{\"@type\":\"PropertyValueSpecification\",\"valueRequired\":true,\"valueName\":\"search_term_string\"}}],\"inLanguage\":\"fr-FR\"},{\"@type\":\"Organization\",\"@id\":\"https:\\\/\\\/www.france.fi\\\/#organization\",\"name\":\"Institut fran\u00e7ais de Finlande\",\"url\":\"https:\\\/\\\/www.france.fi\\\/\",\"logo\":{\"@type\":\"ImageObject\",\"inLanguage\":\"fr-FR\",\"@id\":\"https:\\\/\\\/www.france.fi\\\/#\\\/schema\\\/logo\\\/image\\\/\",\"url\":\"https:\\\/\\\/www.france.fi\\\/wp-content\\\/uploads\\\/2024\\\/02\\\/if-logo-1.png\",\"contentUrl\":\"https:\\\/\\\/www.france.fi\\\/wp-content\\\/uploads\\\/2024\\\/02\\\/if-logo-1.png\",\"width\":687,\"height\":459,\"caption\":\"Institut fran\u00e7ais de Finlande\"},\"image\":{\"@id\":\"https:\\\/\\\/www.france.fi\\\/#\\\/schema\\\/logo\\\/image\\\/\"},\"sameAs\":[\"https:\\\/\\\/www.facebook.com\\\/institutfrancaisfi\",\"https:\\\/\\\/x.com\\\/IFFinlande\",\"https:\\\/\\\/www.instagram.com\\\/iffinlande\\\/\",\"https:\\\/\\\/fr.linkedin.com\\\/organization-guest\\\/company\\\/institut-fran-ais-de-finlande\",\"https:\\\/\\\/www.youtube.com\\\/channel\\\/UCHAitdpmSbeP78eL49XMotA\"]}]}<\/script>\n<!-- \/ Yoast SEO plugin. -->","yoast_head_json":{"title":"Contacts - Institut fran\u00e7ais","robots":{"index":"index","follow":"follow","max-snippet":"max-snippet:-1","max-image-preview":"max-image-preview:large","max-video-preview":"max-video-preview:-1"},"canonical":"https:\/\/www.france.fi\/fr\/informations\/","og_locale":"fr_FR","og_type":"article","og_title":"Contacts - Institut fran\u00e7ais","og_description":"Veuillez envoyer vos candidatures spontan\u00e9es d\u2019emploi et de stage \u00e0 notre responsable des ressources humaines au lieu de les envoyer s\u00e9par\u00e9ment \u00e0 chaque agent et service.sg-ac@france.fi Standard : +358 (0)9 2510 210institut@france.ficommunication@france.fi Directrice et Conseill\u00e8re de coop\u00e9ration et d&rsquo;action culturelle : Clotilde Tachon Assistante de direction et charg\u00e9e de communication: Katri Jokelakatri.jokela@france.ficommunication@france.fi Secr\u00e9taire g\u00e9n\u00e9rale : [&hellip;]","og_url":"https:\/\/www.france.fi\/fr\/informations\/","og_site_name":"Institut fran\u00e7ais","article_publisher":"https:\/\/www.facebook.com\/institutfrancaisfi","article_modified_time":"2025-04-03T09:13:05+00:00","twitter_card":"summary_large_image","twitter_site":"@IFFinlande","twitter_misc":{"Dur\u00e9e de lecture estim\u00e9e":"1 minute"},"schema":{"@context":"https:\/\/schema.org","@graph":[{"@type":"WebPage","@id":"https:\/\/www.france.fi\/fr\/informations\/","url":"https:\/\/www.france.fi\/fr\/informations\/","name":"Contacts - Institut fran\u00e7ais","isPartOf":{"@id":"https:\/\/www.france.fi\/#website"},"datePublished":"2020-06-17T05:59:43+00:00","dateModified":"2025-04-03T09:13:05+00:00","breadcrumb":{"@id":"https:\/\/www.france.fi\/fr\/informations\/#breadcrumb"},"inLanguage":"fr-FR","potentialAction":[{"@type":"ReadAction","target":["https:\/\/www.france.fi\/fr\/informations\/"]}]},{"@type":"BreadcrumbList","@id":"https:\/\/www.france.fi\/fr\/informations\/#breadcrumb","itemListElement":[{"@type":"ListItem","position":1,"name":"Home","item":"https:\/\/www.france.fi\/fr\/"},{"@type":"ListItem","position":2,"name":"Contacts"}]},{"@type":"WebSite","@id":"https:\/\/www.france.fi\/#website","url":"https:\/\/www.france.fi\/","name":"Institut fran\u00e7ais de Finlande","description":"","publisher":{"@id":"https:\/\/www.france.fi\/#organization"},"potentialAction":[{"@type":"SearchAction","target":{"@type":"EntryPoint","urlTemplate":"https:\/\/www.france.fi\/?s={search_term_string}"},"query-input":{"@type":"PropertyValueSpecification","valueRequired":true,"valueName":"search_term_string"}}],"inLanguage":"fr-FR"},{"@type":"Organization","@id":"https:\/\/www.france.fi\/#organization","name":"Institut fran\u00e7ais de Finlande","url":"https:\/\/www.france.fi\/","logo":{"@type":"ImageObject","inLanguage":"fr-FR","@id":"https:\/\/www.france.fi\/#\/schema\/logo\/image\/","url":"https:\/\/www.france.fi\/wp-content\/uploads\/2024\/02\/if-logo-1.png","contentUrl":"https:\/\/www.france.fi\/wp-content\/uploads\/2024\/02\/if-logo-1.png","width":687,"height":459,"caption":"Institut fran\u00e7ais de Finlande"},"image":{"@id":"https:\/\/www.france.fi\/#\/schema\/logo\/image\/"},"sameAs":["https:\/\/www.facebook.com\/institutfrancaisfi","https:\/\/x.com\/IFFinlande","https:\/\/www.instagram.com\/iffinlande\/","https:\/\/fr.linkedin.com\/organization-guest\/company\/institut-fran-ais-de-finlande","https:\/\/www.youtube.com\/channel\/UCHAitdpmSbeP78eL49XMotA"]}]}},"_links":{"self":[{"href":"https:\/\/www.france.fi\/fr\/wp-json\/wp\/v2\/pages\/570","targetHints":{"allow":["GET"]}}],"collection":[{"href":"https:\/\/www.france.fi\/fr\/wp-json\/wp\/v2\/pages"}],"about":[{"href":"https:\/\/www.france.fi\/fr\/wp-json\/wp\/v2\/types\/page"}],"author":[{"embeddable":true,"href":"https:\/\/www.france.fi\/fr\/wp-json\/wp\/v2\/users\/2"}],"replies":[{"embeddable":true,"href":"https:\/\/www.france.fi\/fr\/wp-json\/wp\/v2\/comments?post=570"}],"version-history":[{"count":0,"href":"https:\/\/www.france.fi\/fr\/wp-json\/wp\/v2\/pages\/570\/revisions"}],"wp:attachment":[{"href":"https:\/\/www.france.fi\/fr\/wp-json\/wp\/v2\/media?parent=570"}],"curies":[{"name":"wp","href":"https:\/\/api.w.org\/{rel}","templated":true}]}}