{"id":6217,"date":"2021-08-16T12:06:04","date_gmt":"2021-08-16T09:06:04","guid":{"rendered":"http:\/\/www.france.fi\/?page_id=6217"},"modified":"2026-03-17T16:02:48","modified_gmt":"2026-03-17T14:02:48","slug":"programme-de-mobilite-finnest","status":"publish","type":"page","link":"https:\/\/www.france.fi\/fr\/education\/espace-professeurs\/mobilite-lyceenne-en-france\/programme-de-mobilite-finnest\/","title":{"rendered":"Programme de mobilit\u00e9 Finn\u2019Est"},"content":{"rendered":"\r\n<h4 style=\"text-align: center;\"><strong>COOP\u00c9RATION \u00c9DUCATIVE ENTRE L\u2019ACAD\u00c9MIE DE REIMS ET LA FINLANDE<\/strong><\/h4>\r\n<h4><strong>Informations g\u00e9n\u00e9rales sur la mobilit\u00e9 lyc\u00e9enne Finn\u2019Est 2026<\/strong><\/h4>\r\n<p>Finn\u2019Est est un programme de mobilit\u00e9 scolaire entre l\u2019acad\u00e9mie de Reims (France) et la Finlande.<\/p>\r\n<h4><strong>Dates\u00a0:<\/strong><\/h4>\r\n<ul>\r\n<li>Pendant 2 semaines<strong>, du 07\/02\/2026 au 21\/02\/2026 :\u00a0<\/strong>l\u2019\u00e9l\u00e8ve\u00a0<strong>finlandais\u00a0<\/strong>effectue son s\u00e9jour dans l\u2019acad\u00e9mie de Reims.<\/li>\r\n<li>Pendant 2 semaines,\u00a0<strong>du 04\/04\/2026 au 18\/04\/2026 :\u00a0<\/strong>l\u2019\u00e9l\u00e8ve<strong>\u00a0fran\u00e7ais\u00a0<\/strong>effectue son s\u00e9jour en Finlande.<\/li>\r\n<\/ul>\r\n<h4><strong>Conditions g\u00e9n\u00e9rales<\/strong><\/h4>\r\n<p><strong>L\u2019\u00e9change de 2 semaines (Finlandais) \/ 2 semaines (Fran\u00e7ais) <\/strong>est fond\u00e9 sur la r\u00e9ciprocit\u00e9 et permettant \u00e0 des lyc\u00e9ens fran\u00e7ais et finlandais de vivre une immersion linguistique, culturelle et scolaire. Chaque lyc\u00e9en finlandais va au lyc\u00e9e de son correspondant fran\u00e7ais, suit les cours avec lui, et vit dans sa famille.<\/p>\r\n<p>ATTENTION\u00a0 : La candidature d\u2019\u00e9l\u00e8ve vivant seul au moment de l\u2019\u00e9change ne sera pas \u00e9tudi\u00e9e.<\/p>\r\n<h4><strong>Conditions<\/strong><\/h4>\r\n<ul>\r\n<li>El\u00e8ve de classe 9, 10, 11 ou 12 au moment de l\u2019\u00e9change (entre 15 et 18 ans)<\/li>\r\n<li><u>Vivre avec sa famille au moment de l\u2019\u00e9change<\/u><\/li>\r\n<li>Niveau de langue minimum\u00a0: A1 en fran\u00e7ais \/ A2 en anglais<\/li>\r\n<li>Ouverts d\u2019esprit, ind\u00e9pendants et responsables.<\/li>\r\n<li>Ayant l\u2019accord de leurs parents.<\/li>\r\n<li>Avoir rendu les documents dans les temps.<\/li>\r\n<\/ul>\r\n<h4><strong>Procedure pour candidater \u00e0 l\u2019\u00e9change<\/strong><\/h4>\r\n<p>A partir du 25 ao\u00fbt 2025 : Si l\u2019un de mes \u00e9l\u00e8ves est int\u00e9ress\u00e9 par l\u2019\u00e9change Finn\u2019Est :<\/p>\r\n<ol>\r\n<li>Je me rends sur le lien ci-dessous afin de t\u00e9l\u00e9charger les documents n\u00e9cessaires \u00e0 la candidature de mon \u00e9l\u00e8ve et les informations g\u00e9n\u00e9rales sur l\u2019\u00e9change.<br \/><a href=\"https:\/\/ranskaninstituutti-my.sharepoint.com\/:f:\/g\/personal\/stephane_alati_france_fi\/EsqDYikJSfBIqHnXl9TbnAcBwXD5v54oOIhCJP9o0jLk1g?e=hE1fgv\" target=\"_blank\" rel=\"noopener\"><strong>Ce lien<\/strong><\/a> vous permet de t\u00e9l\u00e9charger 2 fichiers :<\/li>\r\n<\/ol>\r\n<ul>\r\n<li><strong>L\u2019accord \u00e9tablissement<\/strong> \u00e0 faire signer par le chef d\u2019\u00e9tablissement<\/li>\r\n<li><strong>L\u2019autorisation parentale<\/strong> \u00e0 faire signer par la famille.<\/li>\r\n<\/ul>\r\n<ol start=\"2\">\r\n<li>Je remplis le fichier \u00ab\u00a0accord \u00e9tablissement\u00a0\u00bb, puis je le fais signer par mon chef d\u2019\u00e9tablissement.<\/li>\r\n<li>J\u2019envoie l\u2019autorisation parentale, ainsi que le lien\u00a0du formulaire d\u2019inscription de l\u2019\u00e9l\u00e8ve aux familles des \u00e9l\u00e8ves motiv\u00e9s\u00a0:<\/li>\r\n<\/ol>\r\n<p><a href=\"https:\/\/forms.office.com\/e\/0KGmnHYPm4\" target=\"_blank\" rel=\"noopener\">Candidater \u00e0 Finn\u2019Est \u00e0 2026<\/a>\u00a0 <strong>(\u00e0 partir du 25 aout)<\/strong><\/p>\r\n<ol start=\"4\">\r\n<li>Je r\u00e9cup\u00e8re l\u2019autorisation parentale et l\u2019accord \u00e9tablissement sign\u00e9s pour les renvoyer le 10<strong> novembre 2025 <u>au plus tard<\/u><\/strong>, \u00e0\u00a0<a href=\"mailto:mobilite@france.fi\">mobilite@france.fi<\/a><\/li>\r\n<\/ol>\r\n<p>&nbsp;<\/p>\r\n<h4><strong>Calendrier indicatif<\/strong><\/h4>\r\n<ul>\r\n<li><strong>25 ao\u00fbt 2025<\/strong>\u00a0: appel \u00e0 candidature<\/li>\r\n<li><strong>10 novembre 2025\u00a0<\/strong>: date limite de candidature.<\/li>\r\n<li><strong>\u00c0 partir du 20 novembre 2025 <\/strong>: publication des r\u00e9sultats et envoi des contacts\u00a0: chaque professeur r\u00e9f\u00e9rent re\u00e7oit les coordonn\u00e9es du professeur r\u00e9f\u00e9rent de l\u2019\u00e9l\u00e8ve fran\u00e7ais. Il convient aux professeurs de prendre contact avec leur confr\u00e8re fran\u00e7ais afin de lui transmettre le dossier de l\u2019\u00e9l\u00e8ve finlandais.<\/li>\r\n<li>Pendant <strong>2 semaines,\u00a0du\u00a007\/02\/2026 au 21\/02\/2026 <\/strong>: l\u2019\u00e9l\u00e8ve finlandais effectue son s\u00e9jour dans l\u2019acad\u00e9mie de Reims. (sur 1 semaine de vacances scolaires en France et en Finlande)<\/li>\r\n<li>Pendant\u00a0<strong>2 semaines<\/strong>,\u00a0<strong>du 04\/04\/2026 au 18\/04\/2026 <\/strong>: l\u2019\u00e9l\u00e8ve fran\u00e7ais effectue son s\u00e9jour en Finlande. (sur 1 semaines de vacances scolaires en France)<\/li>\r\n<\/ul>\r\n","protected":false},"excerpt":{"rendered":"<p>COOP\u00c9RATION \u00c9DUCATIVE ENTRE L\u2019ACAD\u00c9MIE DE REIMS ET LA FINLANDE Informations g\u00e9n\u00e9rales sur la mobilit\u00e9 lyc\u00e9enne Finn\u2019Est 2026 Finn\u2019Est est un programme de mobilit\u00e9 scolaire entre l\u2019acad\u00e9mie de Reims (France) et la Finlande. Dates\u00a0: Pendant 2 semaines, du 07\/02\/2026 au 21\/02\/2026 :\u00a0l\u2019\u00e9l\u00e8ve\u00a0finlandais\u00a0effectue son s\u00e9jour dans l\u2019acad\u00e9mie de Reims. Pendant 2 semaines,\u00a0du 04\/04\/2026 au 18\/04\/2026 :\u00a0l\u2019\u00e9l\u00e8ve\u00a0fran\u00e7ais\u00a0effectue son [&hellip;]<\/p>\n","protected":false},"author":2,"featured_media":24356,"parent":4860,"menu_order":0,"comment_status":"closed","ping_status":"closed","template":"","meta":{"footnotes":""},"class_list":["post-6217","page","type-page","status-publish","has-post-thumbnail","hentry"],"yoast_head":"<!-- This site is optimized with the Yoast SEO plugin v27.3 - https:\/\/yoast.com\/product\/yoast-seo-wordpress\/ -->\n<title>Programme de mobilit\u00e9 Finn\u2019Est - Institut fran\u00e7ais<\/title>\n<meta name=\"robots\" content=\"index, follow, max-snippet:-1, max-image-preview:large, max-video-preview:-1\" \/>\n<link rel=\"canonical\" href=\"https:\/\/www.france.fi\/fr\/education\/espace-professeurs\/mobilite-lyceenne-en-france\/programme-de-mobilite-finnest\/\" \/>\n<meta property=\"og:locale\" content=\"fr_FR\" \/>\n<meta property=\"og:type\" content=\"article\" \/>\n<meta property=\"og:title\" content=\"Programme de mobilit\u00e9 Finn\u2019Est - Institut fran\u00e7ais\" \/>\n<meta property=\"og:description\" content=\"COOP\u00c9RATION \u00c9DUCATIVE ENTRE L\u2019ACAD\u00c9MIE DE REIMS ET LA FINLANDE Informations g\u00e9n\u00e9rales sur la mobilit\u00e9 lyc\u00e9enne Finn\u2019Est 2026 Finn\u2019Est est un programme de mobilit\u00e9 scolaire entre l\u2019acad\u00e9mie de Reims (France) et la Finlande. Dates\u00a0: Pendant 2 semaines, du 07\/02\/2026 au 21\/02\/2026 :\u00a0l\u2019\u00e9l\u00e8ve\u00a0finlandais\u00a0effectue son s\u00e9jour dans l\u2019acad\u00e9mie de Reims. Pendant 2 semaines,\u00a0du 04\/04\/2026 au 18\/04\/2026 :\u00a0l\u2019\u00e9l\u00e8ve\u00a0fran\u00e7ais\u00a0effectue son [&hellip;]\" \/>\n<meta property=\"og:url\" content=\"https:\/\/www.france.fi\/fr\/education\/espace-professeurs\/mobilite-lyceenne-en-france\/programme-de-mobilite-finnest\/\" \/>\n<meta property=\"og:site_name\" content=\"Institut fran\u00e7ais\" \/>\n<meta property=\"article:publisher\" content=\"https:\/\/www.facebook.com\/institutfrancaisfi\" \/>\n<meta property=\"article:modified_time\" content=\"2026-03-17T14:02:48+00:00\" \/>\n<meta property=\"og:image\" content=\"https:\/\/www.france.fi\/wp-content\/uploads\/2026\/03\/Finnest.jpg\" \/>\n\t<meta property=\"og:image:width\" content=\"1920\" \/>\n\t<meta property=\"og:image:height\" content=\"1080\" \/>\n\t<meta property=\"og:image:type\" content=\"image\/jpeg\" \/>\n<meta name=\"twitter:card\" content=\"summary_large_image\" \/>\n<meta name=\"twitter:site\" content=\"@IFFinlande\" \/>\n<meta name=\"twitter:label1\" content=\"Dur\u00e9e de lecture estim\u00e9e\" \/>\n\t<meta name=\"twitter:data1\" content=\"3 minutes\" \/>\n<script type=\"application\/ld+json\" class=\"yoast-schema-graph\">{\"@context\":\"https:\\\/\\\/schema.org\",\"@graph\":[{\"@type\":\"WebPage\",\"@id\":\"https:\\\/\\\/www.france.fi\\\/fr\\\/education\\\/espace-professeurs\\\/mobilite-lyceenne-en-france\\\/programme-de-mobilite-finnest\\\/\",\"url\":\"https:\\\/\\\/www.france.fi\\\/fr\\\/education\\\/espace-professeurs\\\/mobilite-lyceenne-en-france\\\/programme-de-mobilite-finnest\\\/\",\"name\":\"Programme de mobilit\u00e9 Finn\u2019Est - Institut fran\u00e7ais\",\"isPartOf\":{\"@id\":\"https:\\\/\\\/www.france.fi\\\/#website\"},\"primaryImageOfPage\":{\"@id\":\"https:\\\/\\\/www.france.fi\\\/fr\\\/education\\\/espace-professeurs\\\/mobilite-lyceenne-en-france\\\/programme-de-mobilite-finnest\\\/#primaryimage\"},\"image\":{\"@id\":\"https:\\\/\\\/www.france.fi\\\/fr\\\/education\\\/espace-professeurs\\\/mobilite-lyceenne-en-france\\\/programme-de-mobilite-finnest\\\/#primaryimage\"},\"thumbnailUrl\":\"https:\\\/\\\/www.france.fi\\\/wp-content\\\/uploads\\\/2026\\\/03\\\/Finnest.jpg\",\"datePublished\":\"2021-08-16T09:06:04+00:00\",\"dateModified\":\"2026-03-17T14:02:48+00:00\",\"breadcrumb\":{\"@id\":\"https:\\\/\\\/www.france.fi\\\/fr\\\/education\\\/espace-professeurs\\\/mobilite-lyceenne-en-france\\\/programme-de-mobilite-finnest\\\/#breadcrumb\"},\"inLanguage\":\"fr-FR\",\"potentialAction\":[{\"@type\":\"ReadAction\",\"target\":[\"https:\\\/\\\/www.france.fi\\\/fr\\\/education\\\/espace-professeurs\\\/mobilite-lyceenne-en-france\\\/programme-de-mobilite-finnest\\\/\"]}]},{\"@type\":\"ImageObject\",\"inLanguage\":\"fr-FR\",\"@id\":\"https:\\\/\\\/www.france.fi\\\/fr\\\/education\\\/espace-professeurs\\\/mobilite-lyceenne-en-france\\\/programme-de-mobilite-finnest\\\/#primaryimage\",\"url\":\"https:\\\/\\\/www.france.fi\\\/wp-content\\\/uploads\\\/2026\\\/03\\\/Finnest.jpg\",\"contentUrl\":\"https:\\\/\\\/www.france.fi\\\/wp-content\\\/uploads\\\/2026\\\/03\\\/Finnest.jpg\",\"width\":1920,\"height\":1080},{\"@type\":\"BreadcrumbList\",\"@id\":\"https:\\\/\\\/www.france.fi\\\/fr\\\/education\\\/espace-professeurs\\\/mobilite-lyceenne-en-france\\\/programme-de-mobilite-finnest\\\/#breadcrumb\",\"itemListElement\":[{\"@type\":\"ListItem\",\"position\":1,\"name\":\"Home\",\"item\":\"https:\\\/\\\/www.france.fi\\\/fr\\\/\"},{\"@type\":\"ListItem\",\"position\":2,\"name\":\"\u00c9ducation\",\"item\":\"https:\\\/\\\/www.france.fi\\\/fr\\\/education\\\/\"},{\"@type\":\"ListItem\",\"position\":3,\"name\":\"Espace professeurs\",\"item\":\"https:\\\/\\\/www.france.fi\\\/fr\\\/education\\\/espace-professeurs\\\/\"},{\"@type\":\"ListItem\",\"position\":4,\"name\":\"Mobilit\u00e9 lyc\u00e9enne en France\",\"item\":\"https:\\\/\\\/www.france.fi\\\/fr\\\/education\\\/espace-professeurs\\\/mobilite-lyceenne-en-france\\\/\"},{\"@type\":\"ListItem\",\"position\":5,\"name\":\"Programme de mobilit\u00e9 Finn\u2019Est\"}]},{\"@type\":\"WebSite\",\"@id\":\"https:\\\/\\\/www.france.fi\\\/#website\",\"url\":\"https:\\\/\\\/www.france.fi\\\/\",\"name\":\"Institut fran\u00e7ais de Finlande\",\"description\":\"\",\"publisher\":{\"@id\":\"https:\\\/\\\/www.france.fi\\\/#organization\"},\"potentialAction\":[{\"@type\":\"SearchAction\",\"target\":{\"@type\":\"EntryPoint\",\"urlTemplate\":\"https:\\\/\\\/www.france.fi\\\/?s={search_term_string}\"},\"query-input\":{\"@type\":\"PropertyValueSpecification\",\"valueRequired\":true,\"valueName\":\"search_term_string\"}}],\"inLanguage\":\"fr-FR\"},{\"@type\":\"Organization\",\"@id\":\"https:\\\/\\\/www.france.fi\\\/#organization\",\"name\":\"Institut fran\u00e7ais de Finlande\",\"url\":\"https:\\\/\\\/www.france.fi\\\/\",\"logo\":{\"@type\":\"ImageObject\",\"inLanguage\":\"fr-FR\",\"@id\":\"https:\\\/\\\/www.france.fi\\\/#\\\/schema\\\/logo\\\/image\\\/\",\"url\":\"https:\\\/\\\/www.france.fi\\\/wp-content\\\/uploads\\\/2024\\\/02\\\/if-logo-1.png\",\"contentUrl\":\"https:\\\/\\\/www.france.fi\\\/wp-content\\\/uploads\\\/2024\\\/02\\\/if-logo-1.png\",\"width\":687,\"height\":459,\"caption\":\"Institut fran\u00e7ais de Finlande\"},\"image\":{\"@id\":\"https:\\\/\\\/www.france.fi\\\/#\\\/schema\\\/logo\\\/image\\\/\"},\"sameAs\":[\"https:\\\/\\\/www.facebook.com\\\/institutfrancaisfi\",\"https:\\\/\\\/x.com\\\/IFFinlande\",\"https:\\\/\\\/www.instagram.com\\\/iffinlande\\\/\",\"https:\\\/\\\/fr.linkedin.com\\\/organization-guest\\\/company\\\/institut-fran-ais-de-finlande\",\"https:\\\/\\\/www.youtube.com\\\/channel\\\/UCHAitdpmSbeP78eL49XMotA\"]}]}<\/script>\n<!-- \/ Yoast SEO plugin. -->","yoast_head_json":{"title":"Programme de mobilit\u00e9 Finn\u2019Est - Institut fran\u00e7ais","robots":{"index":"index","follow":"follow","max-snippet":"max-snippet:-1","max-image-preview":"max-image-preview:large","max-video-preview":"max-video-preview:-1"},"canonical":"https:\/\/www.france.fi\/fr\/education\/espace-professeurs\/mobilite-lyceenne-en-france\/programme-de-mobilite-finnest\/","og_locale":"fr_FR","og_type":"article","og_title":"Programme de mobilit\u00e9 Finn\u2019Est - Institut fran\u00e7ais","og_description":"COOP\u00c9RATION \u00c9DUCATIVE ENTRE L\u2019ACAD\u00c9MIE DE REIMS ET LA FINLANDE Informations g\u00e9n\u00e9rales sur la mobilit\u00e9 lyc\u00e9enne Finn\u2019Est 2026 Finn\u2019Est est un programme de mobilit\u00e9 scolaire entre l\u2019acad\u00e9mie de Reims (France) et la Finlande. Dates\u00a0: Pendant 2 semaines, du 07\/02\/2026 au 21\/02\/2026 :\u00a0l\u2019\u00e9l\u00e8ve\u00a0finlandais\u00a0effectue son s\u00e9jour dans l\u2019acad\u00e9mie de Reims. Pendant 2 semaines,\u00a0du 04\/04\/2026 au 18\/04\/2026 :\u00a0l\u2019\u00e9l\u00e8ve\u00a0fran\u00e7ais\u00a0effectue son [&hellip;]","og_url":"https:\/\/www.france.fi\/fr\/education\/espace-professeurs\/mobilite-lyceenne-en-france\/programme-de-mobilite-finnest\/","og_site_name":"Institut fran\u00e7ais","article_publisher":"https:\/\/www.facebook.com\/institutfrancaisfi","article_modified_time":"2026-03-17T14:02:48+00:00","og_image":[{"width":1920,"height":1080,"url":"https:\/\/www.france.fi\/wp-content\/uploads\/2026\/03\/Finnest.jpg","type":"image\/jpeg"}],"twitter_card":"summary_large_image","twitter_site":"@IFFinlande","twitter_misc":{"Dur\u00e9e de lecture estim\u00e9e":"3 minutes"},"schema":{"@context":"https:\/\/schema.org","@graph":[{"@type":"WebPage","@id":"https:\/\/www.france.fi\/fr\/education\/espace-professeurs\/mobilite-lyceenne-en-france\/programme-de-mobilite-finnest\/","url":"https:\/\/www.france.fi\/fr\/education\/espace-professeurs\/mobilite-lyceenne-en-france\/programme-de-mobilite-finnest\/","name":"Programme de mobilit\u00e9 Finn\u2019Est - Institut fran\u00e7ais","isPartOf":{"@id":"https:\/\/www.france.fi\/#website"},"primaryImageOfPage":{"@id":"https:\/\/www.france.fi\/fr\/education\/espace-professeurs\/mobilite-lyceenne-en-france\/programme-de-mobilite-finnest\/#primaryimage"},"image":{"@id":"https:\/\/www.france.fi\/fr\/education\/espace-professeurs\/mobilite-lyceenne-en-france\/programme-de-mobilite-finnest\/#primaryimage"},"thumbnailUrl":"https:\/\/www.france.fi\/wp-content\/uploads\/2026\/03\/Finnest.jpg","datePublished":"2021-08-16T09:06:04+00:00","dateModified":"2026-03-17T14:02:48+00:00","breadcrumb":{"@id":"https:\/\/www.france.fi\/fr\/education\/espace-professeurs\/mobilite-lyceenne-en-france\/programme-de-mobilite-finnest\/#breadcrumb"},"inLanguage":"fr-FR","potentialAction":[{"@type":"ReadAction","target":["https:\/\/www.france.fi\/fr\/education\/espace-professeurs\/mobilite-lyceenne-en-france\/programme-de-mobilite-finnest\/"]}]},{"@type":"ImageObject","inLanguage":"fr-FR","@id":"https:\/\/www.france.fi\/fr\/education\/espace-professeurs\/mobilite-lyceenne-en-france\/programme-de-mobilite-finnest\/#primaryimage","url":"https:\/\/www.france.fi\/wp-content\/uploads\/2026\/03\/Finnest.jpg","contentUrl":"https:\/\/www.france.fi\/wp-content\/uploads\/2026\/03\/Finnest.jpg","width":1920,"height":1080},{"@type":"BreadcrumbList","@id":"https:\/\/www.france.fi\/fr\/education\/espace-professeurs\/mobilite-lyceenne-en-france\/programme-de-mobilite-finnest\/#breadcrumb","itemListElement":[{"@type":"ListItem","position":1,"name":"Home","item":"https:\/\/www.france.fi\/fr\/"},{"@type":"ListItem","position":2,"name":"\u00c9ducation","item":"https:\/\/www.france.fi\/fr\/education\/"},{"@type":"ListItem","position":3,"name":"Espace professeurs","item":"https:\/\/www.france.fi\/fr\/education\/espace-professeurs\/"},{"@type":"ListItem","position":4,"name":"Mobilit\u00e9 lyc\u00e9enne en France","item":"https:\/\/www.france.fi\/fr\/education\/espace-professeurs\/mobilite-lyceenne-en-france\/"},{"@type":"ListItem","position":5,"name":"Programme de mobilit\u00e9 Finn\u2019Est"}]},{"@type":"WebSite","@id":"https:\/\/www.france.fi\/#website","url":"https:\/\/www.france.fi\/","name":"Institut fran\u00e7ais de Finlande","description":"","publisher":{"@id":"https:\/\/www.france.fi\/#organization"},"potentialAction":[{"@type":"SearchAction","target":{"@type":"EntryPoint","urlTemplate":"https:\/\/www.france.fi\/?s={search_term_string}"},"query-input":{"@type":"PropertyValueSpecification","valueRequired":true,"valueName":"search_term_string"}}],"inLanguage":"fr-FR"},{"@type":"Organization","@id":"https:\/\/www.france.fi\/#organization","name":"Institut fran\u00e7ais de Finlande","url":"https:\/\/www.france.fi\/","logo":{"@type":"ImageObject","inLanguage":"fr-FR","@id":"https:\/\/www.france.fi\/#\/schema\/logo\/image\/","url":"https:\/\/www.france.fi\/wp-content\/uploads\/2024\/02\/if-logo-1.png","contentUrl":"https:\/\/www.france.fi\/wp-content\/uploads\/2024\/02\/if-logo-1.png","width":687,"height":459,"caption":"Institut fran\u00e7ais de Finlande"},"image":{"@id":"https:\/\/www.france.fi\/#\/schema\/logo\/image\/"},"sameAs":["https:\/\/www.facebook.com\/institutfrancaisfi","https:\/\/x.com\/IFFinlande","https:\/\/www.instagram.com\/iffinlande\/","https:\/\/fr.linkedin.com\/organization-guest\/company\/institut-fran-ais-de-finlande","https:\/\/www.youtube.com\/channel\/UCHAitdpmSbeP78eL49XMotA"]}]}},"_links":{"self":[{"href":"https:\/\/www.france.fi\/fr\/wp-json\/wp\/v2\/pages\/6217","targetHints":{"allow":["GET"]}}],"collection":[{"href":"https:\/\/www.france.fi\/fr\/wp-json\/wp\/v2\/pages"}],"about":[{"href":"https:\/\/www.france.fi\/fr\/wp-json\/wp\/v2\/types\/page"}],"author":[{"embeddable":true,"href":"https:\/\/www.france.fi\/fr\/wp-json\/wp\/v2\/users\/2"}],"replies":[{"embeddable":true,"href":"https:\/\/www.france.fi\/fr\/wp-json\/wp\/v2\/comments?post=6217"}],"version-history":[{"count":1,"href":"https:\/\/www.france.fi\/fr\/wp-json\/wp\/v2\/pages\/6217\/revisions"}],"predecessor-version":[{"id":24359,"href":"https:\/\/www.france.fi\/fr\/wp-json\/wp\/v2\/pages\/6217\/revisions\/24359"}],"up":[{"embeddable":true,"href":"https:\/\/www.france.fi\/fr\/wp-json\/wp\/v2\/pages\/4860"}],"wp:featuredmedia":[{"embeddable":true,"href":"https:\/\/www.france.fi\/fr\/wp-json\/wp\/v2\/media\/24356"}],"wp:attachment":[{"href":"https:\/\/www.france.fi\/fr\/wp-json\/wp\/v2\/media?parent=6217"}],"curies":[{"name":"wp","href":"https:\/\/api.w.org\/{rel}","templated":true}]}}