{"id":7276,"date":"2021-11-18T11:29:41","date_gmt":"2021-11-18T09:29:41","guid":{"rendered":"http:\/\/www.france.fi\/?page_id=7276"},"modified":"2026-03-17T16:03:12","modified_gmt":"2026-03-17T14:03:12","slug":"programme-de-mobilite-baltlantique","status":"publish","type":"page","link":"https:\/\/www.france.fi\/fr\/education\/espace-professeurs\/mobilite-lyceenne-en-france\/programme-de-mobilite-baltlantique\/","title":{"rendered":"Programme de mobilit\u00e9 Baltlantique"},"content":{"rendered":"\r\n<h4 style=\"text-align: center;\">COOP\u00c9RATION \u00c9DUCATIVE ENTRE L\u2019ACADEMIE DE BORDEAUX ET LA FINLANDE<\/h4>\r\n<h5><strong>Informations g\u00e9n\u00e9rales sur le programme Baltlantique<\/strong><\/h5>\r\n<p>Baltlantique est une mobilit\u00e9 organis\u00e9e entre l\u2019Acad\u00e9mie de Bordeaux en France et la Finlande.<\/p>\r\n<p>C\u2019est un<strong> \u00e9change court, de 3 semaines,<\/strong>\u00a0<strong>fond\u00e9 sur la r\u00e9ciprocit\u00e9<\/strong> et permettant \u00e0 des lyc\u00e9ens fran\u00e7ais et finlandais de vivre une immersion linguistique, culturelle et scolaire. En effet, chacun va au lyc\u00e9e avec son correspondant et vit dans sa famille. Chaque \u00e9l\u00e8ve finlandais participant au programme est de fait appari\u00e9 avec un \u00e9l\u00e8ve fran\u00e7ais de la m\u00eame classe et reste en contact avec lui.<\/p>\r\n<p><strong>(50 places disponibles)<\/strong><\/p>\r\n<h5><strong>Dates de la mobilit\u00e9<\/strong><\/h5>\r\n<ul>\r\n<li>Du 19\/09\/2026 au 10\/10\/2026* : l\u2019\u00e9l\u00e8ve fran\u00e7ais effectue son s\u00e9jour en Finlande.<\/li>\r\n<li>Du 11\/10\/2026* au 01\/11\/2026 : l\u2019\u00e9l\u00e8ve finlandais effectue son s\u00e9jour dans la r\u00e9gion de Bordeaux.<\/li>\r\n<\/ul>\r\n<p>* Il est tout \u00e0 fait possible que les deux \u00e9l\u00e8ves effectuent le trajet ensemble le 10 ou le 11 octobre, l\u2019\u00e9l\u00e8ve fran\u00e7ais accompagnant alors votre enfant lors du voyage vers la France. Cette organisation est laiss\u00e9e \u00e0 l\u2019appr\u00e9ciation des familles, qui doivent se mettre d\u2019accord en amont.<\/p>\r\n<h5><strong>Qualit\u00e9s requises pour la candidature<\/strong><\/h5>\r\n<p>Peuvent participer, les \u00e9l\u00e8ves\u00a0:<\/p>\r\n<ul>\r\n<li>En classe de lyc\u00e9e au moment de l\u2019\u00e9change<\/li>\r\n<li>Qui vivent avec leur famille au moment de l\u2019\u00e9change.<\/li>\r\n<li>Ayant un niveau minimum A2 en anglais<\/li>\r\n<li>Ayant un niveau minimum A1 en fran\u00e7ais<\/li>\r\n<li>Ouverts d\u2019esprit, ind\u00e9pendants et responsables<\/li>\r\n<li>Ayant l\u2019accord de leurs parents<\/li>\r\n<li>Ayant rempli le formulaire <strong>famille <\/strong>dans les temps :<\/li>\r\n<\/ul>\r\n<h5><strong>Avant de candidater, il faut bien prendre en consid\u00e9ration les recommandations suivantes\u00a0:<\/strong><\/h5>\r\n<p><strong>\u2705Niveau scolaire :<\/strong> Les candidats doivent avoir un niveau scolaire correct afin de suivre sereinement leur scolarit\u00e9 en France et, \u00e0 leur retour, de r\u00e9int\u00e9grer leur classe d&rsquo;origine sans difficult\u00e9s particuli\u00e8res.<\/p>\r\n<p><strong>\u2705Ouverture culturelle et adaptation :<\/strong> La participation \u00e0 la vie d\u2019une famille d\u2019accueil exige une r\u00e9elle ouverture d\u2019esprit de la part des \u00e9l\u00e8ves, ainsi qu\u2019une tol\u00e9rance et une bienveillance des familles vis-\u00e0-vis des diff\u00e9rences culturelles.<\/p>\r\n<p><strong>\u2705Engagement scolaire :<\/strong> L\u2019assiduit\u00e9 scolaire est obligatoire pendant tout le s\u00e9jour. Les \u00e9l\u00e8ves doivent \u00eatre conscients qu\u2019ils passeront entre 6 et 8 heures par jour en cours, dans la langue du pays d\u2019accueil. Comme les contenus p\u00e9dagogiques diff\u00e8rent d\u2019un pays \u00e0 l\u2019autre, il appartient aux \u00e9quipes p\u00e9dagogiques de chaque \u00e9tablissement d\u2019organiser un suivi permettant \u00e0 l\u2019\u00e9l\u00e8ve de r\u00e9int\u00e9grer sa classe dans les meilleures conditions \u00e0 son retour.<\/p>\r\n<p><strong>\u2705Responsabilit\u00e9 financi\u00e8re :<\/strong> Aucune aide financi\u00e8re n\u2019est pr\u00e9vue pour cet \u00e9change. Les familles participantes s\u2019engagent \u00e0 couvrir l\u2019ensemble des frais li\u00e9s \u00e0 l\u2019\u00e9change notamment le transport, la nourriture, la cantine et les sorties. En cas de doute sur le partage de certains frais, il est recommand\u00e9 aux familles finlandaise et fran\u00e7aise de se mettre d\u2019accord en amont.<\/p>\r\n<p><strong>\u2705Nature de l\u2019\u00e9change :<\/strong> Il s\u2019agit d\u2019un \u00e9change r\u00e9ciproque, et non d\u2019un programme structur\u00e9. L\u2019Institut fran\u00e7ais de Finlande et son partenaire acad\u00e9mique en France agissent comme facilitateurs : ils cr\u00e9ent les conditions n\u00e9cessaires pour que la mobilit\u00e9 ait lieu (mise en relation des correspondants, familles d\u2019accueil et lyc\u00e9es). Toutefois, le d\u00e9roulement concret de l\u2019\u00e9change (activit\u00e9s, int\u00e9gration dans la vie familiale et scolaire) repose sur l\u2019engagement des familles et des \u00e9l\u00e8ves eux-m\u00eames.<\/p>\r\n<p><strong>\u2705Appariement des correspondants :<\/strong> L\u2019Institut fran\u00e7ais de Finlande et son partenaire acad\u00e9mique s\u2019efforcent de cr\u00e9er des paires de correspondants en fonction des recommandations des professeurs r\u00e9f\u00e9rents et des informations fournies par les familles dans le formulaire. N\u00e9anmoins, ils ne peuvent \u00eatre tenus responsables d\u2019\u00e9ventuelles incompatibilit\u00e9s relationnelles entre les correspondants ou les familles.<\/p>\r\n<p><strong>\u2705R\u00f4le des familles et du professeur r\u00e9f\u00e9rent :<\/strong> Une communication ouverte et proactive entre les familles, les professeurs r\u00e9f\u00e9rents et les \u00e9tablissements est essentielle au bon d\u00e9roulement de l\u2019\u00e9change. En cas de probl\u00e8me, c\u2019est au professeur r\u00e9f\u00e9rent, en lien avec les familles et les \u00e9tablissements, de g\u00e9rer la situation en priorit\u00e9. L\u2019Institut fran\u00e7ais de Finlande <span style=\"color: #0000ff;\"><a style=\"color: #0000ff;\" href=\"mailto:mobilite@france.fi\">mobilite@france.fi<\/a><\/span> peut \u00eatre contact\u00e9 en cas de besoin, mais il n\u2019intervient qu\u2019en tant que soutien et non en tant qu\u2019organisateur direct.<\/p>\r\n<h5>PROC\u00c9DURE pour candidater \u00e0 l\u2019\u00e9change pour mon \u00e9l\u00e8ve (PROFESSEUR)<\/h5>\r\n<p><strong>Attention : Cet appel \u00e0 candidature ne concerne que les \u00e9l\u00e8ves finlandais.<\/strong><\/p>\r\n<p>A partir du 2 f\u00e9vrier 2026 : Si l\u2019un de mes \u00e9l\u00e8ves est int\u00e9ress\u00e9 par l\u2019\u00e9change Baltlantique :<\/p>\r\n<p>1. Je me rends sur le lien ci-dessous afin de t\u00e9l\u00e9charger les documents n\u00e9cessaires \u00e0 la candidature de mon \u00e9l\u00e8ve et les informations g\u00e9n\u00e9rales sur l\u2019\u00e9change.<\/p>\r\n<p>Cliquez sur ce lien :<a href=\"https:\/\/ranskaninstituutti-my.sharepoint.com\/:f:\/g\/personal\/stephane_alati_france_fi\/IgD11lFvCQwySYV-f_zyqKesAfStiVBMcaHG3nkodBT8fwc?e=YfgVeT\" target=\"_blank\" rel=\"noopener\"><span style=\"color: #0000ff;\"> BALTLANTIQUE 2026<\/span><\/a> et t\u00e9l\u00e9charger 2 fichiers :<\/p>\r\n<ul>\r\n<li>L\u2019accord \u00e9tablissement \u00e0 faire signer par le chef d\u2019\u00e9tablissement<\/li>\r\n<li>L\u2019autorisation parentale \u00e0 faire signer par la famille.<\/li>\r\n<\/ul>\r\n<p>2. Je remplis le fichier \u00ab accord \u00e9tablissement \u00bb, puis je le fais signer par mon chef d\u2019\u00e9tablissement.<\/p>\r\n<p>3. J\u2019envoie l\u2019autorisation parentale, ainsi que le lien du formulaire d\u2019inscription de l\u2019\u00e9l\u00e8ve aux familles des \u00e9l\u00e8ves motiv\u00e9s :\u00a0<span style=\"color: #0000ff;\"><a style=\"color: #0000ff;\" href=\"https:\/\/forms.office.com\/e\/k9psb2z6hc\">Candidature BALTLANTIQUE 2026 \u2013 Remplir le formulaire<\/a><\/span><\/p>\r\n<p>4. Je r\u00e9cup\u00e8re l\u2019autorisation parentale et l\u2019accord \u00e9tablissement sign\u00e9s pour les renvoyer le 30 avril 2026 au plus tard, \u00e0 mobilite@france.fi<\/p>\r\n<h5>Calendrier 2026<\/h5>\r\n<ul>\r\n<li>02 f\u00e9vrier 2026 : appel \u00e0 candidature en France et en Finlande<\/li>\r\n<li>30 avril 2026 : Cl\u00f4ture des candidatures<\/li>\r\n<li>Semaine du 4 mai: Matching des \u00e9l\u00e8ves fran\u00e7ais et finlandais<\/li>\r\n<li>A partir du 12 mai 2026 : publication des r\u00e9sultats et envoi des contacts : chaque professeur r\u00e9f\u00e9rent re\u00e7oit les coordonn\u00e9es du professeur r\u00e9f\u00e9rent de l\u2019\u00e9l\u00e8ve fran\u00e7ais. Il convient aux professeurs de prendre contact avec leur confr\u00e8re fran\u00e7ais afin de lui transmettre le dossier de l\u2019\u00e9l\u00e8ve finlandais.<\/li>\r\n<li>Du 19\/09\/2026 au 10\/10\/2026 : l\u2019\u00e9l\u00e8ve fran\u00e7ais effectue son s\u00e9jour en Finlande.<\/li>\r\n<li>Du 11\/10\/2026 au 01\/11\/2026 : l\u2019\u00e9l\u00e8ve finlandais effectue son s\u00e9jour dans l\u2019acad\u00e9mie de Bordeaux.<\/li>\r\n<\/ul>\r\n<p>En cas de doute ou questions\u00a0: <span style=\"color: #0000ff;\"><a style=\"color: #0000ff;\" href=\"mailto:mobilite@france.fi\">mobilite@france.fi<\/a><\/span><\/p>\r\n","protected":false},"excerpt":{"rendered":"<p>COOP\u00c9RATION \u00c9DUCATIVE ENTRE L\u2019ACADEMIE DE BORDEAUX ET LA FINLANDE Informations g\u00e9n\u00e9rales sur le programme Baltlantique Baltlantique est une mobilit\u00e9 organis\u00e9e entre l\u2019Acad\u00e9mie de Bordeaux en France et la Finlande. C\u2019est un \u00e9change court, de 3 semaines,\u00a0fond\u00e9 sur la r\u00e9ciprocit\u00e9 et permettant \u00e0 des lyc\u00e9ens fran\u00e7ais et finlandais de vivre une immersion linguistique, culturelle et scolaire. [&hellip;]<\/p>\n","protected":false},"author":2,"featured_media":24360,"parent":4860,"menu_order":0,"comment_status":"closed","ping_status":"closed","template":"","meta":{"footnotes":""},"class_list":["post-7276","page","type-page","status-publish","has-post-thumbnail","hentry"],"yoast_head":"<!-- This site is optimized with the Yoast SEO plugin v27.3 - https:\/\/yoast.com\/product\/yoast-seo-wordpress\/ -->\n<title>Programme de mobilit\u00e9 Baltlantique - Institut fran\u00e7ais<\/title>\n<meta name=\"robots\" content=\"index, follow, max-snippet:-1, max-image-preview:large, max-video-preview:-1\" \/>\n<link rel=\"canonical\" href=\"https:\/\/www.france.fi\/fr\/education\/espace-professeurs\/mobilite-lyceenne-en-france\/programme-de-mobilite-baltlantique\/\" \/>\n<meta property=\"og:locale\" content=\"fr_FR\" \/>\n<meta property=\"og:type\" content=\"article\" \/>\n<meta property=\"og:title\" content=\"Programme de mobilit\u00e9 Baltlantique - Institut fran\u00e7ais\" \/>\n<meta property=\"og:description\" content=\"COOP\u00c9RATION \u00c9DUCATIVE ENTRE L\u2019ACADEMIE DE BORDEAUX ET LA FINLANDE Informations g\u00e9n\u00e9rales sur le programme Baltlantique Baltlantique est une mobilit\u00e9 organis\u00e9e entre l\u2019Acad\u00e9mie de Bordeaux en France et la Finlande. C\u2019est un \u00e9change court, de 3 semaines,\u00a0fond\u00e9 sur la r\u00e9ciprocit\u00e9 et permettant \u00e0 des lyc\u00e9ens fran\u00e7ais et finlandais de vivre une immersion linguistique, culturelle et scolaire. [&hellip;]\" \/>\n<meta property=\"og:url\" content=\"https:\/\/www.france.fi\/fr\/education\/espace-professeurs\/mobilite-lyceenne-en-france\/programme-de-mobilite-baltlantique\/\" \/>\n<meta property=\"og:site_name\" content=\"Institut fran\u00e7ais\" \/>\n<meta property=\"article:publisher\" content=\"https:\/\/www.facebook.com\/institutfrancaisfi\" \/>\n<meta property=\"article:modified_time\" content=\"2026-03-17T14:03:12+00:00\" \/>\n<meta property=\"og:image\" content=\"https:\/\/www.france.fi\/wp-content\/uploads\/2026\/03\/Baltlantique.jpg\" \/>\n\t<meta property=\"og:image:width\" content=\"1920\" \/>\n\t<meta property=\"og:image:height\" content=\"1080\" \/>\n\t<meta property=\"og:image:type\" content=\"image\/jpeg\" \/>\n<meta name=\"twitter:card\" content=\"summary_large_image\" \/>\n<meta name=\"twitter:site\" content=\"@IFFinlande\" \/>\n<meta name=\"twitter:label1\" content=\"Dur\u00e9e de lecture estim\u00e9e\" \/>\n\t<meta name=\"twitter:data1\" content=\"5 minutes\" \/>\n<script type=\"application\/ld+json\" class=\"yoast-schema-graph\">{\"@context\":\"https:\\\/\\\/schema.org\",\"@graph\":[{\"@type\":\"WebPage\",\"@id\":\"https:\\\/\\\/www.france.fi\\\/fr\\\/education\\\/espace-professeurs\\\/mobilite-lyceenne-en-france\\\/programme-de-mobilite-baltlantique\\\/\",\"url\":\"https:\\\/\\\/www.france.fi\\\/fr\\\/education\\\/espace-professeurs\\\/mobilite-lyceenne-en-france\\\/programme-de-mobilite-baltlantique\\\/\",\"name\":\"Programme de mobilit\u00e9 Baltlantique - Institut fran\u00e7ais\",\"isPartOf\":{\"@id\":\"https:\\\/\\\/www.france.fi\\\/#website\"},\"primaryImageOfPage\":{\"@id\":\"https:\\\/\\\/www.france.fi\\\/fr\\\/education\\\/espace-professeurs\\\/mobilite-lyceenne-en-france\\\/programme-de-mobilite-baltlantique\\\/#primaryimage\"},\"image\":{\"@id\":\"https:\\\/\\\/www.france.fi\\\/fr\\\/education\\\/espace-professeurs\\\/mobilite-lyceenne-en-france\\\/programme-de-mobilite-baltlantique\\\/#primaryimage\"},\"thumbnailUrl\":\"https:\\\/\\\/www.france.fi\\\/wp-content\\\/uploads\\\/2026\\\/03\\\/Baltlantique.jpg\",\"datePublished\":\"2021-11-18T09:29:41+00:00\",\"dateModified\":\"2026-03-17T14:03:12+00:00\",\"breadcrumb\":{\"@id\":\"https:\\\/\\\/www.france.fi\\\/fr\\\/education\\\/espace-professeurs\\\/mobilite-lyceenne-en-france\\\/programme-de-mobilite-baltlantique\\\/#breadcrumb\"},\"inLanguage\":\"fr-FR\",\"potentialAction\":[{\"@type\":\"ReadAction\",\"target\":[\"https:\\\/\\\/www.france.fi\\\/fr\\\/education\\\/espace-professeurs\\\/mobilite-lyceenne-en-france\\\/programme-de-mobilite-baltlantique\\\/\"]}]},{\"@type\":\"ImageObject\",\"inLanguage\":\"fr-FR\",\"@id\":\"https:\\\/\\\/www.france.fi\\\/fr\\\/education\\\/espace-professeurs\\\/mobilite-lyceenne-en-france\\\/programme-de-mobilite-baltlantique\\\/#primaryimage\",\"url\":\"https:\\\/\\\/www.france.fi\\\/wp-content\\\/uploads\\\/2026\\\/03\\\/Baltlantique.jpg\",\"contentUrl\":\"https:\\\/\\\/www.france.fi\\\/wp-content\\\/uploads\\\/2026\\\/03\\\/Baltlantique.jpg\",\"width\":1920,\"height\":1080},{\"@type\":\"BreadcrumbList\",\"@id\":\"https:\\\/\\\/www.france.fi\\\/fr\\\/education\\\/espace-professeurs\\\/mobilite-lyceenne-en-france\\\/programme-de-mobilite-baltlantique\\\/#breadcrumb\",\"itemListElement\":[{\"@type\":\"ListItem\",\"position\":1,\"name\":\"Home\",\"item\":\"https:\\\/\\\/www.france.fi\\\/fr\\\/\"},{\"@type\":\"ListItem\",\"position\":2,\"name\":\"\u00c9ducation\",\"item\":\"https:\\\/\\\/www.france.fi\\\/fr\\\/education\\\/\"},{\"@type\":\"ListItem\",\"position\":3,\"name\":\"Espace professeurs\",\"item\":\"https:\\\/\\\/www.france.fi\\\/fr\\\/education\\\/espace-professeurs\\\/\"},{\"@type\":\"ListItem\",\"position\":4,\"name\":\"Mobilit\u00e9 lyc\u00e9enne en France\",\"item\":\"https:\\\/\\\/www.france.fi\\\/fr\\\/education\\\/espace-professeurs\\\/mobilite-lyceenne-en-france\\\/\"},{\"@type\":\"ListItem\",\"position\":5,\"name\":\"Programme de mobilit\u00e9 Baltlantique\"}]},{\"@type\":\"WebSite\",\"@id\":\"https:\\\/\\\/www.france.fi\\\/#website\",\"url\":\"https:\\\/\\\/www.france.fi\\\/\",\"name\":\"Institut fran\u00e7ais de Finlande\",\"description\":\"\",\"publisher\":{\"@id\":\"https:\\\/\\\/www.france.fi\\\/#organization\"},\"potentialAction\":[{\"@type\":\"SearchAction\",\"target\":{\"@type\":\"EntryPoint\",\"urlTemplate\":\"https:\\\/\\\/www.france.fi\\\/?s={search_term_string}\"},\"query-input\":{\"@type\":\"PropertyValueSpecification\",\"valueRequired\":true,\"valueName\":\"search_term_string\"}}],\"inLanguage\":\"fr-FR\"},{\"@type\":\"Organization\",\"@id\":\"https:\\\/\\\/www.france.fi\\\/#organization\",\"name\":\"Institut fran\u00e7ais de Finlande\",\"url\":\"https:\\\/\\\/www.france.fi\\\/\",\"logo\":{\"@type\":\"ImageObject\",\"inLanguage\":\"fr-FR\",\"@id\":\"https:\\\/\\\/www.france.fi\\\/#\\\/schema\\\/logo\\\/image\\\/\",\"url\":\"https:\\\/\\\/www.france.fi\\\/wp-content\\\/uploads\\\/2024\\\/02\\\/if-logo-1.png\",\"contentUrl\":\"https:\\\/\\\/www.france.fi\\\/wp-content\\\/uploads\\\/2024\\\/02\\\/if-logo-1.png\",\"width\":687,\"height\":459,\"caption\":\"Institut fran\u00e7ais de Finlande\"},\"image\":{\"@id\":\"https:\\\/\\\/www.france.fi\\\/#\\\/schema\\\/logo\\\/image\\\/\"},\"sameAs\":[\"https:\\\/\\\/www.facebook.com\\\/institutfrancaisfi\",\"https:\\\/\\\/x.com\\\/IFFinlande\",\"https:\\\/\\\/www.instagram.com\\\/iffinlande\\\/\",\"https:\\\/\\\/fr.linkedin.com\\\/organization-guest\\\/company\\\/institut-fran-ais-de-finlande\",\"https:\\\/\\\/www.youtube.com\\\/channel\\\/UCHAitdpmSbeP78eL49XMotA\"]}]}<\/script>\n<!-- \/ Yoast SEO plugin. -->","yoast_head_json":{"title":"Programme de mobilit\u00e9 Baltlantique - Institut fran\u00e7ais","robots":{"index":"index","follow":"follow","max-snippet":"max-snippet:-1","max-image-preview":"max-image-preview:large","max-video-preview":"max-video-preview:-1"},"canonical":"https:\/\/www.france.fi\/fr\/education\/espace-professeurs\/mobilite-lyceenne-en-france\/programme-de-mobilite-baltlantique\/","og_locale":"fr_FR","og_type":"article","og_title":"Programme de mobilit\u00e9 Baltlantique - Institut fran\u00e7ais","og_description":"COOP\u00c9RATION \u00c9DUCATIVE ENTRE L\u2019ACADEMIE DE BORDEAUX ET LA FINLANDE Informations g\u00e9n\u00e9rales sur le programme Baltlantique Baltlantique est une mobilit\u00e9 organis\u00e9e entre l\u2019Acad\u00e9mie de Bordeaux en France et la Finlande. C\u2019est un \u00e9change court, de 3 semaines,\u00a0fond\u00e9 sur la r\u00e9ciprocit\u00e9 et permettant \u00e0 des lyc\u00e9ens fran\u00e7ais et finlandais de vivre une immersion linguistique, culturelle et scolaire. [&hellip;]","og_url":"https:\/\/www.france.fi\/fr\/education\/espace-professeurs\/mobilite-lyceenne-en-france\/programme-de-mobilite-baltlantique\/","og_site_name":"Institut fran\u00e7ais","article_publisher":"https:\/\/www.facebook.com\/institutfrancaisfi","article_modified_time":"2026-03-17T14:03:12+00:00","og_image":[{"width":1920,"height":1080,"url":"https:\/\/www.france.fi\/wp-content\/uploads\/2026\/03\/Baltlantique.jpg","type":"image\/jpeg"}],"twitter_card":"summary_large_image","twitter_site":"@IFFinlande","twitter_misc":{"Dur\u00e9e de lecture estim\u00e9e":"5 minutes"},"schema":{"@context":"https:\/\/schema.org","@graph":[{"@type":"WebPage","@id":"https:\/\/www.france.fi\/fr\/education\/espace-professeurs\/mobilite-lyceenne-en-france\/programme-de-mobilite-baltlantique\/","url":"https:\/\/www.france.fi\/fr\/education\/espace-professeurs\/mobilite-lyceenne-en-france\/programme-de-mobilite-baltlantique\/","name":"Programme de mobilit\u00e9 Baltlantique - Institut fran\u00e7ais","isPartOf":{"@id":"https:\/\/www.france.fi\/#website"},"primaryImageOfPage":{"@id":"https:\/\/www.france.fi\/fr\/education\/espace-professeurs\/mobilite-lyceenne-en-france\/programme-de-mobilite-baltlantique\/#primaryimage"},"image":{"@id":"https:\/\/www.france.fi\/fr\/education\/espace-professeurs\/mobilite-lyceenne-en-france\/programme-de-mobilite-baltlantique\/#primaryimage"},"thumbnailUrl":"https:\/\/www.france.fi\/wp-content\/uploads\/2026\/03\/Baltlantique.jpg","datePublished":"2021-11-18T09:29:41+00:00","dateModified":"2026-03-17T14:03:12+00:00","breadcrumb":{"@id":"https:\/\/www.france.fi\/fr\/education\/espace-professeurs\/mobilite-lyceenne-en-france\/programme-de-mobilite-baltlantique\/#breadcrumb"},"inLanguage":"fr-FR","potentialAction":[{"@type":"ReadAction","target":["https:\/\/www.france.fi\/fr\/education\/espace-professeurs\/mobilite-lyceenne-en-france\/programme-de-mobilite-baltlantique\/"]}]},{"@type":"ImageObject","inLanguage":"fr-FR","@id":"https:\/\/www.france.fi\/fr\/education\/espace-professeurs\/mobilite-lyceenne-en-france\/programme-de-mobilite-baltlantique\/#primaryimage","url":"https:\/\/www.france.fi\/wp-content\/uploads\/2026\/03\/Baltlantique.jpg","contentUrl":"https:\/\/www.france.fi\/wp-content\/uploads\/2026\/03\/Baltlantique.jpg","width":1920,"height":1080},{"@type":"BreadcrumbList","@id":"https:\/\/www.france.fi\/fr\/education\/espace-professeurs\/mobilite-lyceenne-en-france\/programme-de-mobilite-baltlantique\/#breadcrumb","itemListElement":[{"@type":"ListItem","position":1,"name":"Home","item":"https:\/\/www.france.fi\/fr\/"},{"@type":"ListItem","position":2,"name":"\u00c9ducation","item":"https:\/\/www.france.fi\/fr\/education\/"},{"@type":"ListItem","position":3,"name":"Espace professeurs","item":"https:\/\/www.france.fi\/fr\/education\/espace-professeurs\/"},{"@type":"ListItem","position":4,"name":"Mobilit\u00e9 lyc\u00e9enne en France","item":"https:\/\/www.france.fi\/fr\/education\/espace-professeurs\/mobilite-lyceenne-en-france\/"},{"@type":"ListItem","position":5,"name":"Programme de mobilit\u00e9 Baltlantique"}]},{"@type":"WebSite","@id":"https:\/\/www.france.fi\/#website","url":"https:\/\/www.france.fi\/","name":"Institut fran\u00e7ais de Finlande","description":"","publisher":{"@id":"https:\/\/www.france.fi\/#organization"},"potentialAction":[{"@type":"SearchAction","target":{"@type":"EntryPoint","urlTemplate":"https:\/\/www.france.fi\/?s={search_term_string}"},"query-input":{"@type":"PropertyValueSpecification","valueRequired":true,"valueName":"search_term_string"}}],"inLanguage":"fr-FR"},{"@type":"Organization","@id":"https:\/\/www.france.fi\/#organization","name":"Institut fran\u00e7ais de Finlande","url":"https:\/\/www.france.fi\/","logo":{"@type":"ImageObject","inLanguage":"fr-FR","@id":"https:\/\/www.france.fi\/#\/schema\/logo\/image\/","url":"https:\/\/www.france.fi\/wp-content\/uploads\/2024\/02\/if-logo-1.png","contentUrl":"https:\/\/www.france.fi\/wp-content\/uploads\/2024\/02\/if-logo-1.png","width":687,"height":459,"caption":"Institut fran\u00e7ais de Finlande"},"image":{"@id":"https:\/\/www.france.fi\/#\/schema\/logo\/image\/"},"sameAs":["https:\/\/www.facebook.com\/institutfrancaisfi","https:\/\/x.com\/IFFinlande","https:\/\/www.instagram.com\/iffinlande\/","https:\/\/fr.linkedin.com\/organization-guest\/company\/institut-fran-ais-de-finlande","https:\/\/www.youtube.com\/channel\/UCHAitdpmSbeP78eL49XMotA"]}]}},"_links":{"self":[{"href":"https:\/\/www.france.fi\/fr\/wp-json\/wp\/v2\/pages\/7276","targetHints":{"allow":["GET"]}}],"collection":[{"href":"https:\/\/www.france.fi\/fr\/wp-json\/wp\/v2\/pages"}],"about":[{"href":"https:\/\/www.france.fi\/fr\/wp-json\/wp\/v2\/types\/page"}],"author":[{"embeddable":true,"href":"https:\/\/www.france.fi\/fr\/wp-json\/wp\/v2\/users\/2"}],"replies":[{"embeddable":true,"href":"https:\/\/www.france.fi\/fr\/wp-json\/wp\/v2\/comments?post=7276"}],"version-history":[{"count":1,"href":"https:\/\/www.france.fi\/fr\/wp-json\/wp\/v2\/pages\/7276\/revisions"}],"predecessor-version":[{"id":24363,"href":"https:\/\/www.france.fi\/fr\/wp-json\/wp\/v2\/pages\/7276\/revisions\/24363"}],"up":[{"embeddable":true,"href":"https:\/\/www.france.fi\/fr\/wp-json\/wp\/v2\/pages\/4860"}],"wp:featuredmedia":[{"embeddable":true,"href":"https:\/\/www.france.fi\/fr\/wp-json\/wp\/v2\/media\/24360"}],"wp:attachment":[{"href":"https:\/\/www.france.fi\/fr\/wp-json\/wp\/v2\/media?parent=7276"}],"curies":[{"name":"wp","href":"https:\/\/api.w.org\/{rel}","templated":true}]}}