{"id":999,"date":"2020-07-17T10:52:05","date_gmt":"2020-07-17T07:52:05","guid":{"rendered":"https:\/\/finlande.ifrancais.pp.smol.fr\/?page_id=999"},"modified":"2025-03-21T16:21:26","modified_gmt":"2025-03-21T14:21:26","slug":"qui-sommes-nous","status":"publish","type":"page","link":"https:\/\/www.france.fi\/fr\/qui-sommes-nous\/","title":{"rendered":"Qui sommes-nous ?"},"content":{"rendered":"\n<p><strong>Cr\u00e9\u00e9 en 1968, l\u2019Institut fran\u00e7ais de Finlande (IFF) est un service de l\u2019Ambassade de France en Finlande, charg\u00e9 de mettre en \u0153uvre la politique de coop\u00e9ration culturelle, \u00e9ducative et scientifique.<\/strong> Il joue un r\u00f4le central dans le renforcement des \u00e9changes entre la France et la Finlande et contribue au rayonnement de la langue et de la culture fran\u00e7aises. Il est dirig\u00e9 par la Conseill\u00e8re de coop\u00e9ration et d\u2019action culturelle de l\u2019Ambassade de France en Finlande.<\/p>\n<p>Situ\u00e9 \u00e0 Helsinki, l\u2019IFF propose une m\u00e9diath\u00e8que et un centre de langue o\u00f9 des cours sont dispens\u00e9s par des professeurs exp\u00e9riment\u00e9s et qualifi\u00e9s. Il organise des \u00e9v\u00e9nements culturels et scientifiques en collaboration avec ses partenaires finlandais, et soutient les acteurs culturels et scientifiques fran\u00e7ais qui souhaitent d\u00e9velopper des partenariats ou des projets en Finlande.\u00a0<\/p>\n<p>Ses missions couvrent plusieurs domaines strat\u00e9giques :<\/p>\n<p><strong>L\u2019enseignement et la promotion du fran\u00e7ais. <\/strong>L\u2019Institut fran\u00e7ais est un interlocuteur privil\u00e9gi\u00e9 des autorit\u00e9s \u00e9ducatives et universitaires finlandaises pour la promotion du fran\u00e7ais et des \u00e9tudes en France. Il accompagne \u00e9galement l\u2019\u00c9cole fran\u00e7aise Jules Verne de Helsinki, qui suit les programmes fran\u00e7ais avec des enseignants titulaires de l\u2019\u00c9ducation nationale fran\u00e7aise, ainsi que les fili\u00e8res bilingues du Lyc\u00e9e franco-finlandais de Helsinki et des \u00e9coles de Tampere et de Turku. Il soutient la formation des enseignants de fran\u00e7ais en Finlande et la cr\u00e9ation de partenariats entre \u00e9tablissements scolaires fran\u00e7ais et finlandais. Enfin, l\u2019IFF propose au public finlandais des cours de fran\u00e7ais, pour tous niveaux et dans de multiples formats.<\/p>\n<p><strong>La diffusion de la culture fran\u00e7aise.<\/strong> Dans le domaine de la coop\u00e9ration culturelle, l\u2019IFF met en r\u00e9seau les professionnels de la culture des deux pays, soutient les projets d\u2019acteurs fran\u00e7ais et finlandais qui promeuvent la culture fran\u00e7aise, et favorise les \u00e9changes artistiques et les partenariats entre institutions culturelles. L\u2019IFF organise \u00e9galement tout au long de l\u2019ann\u00e9e des \u00e9v\u00e8nements culturels, dans ses locaux ou hors les murs, avec ses partenaires finlandais et fran\u00e7ais.<\/p>\n<p><strong>La coop\u00e9ration scientifique et universitaire et la promotion des \u00e9tudes en France.<\/strong> L\u2019IFF soutient la mobilit\u00e9 des chercheurs entre la France et la Finlande et accompagne les \u00e9tablissements fran\u00e7ais et finlandais dans la cr\u00e9ation de partenariats. L\u2019IFF organise r\u00e9guli\u00e8rement des conf\u00e9rences et \u00e9v\u00e8nements scientifiques pour mettre en valeur la recherche fran\u00e7aise. L\u2019espace Campus France Finlande renseigne et oriente les \u00e9tudiants souhaitant poursuivre des \u00e9tudes en France.<\/p>\n<p><strong>L\u2019Institut fran\u00e7ais de Finlande repr\u00e9sente ainsi un acteur majeur de la diplomatie d\u2019influence et de la politique de coop\u00e9ration conduite par l\u2019Ambassade de France. <\/strong><\/p>\n","protected":false},"excerpt":{"rendered":"<p>Cr\u00e9\u00e9 en 1968, l\u2019Institut fran\u00e7ais de Finlande (IFF) est un service de l\u2019Ambassade de France en Finlande, charg\u00e9 de mettre en \u0153uvre la politique de coop\u00e9ration culturelle, \u00e9ducative et scientifique. Il joue un r\u00f4le central dans le renforcement des \u00e9changes entre la France et la Finlande et contribue au rayonnement de la langue et de [&hellip;]<\/p>\n","protected":false},"author":2,"featured_media":0,"parent":0,"menu_order":0,"comment_status":"closed","ping_status":"closed","template":"","meta":{"footnotes":""},"class_list":["post-999","page","type-page","status-publish","hentry","no-media"],"yoast_head":"<!-- This site is optimized with the Yoast SEO plugin v27.4 - https:\/\/yoast.com\/product\/yoast-seo-wordpress\/ -->\n<title>Qui sommes-nous ? - Institut fran\u00e7ais<\/title>\n<meta name=\"robots\" content=\"index, follow, max-snippet:-1, max-image-preview:large, max-video-preview:-1\" \/>\n<link rel=\"canonical\" href=\"https:\/\/www.france.fi\/fr\/qui-sommes-nous\/\" \/>\n<meta property=\"og:locale\" content=\"fr_FR\" \/>\n<meta property=\"og:type\" content=\"article\" \/>\n<meta property=\"og:title\" content=\"Qui sommes-nous ? - Institut fran\u00e7ais\" \/>\n<meta property=\"og:description\" content=\"Cr\u00e9\u00e9 en 1968, l\u2019Institut fran\u00e7ais de Finlande (IFF) est un service de l\u2019Ambassade de France en Finlande, charg\u00e9 de mettre en \u0153uvre la politique de coop\u00e9ration culturelle, \u00e9ducative et scientifique. Il joue un r\u00f4le central dans le renforcement des \u00e9changes entre la France et la Finlande et contribue au rayonnement de la langue et de [&hellip;]\" \/>\n<meta property=\"og:url\" content=\"https:\/\/www.france.fi\/fr\/qui-sommes-nous\/\" \/>\n<meta property=\"og:site_name\" content=\"Institut fran\u00e7ais\" \/>\n<meta property=\"article:publisher\" content=\"https:\/\/www.facebook.com\/institutfrancaisfi\" \/>\n<meta property=\"article:modified_time\" content=\"2025-03-21T14:21:26+00:00\" \/>\n<meta name=\"twitter:card\" content=\"summary_large_image\" \/>\n<meta name=\"twitter:site\" content=\"@IFFinlande\" \/>\n<meta name=\"twitter:label1\" content=\"Dur\u00e9e de lecture estim\u00e9e\" \/>\n\t<meta name=\"twitter:data1\" content=\"3 minutes\" \/>\n<script type=\"application\/ld+json\" class=\"yoast-schema-graph\">{\"@context\":\"https:\\\/\\\/schema.org\",\"@graph\":[{\"@type\":\"WebPage\",\"@id\":\"https:\\\/\\\/www.france.fi\\\/fr\\\/qui-sommes-nous\\\/\",\"url\":\"https:\\\/\\\/www.france.fi\\\/fr\\\/qui-sommes-nous\\\/\",\"name\":\"Qui sommes-nous ? - Institut fran\u00e7ais\",\"isPartOf\":{\"@id\":\"https:\\\/\\\/www.france.fi\\\/#website\"},\"datePublished\":\"2020-07-17T07:52:05+00:00\",\"dateModified\":\"2025-03-21T14:21:26+00:00\",\"breadcrumb\":{\"@id\":\"https:\\\/\\\/www.france.fi\\\/fr\\\/qui-sommes-nous\\\/#breadcrumb\"},\"inLanguage\":\"fr-FR\",\"potentialAction\":[{\"@type\":\"ReadAction\",\"target\":[\"https:\\\/\\\/www.france.fi\\\/fr\\\/qui-sommes-nous\\\/\"]}]},{\"@type\":\"BreadcrumbList\",\"@id\":\"https:\\\/\\\/www.france.fi\\\/fr\\\/qui-sommes-nous\\\/#breadcrumb\",\"itemListElement\":[{\"@type\":\"ListItem\",\"position\":1,\"name\":\"Home\",\"item\":\"https:\\\/\\\/www.france.fi\\\/fr\\\/\"},{\"@type\":\"ListItem\",\"position\":2,\"name\":\"Qui sommes-nous ?\"}]},{\"@type\":\"WebSite\",\"@id\":\"https:\\\/\\\/www.france.fi\\\/#website\",\"url\":\"https:\\\/\\\/www.france.fi\\\/\",\"name\":\"Institut fran\u00e7ais de Finlande\",\"description\":\"\",\"publisher\":{\"@id\":\"https:\\\/\\\/www.france.fi\\\/#organization\"},\"potentialAction\":[{\"@type\":\"SearchAction\",\"target\":{\"@type\":\"EntryPoint\",\"urlTemplate\":\"https:\\\/\\\/www.france.fi\\\/?s={search_term_string}\"},\"query-input\":{\"@type\":\"PropertyValueSpecification\",\"valueRequired\":true,\"valueName\":\"search_term_string\"}}],\"inLanguage\":\"fr-FR\"},{\"@type\":\"Organization\",\"@id\":\"https:\\\/\\\/www.france.fi\\\/#organization\",\"name\":\"Institut fran\u00e7ais de Finlande\",\"url\":\"https:\\\/\\\/www.france.fi\\\/\",\"logo\":{\"@type\":\"ImageObject\",\"inLanguage\":\"fr-FR\",\"@id\":\"https:\\\/\\\/www.france.fi\\\/#\\\/schema\\\/logo\\\/image\\\/\",\"url\":\"https:\\\/\\\/www.france.fi\\\/wp-content\\\/uploads\\\/2024\\\/02\\\/if-logo-1.png\",\"contentUrl\":\"https:\\\/\\\/www.france.fi\\\/wp-content\\\/uploads\\\/2024\\\/02\\\/if-logo-1.png\",\"width\":687,\"height\":459,\"caption\":\"Institut fran\u00e7ais de Finlande\"},\"image\":{\"@id\":\"https:\\\/\\\/www.france.fi\\\/#\\\/schema\\\/logo\\\/image\\\/\"},\"sameAs\":[\"https:\\\/\\\/www.facebook.com\\\/institutfrancaisfi\",\"https:\\\/\\\/x.com\\\/IFFinlande\",\"https:\\\/\\\/www.instagram.com\\\/iffinlande\\\/\",\"https:\\\/\\\/fr.linkedin.com\\\/organization-guest\\\/company\\\/institut-fran-ais-de-finlande\",\"https:\\\/\\\/www.youtube.com\\\/channel\\\/UCHAitdpmSbeP78eL49XMotA\"]}]}<\/script>\n<!-- \/ Yoast SEO plugin. -->","yoast_head_json":{"title":"Qui sommes-nous ? - Institut fran\u00e7ais","robots":{"index":"index","follow":"follow","max-snippet":"max-snippet:-1","max-image-preview":"max-image-preview:large","max-video-preview":"max-video-preview:-1"},"canonical":"https:\/\/www.france.fi\/fr\/qui-sommes-nous\/","og_locale":"fr_FR","og_type":"article","og_title":"Qui sommes-nous ? - Institut fran\u00e7ais","og_description":"Cr\u00e9\u00e9 en 1968, l\u2019Institut fran\u00e7ais de Finlande (IFF) est un service de l\u2019Ambassade de France en Finlande, charg\u00e9 de mettre en \u0153uvre la politique de coop\u00e9ration culturelle, \u00e9ducative et scientifique. Il joue un r\u00f4le central dans le renforcement des \u00e9changes entre la France et la Finlande et contribue au rayonnement de la langue et de [&hellip;]","og_url":"https:\/\/www.france.fi\/fr\/qui-sommes-nous\/","og_site_name":"Institut fran\u00e7ais","article_publisher":"https:\/\/www.facebook.com\/institutfrancaisfi","article_modified_time":"2025-03-21T14:21:26+00:00","twitter_card":"summary_large_image","twitter_site":"@IFFinlande","twitter_misc":{"Dur\u00e9e de lecture estim\u00e9e":"3 minutes"},"schema":{"@context":"https:\/\/schema.org","@graph":[{"@type":"WebPage","@id":"https:\/\/www.france.fi\/fr\/qui-sommes-nous\/","url":"https:\/\/www.france.fi\/fr\/qui-sommes-nous\/","name":"Qui sommes-nous ? - Institut fran\u00e7ais","isPartOf":{"@id":"https:\/\/www.france.fi\/#website"},"datePublished":"2020-07-17T07:52:05+00:00","dateModified":"2025-03-21T14:21:26+00:00","breadcrumb":{"@id":"https:\/\/www.france.fi\/fr\/qui-sommes-nous\/#breadcrumb"},"inLanguage":"fr-FR","potentialAction":[{"@type":"ReadAction","target":["https:\/\/www.france.fi\/fr\/qui-sommes-nous\/"]}]},{"@type":"BreadcrumbList","@id":"https:\/\/www.france.fi\/fr\/qui-sommes-nous\/#breadcrumb","itemListElement":[{"@type":"ListItem","position":1,"name":"Home","item":"https:\/\/www.france.fi\/fr\/"},{"@type":"ListItem","position":2,"name":"Qui sommes-nous ?"}]},{"@type":"WebSite","@id":"https:\/\/www.france.fi\/#website","url":"https:\/\/www.france.fi\/","name":"Institut fran\u00e7ais de Finlande","description":"","publisher":{"@id":"https:\/\/www.france.fi\/#organization"},"potentialAction":[{"@type":"SearchAction","target":{"@type":"EntryPoint","urlTemplate":"https:\/\/www.france.fi\/?s={search_term_string}"},"query-input":{"@type":"PropertyValueSpecification","valueRequired":true,"valueName":"search_term_string"}}],"inLanguage":"fr-FR"},{"@type":"Organization","@id":"https:\/\/www.france.fi\/#organization","name":"Institut fran\u00e7ais de Finlande","url":"https:\/\/www.france.fi\/","logo":{"@type":"ImageObject","inLanguage":"fr-FR","@id":"https:\/\/www.france.fi\/#\/schema\/logo\/image\/","url":"https:\/\/www.france.fi\/wp-content\/uploads\/2024\/02\/if-logo-1.png","contentUrl":"https:\/\/www.france.fi\/wp-content\/uploads\/2024\/02\/if-logo-1.png","width":687,"height":459,"caption":"Institut fran\u00e7ais de Finlande"},"image":{"@id":"https:\/\/www.france.fi\/#\/schema\/logo\/image\/"},"sameAs":["https:\/\/www.facebook.com\/institutfrancaisfi","https:\/\/x.com\/IFFinlande","https:\/\/www.instagram.com\/iffinlande\/","https:\/\/fr.linkedin.com\/organization-guest\/company\/institut-fran-ais-de-finlande","https:\/\/www.youtube.com\/channel\/UCHAitdpmSbeP78eL49XMotA"]}]}},"_links":{"self":[{"href":"https:\/\/www.france.fi\/fr\/wp-json\/wp\/v2\/pages\/999","targetHints":{"allow":["GET"]}}],"collection":[{"href":"https:\/\/www.france.fi\/fr\/wp-json\/wp\/v2\/pages"}],"about":[{"href":"https:\/\/www.france.fi\/fr\/wp-json\/wp\/v2\/types\/page"}],"author":[{"embeddable":true,"href":"https:\/\/www.france.fi\/fr\/wp-json\/wp\/v2\/users\/2"}],"replies":[{"embeddable":true,"href":"https:\/\/www.france.fi\/fr\/wp-json\/wp\/v2\/comments?post=999"}],"version-history":[{"count":0,"href":"https:\/\/www.france.fi\/fr\/wp-json\/wp\/v2\/pages\/999\/revisions"}],"wp:attachment":[{"href":"https:\/\/www.france.fi\/fr\/wp-json\/wp\/v2\/media?parent=999"}],"curies":[{"name":"wp","href":"https:\/\/api.w.org\/{rel}","templated":true}]}}